

{"id":66,"date":"2019-06-18T09:52:49","date_gmt":"2019-06-18T07:52:49","guid":{"rendered":"https:\/\/project.inria.fr\/3dmooc\/?page_id=66"},"modified":"2019-06-18T09:58:24","modified_gmt":"2019-06-18T07:58:24","slug":"results","status":"publish","type":"page","link":"https:\/\/project.inria.fr\/3dmooc\/results\/","title":{"rendered":"Results"},"content":{"rendered":"<p><\/p>\n<p id=\"aui_3_4_0_1_459\"><strong id=\"aui_3_4_0_1_458\">PHASE 1 <\/strong><\/p>\n<p><u>Rapport d&#8217;avancement 3DMOOC\u00a0 ( T0+6 ) &#8211; Mardi 25 F\u00e9vrier 2014 :<\/u><\/p>\n<p>PDF : <a href=\"https:\/\/project.inria.fr\/3dmooc\/files\/2019\/06\/3DMOOC6months.pdf\">3D-MOOC : One line open library of granular processabe 3D contents<\/a><\/p>\n<p>&nbsp;<\/p>\n<p><u>Rapport d&#8217;avancement 27 novembre 2014 (T0+12) :<\/u><\/p>\n<p>PDF :<a href=\"https:\/\/project.inria.fr\/3dmooc\/files\/2019\/06\/3DMOOC-report-27-novembre-2014.pdf\"> lien t\u00e9l\u00e9chargement<\/a><\/p>\n<p><u>Vid\u00e9o de pr\u00e9sentation r\u00e9sultat Phase 1 \/ table tactile 3D (contexte Guyot Envir.) :<\/u><\/p>\n<p><a href=\"http:\/\/youtu.be\/hLEXNEjekbQ\">lien vid\u00e9o<\/a><\/p>\n<p>&#8212;&#8212;&#8212;&#8212;&#8212;&#8212;&#8212;&#8212;&#8212;&#8212;&#8212;&#8212;&#8212;&#8212;&#8212;&#8212;&#8212;&#8212;&#8212;&#8212;&#8212;&#8212;&#8212;&#8212;&#8212;&#8212;&#8212;&#8212;&#8212;&#8212;&#8212;&#8212;&#8212;&#8212;&#8212;&#8212;&#8212;&#8212;&#8212;&#8212;&#8212;&#8212;-<\/p>\n<p><strong>PHASE 2<\/strong><\/p>\n<p>Vid\u00e9o introductive &#8221; syst\u00e8me 3DMooc &#8221;\u00a0 pour la phase 2 du projet : <a href=\"http:\/\/youtu.be\/9BkVnsKONiY\">lien vid\u00e9o<\/a><\/p>\n<p>Le syst\u00e8me pr\u00e9sent\u00e9 en deuxi\u00e8me partie du film sera exp\u00e9riment\u00e9 avec les contenus vid\u00e9os r\u00e9alis\u00e9s dans le contexte de transition \u00e9nerg\u00e9tique \u00e0 l&#8217;Ile de Sein.<\/p>\n<p>Vid\u00e9o de pr\u00e9sentation gobale pour les Journ\u00e9es CominLabs du 23 et 24 mars 2015 (INRIA Rennes) : <a href=\"http:\/\/www.youtube.com\/watch?v=fuGp0fhG7Zw&amp;feature=youtu.be\">lien vid\u00e9o<\/a><\/p>\n<p>Poster de pr\u00e9sentation Journ\u00e9es CominLabs du 23 et 24 mars 2015 (INRIA Rennes) :<\/p>\n<p><a href=\"https:\/\/project.inria.fr\/3dmooc\/files\/2019\/06\/Poster-3D-Mooc.pdf\">lien t\u00e9l\u00e9chargement<\/a><\/p>\n<p>&#8212;&#8212;&#8212;&#8212;&#8212;&#8212;&#8212;&#8212;&#8212;&#8212;&#8212;&#8212;&#8212;&#8212;&#8212;&#8212;&#8212;&#8212;&#8212;&#8212;&#8212;&#8212;&#8212;&#8212;&#8212;&#8212;&#8212;&#8212;&#8212;&#8212;&#8212;&#8212;&#8212;&#8212;<\/p>\n<p><strong>RAPPORTS FINAUX<\/strong><\/p>\n<p>R\u00e9sum\u00e9 rapport final (janvier 2016)\u00a0 :<\/p>\n<p><a href=\"https:\/\/project.inria.fr\/3dmooc\/files\/2019\/06\/Brief_synthesis_of_the_results-3D-MOOC_FINAL_REPORT-1.pdf\">lien t\u00e9l\u00e9chargement (french version)<\/a><\/p>\n<p>Rapport des exp\u00e9rimentations et \u00e9valuations par T\u00e9l\u00e9com Bretagne :<\/p>\n<p><a href=\"https:\/\/project.inria.fr\/3dmooc\/files\/2019\/06\/Rapport-exp\u00e9rimentations-et-\u00e9valuation-T\u00e9l\u00e9com-Bretagne.pdf\">lien t\u00e9l\u00e9chargement<\/a><\/p>\n<p>Rapport des exp\u00e9rimentations et \u00e9valuations par l&#8217;ENS :<\/p>\n<p><a href=\"https:\/\/project.inria.fr\/3dmooc\/files\/2019\/06\/Rapport-exp\u00e9rimentations-et-\u00e9valuation-ENS.pdf\">lien t\u00e9l\u00e9chargement<\/a><\/p>\n<p>&nbsp;<\/p>\n<p>Lien vers le didacticiel interactif sur les analyses de donn\u00e9es (vents, soleil mar\u00e9es, consommation) r\u00e9alis\u00e9 dans le cadre du projet 3DMooc :<\/p>\n<p><a href=\"http:\/\/www.gre-en.fr\/3DMOOCWEBSITE\/index.html\">http:\/\/www.gre-en.fr\/3DMOOCWEBSITE\/index.html<\/a><\/p>\n<p>&nbsp;<\/p>\n<p>Lien vers la matrice des grains vid\u00e9os r\u00e9alis\u00e9s (contexte transition \u00e9nerg\u00e9tique \u00e0 l&#8217;Ile de Sein) :<\/p>\n<p><span id=\"OBJ_PREFIX_DWT831_com_zimbra_url\" class=\"Object\"><a href=\"http:\/\/www.gre-en.fr\/3DMOOC\/\">http:\/\/www.gre-en.fr\/3DMOOC\/<\/a><\/span><\/p>","protected":false},"excerpt":{"rendered":"<p>PHASE 1 Rapport d&#8217;avancement 3DMOOC\u00a0 ( T0+6 ) &#8211; Mardi 25 F\u00e9vrier 2014 : PDF : 3D-MOOC : One line open library of granular processabe\u2026<\/p>\n<p> <a class=\"continue-reading-link\" href=\"https:\/\/project.inria.fr\/3dmooc\/results\/\"><span>Continue reading<\/span><i class=\"crycon-right-dir\"><\/i><\/a> <\/p>\n","protected":false},"author":1611,"featured_media":0,"parent":0,"menu_order":0,"comment_status":"closed","ping_status":"closed","template":"","meta":{"footnotes":""},"class_list":["post-66","page","type-page","status-publish","hentry"],"_links":{"self":[{"href":"https:\/\/project.inria.fr\/3dmooc\/wp-json\/wp\/v2\/pages\/66","targetHints":{"allow":["GET"]}}],"collection":[{"href":"https:\/\/project.inria.fr\/3dmooc\/wp-json\/wp\/v2\/pages"}],"about":[{"href":"https:\/\/project.inria.fr\/3dmooc\/wp-json\/wp\/v2\/types\/page"}],"author":[{"embeddable":true,"href":"https:\/\/project.inria.fr\/3dmooc\/wp-json\/wp\/v2\/users\/1611"}],"replies":[{"embeddable":true,"href":"https:\/\/project.inria.fr\/3dmooc\/wp-json\/wp\/v2\/comments?post=66"}],"version-history":[{"count":2,"href":"https:\/\/project.inria.fr\/3dmooc\/wp-json\/wp\/v2\/pages\/66\/revisions"}],"predecessor-version":[{"id":88,"href":"https:\/\/project.inria.fr\/3dmooc\/wp-json\/wp\/v2\/pages\/66\/revisions\/88"}],"wp:attachment":[{"href":"https:\/\/project.inria.fr\/3dmooc\/wp-json\/wp\/v2\/media?parent=66"}],"curies":[{"name":"wp","href":"https:\/\/api.w.org\/{rel}","templated":true}]}}