

{"id":67,"date":"2019-06-18T09:52:49","date_gmt":"2019-06-18T07:52:49","guid":{"rendered":"https:\/\/project.inria.fr\/3dmooc\/?page_id=67"},"modified":"2019-06-18T09:59:55","modified_gmt":"2019-06-18T07:59:55","slug":"publications","status":"publish","type":"page","link":"https:\/\/project.inria.fr\/3dmooc\/publications\/","title":{"rendered":"Publications"},"content":{"rendered":"<p><strong>Lettre MEN-DNE pour 3D Mooc<\/strong><\/p>\n<p><a href=\"https:\/\/project.inria.fr\/3dmooc\/files\/2019\/06\/Lettre-dint\u00e9r\u00eat-DNE-pour-projet-3D-MOOC.pdf\">lien t\u00e9l\u00e9chargement<\/a><\/p>\n<p>&#8212;&#8212;&#8212;&#8212;&#8212;&#8212;&#8212;&#8212;&#8212;&#8212;&#8212;&#8212;&#8212;&#8212;&#8212;&#8212;&#8212;&#8212;&#8212;&#8212;&#8212;&#8212;&#8212;&#8212;&#8212;&#8212;&#8212;&#8212;&#8212;&#8212;&#8212;&#8212;&#8211;<\/p>\n<p>Article dans la revue <em><strong>Mediterranean Archaeology and Archaeometry<\/strong><\/em><\/p>\n<p><strong>Cultural and Educational Mediation meets multimedia-based<br \/>\nadaptive storytelling. <\/strong><\/p>\n<p><strong>A profile-sensitive system for personalized<br \/>\npresentations.<\/strong><\/p>\n<p>Antin, Rica Simona; Kanellos, Ioannis; Houssais, Antoine; Transon, Alan;<br \/>\nDe Bougrenet de la Tocnaye Jean-Louis; Grenier, Damien; Curt, Jean-Baptiste;<br \/>\nTritas Aris; Caroff, Anne-Gabrielle; Meillerais, Romain.<\/p>\n<p>&nbsp;<\/p>\n<p><a href=\"https:\/\/project.inria.fr\/3dmooc\/files\/2019\/06\/Article-MAA1.pdf\">lien t\u00e9l\u00e9chargement<\/a><\/p>\n<p>&nbsp;<\/p>\n<p>&#8212;&#8212;&#8212;&#8212;&#8212;&#8212;&#8212;&#8212;&#8212;&#8212;&#8212;&#8212;&#8212;&#8212;&#8212;&#8212;&#8212;&#8212;&#8212;&#8212;&#8212;&#8212;&#8212;&#8212;&#8212;&#8212;&#8212;&#8212;&#8212;&#8212;&#8212;&#8212;&#8212;&#8212;&#8212;&#8212;-<\/p>\n<p>&nbsp;<\/p>\n<p><strong><span id=\"aui_3_4_0_1_2039\" class=\"document-description\">Colloque GLAT-2016, Padoue (Italie), mai 2016, <em>sur le th\u00e8me &#8221; Acteurs et formes de m\u00e9diation pour le dialogue interculturel &#8221; <\/em><\/span><\/strong><\/p>\n<p><span class=\"document-description\"><strong>Un syst\u00e8me g\u00e9n\u00e9rateur de r\u00e9cits au service de la m\u00e9diation interculturelle<\/strong><br \/>\nRica Simona Antin, Ioannis Kanellos, Aris Tritas, Alan Transon, Anne-Gabrielle Caroff, Romain Meillerais Institut Mines-T\u00e9l\u00e9com\/T\u00e9l\u00e9com Bretagne<\/span><\/p>","protected":false},"excerpt":{"rendered":"<p>Lettre MEN-DNE pour 3D Mooc lien t\u00e9l\u00e9chargement &#8212;&#8212;&#8212;&#8212;&#8212;&#8212;&#8212;&#8212;&#8212;&#8212;&#8212;&#8212;&#8212;&#8212;&#8212;&#8212;&#8212;&#8212;&#8212;&#8212;&#8212;&#8212;&#8212;&#8212;&#8212;&#8212;&#8212;&#8212;&#8212;&#8212;&#8212;&#8212;&#8211; Article dans la revue Mediterranean Archaeology and Archaeometry Cultural and Educational Mediation meets multimedia-based adaptive storytelling. A\u2026<\/p>\n<p> <a class=\"continue-reading-link\" href=\"https:\/\/project.inria.fr\/3dmooc\/publications\/\"><span>Continue reading<\/span><i class=\"crycon-right-dir\"><\/i><\/a> <\/p>\n","protected":false},"author":1611,"featured_media":0,"parent":0,"menu_order":0,"comment_status":"closed","ping_status":"closed","template":"","meta":{"footnotes":""},"class_list":["post-67","page","type-page","status-publish","hentry"],"_links":{"self":[{"href":"https:\/\/project.inria.fr\/3dmooc\/wp-json\/wp\/v2\/pages\/67","targetHints":{"allow":["GET"]}}],"collection":[{"href":"https:\/\/project.inria.fr\/3dmooc\/wp-json\/wp\/v2\/pages"}],"about":[{"href":"https:\/\/project.inria.fr\/3dmooc\/wp-json\/wp\/v2\/types\/page"}],"author":[{"embeddable":true,"href":"https:\/\/project.inria.fr\/3dmooc\/wp-json\/wp\/v2\/users\/1611"}],"replies":[{"embeddable":true,"href":"https:\/\/project.inria.fr\/3dmooc\/wp-json\/wp\/v2\/comments?post=67"}],"version-history":[{"count":2,"href":"https:\/\/project.inria.fr\/3dmooc\/wp-json\/wp\/v2\/pages\/67\/revisions"}],"predecessor-version":[{"id":91,"href":"https:\/\/project.inria.fr\/3dmooc\/wp-json\/wp\/v2\/pages\/67\/revisions\/91"}],"wp:attachment":[{"href":"https:\/\/project.inria.fr\/3dmooc\/wp-json\/wp\/v2\/media?parent=67"}],"curies":[{"name":"wp","href":"https:\/\/api.w.org\/{rel}","templated":true}]}}