

{"id":554,"date":"2018-11-19T13:28:30","date_gmt":"2018-11-19T12:28:30","guid":{"rendered":"http:\/\/project.inria.fr\/FranceJapanICST\/?page_id=554"},"modified":"2018-12-30T15:43:09","modified_gmt":"2018-12-30T14:43:09","slug":"2018-intermediate-workshop","status":"publish","type":"page","link":"https:\/\/project.inria.fr\/FranceJapanICST\/wokshops\/2018-intermediate-workshop\/","title":{"rendered":"2018 Intermediate Workshop"},"content":{"rendered":"<p style=\"text-align: center;\"><a href=\"http:\/\/project.inria.fr\/FranceJapanICST\/files\/2018\/11\/Picture-Japan-workshop.jpeg\"><img loading=\"lazy\" decoding=\"async\" class=\"alignnone size-medium wp-image-574\" src=\"http:\/\/project.inria.fr\/FranceJapanICST\/files\/2018\/11\/Picture-Japan-workshop-300x225.jpeg\" alt=\"\" width=\"300\" height=\"225\" srcset=\"https:\/\/project.inria.fr\/FranceJapanICST\/files\/2018\/11\/Picture-Japan-workshop-300x225.jpeg 300w, https:\/\/project.inria.fr\/FranceJapanICST\/files\/2018\/11\/Picture-Japan-workshop-768x576.jpeg 768w, https:\/\/project.inria.fr\/FranceJapanICST\/files\/2018\/11\/Picture-Japan-workshop-1024x768.jpeg 1024w, https:\/\/project.inria.fr\/FranceJapanICST\/files\/2018\/11\/Picture-Japan-workshop-150x113.jpeg 150w\" sizes=\"auto, (max-width: 300px) 100vw, 300px\" \/><\/a><\/p>\n<p>On October 29th and 30th, 2018 was held an intermediate workshop of the cybersecurity cooperation between France and Japan in Keio University, Tokyo (Japan). This two-days intermediate workshop had for purpose to rapidly share and organize the cooperation between France and Japan on two specific topics: cybersecurity of Internet of Things (IoT); cybersecurity and artificial intelligence (AI).<br \/>\nA satellite meeting focusing on ethics, privacy and fairness in cybersecurity took place on October 31st, 2018.<\/p>\n<p>The Workshop Chair was Professor Mitsuhiro Okada.<\/p>\n<p><em>On this occasion, a delegation of French researchers participated in the workshop in Tokyo and some presentations were given through videoconference meetings with France.<\/em><\/p>\n<p>&nbsp;<\/p>\n<p><em><strong>Meeting report : <\/strong><\/em><\/p>\n<p><em><strong><a href=\"http:\/\/project.inria.fr\/FranceJapanICST\/files\/2018\/12\/MeetingReport10-2018.pdf\">http:\/\/project.inria.fr\/FranceJapanICST\/files\/2018\/12\/MeetingReport10-2018.pdf<\/a><\/strong><\/em><\/p>\n<p>&nbsp;<\/p>\n<p><em><strong>Program :<\/strong><\/em><\/p>\n<p><strong>October 29<sup>th<\/sup>: IoT security<\/strong><\/p>\n<p><strong>\u00a0<\/strong><strong>9:45 <\/strong>Registration<\/p>\n<p><strong>10:00 Opening<\/strong>: Claude Kirchner (Inria) and Koji Nakao (NICT)<\/p>\n<p><strong>10:15-11:00: Keynote by Prof. Tokuda<\/strong> (Chairman of NICT)<\/p>\n<p>Evolution of IoT and Cybersecurity Research in NICT<\/p>\n<p><strong>11:00-11:15 Break<\/strong><\/p>\n<p><strong>11:15-12:00: Keynote by Prof. Herv\u00e9 Debar<\/strong> (IMT)<\/p>\n<p><a href=\"http:\/\/project.inria.fr\/FranceJapanICST\/files\/2018\/12\/EUNITY_Short.pdf\">About EUNITY \u2013 Cybersecurity and privacy dialogue between Europe and Japan\u00a0<\/a><\/p>\n<p><a href=\"http:\/\/project.inria.fr\/FranceJapanICST\/files\/2018\/12\/Debar-Cyber-IoT.pdf\">Cybersecurity for Industry 4.0 &#8211; Security Issues and Mitigation in Ethernet POWERLINK<\/a><\/p>\n<p><strong>12:00-13:00 Lunch<\/strong><\/p>\n<p><strong>\u00a0<\/strong><strong>13:00-14:45: IoT market\/regulation, IoT applications<\/strong><\/p>\n<p><a href=\"http:\/\/project.inria.fr\/FranceJapanICST\/files\/2018\/12\/IoT-Marketplace-in-Japan-Mr.-Kosuke-Ito-CCDS.pdf\">IoT Marketplace in Japan, Mr. Kosuke Ito (CCDS)<\/a><\/p>\n<p><a href=\"http:\/\/project.inria.fr\/FranceJapanICST\/files\/2018\/12\/VPP-Virtual-Power-Plant-system-and-IoT-Prof.-Masaki-Umejima-Keio-Univ..pdf\">VPP (Virtual Power Plant) system and IoT, Prof. Masaki Umejima (Keio Univ.)<\/a><\/p>\n<p><a href=\"http:\/\/project.inria.fr\/FranceJapanICST\/files\/2018\/12\/KSsystemicRisk.pdf\">Introduction on systemic risks of IoT, Kav\u00e9 Salamatian (University Annecy &amp; Inria) <\/a><\/p>\n<p><strong>14:45-15:55: 5G IoT convergence, IoT Smart Cities<\/strong><\/p>\n<p><a href=\"http:\/\/project.inria.fr\/FranceJapanICST\/files\/2018\/12\/5G-IoT-convergence-Dr.-Satoshi-Konishi-KDDI.pdf\">5G IoT convergence, Dr. Satoshi Konishi (KDDI)<\/a><\/p>\n<p><a href=\"http:\/\/project.inria.fr\/FranceJapanICST\/files\/2018\/12\/SilverstoneWg6.pdf\">WG6 Network cybersecurity interim update: focus on IoT, Thomas Silverston (Shibaura Institute of Technology) <\/a><\/p>\n<p><strong>15:55-16:30 Break<\/strong><\/p>\n<p><strong>16:30-18:00: Fundamental Technologies for IoT, IoT Data Protection (Using visio conf. To get the access code, contact claude.kirchner@inria.fr)<\/strong><\/p>\n<p><a href=\"http:\/\/project.inria.fr\/FranceJapanICST\/files\/2018\/12\/Towards-Low-Energy-Ciphers-for-IoT-Prof.-Takanori-Isobe-Univ.-of-Hyogo.pdf\">Towards Low Energy Ciphers for IoT, Prof. Takanori Isobe (Univ. of Hyogo)<\/a><\/p>\n<p><a href=\"http:\/\/project.inria.fr\/FranceJapanICST\/files\/2018\/12\/E-Baccelli-slides-reduit.pdf\">Towards Secure IoT with Open Source and RIOT, Emmanuel Baccelli (Inria) <\/a>**visio from France<\/p>\n<p><strong>\u00a0<\/strong><strong>18:00 Closing<\/strong><\/p>\n<p><strong>\u00a0<\/strong><strong>18:30 Dinner<br \/>\n<\/strong><\/p>\n<p>&nbsp;<\/p>\n<p><strong>October 30<sup>th<\/sup>: AI and Cybersecurity<\/strong><\/p>\n<p><strong>\u00a0<\/strong><strong>9:45: <\/strong>Registration<\/p>\n<p><strong>10:00 Opening<\/strong>: Claude Kirchner (Inria) and Koji Nakao (NICT)<\/p>\n<p><strong>10:15-11:00: Keynote by Prof. Jun Murai (<\/strong>Keio University)<\/p>\n<p><a href=\"http:\/\/project.inria.fr\/FranceJapanICST\/files\/2018\/12\/KeyNoteC-by-Prof.-Murai.pdf\">Internet Civilization<\/a><\/p>\n<p><strong>11:00-11:15 Break<\/strong><\/p>\n<p><strong>11:15-12:00: Keynote by Prof. Kav\u00e9 Salamatian <\/strong>(University Annecy &amp; Inria)<\/p>\n<p><a href=\"http:\/\/project.inria.fr\/FranceJapanICST\/files\/2018\/12\/KSAIandCybersecurity-rs.pdf\">A retrospective on almost 20 year of Artificial Intelligence and machine learning in Internet measurement research<\/a><\/p>\n<p><strong>12:00-13:00 Lunch<\/strong><\/p>\n<p><strong>13:00-14:00 Formal approaches\u00a0for AI-cybersecurity and AI-algorithmic ethics, privacy, fairness<\/strong><\/p>\n<p>Formal Fairness in Machine Learning \/ Data Mining,\u00a0Toshihiko Kamishima (AIST) <a href=\"http:\/\/www.kamishima.net\/archive\/fadm.pdf\">http:\/\/www.kamishima.net\/archive\/fadm.pdf<\/a><\/p>\n<p>Current status of the discussions and researches on algorithmic-informatics ethics in the French and in the Japanese Groups, reported by Claude Kirchner, Kav\u00e9 Salamatian, and Mitsuhiro Okada<\/p>\n<p><strong>14:00-15:30 AI for Cybersecurity<\/strong><\/p>\n<p><a href=\"http:\/\/project.inria.fr\/FranceJapanICST\/files\/2018\/12\/Toward-the-automation-of-cybersecurity-operations-using-machine-learning-techniques-Dr.-Takahashi-NICT.pdf\">Toward the automation of cybersecurity operations using machine learning techniques, Dr. Takahashi (NICT)<\/a><\/p>\n<p><a href=\"http:\/\/project.inria.fr\/FranceJapanICST\/files\/2018\/12\/PerianinSecureIC.pdf\">Defensive and offensive AI for embedded security, Thomas Perianin (Secure-IC)<\/a><\/p>\n<p><a href=\"http:\/\/project.inria.fr\/FranceJapanICST\/files\/2018\/12\/Predicting-Impending-Exposure-to-Malicious-Content-by-Learning-User-Behavior-Dr.-Kubota-KDDI.pdf\">Predicting Impending Exposure to Malicious Content by Learning User Behavior, Dr. Kubota (KDDI)<\/a><\/p>\n<p><strong>15:30-16:00 Break<\/strong><\/p>\n<p><strong>16:00-17:00 Strategic discussion on organization and founding (Open to visio conf.) <\/strong><\/p>\n<p><strong>Chairs: <\/strong>Claude Kirchner, H\u00e9l\u00e8ne Kirchner, Koji Nakao, Mitsuhiro Okada, Kav\u00e9 Salamatian<\/p>\n<p><strong>17:00-17:30: Security related to AI (Using visio conf. To get the access code, contact claude.kirchner@inria.fr)<\/strong><\/p>\n<p><a href=\"http:\/\/project.inria.fr\/FranceJapanICST\/files\/2018\/12\/Lubicz-talk.pdf\">Ransomware detection with learning techniques, David Lubicz (DGA)<\/a> **visio from France<\/p>\n<p><strong>17:30-18:00: Final discussion and closing<\/strong><\/p>\n<p>&nbsp;<\/p>\n<p><strong>Oct.31st: Associated satellite meeting (Tutorial and Discussion) <\/strong><strong>New issues on technology and algorithmic ethics\/privacy\/fairness, related to Digital\/AI\/ML<\/strong><\/p>\n<p><strong>10:00 Tutorial, Toshihiko Kamishima<\/strong> (AIST), Algorithms for Fairness-aware Machine Learning (in Japanese with English slides) <a href=\"http:\/\/www.kamishima.net\/archive\/fadm.pdf\">http:\/\/www.kamishima.net\/archive\/fadm.pdf<\/a><\/p>\n<p><strong>11:00 Pause<\/strong><\/p>\n<p><strong>11:10 Claude Kirchner <\/strong>(Inria, CERNA and CCNE), <a href=\"http:\/\/project.inria.fr\/FranceJapanICST\/files\/2018\/12\/CKsovereignties.pdf\">Ethics and sovereignties in our digital societies<\/a><\/p>\n<p><strong>12:10-13:20 Lunch Break<\/strong><\/p>\n<p><strong>13:20 Kav\u00e9 Salamatian <\/strong>(University Annecy and Inria), <a href=\"http:\/\/project.inria.fr\/FranceJapanICST\/files\/2018\/12\/KStokyoEthicsIA-rs.pdf\">A comparative analysis of governmental AI strategies: from narrative, to utopia passing by ethics<\/a><\/p>\n<p><strong>13:50 Mitsuhiro Okada <\/strong>(Keio University), <a href=\"http:\/\/project.inria.fr\/FranceJapanICST\/files\/2018\/12\/Okada-algo-ethic.pdf\">Why \u201cformal\u201d for algorithmic ethics research <\/a><\/p>\n<p><strong>14:10 Zolt\u00e1n Istv\u00e1n Z\u00e1rdai\u00a0<\/strong>(Keio University, Tokyo, Japan) Joint work with Diederik M. Roijers (Vrije Universiteit Amsterdam, the Netherlands &amp; Vrije Universiteit Brussel, Brussels, Belgium), <a href=\"http:\/\/project.inria.fr\/FranceJapanICST\/files\/2018\/12\/ZoltanIstvanZardai.pdf\">On the Responsible Design and Deployment of Autonomous Agents<\/a><\/p>\n<p><strong>14:30 Claude Kirchner<\/strong> (Inria, CERNA and CCNE),<\/p>\n<p>1- <a href=\"http:\/\/project.inria.fr\/FranceJapanICST\/files\/2018\/12\/CK-EGB-ethics.pdf\">Citizen consultation on Bioethics in France: The 2018 experience<\/a><\/p>\n<p>2- <a href=\"http:\/\/project.inria.fr\/FranceJapanICST\/files\/2018\/12\/CK-digitalHealth.pdf\">Recommendations of CCNE on digital and health<\/a><\/p>\n<p><strong>15:00<\/strong> <strong>Pause<\/strong><\/p>\n<p><strong>15:30 St\u00e9phane Grumbach <\/strong>(Inria), <a href=\"http:\/\/project.inria.fr\/FranceJapanICST\/files\/2018\/12\/Grumbach-talk.pdf\">Sovereignty and global risks<\/a><\/p>\n<p><strong>16:00 Discussion Session <\/strong><\/p>\n<p><strong>17:00 Closing<\/strong><\/p>\n","protected":false},"excerpt":{"rendered":"<p>On October 29th and 30th, 2018 was held an intermediate workshop of the cybersecurity cooperation between France and Japan in Keio University, Tokyo (Japan). This two-days intermediate workshop had for purpose to rapidly share and organize the cooperation between France and Japan on two specific topics: cybersecurity of Internet of\u2026<\/p>\n<p class=\"continue-reading-button\"> <a class=\"continue-reading-link\" href=\"https:\/\/project.inria.fr\/FranceJapanICST\/wokshops\/2018-intermediate-workshop\/\">Continue reading<i class=\"crycon-right-dir\"><\/i><\/a><\/p>\n","protected":false},"author":1295,"featured_media":0,"parent":173,"menu_order":0,"comment_status":"closed","ping_status":"closed","template":"","meta":{"footnotes":""},"class_list":["post-554","page","type-page","status-publish","hentry"],"_links":{"self":[{"href":"https:\/\/project.inria.fr\/FranceJapanICST\/wp-json\/wp\/v2\/pages\/554","targetHints":{"allow":["GET"]}}],"collection":[{"href":"https:\/\/project.inria.fr\/FranceJapanICST\/wp-json\/wp\/v2\/pages"}],"about":[{"href":"https:\/\/project.inria.fr\/FranceJapanICST\/wp-json\/wp\/v2\/types\/page"}],"author":[{"embeddable":true,"href":"https:\/\/project.inria.fr\/FranceJapanICST\/wp-json\/wp\/v2\/users\/1295"}],"replies":[{"embeddable":true,"href":"https:\/\/project.inria.fr\/FranceJapanICST\/wp-json\/wp\/v2\/comments?post=554"}],"version-history":[{"count":34,"href":"https:\/\/project.inria.fr\/FranceJapanICST\/wp-json\/wp\/v2\/pages\/554\/revisions"}],"predecessor-version":[{"id":718,"href":"https:\/\/project.inria.fr\/FranceJapanICST\/wp-json\/wp\/v2\/pages\/554\/revisions\/718"}],"up":[{"embeddable":true,"href":"https:\/\/project.inria.fr\/FranceJapanICST\/wp-json\/wp\/v2\/pages\/173"}],"wp:attachment":[{"href":"https:\/\/project.inria.fr\/FranceJapanICST\/wp-json\/wp\/v2\/media?parent=554"}],"curies":[{"name":"wp","href":"https:\/\/api.w.org\/{rel}","templated":true}]}}