

{"id":117,"date":"2020-08-24T09:37:50","date_gmt":"2020-08-24T07:37:50","guid":{"rendered":"https:\/\/project.inria.fr\/aaltd20\/?page_id=117"},"modified":"2020-09-18T16:04:54","modified_gmt":"2020-09-18T14:04:54","slug":"program","status":"publish","type":"page","link":"https:\/\/project.inria.fr\/aaltd20\/program\/","title":{"rendered":"Program"},"content":{"rendered":"<h3>Program of the workshop<\/h3>\n<p>The workshop will held on September 18, 2020. It will be organized fully virtually within the ECML conference system.<br \/>\nThe main sessions of the workshop will be organized using Zoom platform. The virtual poster session is still under construction (Zoom or Discord).<br \/>\nAll the connection information will be available on this webpage and on the ECML whova program manager (please, note that attending to this workshop is not free of charge. A registration to ECML conference is required).<\/p>\n<p>All papers can be downloaded on the <a href=\"https:\/\/project.inria.fr\/aaltd20\/accepted-papers\/\">accepted papers page<\/a>.<\/p>\n<p>(local time at Ghent: CEST = UTC+2)<\/p>\n<ul>\n<li><em>09h &#8211; 09h15<\/em>: <strong>Workshop introduction by organizers<\/strong> <a href=\"https:\/\/zoom.us\/j\/93190228821\"><img loading=\"lazy\" decoding=\"async\" class=\"alignnone size-medium wp-image-148\" src=\"https:\/\/project.inria.fr\/aaltd20\/files\/2020\/09\/297697-277x300.png\" alt=\"\" width=\"28\" height=\"30\" srcset=\"https:\/\/project.inria.fr\/aaltd20\/files\/2020\/09\/297697-277x300.png 277w, https:\/\/project.inria.fr\/aaltd20\/files\/2020\/09\/297697-768x831.png 768w, https:\/\/project.inria.fr\/aaltd20\/files\/2020\/09\/297697.png 946w, https:\/\/project.inria.fr\/aaltd20\/files\/2020\/09\/297697-139x150.png 139w\" sizes=\"auto, (max-width: 28px) 100vw, 28px\" \/>Live session on Zoom<\/a><\/li>\n<li><em>9h15 &#8211; 10h15<\/em>: Session <strong>Temporal data: advanced representations<\/strong> <a href=\"https:\/\/zoom.us\/j\/93190228821\"><img loading=\"lazy\" decoding=\"async\" class=\"alignnone size-medium wp-image-148\" src=\"https:\/\/project.inria.fr\/aaltd20\/files\/2020\/09\/297697-277x300.png\" alt=\"\" width=\"28\" height=\"30\" srcset=\"https:\/\/project.inria.fr\/aaltd20\/files\/2020\/09\/297697-277x300.png 277w, https:\/\/project.inria.fr\/aaltd20\/files\/2020\/09\/297697-768x831.png 768w, https:\/\/project.inria.fr\/aaltd20\/files\/2020\/09\/297697.png 946w, https:\/\/project.inria.fr\/aaltd20\/files\/2020\/09\/297697-139x150.png 139w\" sizes=\"auto, (max-width: 28px) 100vw, 28px\" \/>Live session on Zoom<\/a>\n<ul>\n<li><em>Ordinal versus nominal time series classification<\/em> by David Guijo-Rubio, Pedro Antonio Guti\u00e9rrez, Anthony Bagnall and C\u00e9sar Herv\u00e1s-Mart\u00ednez<\/li>\n<li><em>Generalized chronicles for temporal sequence classification<\/em> by Yann Dauxais and Thomas Guyet<\/li>\n<li><em>Multivariate time series unsupervised representation on a causality graph for health monitoring of mechanical systems<\/em> by Edouard Pineau, S\u00e9bastien Razakarivony and Thomas Bonald<\/li>\n<\/ul>\n<\/li>\n<li><strong>Break<\/strong><\/li>\n<li><em>10h30 &#8211; 11h15<\/em> : <strong>Invited talk from Themis Palpanas<\/strong> <a href=\"https:\/\/zoom.us\/j\/99106079889\"><img loading=\"lazy\" decoding=\"async\" class=\"alignnone size-medium wp-image-148\" src=\"https:\/\/project.inria.fr\/aaltd20\/files\/2020\/09\/297697-277x300.png\" alt=\"\" width=\"28\" height=\"30\" srcset=\"https:\/\/project.inria.fr\/aaltd20\/files\/2020\/09\/297697-277x300.png 277w, https:\/\/project.inria.fr\/aaltd20\/files\/2020\/09\/297697-768x831.png 768w, https:\/\/project.inria.fr\/aaltd20\/files\/2020\/09\/297697.png 946w, https:\/\/project.inria.fr\/aaltd20\/files\/2020\/09\/297697-139x150.png 139w\" sizes=\"auto, (max-width: 28px) 100vw, 28px\" \/>Live session on Zoom<\/a><a href=\"https:\/\/project.inria.fr\/aaltd20\/invited-speaker\/\">Scalable Machine Learning on Large Sequence Collections<\/a><\/li>\n<li><em>11h20 &#8211; 12h10<\/em> : <strong>Spotlight presentations of the posters<\/strong> (5 minutes per poster, the list of the posters is <a href=\"https:\/\/project.inria.fr\/aaltd20\/accepted-papers\/\">here<\/a>) <a href=\"https:\/\/zoom.us\/j\/99106079889\"><img loading=\"lazy\" decoding=\"async\" class=\"alignnone size-medium wp-image-148\" src=\"https:\/\/project.inria.fr\/aaltd20\/files\/2020\/09\/297697-277x300.png\" alt=\"\" width=\"28\" height=\"30\" srcset=\"https:\/\/project.inria.fr\/aaltd20\/files\/2020\/09\/297697-277x300.png 277w, https:\/\/project.inria.fr\/aaltd20\/files\/2020\/09\/297697-768x831.png 768w, https:\/\/project.inria.fr\/aaltd20\/files\/2020\/09\/297697.png 946w, https:\/\/project.inria.fr\/aaltd20\/files\/2020\/09\/297697-139x150.png 139w\" sizes=\"auto, (max-width: 28px) 100vw, 28px\" \/>Live session on Zoom<\/a><\/li>\n<li><strong>Lunch break<\/strong><\/li>\n<li><em>13h &#8211; 14h<\/em>: <strong>virtual poster session<\/strong> Discussion around the posters: we will organize one virtual room per poster where interested people can join and discuss with authors (click on icon to join the poster discussion)\n<ul>\n<li>Temporal Exceptional Model Mining using Dynamic Bayesian Networks: <a href=\"https:\/\/zoom.us\/j\/98226059017\"><img loading=\"lazy\" decoding=\"async\" class=\"alignnone size-medium wp-image-148\" src=\"https:\/\/project.inria.fr\/aaltd20\/files\/2020\/09\/297697-277x300.png\" alt=\"\" width=\"28\" height=\"30\" srcset=\"https:\/\/project.inria.fr\/aaltd20\/files\/2020\/09\/297697-277x300.png 277w, https:\/\/project.inria.fr\/aaltd20\/files\/2020\/09\/297697-768x831.png 768w, https:\/\/project.inria.fr\/aaltd20\/files\/2020\/09\/297697.png 946w, https:\/\/project.inria.fr\/aaltd20\/files\/2020\/09\/297697-139x150.png 139w\" sizes=\"auto, (max-width: 28px) 100vw, 28px\" \/><\/a><\/li>\n<li>\u201cJ\u2019veux du soleil\u201d: Towards a decade of solar irradiation data (La R\u00e9union Island, SW Indian Ocean): <a href=\"https:\/\/zoom.us\/j\/99342225902\"><img loading=\"lazy\" decoding=\"async\" class=\"alignnone size-medium wp-image-148\" src=\"https:\/\/project.inria.fr\/aaltd20\/files\/2020\/09\/297697-277x300.png\" alt=\"\" width=\"28\" height=\"30\" srcset=\"https:\/\/project.inria.fr\/aaltd20\/files\/2020\/09\/297697-277x300.png 277w, https:\/\/project.inria.fr\/aaltd20\/files\/2020\/09\/297697-768x831.png 768w, https:\/\/project.inria.fr\/aaltd20\/files\/2020\/09\/297697.png 946w, https:\/\/project.inria.fr\/aaltd20\/files\/2020\/09\/297697-139x150.png 139w\" sizes=\"auto, (max-width: 28px) 100vw, 28px\" \/><\/a><\/li>\n<li>Visual Analytics for Extracting Trends from Spatio-Temporal Data: <a href=\"https:\/\/zoom.us\/j\/96559988197\"><img loading=\"lazy\" decoding=\"async\" class=\"alignnone wp-image-148 size-medium\" src=\"https:\/\/project.inria.fr\/aaltd20\/files\/2020\/09\/297697-277x300.png\" alt=\"\" width=\"28\" height=\"30\" srcset=\"https:\/\/project.inria.fr\/aaltd20\/files\/2020\/09\/297697-277x300.png 277w, https:\/\/project.inria.fr\/aaltd20\/files\/2020\/09\/297697-768x831.png 768w, https:\/\/project.inria.fr\/aaltd20\/files\/2020\/09\/297697.png 946w, https:\/\/project.inria.fr\/aaltd20\/files\/2020\/09\/297697-139x150.png 139w\" sizes=\"auto, (max-width: 28px) 100vw, 28px\" \/><\/a><\/li>\n<li>Layered Integration Approach for Multi-view Analysis of Temporal Data: <a href=\"https:\/\/zoom.us\/j\/96559988197\"><img loading=\"lazy\" decoding=\"async\" class=\"alignnone wp-image-148 size-medium\" src=\"https:\/\/project.inria.fr\/aaltd20\/files\/2020\/09\/297697-277x300.png\" alt=\"\" width=\"28\" height=\"30\" srcset=\"https:\/\/project.inria.fr\/aaltd20\/files\/2020\/09\/297697-277x300.png 277w, https:\/\/project.inria.fr\/aaltd20\/files\/2020\/09\/297697-768x831.png 768w, https:\/\/project.inria.fr\/aaltd20\/files\/2020\/09\/297697.png 946w, https:\/\/project.inria.fr\/aaltd20\/files\/2020\/09\/297697-139x150.png 139w\" sizes=\"auto, (max-width: 28px) 100vw, 28px\" \/><\/a><\/li>\n<li>A Feature Selection Method for Multi-Dimension Time-Series Data: <a href=\"https:\/\/zoom.us\/j\/92253899482\"><img loading=\"lazy\" decoding=\"async\" class=\"alignnone size-medium wp-image-148\" src=\"https:\/\/project.inria.fr\/aaltd20\/files\/2020\/09\/297697-277x300.png\" alt=\"\" width=\"28\" height=\"30\" srcset=\"https:\/\/project.inria.fr\/aaltd20\/files\/2020\/09\/297697-277x300.png 277w, https:\/\/project.inria.fr\/aaltd20\/files\/2020\/09\/297697-768x831.png 768w, https:\/\/project.inria.fr\/aaltd20\/files\/2020\/09\/297697.png 946w, https:\/\/project.inria.fr\/aaltd20\/files\/2020\/09\/297697-139x150.png 139w\" sizes=\"auto, (max-width: 28px) 100vw, 28px\" \/><\/a><\/li>\n<li>Real-Time Outlier Detection in Time Series Data of Water Sensors: <a href=\"https:\/\/zoom.us\/j\/91974500588\"><img loading=\"lazy\" decoding=\"async\" class=\"alignnone size-medium wp-image-148\" src=\"https:\/\/project.inria.fr\/aaltd20\/files\/2020\/09\/297697-277x300.png\" alt=\"\" width=\"28\" height=\"30\" srcset=\"https:\/\/project.inria.fr\/aaltd20\/files\/2020\/09\/297697-277x300.png 277w, https:\/\/project.inria.fr\/aaltd20\/files\/2020\/09\/297697-768x831.png 768w, https:\/\/project.inria.fr\/aaltd20\/files\/2020\/09\/297697.png 946w, https:\/\/project.inria.fr\/aaltd20\/files\/2020\/09\/297697-139x150.png 139w\" sizes=\"auto, (max-width: 28px) 100vw, 28px\" \/><\/a><\/li>\n<li>Lightweight Temporal Self-Attention for Classifying Satellite Images Time Series: <a href=\"https:\/\/zoom.us\/j\/99283106014\"><img loading=\"lazy\" decoding=\"async\" class=\"alignnone size-medium wp-image-148\" src=\"https:\/\/project.inria.fr\/aaltd20\/files\/2020\/09\/297697-277x300.png\" alt=\"\" width=\"28\" height=\"30\" srcset=\"https:\/\/project.inria.fr\/aaltd20\/files\/2020\/09\/297697-277x300.png 277w, https:\/\/project.inria.fr\/aaltd20\/files\/2020\/09\/297697-768x831.png 768w, https:\/\/project.inria.fr\/aaltd20\/files\/2020\/09\/297697.png 946w, https:\/\/project.inria.fr\/aaltd20\/files\/2020\/09\/297697-139x150.png 139w\" sizes=\"auto, (max-width: 28px) 100vw, 28px\" \/><\/a><\/li>\n<li>Creating and Characterising Electricity Load Profiles of Residential Buildings: <a href=\"https:\/\/zoom.us\/j\/96218794256\"><img loading=\"lazy\" decoding=\"async\" class=\"alignnone size-medium wp-image-148\" src=\"https:\/\/project.inria.fr\/aaltd20\/files\/2020\/09\/297697-277x300.png\" alt=\"\" width=\"28\" height=\"30\" srcset=\"https:\/\/project.inria.fr\/aaltd20\/files\/2020\/09\/297697-277x300.png 277w, https:\/\/project.inria.fr\/aaltd20\/files\/2020\/09\/297697-768x831.png 768w, https:\/\/project.inria.fr\/aaltd20\/files\/2020\/09\/297697.png 946w, https:\/\/project.inria.fr\/aaltd20\/files\/2020\/09\/297697-139x150.png 139w\" sizes=\"auto, (max-width: 28px) 100vw, 28px\" \/><\/a><\/li>\n<li>Trust Assessment on Streaming Data: a Real Time Predictive Approach: <a href=\"https:\/\/zoom.us\/j\/93319671488\"><img loading=\"lazy\" decoding=\"async\" class=\"alignnone size-medium wp-image-148\" src=\"https:\/\/project.inria.fr\/aaltd20\/files\/2020\/09\/297697-277x300.png\" alt=\"\" width=\"28\" height=\"30\" srcset=\"https:\/\/project.inria.fr\/aaltd20\/files\/2020\/09\/297697-277x300.png 277w, https:\/\/project.inria.fr\/aaltd20\/files\/2020\/09\/297697-768x831.png 768w, https:\/\/project.inria.fr\/aaltd20\/files\/2020\/09\/297697.png 946w, https:\/\/project.inria.fr\/aaltd20\/files\/2020\/09\/297697-139x150.png 139w\" sizes=\"auto, (max-width: 28px) 100vw, 28px\" \/><\/a><\/li>\n<\/ul>\n<\/li>\n<li><em>14h &#8211; 15h<\/em>: Session <strong>Time series: Classification<\/strong> <a href=\"https:\/\/zoom.us\/j\/97166395549\"><img loading=\"lazy\" decoding=\"async\" class=\"alignnone size-medium wp-image-148\" src=\"https:\/\/project.inria.fr\/aaltd20\/files\/2020\/09\/297697-277x300.png\" alt=\"\" width=\"28\" height=\"30\" srcset=\"https:\/\/project.inria.fr\/aaltd20\/files\/2020\/09\/297697-277x300.png 277w, https:\/\/project.inria.fr\/aaltd20\/files\/2020\/09\/297697-768x831.png 768w, https:\/\/project.inria.fr\/aaltd20\/files\/2020\/09\/297697.png 946w, https:\/\/project.inria.fr\/aaltd20\/files\/2020\/09\/297697-139x150.png 139w\" sizes=\"auto, (max-width: 28px) 100vw, 28px\" \/>Live session on Zoom<\/a>\n<ul>\n<li><em>On the Usage and Performance of The Hierarchical Vote Collective of Transformation-based Ensembles version 1.0 (HIVE-COTE v1.0)<\/em> by Anthony Bagnall, Michael Flynn, James Large, Jason Lines and Matthew Middlehurst<\/li>\n<li><em>Adversarial Regularization for Explainable-by-Design Time Series Classification<\/em> by Yichang Wang, R\u00e9mi Emonet, Elisa Fromont, Simon Malinowski and Romain Tavenard<\/li>\n<li><em>A Model-Agnostic Approach to Quantifying the Informativeness of Explanation Methods for Time Series Classification<\/em> by Thu Trang Nguyen, Thach Le Nguyen and Georgiana Ifrim<\/li>\n<\/ul>\n<\/li>\n<li><strong>Break<\/strong><\/li>\n<li><em>15h15 &#8211; 16h15<\/em>: Session <strong>Time series: classification and forecasting <\/strong> <a href=\"https:\/\/zoom.us\/j\/92828821164\"><img loading=\"lazy\" decoding=\"async\" class=\"alignnone size-medium wp-image-148\" src=\"https:\/\/project.inria.fr\/aaltd20\/files\/2020\/09\/297697-277x300.png\" alt=\"\" width=\"28\" height=\"30\" srcset=\"https:\/\/project.inria.fr\/aaltd20\/files\/2020\/09\/297697-277x300.png 277w, https:\/\/project.inria.fr\/aaltd20\/files\/2020\/09\/297697-768x831.png 768w, https:\/\/project.inria.fr\/aaltd20\/files\/2020\/09\/297697.png 946w, https:\/\/project.inria.fr\/aaltd20\/files\/2020\/09\/297697-139x150.png 139w\" sizes=\"auto, (max-width: 28px) 100vw, 28px\" \/>Live session on Zoom<\/a>\n<ul>\n<li><em>Evolving data as a context to improve A\/B-Tests by Emmanuelle Claeys<\/em>, Pierre Gancarski, Myriam Maumy and Hubert Wassner<\/li>\n<li><em>Demand forecasting in the presence of privileged information<\/em> by Mozhdeh Ariannezhad, Sebastian Schelter and Maarten de Rijke<\/li>\n<li><em>GANNSTER: Graph-augmented neural network spatio-temporal reasoner for traffic forecasting<\/em> by Carlos Salort Sanchez, Alexander Wieder, Paolo Sottovia, Stefano Bortoli, Jan Baumbach and Cristian Axenie<\/li>\n<\/ul>\n<\/li>\n<li><em>16h15 &#8211; 16h30<\/em>: <b>Poster session (tentative)<\/b>\u00a0<a href=\"https:\/\/ucd-ie.zoom.us\/j\/96564082625?pwd=aEVKMXVyeU9XQjRFamE4aWd3YVhRQT09\">Live session on Zoom<\/a><a href=\"https:\/\/zoom.us\/j\/93270497393\"><img loading=\"lazy\" decoding=\"async\" class=\"alignnone wp-image-148 \" src=\"https:\/\/project.inria.fr\/aaltd20\/files\/2020\/09\/297697-277x300.png\" alt=\"\" width=\"32\" height=\"35\" srcset=\"https:\/\/project.inria.fr\/aaltd20\/files\/2020\/09\/297697-277x300.png 277w, https:\/\/project.inria.fr\/aaltd20\/files\/2020\/09\/297697-768x831.png 768w, https:\/\/project.inria.fr\/aaltd20\/files\/2020\/09\/297697.png 946w, https:\/\/project.inria.fr\/aaltd20\/files\/2020\/09\/297697-139x150.png 139w\" sizes=\"auto, (max-width: 32px) 100vw, 32px\" \/><\/a><\/li>\n<\/ul>\n","protected":false},"excerpt":{"rendered":"<p>Program of the workshop The workshop will held on September 18, 2020. It will be organized fully virtually within the ECML conference system. The main sessions of the workshop will be organized using Zoom platform. The virtual poster session is still under construction (Zoom or Discord). All the connection information\u2026<\/p>\n<p> <a class=\"continue-reading-link\" href=\"https:\/\/project.inria.fr\/aaltd20\/program\/\"><span>Continue reading<\/span><i class=\"crycon-right-dir\"><\/i><\/a> <\/p>\n","protected":false},"author":733,"featured_media":0,"parent":0,"menu_order":0,"comment_status":"closed","ping_status":"closed","template":"","meta":{"footnotes":""},"class_list":["post-117","page","type-page","status-publish","hentry"],"_links":{"self":[{"href":"https:\/\/project.inria.fr\/aaltd20\/wp-json\/wp\/v2\/pages\/117","targetHints":{"allow":["GET"]}}],"collection":[{"href":"https:\/\/project.inria.fr\/aaltd20\/wp-json\/wp\/v2\/pages"}],"about":[{"href":"https:\/\/project.inria.fr\/aaltd20\/wp-json\/wp\/v2\/types\/page"}],"author":[{"embeddable":true,"href":"https:\/\/project.inria.fr\/aaltd20\/wp-json\/wp\/v2\/users\/733"}],"replies":[{"embeddable":true,"href":"https:\/\/project.inria.fr\/aaltd20\/wp-json\/wp\/v2\/comments?post=117"}],"version-history":[{"count":16,"href":"https:\/\/project.inria.fr\/aaltd20\/wp-json\/wp\/v2\/pages\/117\/revisions"}],"predecessor-version":[{"id":159,"href":"https:\/\/project.inria.fr\/aaltd20\/wp-json\/wp\/v2\/pages\/117\/revisions\/159"}],"wp:attachment":[{"href":"https:\/\/project.inria.fr\/aaltd20\/wp-json\/wp\/v2\/media?parent=117"}],"curies":[{"name":"wp","href":"https:\/\/api.w.org\/{rel}","templated":true}]}}