

{"id":77,"date":"2021-04-22T10:12:18","date_gmt":"2021-04-22T08:12:18","guid":{"rendered":"https:\/\/project.inria.fr\/aaltd21\/?page_id=77"},"modified":"2021-09-13T08:33:22","modified_gmt":"2021-09-13T06:33:22","slug":"program","status":"publish","type":"page","link":"https:\/\/project.inria.fr\/aaltd21\/program\/","title":{"rendered":"Program of the workshop"},"content":{"rendered":"<p>The workshop will be held on Monday, September 13, 2021. It will be organized fully virtually within the ECML conference system and using Zoom.<\/p>\n<p>The main sessions of the workshop will be organized using the Zoom platform. <strong>Please take care of the Zoom version: we recommend to update it to be sure to be able to navigate through the different rooms during the poster session.<\/strong><\/p>\n<p>All the connection information will be available on the ECML <a href=\"https:\/\/whova.com\/portal\/webapp\/eecml1_202109\">Whova program manager<\/a> (please, note that attending <b>this workshop is not free of charge<\/b>. A registration to ECML conference is required). Access to the AALTD Whova page, go <a href=\"https:\/\/whova.com\/portal\/webapp\/eecml1_202109\/Agenda\/1885530\">there<\/a>.<\/p>\n<p>All papers can be downloaded on the <a href=\"https:\/\/project.inria.fr\/aaltd21\/accepted-papers\/\">accepted papers page<\/a>.<\/p>\n<p>(local time at Bilbao, Spain: CEST = UTC+2)<\/p>\n<ul>\n<li><i>9h30 \u2013 9h45<\/i>: <b>Workshop introduction by organizers<\/b> <a href=\"https:\/\/ucd-ie.zoom.us\/j\/64464089604?pwd=bUhPMWZ2amEzYzhabkhTMkh4Z21qUT09\">Live session on Zoom<\/a><\/li>\n<li><i>9h45 \u2013 10h45<\/i>: Session <b>Time Series: Classification and Forecasting<\/b>\n<ul>\n<li>Alessio Benavoli and Giorgio Corani. State Space approximation of Gaussian Processes for time-series forecasting<\/li>\n<li>Bhaskar Dhariyal, Thach Le Nguyen and Georgiana Ifrim. Fast Channel Selection for Scalable Multivariate Time Series Classification<\/li>\n<li>Surabhi Agarwal, Trang Thu Nguyen, Thach Le Nguyen and Georgiana Ifrim. Ranking by Aggregating Referees: Evaluating the Informativeness of Explanation Methods for Time Series Classification<\/li>\n<\/ul>\n<\/li>\n<li><b>Break<\/b><\/li>\n<li><i>11h \u2013 12h20<\/i>: Session <b>Time Series: Applications<\/b>\n<ul>\n<li>Mathieu Chambard, Thomas Guyet, Y\u00ean-Lan Nguyen and Etienne Audureau Temporal phenotyping for characterization of hospital care pathways of COVID patients<\/li>\n<li>Etienne Goffinet, Mustapha Lebbah, Hanane Azzag, Lo\u00efc Giraldi and Anthony Coutant. A New Multivariate Time Series Co-clustering Non-Parametric Model Applied to Driving-Assistance Systems Validation<\/li>\n<li>Cristian Axenie, Daniele Foroni, Alexander Wieder, Mohamad Al Hajj Hassan, Paolo Sottovia, Margherita Grossi, Rongye Shi, Stefano Bortoli and G\u00f6tz Brasche. TRAMESINO: Trainable Memory System for Intelligent Optimization of Road Traffic Control<\/li>\n<li>Laurens Stoop, Erik Duijm, Ad Feelders and Machteld van den Broek. Detection of critical events in renewable energy production time series<\/li>\n<\/ul>\n<\/li>\n<li><b>Lunch break<\/b><\/li>\n<li><i>14h30 \u2013 15h<\/i> : Spotlight presentations of the posters (5 minutes per poster, the list of posters is <a href=\"https:\/\/project.inria.fr\/aaltd21\/accepted-papers\/\">here<\/a>)<\/li>\n<li><i>15h \u2013 16h<\/i>: Virtual poster session. <!--Discussion around the posters: we will organize one Zoom breakout room per poster where interested people can join and discuss with the authors. Direct access to the posters will be given through the main Zoom link.-->\n<ul>\n<li>\u00a0Sebastian Pineda Arango, Felix Heinrich, Kiran Madhusudhanan and Lars Schmidt-Thieme. Multimodal Meta-Learning for Time Series Regression<\/li>\n<li>Tom van de Looij and Mozhdeh Ariannezhad. Cluster-based Forecasting for Intermittent and Non-intermittent Time Series<\/li>\n<li>Olli-Pekka Rinta-Koski, Miki Sirola, Le Ngu Nguyen and Jaakko Hollm\u00e9n. State discovery and prediction from multivariate sensor data<\/li>\n<li>Abdul Hameed Azeemi, Muhammad Hamza Sohail, Talha Zubair, Muaz Maqbool, Irfan Younas and Omair Shafiq. RevDet: Robust and Memory Efficient Event Detection and Tracking in Large News Feeds<\/li>\n<li>Julien Audibert, S\u00e9bastien Marti, Fr\u00e9d\u00e9ric Guyard and Maria A. Zuluaga. From Univariate to Multivariate Time Series Anomaly Detection with Non-Local Information<\/li>\n<\/ul>\n<\/li>\n<li><b>Break<\/b><\/li>\n<li><i>17h30 \u2013 18h15<\/i>: <b>Invited talk Dr Rose Yu<\/b> Deep Generative Models for Missing Data in Temporal Sequences (<a href=\"https:\/\/project.inria.fr\/aaltd21\/invited-speakers\/\">abstract<\/a>)<\/li>\n<li><i>18h30<\/i> <b>Workshop Closing<\/b><\/li>\n<\/ul>\n","protected":false},"excerpt":{"rendered":"<p>The workshop will be held on Monday, September 13, 2021. It will be organized fully virtually within the ECML conference system and using Zoom. The main sessions of the workshop will be organized using the Zoom platform. Please take care of the Zoom version: we recommend to update it to\u2026<\/p>\n<p> <a class=\"continue-reading-link\" href=\"https:\/\/project.inria.fr\/aaltd21\/program\/\"><span>Continue reading<\/span><i class=\"crycon-right-dir\"><\/i><\/a> <\/p>\n","protected":false},"author":733,"featured_media":0,"parent":0,"menu_order":0,"comment_status":"closed","ping_status":"closed","template":"","meta":{"footnotes":""},"class_list":["post-77","page","type-page","status-publish","hentry"],"_links":{"self":[{"href":"https:\/\/project.inria.fr\/aaltd21\/wp-json\/wp\/v2\/pages\/77","targetHints":{"allow":["GET"]}}],"collection":[{"href":"https:\/\/project.inria.fr\/aaltd21\/wp-json\/wp\/v2\/pages"}],"about":[{"href":"https:\/\/project.inria.fr\/aaltd21\/wp-json\/wp\/v2\/types\/page"}],"author":[{"embeddable":true,"href":"https:\/\/project.inria.fr\/aaltd21\/wp-json\/wp\/v2\/users\/733"}],"replies":[{"embeddable":true,"href":"https:\/\/project.inria.fr\/aaltd21\/wp-json\/wp\/v2\/comments?post=77"}],"version-history":[{"count":12,"href":"https:\/\/project.inria.fr\/aaltd21\/wp-json\/wp\/v2\/pages\/77\/revisions"}],"predecessor-version":[{"id":146,"href":"https:\/\/project.inria.fr\/aaltd21\/wp-json\/wp\/v2\/pages\/77\/revisions\/146"}],"wp:attachment":[{"href":"https:\/\/project.inria.fr\/aaltd21\/wp-json\/wp\/v2\/media?parent=77"}],"curies":[{"name":"wp","href":"https:\/\/api.w.org\/{rel}","templated":true}]}}