

{"id":106,"date":"2022-07-15T10:31:31","date_gmt":"2022-07-15T08:31:31","guid":{"rendered":"https:\/\/project.inria.fr\/aaltd22\/?page_id=106"},"modified":"2022-07-15T13:28:05","modified_gmt":"2022-07-15T11:28:05","slug":"program-committee","status":"publish","type":"page","link":"https:\/\/project.inria.fr\/aaltd22\/program-committee\/","title":{"rendered":"Program committee"},"content":{"rendered":"<p>The AALTD chairs thanks the program committee members who contribute to the quality of the workshop.<\/p>\n<ul>\n<li>Timilehin Aderinola, University College Dublin<\/li>\n<li>Mustafa Baydo\u011fan, Department of Industrial Engineering, Bo\u011fazi\u00e7i University<\/li>\n<li>Antonio Bevilacqua, University College Dublin<\/li>\n<li>Alexis Bondu, Orange Labs<\/li>\n<li>Padraig Cunningham, University College Dublin<\/li>\n<li>Bhaskar Dhariyal, University College Dublin<\/li>\n<li>Johann Gamper, Free University of Bozen-Bolzano<\/li>\n<li>Dominique Gay, Universit\u00e9 de La R\u00e9union<\/li>\n<li>David Guijo-Rubio, Universidad de C\u00f3rdoba<\/li>\n<li>Paul Honeine, LITIS lab, Universit\u00e9 de Rouen, France<\/li>\n<li>Thach Le Nguyen, University College Dublin<\/li>\n<li>Brian Mac Namee, University College Dublin<\/li>\n<li>Matthew Middlehurst, University of East Anglia<\/li>\n<li>Thu Trang Nguyen, University College Dublin<\/li>\n<li>Charlotte Pelletier, Univ. Bretagne Sud\/IRISA<\/li>\n<li>Pavel Senin, Los Alamos National Laboratory<\/li>\n<li>Diego Silva, Universidade Federal de S\u00e3o Carlos<\/li>\n<li>Ashish Singh, University College Dublin<\/li>\n<li>Chang Wei Tan, Monash University<\/li>\n<\/ul>\n","protected":false},"excerpt":{"rendered":"<p>The AALTD chairs thanks the program committee members who contribute to the quality of the workshop. Timilehin Aderinola, University College Dublin Mustafa Baydo\u011fan, Department of Industrial Engineering, Bo\u011fazi\u00e7i University Antonio Bevilacqua, University College Dublin Alexis Bondu, Orange Labs Padraig Cunningham, University College Dublin Bhaskar Dhariyal, University College Dublin Johann Gamper,\u2026<\/p>\n<p> <a class=\"continue-reading-link\" href=\"https:\/\/project.inria.fr\/aaltd22\/program-committee\/\"><span>Continue reading<\/span><i class=\"crycon-right-dir\"><\/i><\/a> <\/p>\n","protected":false},"author":733,"featured_media":0,"parent":0,"menu_order":0,"comment_status":"closed","ping_status":"closed","template":"","meta":{"footnotes":""},"class_list":["post-106","page","type-page","status-publish","hentry"],"_links":{"self":[{"href":"https:\/\/project.inria.fr\/aaltd22\/wp-json\/wp\/v2\/pages\/106","targetHints":{"allow":["GET"]}}],"collection":[{"href":"https:\/\/project.inria.fr\/aaltd22\/wp-json\/wp\/v2\/pages"}],"about":[{"href":"https:\/\/project.inria.fr\/aaltd22\/wp-json\/wp\/v2\/types\/page"}],"author":[{"embeddable":true,"href":"https:\/\/project.inria.fr\/aaltd22\/wp-json\/wp\/v2\/users\/733"}],"replies":[{"embeddable":true,"href":"https:\/\/project.inria.fr\/aaltd22\/wp-json\/wp\/v2\/comments?post=106"}],"version-history":[{"count":2,"href":"https:\/\/project.inria.fr\/aaltd22\/wp-json\/wp\/v2\/pages\/106\/revisions"}],"predecessor-version":[{"id":111,"href":"https:\/\/project.inria.fr\/aaltd22\/wp-json\/wp\/v2\/pages\/106\/revisions\/111"}],"wp:attachment":[{"href":"https:\/\/project.inria.fr\/aaltd22\/wp-json\/wp\/v2\/media?parent=106"}],"curies":[{"name":"wp","href":"https:\/\/api.w.org\/{rel}","templated":true}]}}