

{"id":78,"date":"2016-02-04T16:26:59","date_gmt":"2016-02-04T15:26:59","guid":{"rendered":"http:\/\/project.inria.fr\/acqua\/?page_id=78"},"modified":"2024-02-19T12:09:36","modified_gmt":"2024-02-19T11:09:36","slug":"talks","status":"publish","type":"page","link":"https:\/\/project.inria.fr\/acqua\/talks\/","title":{"rendered":"Talks"},"content":{"rendered":"<ul>\n<li>Bridging the gap between network measurements and quality of experience: the video streaming case, Workshop on Systems, Inria Rennes, October 2021 (<a href=\"http:\/\/www-sop.inria.fr\/members\/Chadi.Barakat\/WOS2021ChadiBarakat.pdf\">slides<\/a>, <a href=\"https:\/\/videos-rennes.inria.fr\/video\/tNcnsg-Fn\">video<\/a>).<\/li>\n<li>Othmane Belmoukadam, &#8220;ACQUA: A user friendly platform for lightweight network monitoring and QoE forecasting&#8221;, 3rd International Workshop on QoE Management, Paris, February 2019. (<a href=\"http:\/\/www-sop.inria.fr\/members\/Chadi.Barakat\/QoEManagementWorkshop2019Slides.pdf\">Slides<\/a>)<\/li>\n<li>Muhammad Jawad Khokhar, \u201cOn active sampling of controlled experiments for QoE modeling\u201c, ACM SIGCOMM Workshop on QoE-based Analysis and Management of Data Communication Networks (Internet-QoE), Los Angeles, August 2017. (<a href=\"http:\/\/www-sop.inria.fr\/members\/Chadi.Barakat\/InternetQoE2017Slides.pdf\">Slides<\/a>)<\/li>\n<li>Thierry Spetebroot, &#8220;From network-level measurements to expected Quality of Experience: the Skype use case&#8221;, IEEE International Workshop on Measurement and Networking (M&amp;N), Coimbra, Portugal, October 2015. (<a href=\"http:\/\/www-sop.inria.fr\/members\/Chadi.Barakat\/M&amp;N2015Slides.pdf\">Slides<\/a>)<\/li>\n<li>Chadi Barakat, &#8220;ACQUA : Application-level Quality of Experience at Internet Access&#8221;. Journ\u00e9e du Conseil Scientifique de l&#8217;Afnic, Paris, July 2015. (<a href=\"https:\/\/www.youtube.com\/watch?v=0VzwUIQC3SU\">Video<\/a>, <a href=\"https:\/\/www.afnic.fr\/medias\/documents\/JCSA\/2015\/1-3-Barakat-JCSA-2015-ACQUA.pdf\" target=\"_blank\" rel=\"noopener\">Slides<\/a>)<\/li>\n<li>Chadi Barakat, &#8220;Qualit\u00e9 d\u2019Exp\u00e9rience Utilisateur de l\u2019acc\u00e8s Internet: Mod\u00e9lisation et pr\u00e9diction&#8221;, Journ\u00e9e Inria Industrie T\u00e9l\u00e9coms du futur, November 2014. (<a href=\"http:\/\/www.inria.fr\/medias\/rocquencourt\/innovation-images\/autres\/rii-telecoms-du-futur-presentations\/presentation-chadi-barakat\">Slides<\/a>)<\/li>\n<li>Chadi Barakat, &#8220;From network-level measurements to Quality of Experience: Estimating the quality of Internet access with ACQUA&#8221;, Journ\u00e9e M\u00e9troscope Observatoire de l&#8217;Internet, Octobre 2014. (<a href=\"http:\/\/www-sop.inria.fr\/members\/Chadi.Barakat\/MetroscopeOct2014.pdf\">Slides<\/a>)<\/li>\n<\/ul>\n","protected":false},"excerpt":{"rendered":"<p>Bridging the gap between network measurements and quality of experience: the video streaming case, Workshop on Systems, Inria Rennes, October 2021 (slides, video). Othmane Belmoukadam, &#8220;ACQUA: A user friendly platform for lightweight network monitoring and QoE forecasting&#8221;, 3rd International Workshop on QoE Management, Paris, February 2019. (Slides) Muhammad Jawad Khokhar,\u2026<\/p>\n<p> <a class=\"continue-reading-link\" href=\"https:\/\/project.inria.fr\/acqua\/talks\/\"><span>Continue reading<\/span><i class=\"crycon-right-dir\"><\/i><\/a> <\/p>\n","protected":false},"author":928,"featured_media":0,"parent":0,"menu_order":0,"comment_status":"closed","ping_status":"closed","template":"","meta":{"footnotes":""},"class_list":["post-78","page","type-page","status-publish","hentry"],"_links":{"self":[{"href":"https:\/\/project.inria.fr\/acqua\/wp-json\/wp\/v2\/pages\/78","targetHints":{"allow":["GET"]}}],"collection":[{"href":"https:\/\/project.inria.fr\/acqua\/wp-json\/wp\/v2\/pages"}],"about":[{"href":"https:\/\/project.inria.fr\/acqua\/wp-json\/wp\/v2\/types\/page"}],"author":[{"embeddable":true,"href":"https:\/\/project.inria.fr\/acqua\/wp-json\/wp\/v2\/users\/928"}],"replies":[{"embeddable":true,"href":"https:\/\/project.inria.fr\/acqua\/wp-json\/wp\/v2\/comments?post=78"}],"version-history":[{"count":5,"href":"https:\/\/project.inria.fr\/acqua\/wp-json\/wp\/v2\/pages\/78\/revisions"}],"predecessor-version":[{"id":338,"href":"https:\/\/project.inria.fr\/acqua\/wp-json\/wp\/v2\/pages\/78\/revisions\/338"}],"wp:attachment":[{"href":"https:\/\/project.inria.fr\/acqua\/wp-json\/wp\/v2\/media?parent=78"}],"curies":[{"name":"wp","href":"https:\/\/api.w.org\/{rel}","templated":true}]}}