

{"id":327,"date":"2018-07-11T14:12:59","date_gmt":"2018-07-11T12:12:59","guid":{"rendered":"https:\/\/project.inria.fr\/actif\/?page_id=327"},"modified":"2021-09-29T13:53:09","modified_gmt":"2021-09-29T11:53:09","slug":"prototypes-et-logiciels","status":"publish","type":"page","link":"https:\/\/project.inria.fr\/actif\/fr\/prototypes-et-logiciels\/","title":{"rendered":"Prototypes et logiciels"},"content":{"rendered":"<p><strong>Production de sch\u00e9mas et interpr\u00e9tation en temps r\u00e9el<\/strong><\/p>\n<p><a href=\"https:\/\/project.inria.fr\/actif\/files\/2020\/02\/scene1.jpg\"><img loading=\"lazy\" decoding=\"async\" class=\"alignnone wp-image-548 \" src=\"https:\/\/project.inria.fr\/actif\/files\/2020\/02\/scene1-1024x768.jpg\" alt=\"\" width=\"505\" height=\"411\" \/><\/a><\/p>\n<p>Conception d&rsquo;un \u00e9diteur de g\u00e9om\u00e9trie sur tablette : l&rsquo;application <a href=\"https:\/\/www-intuidoc.irisa.fr\/projet-efran-actif\/\">IntuiG\u00e9o<\/a>\u00a0(\u00e9quipe IntuiDoc, IRISA)<\/p>\n<p>&nbsp;<\/p>\n<p><strong>R\u00e9seau autonome et feedback collectif<\/strong><\/p>\n<p><a href=\"https:\/\/project.inria.fr\/actif\/files\/2020\/02\/Capture-2.png\"><img loading=\"lazy\" decoding=\"async\" class=\"alignnone wp-image-550 size-full\" src=\"https:\/\/project.inria.fr\/actif\/files\/2020\/02\/Capture-2.png\" alt=\"\" width=\"547\" height=\"412\" srcset=\"https:\/\/project.inria.fr\/actif\/files\/2020\/02\/Capture-2.png 547w, https:\/\/project.inria.fr\/actif\/files\/2020\/02\/Capture-2-300x226.png 300w, https:\/\/project.inria.fr\/actif\/files\/2020\/02\/Capture-2-150x113.png 150w\" sizes=\"auto, (max-width: 547px) 100vw, 547px\" \/><\/a><\/p>\n<p>Conception et adaptation d&rsquo;un cahier num\u00e9rique du coll\u00e9gien : l&rsquo;application <a href=\"http:\/\/kassis-apps.com\/\">Kassis<\/a> Coll\u00e8ge (soci\u00e9t\u00e9 Learn&amp;Go)<\/p>\n<p>&nbsp;<\/p>\n<p><strong>Travail coop\u00e9ratif et feedback d\u2019\u00e9quipe \u00e0 partir d&rsquo;une webradio<\/strong><\/p>\n<p><a href=\"https:\/\/project.inria.fr\/actif\/files\/2020\/02\/Capture-3.png\"><img loading=\"lazy\" decoding=\"async\" class=\"alignnone wp-image-552 \" src=\"https:\/\/project.inria.fr\/actif\/files\/2020\/02\/Capture-3-1024x466.png\" alt=\"\" width=\"602\" height=\"272\" srcset=\"https:\/\/project.inria.fr\/actif\/files\/2020\/02\/Capture-3-300x136.png 300w, https:\/\/project.inria.fr\/actif\/files\/2020\/02\/Capture-3-150x68.png 150w\" sizes=\"auto, (max-width: 602px) 100vw, 602px\" \/><\/a><\/p>\n<p>Optimisation d&rsquo;une <a href=\"https:\/\/radioeducation.org\/map\/\">plateforme Wikiradio\u00ae<\/a>\u00a0pour l&rsquo;\u00e9ducation, adapt\u00e9e aux besoins du projet ACTIF (soci\u00e9t\u00e9 Saooti) et cr\u00e9ation d&rsquo;un <a href=\"https:\/\/projects.invisionapp.com\/share\/M9NVTUCTS8V#\/screens\">guide en ligne<\/a> \u00e0 destination des enseignants pour l&rsquo;aide \u00e0 la r\u00e9alisation de contenus radiophoniques avec leurs \u00e9l\u00e8ves.<\/p>","protected":false},"excerpt":{"rendered":"<p>Production de sch\u00e9mas et interpr\u00e9tation en temps r\u00e9el Conception d&rsquo;un \u00e9diteur de g\u00e9om\u00e9trie sur tablette : l&rsquo;application IntuiG\u00e9o\u00a0(\u00e9quipe IntuiDoc, IRISA) &nbsp; R\u00e9seau autonome et feedback collectif Conception et adaptation d&rsquo;un cahier num\u00e9rique du coll\u00e9gien : l&rsquo;application Kassis Coll\u00e8ge (soci\u00e9t\u00e9 Learn&amp;Go) &nbsp; Travail coop\u00e9ratif et feedback d\u2019\u00e9quipe \u00e0 partir d&rsquo;une webradio\u2026<\/p>\n<p> <a class=\"continue-reading-link\" href=\"https:\/\/project.inria.fr\/actif\/fr\/prototypes-et-logiciels\/\"><span>Continue reading<\/span><i class=\"crycon-right-dir\"><\/i><\/a> <\/p>\n","protected":false},"author":1392,"featured_media":0,"parent":0,"menu_order":0,"comment_status":"closed","ping_status":"closed","template":"","meta":{"footnotes":""},"class_list":["post-327","page","type-page","status-publish","hentry"],"_links":{"self":[{"href":"https:\/\/project.inria.fr\/actif\/fr\/wp-json\/wp\/v2\/pages\/327","targetHints":{"allow":["GET"]}}],"collection":[{"href":"https:\/\/project.inria.fr\/actif\/fr\/wp-json\/wp\/v2\/pages"}],"about":[{"href":"https:\/\/project.inria.fr\/actif\/fr\/wp-json\/wp\/v2\/types\/page"}],"author":[{"embeddable":true,"href":"https:\/\/project.inria.fr\/actif\/fr\/wp-json\/wp\/v2\/users\/1392"}],"replies":[{"embeddable":true,"href":"https:\/\/project.inria.fr\/actif\/fr\/wp-json\/wp\/v2\/comments?post=327"}],"version-history":[{"count":10,"href":"https:\/\/project.inria.fr\/actif\/fr\/wp-json\/wp\/v2\/pages\/327\/revisions"}],"predecessor-version":[{"id":627,"href":"https:\/\/project.inria.fr\/actif\/fr\/wp-json\/wp\/v2\/pages\/327\/revisions\/627"}],"wp:attachment":[{"href":"https:\/\/project.inria.fr\/actif\/fr\/wp-json\/wp\/v2\/media?parent=327"}],"curies":[{"name":"wp","href":"https:\/\/api.w.org\/{rel}","templated":true}]}}