

{"id":342,"date":"2018-07-11T14:38:30","date_gmt":"2018-07-11T12:38:30","guid":{"rendered":"https:\/\/project.inria.fr\/actif\/?page_id=342"},"modified":"2020-02-12T10:40:51","modified_gmt":"2020-02-12T09:40:51","slug":"chercheurs-impliques","status":"publish","type":"page","link":"https:\/\/project.inria.fr\/actif\/fr\/chercheurs-impliques\/","title":{"rendered":"Chercheurs impliqu\u00e9s"},"content":{"rendered":"<p><\/p>\n<h2>INSA-INRIA<\/h2>\n<hr \/>\n<p><strong>Eric Anquetil<\/strong><br \/>\nProfesseur en Informatique de l\u2019INSA Rennes. Responsable de l\u2019\u00e9quipe <a href=\"http:\/\/www.irisa.fr\/intuidoc\">IntuiDoc<\/a><br \/>\ndu laboratoire de l\u2019IRISA (UMR CNRS 6074). Responsable scientifique du projet \u00ab IntuiScript \u00bb<br \/>\n<a href=\"http:\/\/people.irisa.fr\/Eric.Anquetil\/\">En savoir plus&#8230;<\/a><\/p>\n<p><strong>Nathalie Girard<\/strong><br \/>\nMa\u00eetre de conf\u00e9rences \u00e0 l&rsquo;ISTIC Rennes,\u00a0membre de l\u2019\u00e9quipe <a href=\"http:\/\/www.irisa.fr\/intuidoc\">IntuiDoc<\/a>\u00a0du laboratoire de l\u2019IRISA (UMR CNRS 6074)<br \/>\n<a href=\"https:\/\/www.researchgate.net\/profile\/Nathalie_Girard2\">En savoir plus&#8230;<\/a><\/p>\n<p><strong>Yann Ricquebourg<\/strong><br \/>\nMa\u00eetre de conf\u00e9rences en Informatique \u00e0 l\u2019INSA Rennes, membre de l\u2019\u00e9quipe <a href=\"http:\/\/www.irisa.fr\/intuidoc\">IntuiDoc<\/a>\u00a0du laboratoire de l\u2019IRISA (UMR CNRS 6074). Responsable \u00ab TICE et innovation p\u00e9dagogique \u00bb pour l\u2019INSA de Rennes<\/p>\n<h1><\/h1>\n<h2>LP3C<\/h2>\n<hr \/>\n<p><strong>Eric Jamet<\/strong><br \/>\nProfesseur de psychologie cognitive et ergonomique, membre du Laboratoire de Psychologie :<br \/>\nCognition,\u00a0Comportement &amp; Communication (LP3C) EA 1285, Universit\u00e9 Rennes 2<br \/>\n<a href=\"http:\/\/perso.univ-rennes2.fr\/eric.jamet\">En savoir plus&#8230;<\/a><\/p>\n<p><strong>Nicolas Michinov<\/strong><br \/>\nProfesseur de psychologie sociale, membre du Laboratoire de Psychologie :<br \/>\nCognition,\u00a0Comportement &amp; Communication (LP3C)\u00a0EA 1285, Universit\u00e9 Rennes 2<br \/>\n<a href=\"http:\/\/nicolasmichinov.blogspot.fr\">En savoir plus&#8230;<\/a><\/p>\n<p><strong>Estelle Michinov<\/strong><br \/>\nProfesseure des Universit\u00e9s en psychologie sociale appliqu\u00e9e, membre du Laboratoire de Psychologie :<br \/>\nCognition,\u00a0Comportement &amp; Communication (LP3C)\u00a0EA 1285, Universit\u00e9 Rennes 2<br \/>\n<a href=\"https:\/\/www.researchgate.net\/profile\/Estelle_Michinov\">En savoir plus&#8230;<\/a><\/p>\n<p><strong>Sophie Brunot<br \/>\n<\/strong>Ma\u00eetre de conf\u00e9rences en psychologie sociale, membre du\u00a0Laboratoire de Psychologie :<br \/>\nCognition,\u00a0Comportement &amp; Communication (LP3C)\u00a0EA 1285, Universit\u00e9 Rennes 2<br \/>\n<a href=\"https:\/\/www.researchgate.net\/profile\/Sophie_Brunot\">En savoir plus&#8230;<\/a><\/p>\n<p><strong>S\u00e9verine Erhel<\/strong><br \/>\nMa\u00eetre de conf\u00e9rences en Psychologie Cognitive et Ergonomie, membre du\u00a0Laboratoire de Psychologie :<br \/>\nCognition,\u00a0Comportement &amp; Communication (LP3C)\u00a0EA 1285, Universit\u00e9 Rennes 2<br \/>\n<a href=\"https:\/\/www.researchgate.net\/profile\/Severine_Erhel\">En savoir plus&#8230;<\/a><\/p>\n<p><strong>Corentin Gonthier<\/strong><br \/>\nMa\u00eetre de conf\u00e9rences en Psychologie, membre du\u00a0Laboratoire de Psychologie :<br \/>\nCognition,\u00a0Comportement &amp; Communication (LP3C)\u00a0EA 1285, Universit\u00e9 Rennes 2<br \/>\n<a href=\"https:\/\/www.researchgate.net\/profile\/Corentin_Gonthier\">En savoir plus&#8230;<\/a><\/p>\n<p><strong>Nathalie Bonneton-Bott\u00e9<br \/>\n<\/strong>Ma\u00eetre de Conf\u00e9rences en psychologie. Coordinatrice recherche INSPE \u2013 LP3C, Responsable du Master<br \/>\n\u00ab Handicap, difficult\u00e9 et grande difficult\u00e9 scolaire \u00bb \u00e0 l\u2019INSPE de Bretagne, responsable d\u2019un groupe de<br \/>\nrecherche \u00e0 l\u2019INSPE de Bretagne sur l\u2019apprentissage du geste d\u2019\u00e9criture<\/p>\n<p>&nbsp;<\/p>\n<p>&nbsp;<\/p>","protected":false},"excerpt":{"rendered":"<p>INSA-INRIA Eric Anquetil Professeur en Informatique de l\u2019INSA Rennes. Responsable de l\u2019\u00e9quipe IntuiDoc du laboratoire de l\u2019IRISA (UMR CNRS 6074). Responsable scientifique du projet \u00ab IntuiScript \u00bb En savoir plus&#8230; Nathalie Girard Ma\u00eetre de conf\u00e9rences \u00e0 l&rsquo;ISTIC Rennes,\u00a0membre de l\u2019\u00e9quipe IntuiDoc\u00a0du laboratoire de l\u2019IRISA (UMR CNRS 6074) En savoir plus&#8230;\u2026<\/p>\n<p> <a class=\"continue-reading-link\" href=\"https:\/\/project.inria.fr\/actif\/fr\/chercheurs-impliques\/\"><span>Continue reading<\/span><i class=\"crycon-right-dir\"><\/i><\/a> <\/p>\n","protected":false},"author":1392,"featured_media":0,"parent":0,"menu_order":0,"comment_status":"closed","ping_status":"closed","template":"","meta":{"footnotes":""},"class_list":["post-342","page","type-page","status-publish","hentry"],"_links":{"self":[{"href":"https:\/\/project.inria.fr\/actif\/fr\/wp-json\/wp\/v2\/pages\/342","targetHints":{"allow":["GET"]}}],"collection":[{"href":"https:\/\/project.inria.fr\/actif\/fr\/wp-json\/wp\/v2\/pages"}],"about":[{"href":"https:\/\/project.inria.fr\/actif\/fr\/wp-json\/wp\/v2\/types\/page"}],"author":[{"embeddable":true,"href":"https:\/\/project.inria.fr\/actif\/fr\/wp-json\/wp\/v2\/users\/1392"}],"replies":[{"embeddable":true,"href":"https:\/\/project.inria.fr\/actif\/fr\/wp-json\/wp\/v2\/comments?post=342"}],"version-history":[{"count":12,"href":"https:\/\/project.inria.fr\/actif\/fr\/wp-json\/wp\/v2\/pages\/342\/revisions"}],"predecessor-version":[{"id":542,"href":"https:\/\/project.inria.fr\/actif\/fr\/wp-json\/wp\/v2\/pages\/342\/revisions\/542"}],"wp:attachment":[{"href":"https:\/\/project.inria.fr\/actif\/fr\/wp-json\/wp\/v2\/media?parent=342"}],"curies":[{"name":"wp","href":"https:\/\/api.w.org\/{rel}","templated":true}]}}