

{"id":4,"date":"2011-12-08T11:55:34","date_gmt":"2011-12-08T11:55:34","guid":{"rendered":"http:\/\/project.inria.fr\/template1\/?page_id=4"},"modified":"2021-09-29T14:47:10","modified_gmt":"2021-09-29T12:47:10","slug":"home","status":"publish","type":"page","link":"https:\/\/project.inria.fr\/actif\/fr\/","title":{"rendered":"Accueil"},"content":{"rendered":"<p><\/p>\n<h2><a href=\"https:\/\/project.inria.fr\/actif\/files\/2011\/12\/icons8-tablette-wacom-filled-50.png\"><img loading=\"lazy\" decoding=\"async\" class=\"alignnone size-full wp-image-217\" src=\"https:\/\/project.inria.fr\/actif\/files\/2011\/12\/icons8-tablette-wacom-filled-50.png\" alt=\"\" width=\"50\" height=\"50\" \/><\/a>\u00a0ACTIF<\/h2>\n<p><strong>A<\/strong>pprentissage et<strong> C<\/strong>ollaboration sur <strong>T<\/strong>ablettes, <strong>I<\/strong>nteractions et <strong>F<\/strong>eedback<\/p>\n<h2><a href=\"https:\/\/project.inria.fr\/actif\/files\/2011\/12\/icons8-objectif-filled-50.png\"><img loading=\"lazy\" decoding=\"async\" class=\"alignnone size-full wp-image-216\" src=\"https:\/\/project.inria.fr\/actif\/files\/2011\/12\/icons8-objectif-filled-50.png\" alt=\"\" width=\"50\" height=\"50\" \/><\/a>\u00a0OBJECTIFS<\/h2>\n<p>Le projet ACTIF vise \u00e0 exp\u00e9rimenter chez les coll\u00e9giens des outils num\u00e9riques et des m\u00e9thodes p\u00e9dagogiques qui facilitent l\u2019apprentissage \u00ab actif \u00bb et \u00ab collaboratif \u00bb \u00e0 partir de tablettes en donnant un r\u00f4le d\u00e9terminant aux feedback donn\u00e9s aux \u00e9l\u00e8ves. Il repose sur quatre principes issus de la litt\u00e9rature scientifique permettant de rendre l\u2019apprentissage plus efficace et qui seront revisit\u00e9s avec le num\u00e9rique :<\/p>\n<ul>\n<li>encourager les interactions entre les \u00e9l\u00e8ves et l\u2019enseignant<\/li>\n<li>encourager les discussions et la coop\u00e9ration entre les \u00e9l\u00e8ves<\/li>\n<li>utiliser des m\u00e9thodes qui rendent les \u00e9l\u00e8ves actifs<\/li>\n<li>donner des feedback rapidement et r\u00e9guli\u00e8rement<\/li>\n<\/ul>\n<h2><a href=\"https:\/\/project.inria.fr\/actif\/files\/2011\/12\/icons8-dossier-filled-50.png\"><img loading=\"lazy\" decoding=\"async\" class=\"alignnone size-full wp-image-218\" src=\"https:\/\/project.inria.fr\/actif\/files\/2011\/12\/icons8-dossier-filled-50.png\" alt=\"\" width=\"50\" height=\"50\" \/><\/a>\u00a0EN BREF<\/h2>\n<p>Le projet est organis\u00e9 en trois volets scientifiques. Le premier consiste \u00e0 amener l\u2019\u00e9l\u00e8ve \u00e0 r\u00e9aliser une activit\u00e9 p\u00e9dagogique sur tablette, individuellement ou en bin\u00f4me, en recevant un guidage et un feedback en temps r\u00e9el sur son activit\u00e9. Le second se centre sur l\u2019utilisation des tablettes pour stimuler les interactions entre \u00e9l\u00e8ves et avec l\u2019enseignant \u00e0 partir d\u2019un feedback visualisable par la classe enti\u00e8re. Le troisi\u00e8me consiste \u00e0 amener les \u00e9l\u00e8ves \u00e0 collaborer en \u00e9quipe \u00e0 la r\u00e9alisation sur tablette d\u2019une \u00e9mission sur une webradio et recevoir un feedback \u00e9motionnel sur le ressenti des autres \u00e9l\u00e8ves \u00e0 l\u2019\u00e9coute de l\u2019\u00e9mission.<\/p>\n<h2><a href=\"https:\/\/project.inria.fr\/actif\/files\/2011\/12\/icons8-groupe-dutilisateurs-homme-femme-50.png\"><img loading=\"lazy\" decoding=\"async\" class=\"alignnone size-full wp-image-219\" src=\"https:\/\/project.inria.fr\/actif\/files\/2011\/12\/icons8-groupe-dutilisateurs-homme-femme-50.png\" alt=\"\" width=\"50\" height=\"50\" \/><\/a>\u00a0PUBLIC<\/h2>\n<p>Coll\u00e8ge, Cycle 4, Acad\u00e9mie de Rennes<\/p>\n<h2><a href=\"https:\/\/project.inria.fr\/actif\/files\/2018\/07\/icons8-microscope-filled-50.png\"><img loading=\"lazy\" decoding=\"async\" class=\"alignnone size-full wp-image-316\" src=\"https:\/\/project.inria.fr\/actif\/files\/2018\/07\/icons8-microscope-filled-50.png\" alt=\"\" width=\"50\" height=\"50\" \/><\/a> RESPONSABLES SCIENTIFIQUES<\/h2>\n<ul>\n<li>\u00c9ric JAMET &#8211;\u00a0Professeur de psychologie cognitive et ergonomique (LP3C, Universit\u00e9 Rennes 2)<\/li>\n<li>Nicolas MICHINOV &#8211;\u00a0Professeur de psychologie sociale (LP3C, Universit\u00e9 Rennes 2)<\/li>\n<\/ul>\n<p>&nbsp;<\/p>\n<p><iframe loading=\"lazy\" title=\"YouTube video player\" src=\"https:\/\/www.youtube.com\/embed\/EukfemX7Jns\" width=\"560\" height=\"315\" frameborder=\"0\" allowfullscreen=\"allowfullscreen\"><\/iframe><\/p>\n<p>&nbsp;<\/p>\n<hr \/>\n<p>&nbsp;<\/p>\n<p><iframe loading=\"lazy\" src=\"https:\/\/player.vimeo.com\/video\/201680696?h=8bc54cb79c&amp;dnt=1&amp;app_id=122963\" width=\"900\" height=\"506\" frameborder=\"0\" allow=\"autoplay; fullscreen; picture-in-picture\" allowfullscreen title=\"Qu&amp;#039;est-ce que e-FRAN\"><\/iframe><\/p>\n<hr \/>\n<p><a href=\"https:\/\/project.inria.fr\/actif\/files\/2018\/07\/Accueil-PIA-CDC-EFRAN.png\"><img loading=\"lazy\" decoding=\"async\" class=\"alignnone size-large wp-image-308\" src=\"https:\/\/project.inria.fr\/actif\/files\/2018\/07\/Accueil-PIA-CDC-EFRAN-1024x285.png\" alt=\"\" width=\"900\" height=\"250\" srcset=\"https:\/\/project.inria.fr\/actif\/files\/2018\/07\/Accueil-PIA-CDC-EFRAN-1024x285.png 1024w, https:\/\/project.inria.fr\/actif\/files\/2018\/07\/Accueil-PIA-CDC-EFRAN-300x84.png 300w, https:\/\/project.inria.fr\/actif\/files\/2018\/07\/Accueil-PIA-CDC-EFRAN-768x214.png 768w, https:\/\/project.inria.fr\/actif\/files\/2018\/07\/Accueil-PIA-CDC-EFRAN-150x42.png 150w, https:\/\/project.inria.fr\/actif\/files\/2018\/07\/Accueil-PIA-CDC-EFRAN.png 1389w\" sizes=\"auto, (max-width: 900px) 100vw, 900px\" \/><\/a><\/p>\n<p style=\"text-align: center;\"><i>\u00ab Op\u00e9ration soutenue par l\u2019\u00c9tat dans le cadre du volet e-FRAN du Programme d\u2019investissement d\u2019avenir, op\u00e9r\u00e9 par la Caisse des D\u00e9p\u00f4ts \u00bb<\/i><\/p>\n<p><\/p>","protected":false},"excerpt":{"rendered":"<p>\u00a0ACTIF Apprentissage et Collaboration sur Tablettes, Interactions et Feedback \u00a0OBJECTIFS Le projet ACTIF vise \u00e0 exp\u00e9rimenter chez les coll\u00e9giens des outils num\u00e9riques et des m\u00e9thodes p\u00e9dagogiques qui facilitent l\u2019apprentissage \u00ab actif \u00bb et \u00ab collaboratif \u00bb \u00e0 partir de tablettes en donnant un r\u00f4le d\u00e9terminant aux feedback donn\u00e9s aux \u00e9l\u00e8ves.\u2026<\/p>\n<p> <a class=\"continue-reading-link\" href=\"https:\/\/project.inria.fr\/actif\/fr\/\"><span>Continue reading<\/span><i class=\"crycon-right-dir\"><\/i><\/a> <\/p>\n","protected":false},"author":1,"featured_media":0,"parent":0,"menu_order":0,"comment_status":"closed","ping_status":"open","template":"","meta":{"footnotes":""},"class_list":["post-4","page","type-page","status-publish","hentry"],"_links":{"self":[{"href":"https:\/\/project.inria.fr\/actif\/fr\/wp-json\/wp\/v2\/pages\/4","targetHints":{"allow":["GET"]}}],"collection":[{"href":"https:\/\/project.inria.fr\/actif\/fr\/wp-json\/wp\/v2\/pages"}],"about":[{"href":"https:\/\/project.inria.fr\/actif\/fr\/wp-json\/wp\/v2\/types\/page"}],"author":[{"embeddable":true,"href":"https:\/\/project.inria.fr\/actif\/fr\/wp-json\/wp\/v2\/users\/1"}],"replies":[{"embeddable":true,"href":"https:\/\/project.inria.fr\/actif\/fr\/wp-json\/wp\/v2\/comments?post=4"}],"version-history":[{"count":39,"href":"https:\/\/project.inria.fr\/actif\/fr\/wp-json\/wp\/v2\/pages\/4\/revisions"}],"predecessor-version":[{"id":639,"href":"https:\/\/project.inria.fr\/actif\/fr\/wp-json\/wp\/v2\/pages\/4\/revisions\/639"}],"wp:attachment":[{"href":"https:\/\/project.inria.fr\/actif\/fr\/wp-json\/wp\/v2\/media?parent=4"}],"curies":[{"name":"wp","href":"https:\/\/api.w.org\/{rel}","templated":true}]}}