

{"id":69,"date":"2018-03-28T15:22:52","date_gmt":"2018-03-28T13:22:52","guid":{"rendered":"https:\/\/project.inria.fr\/actif\/?page_id=69"},"modified":"2018-07-11T14:27:06","modified_gmt":"2018-07-11T12:27:06","slug":"projet","status":"publish","type":"page","link":"https:\/\/project.inria.fr\/actif\/fr\/projet\/","title":{"rendered":"Volets scientifiques"},"content":{"rendered":"<p>L\u2019objectif du projet est d\u2019exp\u00e9rimenter des outils et m\u00e9thodes p\u00e9dagogiques qui facilitent l\u2019apprentissage \u00abactif\u00bb et \u00abcollaboratif\u00bb \u00e0 partir d\u2019\u00e9quipements mobiles en donnant un r\u00f4le d\u00e9terminant au <em>feedback<\/em> d\u00e9livr\u00e9 \u00e0 chaque \u00e9l\u00e8ve, \u00e0 l\u2019ensemble de la classe ou \u00e0 des \u00e9l\u00e8ves r\u00e9unis en \u00e9quipe.<\/p>\n<p><a href=\"https:\/\/project.inria.fr\/actif\/files\/2018\/03\/Projet.png\"><img loading=\"lazy\" decoding=\"async\" class=\"size-full wp-image-246 alignleft\" src=\"https:\/\/project.inria.fr\/actif\/files\/2018\/03\/Projet.png\" alt=\"\" width=\"1386\" height=\"962\" srcset=\"https:\/\/project.inria.fr\/actif\/files\/2018\/03\/Projet.png 1386w, https:\/\/project.inria.fr\/actif\/files\/2018\/03\/Projet-300x208.png 300w, https:\/\/project.inria.fr\/actif\/files\/2018\/03\/Projet-768x533.png 768w, https:\/\/project.inria.fr\/actif\/files\/2018\/03\/Projet-1024x711.png 1024w, https:\/\/project.inria.fr\/actif\/files\/2018\/03\/Projet-150x104.png 150w\" sizes=\"auto, (max-width: 1386px) 100vw, 1386px\" \/><\/a><\/p>\n<p>&nbsp;<\/p>\n<p>&nbsp;<\/p>","protected":false},"excerpt":{"rendered":"<p>L\u2019objectif du projet est d\u2019exp\u00e9rimenter des outils et m\u00e9thodes p\u00e9dagogiques qui facilitent l\u2019apprentissage \u00abactif\u00bb et \u00abcollaboratif\u00bb \u00e0 partir d\u2019\u00e9quipements mobiles en donnant un r\u00f4le d\u00e9terminant au feedback d\u00e9livr\u00e9 \u00e0 chaque \u00e9l\u00e8ve, \u00e0 l\u2019ensemble de la classe ou \u00e0 des \u00e9l\u00e8ves r\u00e9unis en \u00e9quipe. &nbsp; &nbsp;<\/p>\n<p> <a class=\"continue-reading-link\" href=\"https:\/\/project.inria.fr\/actif\/fr\/projet\/\"><span>Continue reading<\/span><i class=\"crycon-right-dir\"><\/i><\/a> <\/p>\n","protected":false},"author":1390,"featured_media":0,"parent":0,"menu_order":0,"comment_status":"closed","ping_status":"closed","template":"templates\/template-page-with-intro.php","meta":{"footnotes":""},"class_list":["post-69","page","type-page","status-publish","hentry"],"_links":{"self":[{"href":"https:\/\/project.inria.fr\/actif\/fr\/wp-json\/wp\/v2\/pages\/69","targetHints":{"allow":["GET"]}}],"collection":[{"href":"https:\/\/project.inria.fr\/actif\/fr\/wp-json\/wp\/v2\/pages"}],"about":[{"href":"https:\/\/project.inria.fr\/actif\/fr\/wp-json\/wp\/v2\/types\/page"}],"author":[{"embeddable":true,"href":"https:\/\/project.inria.fr\/actif\/fr\/wp-json\/wp\/v2\/users\/1390"}],"replies":[{"embeddable":true,"href":"https:\/\/project.inria.fr\/actif\/fr\/wp-json\/wp\/v2\/comments?post=69"}],"version-history":[{"count":9,"href":"https:\/\/project.inria.fr\/actif\/fr\/wp-json\/wp\/v2\/pages\/69\/revisions"}],"predecessor-version":[{"id":338,"href":"https:\/\/project.inria.fr\/actif\/fr\/wp-json\/wp\/v2\/pages\/69\/revisions\/338"}],"wp:attachment":[{"href":"https:\/\/project.inria.fr\/actif\/fr\/wp-json\/wp\/v2\/media?parent=69"}],"curies":[{"name":"wp","href":"https:\/\/api.w.org\/{rel}","templated":true}]}}