

{"id":70,"date":"2018-03-28T15:22:52","date_gmt":"2018-03-28T13:22:52","guid":{"rendered":"https:\/\/project.inria.fr\/actif\/?page_id=70"},"modified":"2019-04-26T15:37:38","modified_gmt":"2019-04-26T13:37:38","slug":"soutiens","status":"publish","type":"page","link":"https:\/\/project.inria.fr\/actif\/fr\/soutiens\/","title":{"rendered":"Soutiens"},"content":{"rendered":"<p><\/p>\n<h2>R\u00e9gion Bretagne<\/h2>\n<p><a href=\"https:\/\/project.inria.fr\/actif\/files\/2018\/03\/R\u00e9gion_Bretagne_logo.svg_.png\"><img loading=\"lazy\" decoding=\"async\" class=\"size-thumbnail wp-image-254 alignleft\" src=\"https:\/\/project.inria.fr\/actif\/files\/2018\/03\/R\u00e9gion_Bretagne_logo.svg_-150x150.png\" alt=\"\" width=\"150\" height=\"150\" srcset=\"https:\/\/project.inria.fr\/actif\/files\/2018\/03\/R\u00e9gion_Bretagne_logo.svg_-150x150.png 150w, https:\/\/project.inria.fr\/actif\/files\/2018\/03\/R\u00e9gion_Bretagne_logo.svg_-300x300.png 300w, https:\/\/project.inria.fr\/actif\/files\/2018\/03\/R\u00e9gion_Bretagne_logo.svg_-768x768.png 768w, https:\/\/project.inria.fr\/actif\/files\/2018\/03\/R\u00e9gion_Bretagne_logo.svg_.png 1024w\" sizes=\"auto, (max-width: 150px) 100vw, 150px\" \/><\/a>Le <a href=\"http:\/\/www.bretagne.bzh\/\">Conseil R\u00e9gional de Bretagne<\/a> apporte un fort soutien au projet par le financement de 3 post-doctorant-e-s et le co-financement de 3 doctorant-e-s<\/p>\n<p>&nbsp;<\/p>\n<p>&nbsp;<\/p>\n<hr \/>\n<h2>Programme d\u2019Investissements d\u2019Avenir 2<\/h2>\n<p><em><a href=\"https:\/\/project.inria.fr\/actif\/files\/2011\/12\/Logo-PIA.jpg\"><img loading=\"lazy\" decoding=\"async\" class=\"size-thumbnail wp-image-231 alignleft\" src=\"https:\/\/project.inria.fr\/actif\/files\/2011\/12\/Logo-PIA-150x150.jpg\" alt=\"\" width=\"150\" height=\"150\" srcset=\"https:\/\/project.inria.fr\/actif\/files\/2011\/12\/Logo-PIA-150x150.jpg 150w, https:\/\/project.inria.fr\/actif\/files\/2011\/12\/Logo-PIA-300x300.jpg 300w, https:\/\/project.inria.fr\/actif\/files\/2011\/12\/Logo-PIA.jpg 693w\" sizes=\"auto, (max-width: 150px) 100vw, 150px\" \/><\/a>Ce programme, n\u00e9 du rapport \u00ab Jupp\u00e9 \u2013 Rocard \u00bb de 2009 est une d\u00e9marche originale qui pr\u00e9pare la France aux d\u00e9fis de demain. Elle ob\u00e9it \u00e0 trois mots qui en font la marque :<\/em> l\u2019excellence, l\u2019innovation et la coop\u00e9ration. Excellence, parce que les universit\u00e9s, les instituts, les laboratoires, les \u00e9quipes, les projets entrepreneuriaux et industriels sont choisis en fonction de leur excellence sur la base d\u2019avis de jurys ou d\u2019experts ind\u00e9pendants. Innovation, parce qu\u2019il faut apporter quelque chose de nouveau pour b\u00e9n\u00e9ficier du PIA. Coop\u00e9ration, parce que nous voulons faire travailler ensemble ceux qui portent l\u2019avenir de notre pays (Gouvernement).<\/p>\n<p>Dot\u00e9 de 30 millions d&rsquo;euros, l\u2019appel \u00e0 projets e-FRAN (Espaces de formation, de recherche et d&rsquo;animation num\u00e9rique) s&rsquo;inscrit dans le cadre du <a href=\"http:\/\/www.caissedesdepots.fr\/investissements-davenir\">Programme d&rsquo;Investissement d&rsquo;Avenir 2<\/a>. Il vise \u00e0 soutenir des projets de transformation de l&rsquo;Ecole qui traduisent la volont\u00e9 des acteurs de l&rsquo;\u00e9ducation et de leurs partenaires de cr\u00e9er des \u00ab\u00a0territoires \u00e9ducatifs d&rsquo;innovation num\u00e9rique\u00a0\u00bb en prenant appui sur la recherche<\/p>\n<hr \/>\n<h2>Groupe Caisse des D\u00e9p\u00f4ts<\/h2>\n<p><a href=\"https:\/\/project.inria.fr\/actif\/files\/2011\/12\/groupe_cdd.jpg\"><img loading=\"lazy\" decoding=\"async\" class=\"size-thumbnail wp-image-230 alignleft\" src=\"https:\/\/project.inria.fr\/actif\/files\/2011\/12\/groupe_cdd-150x150.jpg\" alt=\"\" width=\"150\" height=\"150\" \/><\/a>La <a href=\"http:\/\/www.caissedesdepots.fr\/\">Caisse des d\u00e9p\u00f4ts et consignations<\/a> et ses filiales constituent un groupe public au service de l&rsquo;int\u00e9r\u00eat g\u00e9n\u00e9ral et du d\u00e9veloppement \u00e9conomique du pays. Ce groupe remplit des missions d&rsquo;int\u00e9r\u00eat g\u00e9n\u00e9ral en appui des politiques publiques conduites par l&rsquo;Etat et les collectivit\u00e9s territoriales et peut exercer des activit\u00e9s concurrentielles (article L. 518-2 du Code mon\u00e9taire et financier)<\/p>","protected":false},"excerpt":{"rendered":"<p>R\u00e9gion Bretagne Le Conseil R\u00e9gional de Bretagne apporte un fort soutien au projet par le financement de 3 post-doctorant-e-s et le co-financement de 3 doctorant-e-s &nbsp; &nbsp; Programme d\u2019Investissements d\u2019Avenir 2 Ce programme, n\u00e9 du rapport \u00ab Jupp\u00e9 \u2013 Rocard \u00bb de 2009 est une d\u00e9marche originale qui pr\u00e9pare la\u2026<\/p>\n<p> <a class=\"continue-reading-link\" href=\"https:\/\/project.inria.fr\/actif\/fr\/soutiens\/\"><span>Continue reading<\/span><i class=\"crycon-right-dir\"><\/i><\/a> <\/p>\n","protected":false},"author":1390,"featured_media":0,"parent":0,"menu_order":0,"comment_status":"closed","ping_status":"closed","template":"","meta":{"footnotes":""},"class_list":["post-70","page","type-page","status-publish","hentry"],"_links":{"self":[{"href":"https:\/\/project.inria.fr\/actif\/fr\/wp-json\/wp\/v2\/pages\/70","targetHints":{"allow":["GET"]}}],"collection":[{"href":"https:\/\/project.inria.fr\/actif\/fr\/wp-json\/wp\/v2\/pages"}],"about":[{"href":"https:\/\/project.inria.fr\/actif\/fr\/wp-json\/wp\/v2\/types\/page"}],"author":[{"embeddable":true,"href":"https:\/\/project.inria.fr\/actif\/fr\/wp-json\/wp\/v2\/users\/1390"}],"replies":[{"embeddable":true,"href":"https:\/\/project.inria.fr\/actif\/fr\/wp-json\/wp\/v2\/comments?post=70"}],"version-history":[{"count":7,"href":"https:\/\/project.inria.fr\/actif\/fr\/wp-json\/wp\/v2\/pages\/70\/revisions"}],"predecessor-version":[{"id":441,"href":"https:\/\/project.inria.fr\/actif\/fr\/wp-json\/wp\/v2\/pages\/70\/revisions\/441"}],"wp:attachment":[{"href":"https:\/\/project.inria.fr\/actif\/fr\/wp-json\/wp\/v2\/media?parent=70"}],"curies":[{"name":"wp","href":"https:\/\/api.w.org\/{rel}","templated":true}]}}