

{"id":71,"date":"2018-03-28T15:22:52","date_gmt":"2018-03-28T13:22:52","guid":{"rendered":"https:\/\/project.inria.fr\/actif\/?page_id=71"},"modified":"2021-10-22T11:13:17","modified_gmt":"2021-10-22T09:13:17","slug":"valorisations","status":"publish","type":"page","link":"https:\/\/project.inria.fr\/actif\/fr\/valorisations\/","title":{"rendered":"Productions"},"content":{"rendered":"<p><\/p>\n<h2>~<\/h2>\n<h2>Colloque e-FRAN Bretagne (01\/12\/2021)<\/h2>\n<p>&nbsp;<\/p>\n<p><a href=\"https:\/\/project.inria.fr\/actif\/files\/2021\/10\/Banni\u00e8re-Colloque-e-FRAN-Bretagne.png\"><img loading=\"lazy\" decoding=\"async\" class=\"alignnone wp-image-647 size-full\" src=\"https:\/\/project.inria.fr\/actif\/files\/2021\/10\/Banni\u00e8re-Colloque-e-FRAN-Bretagne.png\" alt=\"\" width=\"2160\" height=\"1080\" srcset=\"https:\/\/project.inria.fr\/actif\/files\/2021\/10\/Banni\u00e8re-Colloque-e-FRAN-Bretagne.png 2160w, https:\/\/project.inria.fr\/actif\/files\/2021\/10\/Banni\u00e8re-Colloque-e-FRAN-Bretagne-300x150.png 300w, https:\/\/project.inria.fr\/actif\/files\/2021\/10\/Banni\u00e8re-Colloque-e-FRAN-Bretagne-768x384.png 768w, https:\/\/project.inria.fr\/actif\/files\/2021\/10\/Banni\u00e8re-Colloque-e-FRAN-Bretagne-1024x512.png 1024w, https:\/\/project.inria.fr\/actif\/files\/2021\/10\/Banni\u00e8re-Colloque-e-FRAN-Bretagne-150x75.png 150w\" sizes=\"auto, (max-width: 2160px) 100vw, 2160px\" \/><\/a><\/p>\n<p>Inscriptions :\u00a0<a href=\"https:\/\/tinyurl.com\/evrigo-efran-bretagne\">https:\/\/tinyurl.com\/evrigo-efran-bretagne<\/a><\/p>\n<p>&nbsp;<\/p>\n<p><strong>PROGRAMME (sous r\u00e9serve de modification)\u00a0<\/strong><\/p>\n<p><strong>13:30\u00a0: Accueil<\/strong><\/p>\n<div class=\"pasted\"><strong>13:45\u00a0: Discours d&rsquo;ouverture<\/strong><\/div>\n<ul>\n<li>Christine Bac (D\u00e9l\u00e9gu\u00e9e Acad\u00e9mique au Num\u00e9rique), Acad\u00e9mie de Rennes<\/li>\n<li>Isabelle Pellerin (Vice-Pr\u00e9sidente R\u00e9gion Bretagne, Lyc\u00e9es et vie lyc\u00e9enne)<\/li>\n<\/ul>\n<p><strong>14:15\u00a0: Pr\u00e9sentation du projet ACTIF<\/strong><\/p>\n<ul>\n<li>Eric Jamet et Nicolas Michinov (professeurs des Universit\u00e9s, Universit\u00e9 Rennes 2)<\/li>\n<\/ul>\n<p><strong>14:45\u00a0: Pr\u00e9sentation du projet ID\u00c9E<\/strong><\/p>\n<ul>\n<li>Agn\u00e8s Grimault-Leprince et Pascal Plantard (professeurs des Universit\u00e9s, INSP\u00c9-UBO et Universit\u00e9 Rennes 2)<\/li>\n<\/ul>\n<p><strong>15:15\u00a0:\u00a0 Redirection vers les ateliers<\/strong><br \/>\n<b><br \/>\n<\/b><strong>15:30\u00a0: Ateliers ACTIF et ID\u00c9E<\/strong><\/p>\n<ul>\n<li>Production de sch\u00e9mas en g\u00e9om\u00e9trie et feedback en temps r\u00e9el avec IntuiGeo (ACTIF)<\/li>\n<li>Interactions enseignants-\u00e9l\u00e8ves et feedback collectif en classe avec Kassis Coll\u00e8ge (ACTIF)<\/li>\n<li>Travail collaboratif et feedback d&rsquo;\u00e9quipe \u00e0 partir d&rsquo;un m\u00e9dia interactif : la Wikiradio (ACTIF)<\/li>\n<li>Parcours d&rsquo;appropriation des ressources num\u00e9riques par les enseignants dans des tiers-lieux coop\u00e9ratifs (ID\u00c9E)<\/li>\n<li>Usage du num\u00e9rique pour soutenir l&rsquo;autonomie des \u00e9l\u00e8ves : un outil pour choisir ou concevoir une s\u00e9ance (collectif du volet CERAD) (ID\u00c9E)<\/li>\n<li>R\u00e9duire les in\u00e9galit\u00e9s de r\u00e9ussite avec le num\u00e9rique? Les enjeux de l&rsquo;accompagnement des pratiques num\u00e9riques culturelles et scolaires des adolescents (ID\u00c9E)<\/li>\n<\/ul>\n<p><strong>17:00\u00a0: Discours de cl\u00f4ture<\/strong><\/p>\n<ul>\n<li>Les porteurs des projets ACTIF &amp; ID\u00c9E<\/li>\n<\/ul>\n<p><\/p>","protected":false},"excerpt":{"rendered":"<p>~ Colloque e-FRAN Bretagne (01\/12\/2021) &nbsp; Inscriptions :\u00a0https:\/\/tinyurl.com\/evrigo-efran-bretagne &nbsp; PROGRAMME (sous r\u00e9serve de modification)\u00a0 13:30\u00a0: Accueil 13:45\u00a0: Discours d&rsquo;ouverture Christine Bac (D\u00e9l\u00e9gu\u00e9e Acad\u00e9mique au Num\u00e9rique), Acad\u00e9mie de Rennes Isabelle Pellerin (Vice-Pr\u00e9sidente R\u00e9gion Bretagne, Lyc\u00e9es et vie lyc\u00e9enne) 14:15\u00a0: Pr\u00e9sentation du projet ACTIF Eric Jamet et Nicolas Michinov (professeurs des Universit\u00e9s,\u2026<\/p>\n<p> <a class=\"continue-reading-link\" href=\"https:\/\/project.inria.fr\/actif\/fr\/valorisations\/\"><span>Continue reading<\/span><i class=\"crycon-right-dir\"><\/i><\/a> <\/p>\n","protected":false},"author":1390,"featured_media":0,"parent":0,"menu_order":0,"comment_status":"closed","ping_status":"closed","template":"","meta":{"footnotes":""},"class_list":["post-71","page","type-page","status-publish","hentry"],"_links":{"self":[{"href":"https:\/\/project.inria.fr\/actif\/fr\/wp-json\/wp\/v2\/pages\/71","targetHints":{"allow":["GET"]}}],"collection":[{"href":"https:\/\/project.inria.fr\/actif\/fr\/wp-json\/wp\/v2\/pages"}],"about":[{"href":"https:\/\/project.inria.fr\/actif\/fr\/wp-json\/wp\/v2\/types\/page"}],"author":[{"embeddable":true,"href":"https:\/\/project.inria.fr\/actif\/fr\/wp-json\/wp\/v2\/users\/1390"}],"replies":[{"embeddable":true,"href":"https:\/\/project.inria.fr\/actif\/fr\/wp-json\/wp\/v2\/comments?post=71"}],"version-history":[{"count":12,"href":"https:\/\/project.inria.fr\/actif\/fr\/wp-json\/wp\/v2\/pages\/71\/revisions"}],"predecessor-version":[{"id":649,"href":"https:\/\/project.inria.fr\/actif\/fr\/wp-json\/wp\/v2\/pages\/71\/revisions\/649"}],"wp:attachment":[{"href":"https:\/\/project.inria.fr\/actif\/fr\/wp-json\/wp\/v2\/media?parent=71"}],"curies":[{"name":"wp","href":"https:\/\/api.w.org\/{rel}","templated":true}]}}