

{"id":4,"date":"2011-12-08T11:55:34","date_gmt":"2011-12-08T11:55:34","guid":{"rendered":"http:\/\/project.inria.fr\/template1\/?page_id=4"},"modified":"2020-05-11T14:59:29","modified_gmt":"2020-05-11T12:59:29","slug":"home","status":"publish","type":"page","link":"https:\/\/project.inria.fr\/adapt\/fr\/","title":{"rendered":"Accueil"},"content":{"rendered":"<p><strong>A<\/strong>daptive <strong>D<\/strong>ynamical <strong>A<\/strong>pproximations via <strong>P<\/strong>arallel <strong>T<\/strong>ensor methods<a href=\"http:\/\/www.agence-nationale-recherche.fr\" target=\"_blank\" rel=\"noopener\"><img loading=\"lazy\" decoding=\"async\" class=\"alignright \" src=\"https:\/\/project.inria.fr\/adapt\/files\/2018\/12\/images-1.jpeg\" width=\"235\" height=\"132\" \/><\/a><\/p>\n<p>&nbsp;<\/p>\n<p>&nbsp;<\/p>\n<p>Le projet ADAPT vise les objectives suivants:<\/p>\n<ol>\n<li>D\u00e9finir des m\u00e9thodes dynamiques qui \u00a0<em>adapte les rangs, formats and termes<\/em>\u00a0d&rsquo;un tenseur afin de respecter un crit\u00e8re d&rsquo;erreur sur la solution.<\/li>\n<li>Introduire un paradigme\u00a0<em>communication avoiding<\/em>\u00a0pour la parallelisation de la construction des tenseur, la compression, la r\u00e9solution des syst\u00e8mes<\/li>\n<li>Appliquer les m\u00e9thodes d\u00e9velopp\u00e9es au probl\u00e8mes de la <em>Th\u00e9orie cin\u00e9tique<\/em>\u00a0et de la\u00a0<em>Quantification d&rsquo;incertitude.<\/em><\/li>\n<\/ol>\n<p><\/p>","protected":false},"excerpt":{"rendered":"<p>Adaptive Dynamical Approximations via Parallel Tensor methods &nbsp; &nbsp; Le projet ADAPT vise les objectives suivants: D\u00e9finir des m\u00e9thodes dynamiques qui \u00a0adapte les rangs, formats and termes\u00a0d&rsquo;un tenseur afin de respecter un crit\u00e8re d&rsquo;erreur sur la solution. Introduire un paradigme\u00a0communication avoiding\u00a0pour la parallelisation de la construction des tenseur, la compression,\u2026<\/p>\n<p> <a class=\"continue-reading-link\" href=\"https:\/\/project.inria.fr\/adapt\/fr\/\"><span>Continue reading<\/span><i class=\"crycon-right-dir\"><\/i><\/a> <\/p>\n","protected":false},"author":1,"featured_media":0,"parent":0,"menu_order":0,"comment_status":"closed","ping_status":"open","template":"","meta":{"footnotes":""},"class_list":["post-4","page","type-page","status-publish","hentry"],"_links":{"self":[{"href":"https:\/\/project.inria.fr\/adapt\/fr\/wp-json\/wp\/v2\/pages\/4","targetHints":{"allow":["GET"]}}],"collection":[{"href":"https:\/\/project.inria.fr\/adapt\/fr\/wp-json\/wp\/v2\/pages"}],"about":[{"href":"https:\/\/project.inria.fr\/adapt\/fr\/wp-json\/wp\/v2\/types\/page"}],"author":[{"embeddable":true,"href":"https:\/\/project.inria.fr\/adapt\/fr\/wp-json\/wp\/v2\/users\/1"}],"replies":[{"embeddable":true,"href":"https:\/\/project.inria.fr\/adapt\/fr\/wp-json\/wp\/v2\/comments?post=4"}],"version-history":[{"count":18,"href":"https:\/\/project.inria.fr\/adapt\/fr\/wp-json\/wp\/v2\/pages\/4\/revisions"}],"predecessor-version":[{"id":143,"href":"https:\/\/project.inria.fr\/adapt\/fr\/wp-json\/wp\/v2\/pages\/4\/revisions\/143"}],"wp:attachment":[{"href":"https:\/\/project.inria.fr\/adapt\/fr\/wp-json\/wp\/v2\/media?parent=4"}],"curies":[{"name":"wp","href":"https:\/\/api.w.org\/{rel}","templated":true}]}}