

{"id":250,"date":"2014-06-11T10:40:26","date_gmt":"2014-06-11T08:40:26","guid":{"rendered":"https:\/\/project.inria.fr\/aep10\/?page_id=250"},"modified":"2014-06-24T10:13:02","modified_gmt":"2014-06-24T08:13:02","slug":"participants","status":"publish","type":"page","link":"https:\/\/project.inria.fr\/aep10\/participants\/","title":{"rendered":"Participants"},"content":{"rendered":"<p><\/p>\n<ol>\n<li>Farah Ait Salaht<\/li>\n<li>Sara Alouf<\/li>\n<li>Konstantin Avrachenkov<\/li>\n<li>Alberto Benegiamo<\/li>\n<li>Abderaouf Benghalia<\/li>\n<li>Thomas Bonald<\/li>\n<li>Anne Bouillard<\/li>\n<li>Jaouad Boukachour<\/li>\n<li>Nicaise Choungmo Fofack<\/li>\n<li>Marion Dalle<\/li>\n<li>Abdulhalim Dandoush<\/li>\n<li>Giuseppe Di Bella<\/li>\n<li>Ioannis Dimitriou<\/li>\n<li>Damien Dosimont<\/li>\n<li>St\u00e9phane Durand<\/li>\n<li>Mahmoud El Chamie<\/li>\n<li>Ma\u00efder Est\u00e9cahandy<\/li>\n<li>Bruno Gaujal<\/li>\n<li>Hadrien Hours<\/li>\n<li>Emmanuel Hyon<\/li>\n<li>Alain Jean-Marie<\/li>\n<li>Arun Kadavankandy<\/li>\n<li>Maialen Larra\u00f1aga<\/li>\n<li>Pierre L&rsquo;Ecuyer<\/li>\n<li>Hlib Mykhailenko<\/li>\n<li>Thomas Nowak<\/li>\n<li>Felipe Olmos<\/li>\n<li>Florence Perronnin<\/li>\n<li>Christelle Rovetta<\/li>\n<li>Tatiana Seregina<\/li>\n<li>Jithin Sreedharan<\/li>\n<li>Luka Stanisic<\/li>\n<li>Bruno Tuffin<\/li>\n<li>Violaine Villebonnet<\/li>\n<li>Jean-Marc Vincent<\/li>\n<\/ol>\n<p><\/p>","protected":false},"excerpt":{"rendered":"<p>Farah Ait Salaht Sara Alouf Konstantin Avrachenkov Alberto Benegiamo Abderaouf Benghalia Thomas Bonald Anne Bouillard Jaouad Boukachour Nicaise Choungmo Fofack Marion Dalle Abdulhalim Dandoush Giuseppe Di Bella Ioannis Dimitriou Damien Dosimont St\u00e9phane Durand Mahmoud El Chamie Ma\u00efder Est\u00e9cahandy Bruno Gaujal Hadrien Hours Emmanuel Hyon Alain Jean-Marie Arun Kadavankandy Maialen Larra\u00f1aga Pierre L&rsquo;Ecuyer Hlib Mykhailenko Thomas &hellip; <\/p>\n<p><a class=\"more-link btn\" href=\"https:\/\/project.inria.fr\/aep10\/participants\/\">Lire la suite<\/a><\/p>\n","protected":false},"author":58,"featured_media":0,"parent":0,"menu_order":0,"comment_status":"closed","ping_status":"closed","template":"","meta":{"footnotes":""},"class_list":["post-250","page","type-page","status-publish","hentry","nodate","item-wrap"],"_links":{"self":[{"href":"https:\/\/project.inria.fr\/aep10\/wp-json\/wp\/v2\/pages\/250","targetHints":{"allow":["GET"]}}],"collection":[{"href":"https:\/\/project.inria.fr\/aep10\/wp-json\/wp\/v2\/pages"}],"about":[{"href":"https:\/\/project.inria.fr\/aep10\/wp-json\/wp\/v2\/types\/page"}],"author":[{"embeddable":true,"href":"https:\/\/project.inria.fr\/aep10\/wp-json\/wp\/v2\/users\/58"}],"replies":[{"embeddable":true,"href":"https:\/\/project.inria.fr\/aep10\/wp-json\/wp\/v2\/comments?post=250"}],"version-history":[{"count":27,"href":"https:\/\/project.inria.fr\/aep10\/wp-json\/wp\/v2\/pages\/250\/revisions"}],"predecessor-version":[{"id":519,"href":"https:\/\/project.inria.fr\/aep10\/wp-json\/wp\/v2\/pages\/250\/revisions\/519"}],"wp:attachment":[{"href":"https:\/\/project.inria.fr\/aep10\/wp-json\/wp\/v2\/media?parent=250"}],"curies":[{"name":"wp","href":"https:\/\/api.w.org\/{rel}","templated":true}]}}