

{"id":388,"date":"2014-06-11T10:40:32","date_gmt":"2014-06-11T08:40:32","guid":{"rendered":"https:\/\/project.inria.fr\/aep10\/?page_id=388"},"modified":"2014-06-26T15:02:37","modified_gmt":"2014-06-26T13:02:37","slug":"programme-avec-pointeurs","status":"publish","type":"page","link":"https:\/\/project.inria.fr\/aep10\/programme-avec-pointeurs\/","title":{"rendered":"Programme"},"content":{"rendered":"<p>AEP10 d\u00e9butera \u00e0 midi le 11 juin et se cl\u00f4turera en milieu d&rsquo;apr\u00e8s-midi le 13 juin. Une activit\u00e9 en plein air est pr\u00e9vue en d\u00e9but d&rsquo;apr\u00e8s-midi le 12 juin.<\/p>\n<p>Les <a href=\"http:\/\/hal.inria.fr\/hal-01010767\">actes de l&rsquo;atelier<\/a> sont publi\u00e9s sur HAL (<a href=\"http:\/\/hal.inria.fr\/docs\/01\/01\/07\/67\/PDF\/tout.pdf\">version finale<\/a>).<\/p>\n<h2>Programme<\/h2>\n<h3>Mercredi 11 juin 2014<\/h3>\n<p>12h00-12h30: Arriv\u00e9e des participants \u00e0 l&rsquo;Inria, espace mus\u00e9al du b\u00e2timent Euler<\/p>\n<p>12h30-14h00: Repas buffet froid, hall du b\u00e2timent Euler<\/p>\n<p style=\"border: 1px solid #556b2f; background: #eef7de; color: #556b2f; overflow: auto; margin-bottom: 1.7em; padding-top: 1em ! important; padding-right: 1em ! important; padding-bottom: 1em ! important; padding-left: 1px;\">14h00-15h00: Expos\u00e9 de synth\u00e8se 1<br \/>\n&nbsp;&nbsp;&nbsp;&nbsp;&nbsp;&nbsp;&nbsp;&nbsp;<strong>Pierre L&rsquo;Ecuyer<\/strong><br \/>\n&nbsp;&nbsp;&nbsp;&nbsp;&nbsp;&nbsp;&nbsp;&nbsp;<a href=\".\/exposes\/#Pierre\">Challenges in the Stochastic Modeling of Service Systems: Illustrations with Call Centers<\/a> (<a href=\"https:\/\/project.inria.fr\/aep10\/files\/2014\/06\/sophia14-talk.pdf\">transparents<\/a>)<\/p>\n<p>15h00-16h00: Session 1 : \u00c9chantillonnage Parfait \/ Perfect Sampling<\/p>\n<ul>\n<li><strong>St\u00e9phane Durand<\/strong>\n<div>A perfect sampling algorithm of random walks with forbidden arcs<br \/>\n[<a href=\"https:\/\/project.inria.fr\/aep10\/files\/2014\/06\/resume.pdf\">pdf<\/a>]<\/div>\n<\/li>\n<li>Anne Bouillard, Ana Bu\u0161\u00edc, <strong>Christelle Rovetta<\/strong>\n<div>Simulation parfaite dans un r\u00e9seau ferm\u00e9 de files d\u2019attente<br \/>\n[<a href=\"https:\/\/project.inria.fr\/aep10\/files\/2014\/06\/resume1.pdf\">pdf<\/a>]<\/div>\n<\/li>\n<\/ul>\n<p>16h00-16h30: Pause caf\u00e9<\/p>\n<p>16h30-18h00: Session 2 : Simulation<\/p>\n<ul>\n<li><strong>Ma\u00efder Est\u00e9cahandy<\/strong>, L. Bordes , S. Collas, C. Paroissin\n<div>M\u00e9thodes d\u2019acc\u00e9l\u00e9ration de Monte-Carlo adapt\u00e9es \u00e0 des mod\u00e8les simples en R\u00e9seaux de Petri<br \/>\n[<a href=\"https:\/\/project.inria.fr\/aep10\/files\/2014\/06\/resume2.pdf\">pdf<\/a>]<\/div>\n<\/li>\n<li><strong>Abderaouf Benghalia<\/strong>, Jaouad Boukachour, Dalila Boudebous\n<div>Contribution \u00e0 la mod\u00e9lisation et \u00e0 l\u2019\u00e9valuation de la performance du transfert de conteneurs maritimes<br \/>\n[<a href=\"https:\/\/project.inria.fr\/aep10\/files\/2014\/06\/resume3.pdf\">pdf<\/a>]<\/div>\n<\/li>\n<li><strong>Marion Dalle<\/strong>, Jean-Marc Vincent, Florence Perronnin\n<div>Catch me if you can<br \/>\n[<a href=\"https:\/\/project.inria.fr\/aep10\/files\/2014\/06\/resume4.pdf\">pdf<\/a>]<\/div>\n<\/li>\n<\/ul>\n<h3>Jeudi 12 juin 2014<\/h3>\n<p>09h00-10h00: Session 3 : Analyse de Donn\u00e9es \/ Data Analysis<\/p>\n<ul>\n<li><strong>Damien Dosimont<\/strong>, Guillaume Huard, Jean-Marc Vincent\n<div>Agr\u00e9gation temporelle pour l\u2019analyse de traces volumineuses<br \/>\n[<a href=\"https:\/\/project.inria.fr\/aep10\/files\/2014\/06\/resume5.pdf\">pdf<\/a>]<\/div>\n<\/li>\n<li><strong>Hadrien Hours<\/strong>, Ernst Biersack, Patrick Loiseau\n<div>A causal study of an emulated network<br \/>\n[<a href=\"https:\/\/project.inria.fr\/aep10\/files\/2014\/06\/resume6.pdf\">pdf<\/a>]<\/div>\n<\/li>\n<\/ul>\n<p>10h00-10h30: Pause caf\u00e9\/viennoiseries<\/p>\n<p style=\"border: 1px solid #556b2f; background: #eef7de; color: #556b2f; overflow: auto; margin-bottom: 1.7em; padding-top: 1em ! important; padding-right: 1em ! important; padding-bottom: 1em ! important; padding-left: 1px;\">10h30-11h30: Expos\u00e9 de synth\u00e8se 2<br \/>\n&nbsp;&nbsp;&nbsp;&nbsp;&nbsp;&nbsp;&nbsp;&nbsp;<strong>Thomas Bonald<\/strong><br \/>\n&nbsp;&nbsp;&nbsp;&nbsp;&nbsp;&nbsp;&nbsp;&nbsp;<a href=\".\/exposes\/#Thomas\">R\u00e9seaux de Whittle et applications<\/a> (<a href=\"https:\/\/project.inria.fr\/aep10\/files\/2014\/06\/Whittle-AEP.pdf\">transparents<\/a>)<\/p>\n<p>11h30-12h30: Session 4 : Syst\u00e8mes de Caches \/ Cache Systems<\/p>\n<ul>\n<li><strong>Felipe Olmos<\/strong>\n<div>The performance of a LRU cache under dynamic catalog traffic<br \/>\n[<a href=\"https:\/\/project.inria.fr\/aep10\/files\/2014\/06\/resume7.pdf\">pdf<\/a>]<\/div>\n<\/li>\n<li><strong>Nicaise Choungmo Fofack<\/strong>\n<div>Approximate models for cache analysis with correlated requests<br \/>\n[<a href=\"https:\/\/project.inria.fr\/aep10\/files\/2014\/06\/resume8.pdf\">pdf<\/a>]<\/div>\n<\/li>\n<\/ul>\n<p>12h30-13h00: Trajet en Pullman jusqu&rsquo;au restaurant<\/p>\n<p>13h00-15h00: D\u00e9je\u00fbner \u00e0 Bijou Plage (Juan-Les-Pins)<\/p>\n<p>15h00-18h00: Promenade\/d\u00e9couverte de Juan-Les-Pins\/tour du Cap d&rsquo;Antibes<\/p>\n<p>18h00-: Programme libre<\/p>\n<h3>Vendredi 13 juin 2014<\/h3>\n<p>09h00-10h00: Session 5 : Contr\u00f4le des R\u00e9seaux \/ Network Control<\/p>\n<ul>\n<li><strong>Tatiana Seregina <\/strong>\n<div>Reward-based Incentive Mechanisms for Delay Tolerant Networks<br \/>\n[<<a href=\"https:\/\/project.inria.fr\/aep10\/files\/2014\/06\/resume9.pdf\">pdf<\/a>]<\/div>\n<\/li>\n<li><strong>Maialen Larra\u00f1aga<\/strong>, U. Ayesta, I.M. Verloop\n<div>Whittle\u2019s index in a multi-class queue with abandonments<br \/>\n[<a href=\"https:\/\/project.inria.fr\/aep10\/files\/2014\/06\/resume10.pdf\">pdf<\/a>]<\/div>\n<\/li>\n<\/ul>\n<p>10h00-10h30: Pause caf\u00e9\/viennoiseries<\/p>\n<p style=\"border: 1px solid #556b2f; background: #eef7de; color: #556b2f; overflow: auto; margin-bottom: 1.7em; padding-top: 1em ! important; padding-right: 1em ! important; padding-bottom: 1em ! important; padding-left: 1px;\">10h30-11h30: Expos\u00e9 de synth\u00e8se 3<br \/>\n&nbsp;&nbsp;&nbsp;&nbsp;&nbsp;&nbsp;&nbsp;&nbsp;<strong>Anne Bouillard<\/strong><br \/>\n&nbsp;&nbsp;&nbsp;&nbsp;&nbsp;&nbsp;&nbsp;&nbsp;<a href=\".\/exposes\/#Anne\">Algorithms for and from network calculus<\/a> (<a href=\"https:\/\/project.inria.fr\/aep10\/files\/2014\/06\/Synthese_Bouillard.pdf\">transparents<\/a>)<\/p>\n<p>11h30-12h00: Session 6 : M\u00e9thodologie \/ Methodology<\/p>\n<ul>\n<li><strong>Luka Stanisic<\/strong>, Arnaud Legrand\n<div>Good Practices for Reproducible Research<br \/>\n[<a href=\"https:\/\/project.inria.fr\/aep10\/files\/2014\/06\/resume11.pdf\">pdf<\/a>]<\/div>\n<\/li>\n<\/ul>\n<p>12h00-13h30: Repas plateau \u00e0 la cantine de l&rsquo;Inria<\/p>\n<p>13h30-15h00: Session 7 : Mod\u00e8les Stochastiques \/ Stochastic Models<\/p>\n<ul>\n<li><strong>Farah Ait Salaht<\/strong>, J.M. Fourneau, H. Castel, N. Pekergin\n<div>Approche par bornes stochastiques et histogrammes pour l\u2019analyse de performance des r\u00e9seaux<br \/>\n[<a href=\"https:\/\/project.inria.fr\/aep10\/files\/2014\/06\/resume12.pdf\">pdf<\/a>]<\/div>\n<\/li>\n<li>Konstantin Avrachenkov, Natalia M. Markovich, <strong>Jithin Sreedharan<\/strong>\n<div>On Distribution and dependence of extremes in PageRank-type processes<br \/>\n[<a href=\"https:\/\/project.inria.fr\/aep10\/files\/2014\/06\/resume13.pdf\">pdf<\/a>]<\/div>\n<\/li>\n<li><strong>Mahmoud El Chamie<\/strong>, Giovanni Neglia, Konstantin Avrachenkov\n<div>Averaging on Dynamic Networks<br \/>\n[<a href=\"https:\/\/project.inria.fr\/aep10\/files\/2014\/06\/resume14.pdf\">pdf<\/a>]<\/div>\n<\/li>\n<\/ul>\n<p>15h00-15h30: Table ronde \u00ab\u00a0Logiciels d\u00e9di\u00e9s \u00e0 la mod\u00e9lisation avec les cha\u00eenes de Markov\u00a0\u00bb<\/p>\n<p>15h30-16h00: Conclusions et fin de l&rsquo;atelier<\/p>","protected":false},"excerpt":{"rendered":"<p>AEP10 d\u00e9butera \u00e0 midi le 11 juin et se cl\u00f4turera en milieu d&rsquo;apr\u00e8s-midi le 13 juin. Une activit\u00e9 en plein air est pr\u00e9vue en d\u00e9but d&rsquo;apr\u00e8s-midi le 12 juin. Les actes de l&rsquo;atelier sont publi\u00e9s sur HAL (version finale). Programme Mercredi 11 juin 2014 12h00-12h30: Arriv\u00e9e des participants \u00e0 l&rsquo;Inria, espace mus\u00e9al du b\u00e2timent Euler &hellip; <\/p>\n<p><a class=\"more-link btn\" href=\"https:\/\/project.inria.fr\/aep10\/programme-avec-pointeurs\/\">Lire la suite<\/a><\/p>\n","protected":false},"author":442,"featured_media":0,"parent":0,"menu_order":0,"comment_status":"closed","ping_status":"closed","template":"","meta":{"footnotes":""},"class_list":["post-388","page","type-page","status-publish","hentry","nodate","item-wrap"],"_links":{"self":[{"href":"https:\/\/project.inria.fr\/aep10\/wp-json\/wp\/v2\/pages\/388","targetHints":{"allow":["GET"]}}],"collection":[{"href":"https:\/\/project.inria.fr\/aep10\/wp-json\/wp\/v2\/pages"}],"about":[{"href":"https:\/\/project.inria.fr\/aep10\/wp-json\/wp\/v2\/types\/page"}],"author":[{"embeddable":true,"href":"https:\/\/project.inria.fr\/aep10\/wp-json\/wp\/v2\/users\/442"}],"replies":[{"embeddable":true,"href":"https:\/\/project.inria.fr\/aep10\/wp-json\/wp\/v2\/comments?post=388"}],"version-history":[{"count":37,"href":"https:\/\/project.inria.fr\/aep10\/wp-json\/wp\/v2\/pages\/388\/revisions"}],"predecessor-version":[{"id":520,"href":"https:\/\/project.inria.fr\/aep10\/wp-json\/wp\/v2\/pages\/388\/revisions\/520"}],"wp:attachment":[{"href":"https:\/\/project.inria.fr\/aep10\/wp-json\/wp\/v2\/media?parent=388"}],"curies":[{"name":"wp","href":"https:\/\/api.w.org\/{rel}","templated":true}]}}