

{"id":4,"date":"2014-03-27T09:00:34","date_gmt":"2014-03-27T08:00:34","guid":{"rendered":"http:\/\/project.inria.fr\/template1\/?page_id=4"},"modified":"2014-06-13T16:54:37","modified_gmt":"2014-06-13T14:54:37","slug":"accueil","status":"publish","type":"page","link":"https:\/\/project.inria.fr\/aep10\/","title":{"rendered":"Accueil"},"content":{"rendered":"<p><\/p>\n<h2>Objectif<\/h2>\n<p>L\u2019Atelier en \u00c9valuation de Performances est une r\u00e9union destin\u00e9e \u00e0 faire s\u2019exprimer et se rencontrer les jeunes chercheurs (doctorants et nouveaux docteurs) dans le domaine de la Mod\u00e9lisation et de l\u2019\u00c9valuation de Performances, une discipline consacr\u00e9e \u00e0 l\u2019\u00e9tude et l\u2019optimisation de syst\u00e8mes dynamiques stochastiques et\/ou temporis\u00e9s apparaissant en Informatique, T\u00e9l\u00e9communications, Productique et Robotique entre autres.<\/p>\n<p>La pr\u00e9sentation informelle de travaux, m\u00eame en cours, y est encourag\u00e9e afin de renforcer les interactions entre jeunes chercheurs et pr\u00e9parer des soumissions de nouveaux projets scientifiques. Des expos\u00e9s de synth\u00e8se sur des domaines de recherche d\u2019actualit\u00e9, donn\u00e9s par des chercheurs confirm\u00e9s du domaine renforcent la partie formation de l\u2019atelier.<\/p>\n<h2>Historique<\/h2>\n<p>D\u00e9marr\u00e9 sous l\u2019impulsion de l\u2019\u00e9quipe de Raymond Marie en 1991, l\u2019atelier en \u00e9valuation de performance a eu lieu \u00e0 Rennes (1991-93), Grenoble (95), Versailles (96), Paris ENS (01), Reims (03) et Aussois (08). L\u2019objectif est de f\u00e9d\u00e9rer une communaut\u00e9 allant des probabilit\u00e9s aux exp\u00e9rimentations en informatique. Elle recouvre donc d\u2019une part les th\u00e9matiques portant sur la mod\u00e9lisation des syst\u00e8mes complexes avec les m\u00e9thodes th\u00e9oriques r\u00e9centes, les environnements logiciels d\u2019\u00e9valuation de performances jusqu\u2019aux retours d\u2019exp\u00e9rimentations en vraie grandeur.<\/p>\n<h2>Soutiens<\/h2>\n<h2><a href=\"http:\/\/www.inria.fr\/centre\/sophia\"><img loading=\"lazy\" decoding=\"async\" class=\"alignleft size-full wp-image-118\" alt=\"Inria\" src=\"https:\/\/project.inria.fr\/aep10\/files\/2014\/03\/inr_logo_cherch_FR_coul.jpg\" width=\"222\" height=\"95\" \/><\/a><\/h2>\n<p><a href=\"http:\/\/www-poleia.lip6.fr\/~fouilhoux\/gdrro\/\"><img loading=\"lazy\" decoding=\"async\" class=\"size-full wp-image-153 alignleft\" alt=\"GDR RO\" src=\"https:\/\/project.inria.fr\/aep10\/files\/2014\/03\/gdrro.png\" width=\"157\" height=\"72\" \/><\/a><\/p>\n<h2><a href=\"https:\/\/wiki.inria.fr\/MARMOTE\/Welcome\">ANR MARMOTE<\/a><\/h2>\n<h2><a href=\"http:\/\/ucnlab.eu\/\"><img loading=\"lazy\" decoding=\"async\" class=\" wp-image-154  alignleft\" alt=\"UCN@Sophia\" src=\"https:\/\/project.inria.fr\/aep10\/files\/2014\/03\/logo_rose.png\" width=\"183\" height=\"97\" \/><\/a><\/h2>\n<p><a href=\"http:\/\/rescom.inrialpes.fr\/\"><img loading=\"lazy\" decoding=\"async\" class=\"alignleft size-full wp-image-169\" alt=\"GDR ASR\" src=\"https:\/\/project.inria.fr\/aep10\/files\/2014\/04\/logo_asr.png\" width=\"89\" height=\"89\" \/><\/a><\/p>\n<h2><a href=\"http:\/\/www.gdr-im.fr\"><img loading=\"lazy\" decoding=\"async\" class=\" wp-image-152   alignleft\" alt=\"GDR IM\" src=\"https:\/\/project.inria.fr\/aep10\/files\/2014\/03\/gdr_im.jpg\" width=\"132\" height=\"74\" \/><\/a><\/h2>\n<p><\/p>","protected":false},"excerpt":{"rendered":"<p>Objectif L\u2019Atelier en \u00c9valuation de Performances est une r\u00e9union destin\u00e9e \u00e0 faire s\u2019exprimer et se rencontrer les jeunes chercheurs (doctorants et nouveaux docteurs) dans le domaine de la Mod\u00e9lisation et de l\u2019\u00c9valuation de Performances, une discipline consacr\u00e9e \u00e0 l\u2019\u00e9tude et l\u2019optimisation de syst\u00e8mes dynamiques stochastiques et\/ou temporis\u00e9s apparaissant en Informatique, T\u00e9l\u00e9communications, Productique et Robotique entre &hellip; <\/p>\n<p><a class=\"more-link btn\" href=\"https:\/\/project.inria.fr\/aep10\/\">Lire la suite<\/a><\/p>\n","protected":false},"author":1,"featured_media":0,"parent":0,"menu_order":0,"comment_status":"closed","ping_status":"open","template":"","meta":{"footnotes":""},"class_list":["post-4","page","type-page","status-publish","hentry","nodate","item-wrap"],"_links":{"self":[{"href":"https:\/\/project.inria.fr\/aep10\/wp-json\/wp\/v2\/pages\/4","targetHints":{"allow":["GET"]}}],"collection":[{"href":"https:\/\/project.inria.fr\/aep10\/wp-json\/wp\/v2\/pages"}],"about":[{"href":"https:\/\/project.inria.fr\/aep10\/wp-json\/wp\/v2\/types\/page"}],"author":[{"embeddable":true,"href":"https:\/\/project.inria.fr\/aep10\/wp-json\/wp\/v2\/users\/1"}],"replies":[{"embeddable":true,"href":"https:\/\/project.inria.fr\/aep10\/wp-json\/wp\/v2\/comments?post=4"}],"version-history":[{"count":61,"href":"https:\/\/project.inria.fr\/aep10\/wp-json\/wp\/v2\/pages\/4\/revisions"}],"predecessor-version":[{"id":460,"href":"https:\/\/project.inria.fr\/aep10\/wp-json\/wp\/v2\/pages\/4\/revisions\/460"}],"wp:attachment":[{"href":"https:\/\/project.inria.fr\/aep10\/wp-json\/wp\/v2\/media?parent=4"}],"curies":[{"name":"wp","href":"https:\/\/api.w.org\/{rel}","templated":true}]}}