

{"id":52,"date":"2014-03-21T17:31:00","date_gmt":"2014-03-21T16:31:00","guid":{"rendered":"https:\/\/project.inria.fr\/aep10\/?page_id=52"},"modified":"2014-05-14T16:28:29","modified_gmt":"2014-05-14T14:28:29","slug":"francais-comites","status":"publish","type":"page","link":"https:\/\/project.inria.fr\/aep10\/francais-comites\/","title":{"rendered":"Comit\u00e9s"},"content":{"rendered":"<p><\/p>\n<h2>Comit\u00e9 scientifique :<\/h2>\n<ul>\n<li>Jean-Michel Fourneau, PRiSM Versailles<\/li>\n<li>Bruno Gaujal, <span class=\"caps\">INRIA Grenoble &#8211;<\/span> Rh\u00f4ne-Alpes, <span class=\"caps\">LIG<\/span>-Grenoble (Pr\u00e9sident du comit\u00e9 scientifique)<\/li>\n<li>Marc Lelarge, INRIA Paris &#8211; Rocquencourt<\/li>\n<li>Jean Mairesse, <span class=\"caps\">LIAFA<\/span> \u2013 Universit\u00e9 de Paris 7<\/li>\n<li>Laurent Truffet, Ecole des Mines de Nantes<\/li>\n<li>Bruno Tuffin, <span class=\"caps\">INRIA<\/span> Rennes &#8211; Bretagne Atlantique<\/li>\n<\/ul>\n<h2>Comit\u00e9 d\u2019organisation<\/h2>\n<ul>\n<li>Alain Jean-Marie (coordination), INRIA Sophia Antipolis &#8211; M\u00e9diterran\u00e9e, LIRMM-Montpellier, Tel.: 04\u00a0 67 41 86 47 Email: Alain.Jean-Marie @ inria.fr<\/li>\n<li>Sara Alouf, INRIA Sophia Antipolis &#8211; M\u00e9diterran\u00e9e, Tel.: 04 92 38 71 99 Email: Sara.Alouf @ inria.fr<\/li>\n<li>Jithin Kazhuthuveettil Sreedharan, INRIA Sophia Antipolis &#8211; M\u00e9diterran\u00e9e, Tel.: 04 92 38 76 37 Email: Jithin.Sreedharan @ inria.fr<\/li>\n<li>Valeria Neglia, INRIA Sophia Antipolis &#8211; M\u00e9diterran\u00e9e, Tel.: 04 92 38 71 83 Email: Valeria.Neglia @ inria.fr<\/li>\n<\/ul>\n<p><\/p>","protected":false},"excerpt":{"rendered":"<p>Comit\u00e9 scientifique : Jean-Michel Fourneau, PRiSM Versailles Bruno Gaujal, INRIA Grenoble &#8211; Rh\u00f4ne-Alpes, LIG-Grenoble (Pr\u00e9sident du comit\u00e9 scientifique) Marc Lelarge, INRIA Paris &#8211; Rocquencourt Jean Mairesse, LIAFA \u2013 Universit\u00e9 de Paris 7 Laurent Truffet, Ecole des Mines de Nantes Bruno Tuffin, INRIA Rennes &#8211; Bretagne Atlantique Comit\u00e9 d\u2019organisation Alain Jean-Marie (coordination), INRIA Sophia Antipolis &#8211; &hellip; <\/p>\n<p><a class=\"more-link btn\" href=\"https:\/\/project.inria.fr\/aep10\/francais-comites\/\">Lire la suite<\/a><\/p>\n","protected":false},"author":58,"featured_media":0,"parent":0,"menu_order":0,"comment_status":"open","ping_status":"open","template":"","meta":{"footnotes":""},"class_list":["post-52","page","type-page","status-publish","hentry","nodate","item-wrap"],"_links":{"self":[{"href":"https:\/\/project.inria.fr\/aep10\/wp-json\/wp\/v2\/pages\/52","targetHints":{"allow":["GET"]}}],"collection":[{"href":"https:\/\/project.inria.fr\/aep10\/wp-json\/wp\/v2\/pages"}],"about":[{"href":"https:\/\/project.inria.fr\/aep10\/wp-json\/wp\/v2\/types\/page"}],"author":[{"embeddable":true,"href":"https:\/\/project.inria.fr\/aep10\/wp-json\/wp\/v2\/users\/58"}],"replies":[{"embeddable":true,"href":"https:\/\/project.inria.fr\/aep10\/wp-json\/wp\/v2\/comments?post=52"}],"version-history":[{"count":10,"href":"https:\/\/project.inria.fr\/aep10\/wp-json\/wp\/v2\/pages\/52\/revisions"}],"predecessor-version":[{"id":276,"href":"https:\/\/project.inria.fr\/aep10\/wp-json\/wp\/v2\/pages\/52\/revisions\/276"}],"wp:attachment":[{"href":"https:\/\/project.inria.fr\/aep10\/wp-json\/wp\/v2\/media?parent=52"}],"curies":[{"name":"wp","href":"https:\/\/api.w.org\/{rel}","templated":true}]}}