

{"id":58,"date":"2014-03-25T14:02:44","date_gmt":"2014-03-25T13:02:44","guid":{"rendered":"https:\/\/project.inria.fr\/aep10\/?page_id=58"},"modified":"2014-06-10T09:15:40","modified_gmt":"2014-06-10T07:15:40","slug":"infos-pratiques","status":"publish","type":"page","link":"https:\/\/project.inria.fr\/aep10\/infos-pratiques\/","title":{"rendered":"Infos pratiques"},"content":{"rendered":"<p><\/p>\n<h2><strong>Lieu<\/strong><\/h2>\n<address><strong>Inria Sophia Antipolis &#8211; M\u00e9diterran\u00e9e<\/strong><br \/>\n2004, route des Lucioles &#8211; BP 93<br \/>\n06902 Sophia Antipolis Cedex<\/address>\n<p><strong>T\u00e9l. :<\/strong>\u00a0+33 4 92 38 77 77<\/p>\n<p><strong>Comment arriver \u00e0 l&rsquo;INRIA:<\/strong><\/p>\n<p><a href=\"https:\/\/maps.google.fr\/maps?q=INRIA+Sophia+Antipolis+M%C3%A9diterran%C3%A9e,+Route+des+Lucioles,+Alpes-Maritimes&amp;hl=fr&amp;ie=UTF8&amp;ll=43.615809,7.06857&amp;spn=0.001654,0.004128&amp;sll=43.615844,7.069445&amp;sspn=0.003309,0.008256&amp;oq=Inria&amp;t=h&amp;hq=INRIA+Sophia+Antipolis+M%C3%A9diterran%C3%A9e,&amp;hnear=Route+des+Lucioles,+Alpes-Maritimes,+Provence-Alpes-C%C3%B4te+d%27Azur&amp;z=19\">Google Maps<\/a><\/p>\n<p>Acc\u00e8s en voiture \u00e0 Sophia Antipolis<\/p>\n<ul>\n<li><strong>Coordonn\u00e9es GPS<\/strong>\u00a0: 43.61619N (43\u00b036&rsquo;58\u00a0\u00bb)\u00a0 7.06786E (07\u00b004&rsquo;04\u00a0\u00bb)<\/li>\n<li>D&rsquo;Aix \u00e0 Marseille par l&rsquo;<a href=\"http:\/\/www.escota.fr\/\" target=\"_blank\">autoroute A8<\/a>\u00a0: Sortie Antibes-Grasse-Sophia Antipolis puis direction Sophia Antipolis.<\/li>\n<li>De Nice par l&rsquo;<a href=\"http:\/\/www.escota.fr\/\" target=\"_blank\">autoroute A8<\/a>\u00a0: Sortie Antibes-Sophia Antipolis, direction Sophia Antipolis (la premi\u00e8re route \u00e0 droite apr\u00e8s le p\u00e9age)<\/li>\n<\/ul>\n<p><a id=\"eztoc35673_1_3_2\" name=\"eztoc35673_1_3_2\"><\/a><\/p>\n<h5>En train<\/h5>\n<ul>\n<li>Pour info : la gare SNCF la plus proche est celle de la ville d&rsquo;Antibes.<\/li>\n<li>Les bus du r\u00e9seau\u00a0<a href=\"http:\/\/www.envibus.fr\/\" target=\"_blank\">Envibus<\/a>\u00a0assurent r\u00e9guli\u00e8rement la liaison vers Sophia. Arr\u00eat \u00ab\u00a0Inria\u00a0\u00bb (lignes 1, 11) ou \u00ab\u00a0IUT\u00a0\u00bb (ligne 9).<\/li>\n<\/ul>\n<p><a id=\"eztoc35673_1_3_3\" name=\"eztoc35673_1_3_3\"><\/a><\/p>\n<h5>En transports en commun<\/h5>\n<ul>\n<li>Depuis l&rsquo;a\u00e9roport ou de Nice-Ville :\u00a0<a href=\"http:\/\/www.cg06.fr\/document\/?f=servir-les-habitants\/fr\/230.pdf\" target=\"_blank\">ligne 230\u00a0<\/a>: liaisons r\u00e9guli\u00e8res de Nice-A\u00e9roport \u00e0 Sophia Antipolis. Attention : la ligne 230 ne passe pas dans l\u2019A\u00e9roport. La d\u00e9pose et prise en charge se fait \u00e0 l&rsquo;arr\u00eat \u00ab\u00a0A\u00e9roport\/Promenade\u00a0\u00bb (face au terminal 1). Le trajet dure 40 minutes environ et co\u00fbte 1,50 \u20ac. Descendre \u00e0 l&rsquo;arr\u00eat \u00ab\u00a0Inria\u00a0\u00bb. Au d\u00e9part de Sophia Antipolis, ce bus dessert l\u2019A\u00e9roport, uniquement sur demande au chauffeur.<\/li>\n<li>A partir des communes de la communaut\u00e9 d&rsquo;agglom\u00e9ration de Sophia Antipolis :\u00a0<a href=\"http:\/\/www.envibus.fr\/\" target=\"_blank\">Envibus. <\/a>Arr\u00eat: \u00ab\u00a0Inria\u00a0\u00bb (lignes 1, 11, 22) ou \u00ab\u00a0IUT\u00a0\u00bb (ligne 9). Co\u00fbt d&rsquo;un trajet: 1\u20ac.<\/li>\n<\/ul>\n<p><a id=\"eztoc35673_1_3_4\" name=\"eztoc35673_1_3_4\"><\/a><\/p>\n<h5>En co-voiturage<\/h5>\n<ul>\n<li>Les sites du\u00a0<a href=\"http:\/\/www.equipage06.fr\/\" target=\"_blank\">conseil g\u00e9n\u00e9ral<\/a>\u00a0et de la\u00a0<a href=\"http:\/\/www.ottoetco.org\/\" target=\"_blank\">communaut\u00e9 d&rsquo;agglom\u00e9ration de Sophia Antipolis (CASA)<\/a>\u00a0mettent rapidement en contact conducteurs et passagers voulant effectuer un voyage en commun&#8230;<\/li>\n<\/ul>\n<h2><strong>H\u00e9bergement<br \/>\n<\/strong><\/h2>\n<p>Une trentaine de chambres ont \u00e9t\u00e9 reserv\u00e9es pour deux nuit\u00e9es (11-13 juin) au Centre International de Valbonne (<a href=\"http:\/\/www.civfrance.com\/centre\/actualites\">CIV<\/a>) pour les jeunes chercheurs participant \u00e0 l&rsquo;atelier. La nuit\u00e9e co\u00fbte 19,50 euros (le petit-d\u00e9je\u00fbner est compris). Un restaurant sur place, type cantine, sert les repas jusqu&rsquo;\u00e0 20:30 et est ouvert jusqu&rsquo;\u00e0 20:45. Co\u00fbt d&rsquo;un repas: 6,60 euros.<\/p>\n<div class=\"alert alert-info\" role=\"alert\"><p class=\"printonly\"><strong>Notice<\/strong><\/p>Ceux qui souhaitent r\u00e9server au CIV sont invit\u00e9s \u00e0 le signaler dans le formulaire d&rsquo;inscription. Le comit\u00e9 d&rsquo;organisation transmettra leurs noms au CIV. Pas besoin de contacter soi-m\u00eame le CIV.<\/div>\n<p>Le trajet CIV-Inria peut se faire \u00e0 pied (environ 20 minutes) ou bien en transports en commun: <a href=\"http:\/\/www.envibus.fr\/\" target=\"_blank\">Envibus<\/a>. Arr\u00eats proches du CIV: \u00ab\u00a0Garbejaire\u00a0\u00bb (lignes 1, 11, 22), \u00ab\u00a0Place Bermond (CIV)\u00a0\u00bb (lignes 9, 22), \u00ab\u00a0Gare routi\u00e8re VSA\u00a0\u00bb (lignes 1, 9, 11, 22).<\/p>\n<address>Adresse:<br \/>\nCentre International de Valbonne (CIV)<br \/>\n190 Rue Fr\u00e9d\u00e9ric Mistral<br \/>\n06560 Valbonne<br \/>\nT\u00e9l\u00e9phone: (+33|0) 4 92 96 52 00<\/address>\n<p><a href=\"https:\/\/maps.google.com\/maps?q=Centre+International+de+Valbonne,+Rue+Fr%C3%A9d%C3%A9ric+Mistral,+Valbonne,+France&amp;hl=ml&amp;ie=UTF8&amp;sll=43.621532,7.041405&amp;sspn=0.015642,0.033023&amp;gl=US&amp;hq=Centre+International+de+Valbonne,&amp;hnear=Rue+Fr%C3%A9d%C3%A9ric+Mistral,+06560+Valbonne,+France&amp;t=m&amp;z=17\">Google Maps<\/a><\/p>\n<p><a id=\"eztoc35673_2\" name=\"eztoc35673_2\"><\/a><\/p>\n<h3>H\u00f4tels<\/h3>\n<ul>\n<li>H\u00f4tel de l&rsquo;Etoile<br \/>\n<address>2 Avenue Gambetta<\/address>\n<address>06600 Antibes<\/address>\n<address>T\u00e9l\u00e9phone: (+33|0) 4 93 34 26 30<\/address>\n<address>Fax: (+33|0) 4 93 34 41 48<\/address>\n<address>Mail: hetoile@club-internet.fr<\/address>\n<\/li>\n<li>H\u00f4tel Bleu Marine<br \/>\n<address>614 chemin des Quatre Chemins<\/address>\n<address>06600 Antibes<\/address>\n<address>T\u00e9l\u00e9phone : (+33|0) 4 93 74 84 84<\/address>\n<address>Fax : (+33|0) 4 93 95 90 26<\/address>\n<address>Mail : hotel-bleu-marine@wanadoo.fr<\/address>\n<\/li>\n<li>H\u00f4tel Le Collier<br \/>\n<address>19 Boulevard du G\u00e9n\u00e9ral Vautrin<\/address>\n<address>06600 Antibes<\/address>\n<address>T\u00e9l\u00e9phone : (+33|0) 4 93 74 56 40<\/address>\n<address>Fax : (+33|0) 4 93 65 99 38<\/address>\n<address>Mail : contact@lecollier-hotelrestaurant.com<\/address>\n<\/li>\n<\/ul>\n<p><\/p>","protected":false},"excerpt":{"rendered":"<p>Lieu Inria Sophia Antipolis &#8211; M\u00e9diterran\u00e9e 2004, route des Lucioles &#8211; BP 93 06902 Sophia Antipolis Cedex T\u00e9l. :\u00a0+33 4 92 38 77 77 Comment arriver \u00e0 l&rsquo;INRIA: Google Maps Acc\u00e8s en voiture \u00e0 Sophia Antipolis Coordonn\u00e9es GPS\u00a0: 43.61619N (43\u00b036&rsquo;58\u00a0\u00bb)\u00a0 7.06786E (07\u00b004&rsquo;04\u00a0\u00bb) D&rsquo;Aix \u00e0 Marseille par l&rsquo;autoroute A8\u00a0: Sortie Antibes-Grasse-Sophia Antipolis puis direction Sophia Antipolis. &hellip; <\/p>\n<p><a class=\"more-link btn\" href=\"https:\/\/project.inria.fr\/aep10\/infos-pratiques\/\">Lire la suite<\/a><\/p>\n","protected":false},"author":58,"featured_media":0,"parent":0,"menu_order":2,"comment_status":"open","ping_status":"open","template":"","meta":{"footnotes":""},"class_list":["post-58","page","type-page","status-publish","hentry","nodate","item-wrap"],"_links":{"self":[{"href":"https:\/\/project.inria.fr\/aep10\/wp-json\/wp\/v2\/pages\/58","targetHints":{"allow":["GET"]}}],"collection":[{"href":"https:\/\/project.inria.fr\/aep10\/wp-json\/wp\/v2\/pages"}],"about":[{"href":"https:\/\/project.inria.fr\/aep10\/wp-json\/wp\/v2\/types\/page"}],"author":[{"embeddable":true,"href":"https:\/\/project.inria.fr\/aep10\/wp-json\/wp\/v2\/users\/58"}],"replies":[{"embeddable":true,"href":"https:\/\/project.inria.fr\/aep10\/wp-json\/wp\/v2\/comments?post=58"}],"version-history":[{"count":25,"href":"https:\/\/project.inria.fr\/aep10\/wp-json\/wp\/v2\/pages\/58\/revisions"}],"predecessor-version":[{"id":429,"href":"https:\/\/project.inria.fr\/aep10\/wp-json\/wp\/v2\/pages\/58\/revisions\/429"}],"wp:attachment":[{"href":"https:\/\/project.inria.fr\/aep10\/wp-json\/wp\/v2\/media?parent=58"}],"curies":[{"name":"wp","href":"https:\/\/api.w.org\/{rel}","templated":true}]}}