

{"id":384,"date":"2023-11-09T11:10:42","date_gmt":"2023-11-09T10:10:42","guid":{"rendered":"https:\/\/project.inria.fr\/affinity\/?page_id=384"},"modified":"2023-12-21T15:13:36","modified_gmt":"2023-12-21T14:13:36","slug":"research-fields","status":"publish","type":"page","link":"https:\/\/project.inria.fr\/affinity\/fr\/research-fields\/","title":{"rendered":"Terrains de recherche"},"content":{"rendered":"<h3 class=\"wp-block-heading\"><strong>Exp\u00e9riences dans des institutions qui accueillent des personnes autistes.<\/strong><\/h3>\n\n\n\n<p>Tout d\u2019abord, en avril 2022, nous nous sommes rendus dans une institution \u00e0 Bordeaux, <a href=\"https:\/\/lenomlieu.org\/\">le Nom Lieu<\/a>, qui propose sp\u00e9cifiquement des activit\u00e9s num\u00e9riques \u00e0 des personnes avec autisme, afin de les aider \u00e0 trouver un emploi dans ce champ. Nous savions, d\u00e8s lors combien les objets num\u00e9riques constituent bien souvent par eux-m\u00eames, une affinit\u00e9 pour les sujets autistes. Aux c\u00f4t\u00e9s des psychologues cliniciens et des informaticiens de l\u2019institution, nous avons donc appris comment nous pouvions offrir une telle activit\u00e9 au sein de notre protocole exp\u00e9rimental, \u00e0 m\u00eame de permettre une rencontre avec ces sujets.<\/p>\n\n\n\n<p>Par la suite, entre Juin 2022 et Mars 2023, nous nous sommes rendus dans quatre institutions de type m\u00e9dico-\u00e9ducatif (IME), pour collecter des donn\u00e9es cliniques et scientifiques gr\u00e2ce \u00e0 la m\u00e9thode du eye-tracking, qui permet de mesurer l\u2019attention visuelle des sujets autistes face \u00e0 leur affinit\u00e9. Ces exp\u00e9rimentations se sont d\u00e9roul\u00e9es en plusieurs phases d\u00e9taill\u00e9es dans l\u2019onglet \u00ab&nbsp;<a href=\"https:\/\/project.inria.fr\/affinity\/experiment-protocol\/\" data-type=\"page\" data-id=\"539\">protocole exp\u00e9rimental<\/a>&nbsp;\u00bb.<\/p>\n\n\n\n<p><strong>Mise en place de l\u2019atelier num\u00e9rique, recueil de donn\u00e9es et r\u00e9alisation des passations&nbsp;:<\/strong><\/p>\n\n\n\n<p><strong>2022<\/strong>:<\/p>\n\n\n\n<ul class=\"wp-block-list\"><li>Institution A&nbsp;: CTR \u00ab\u00a0Nonette\u00a0\u00bb<ul><li>13 sujets autistes<\/li><\/ul><\/li><li>Institution B&nbsp;: IME \u00ab\u00a0La Dusseti\u00e8re\u00a0\u00bb<ul><li>15 sujets autistes<\/li><\/ul><\/li><li>Institution C&nbsp;: IMP \u00ab\u00a0Notre Dame de la Sagesse &#8211; Courtil\u00a0\u00bb <ul><li>16 sujets autistes<\/li><\/ul><\/li><\/ul>\n\n\n\n<p><strong>2023<\/strong>:<\/p>\n\n\n\n<ul class=\"wp-block-list\"><li>Institution D : IME \u00ab\u00a0La maison des enfants aux pays\u00a0\u00bb (MEAP)<ul><li>8 sujets autistes<\/li><\/ul><\/li><\/ul>\n\n\n\n<p><\/p>\n\n\n\n<p><\/p>\n\n\n\n<p><\/p>\n\n\n\n<p><\/p>\n\n\n\n<p><\/p>\n\n\n\n<p><\/p>","protected":false},"excerpt":{"rendered":"<p>Exp\u00e9riences dans des institutions qui accueillent des personnes autistes. Tout d\u2019abord, en avril 2022, nous nous sommes rendus dans une institution \u00e0 Bordeaux, le Nom\u2026<\/p>\n<p> <a class=\"continue-reading-link\" href=\"https:\/\/project.inria.fr\/affinity\/fr\/research-fields\/\"><span>Continue reading<\/span><i class=\"crycon-right-dir\"><\/i><\/a> <\/p>\n","protected":false},"author":2321,"featured_media":0,"parent":0,"menu_order":0,"comment_status":"closed","ping_status":"closed","template":"","meta":{"footnotes":""},"class_list":["post-384","page","type-page","status-publish","hentry"],"_links":{"self":[{"href":"https:\/\/project.inria.fr\/affinity\/fr\/wp-json\/wp\/v2\/pages\/384","targetHints":{"allow":["GET"]}}],"collection":[{"href":"https:\/\/project.inria.fr\/affinity\/fr\/wp-json\/wp\/v2\/pages"}],"about":[{"href":"https:\/\/project.inria.fr\/affinity\/fr\/wp-json\/wp\/v2\/types\/page"}],"author":[{"embeddable":true,"href":"https:\/\/project.inria.fr\/affinity\/fr\/wp-json\/wp\/v2\/users\/2321"}],"replies":[{"embeddable":true,"href":"https:\/\/project.inria.fr\/affinity\/fr\/wp-json\/wp\/v2\/comments?post=384"}],"version-history":[{"count":15,"href":"https:\/\/project.inria.fr\/affinity\/fr\/wp-json\/wp\/v2\/pages\/384\/revisions"}],"predecessor-version":[{"id":609,"href":"https:\/\/project.inria.fr\/affinity\/fr\/wp-json\/wp\/v2\/pages\/384\/revisions\/609"}],"wp:attachment":[{"href":"https:\/\/project.inria.fr\/affinity\/fr\/wp-json\/wp\/v2\/media?parent=384"}],"curies":[{"name":"wp","href":"https:\/\/api.w.org\/{rel}","templated":true}]}}