

{"id":73,"date":"2020-10-09T11:47:09","date_gmt":"2020-10-09T09:47:09","guid":{"rendered":"https:\/\/project.inria.fr\/affinity\/?page_id=73"},"modified":"2023-12-21T15:12:48","modified_gmt":"2023-12-21T14:12:48","slug":"presentation","status":"publish","type":"page","link":"https:\/\/project.inria.fr\/affinity\/fr\/","title":{"rendered":"Pr\u00e9sentation de la recherche"},"content":{"rendered":"<p style=\"text-align: left;\">La plupart des personnes souffrant de Troubles du Spectre de l&rsquo;Autisme (TSA) font \u00e9tat d&rsquo;un int\u00e9r\u00eat personnel et sp\u00e9cifique sur un objet singulier tel qu&rsquo;un jouet, un domaine de connaissances (la route, les avions&#8230;), les dessins anim\u00e9s, la musique&#8230; pour n&rsquo;en nommer que quelques uns. L&rsquo;<em>affinity therapy<\/em>&nbsp;repose tr\u00e8s pr\u00e9cis\u00e9ment sur un tel int\u00e9r\u00eat particulier \u00e0 partir duquel un lien soutenu s&rsquo;instaure entre le monde de la personne autiste et son entourage. Ces affinit\u00e9s, nagu\u00e8re fustig\u00e9es comme des \u00ab obsessions \u00bb ou des \u00ab lubies passag\u00e8res \u00bb, tendent maintenant \u00e0 devenir le support principal du traitement en permettant une ouverture au monde, \u00e0 la socialisation et aux apprentissages.<\/p>\n\n<div class=\"page\" title=\"Page 2\">\n<div class=\"section\">\n<div class=\"layoutArea\">\n<div class=\"column\">\n\nL\u2019<em>Affinity Therapy<\/em>&nbsp;se d\u00e9veloppe en 2014 apr\u00e8s la <a href=\"https:\/\/www.nytimes.com\/2014\/03\/09\/magazine\/reaching-my-autistic-son-through-disney.html\">publication dans le New-York Times&nbsp;d&rsquo;un article<\/a> qui r\u00e9sume l&rsquo;ouvrage que Ron <span style=\"font-family: 'Source Sans Pro';\">Suskind vient de publier :&nbsp;<a href=\"https:\/\/ronsuskind.com\"><em>Life, Animated <\/em>(2014).<\/a> En 2016, il y en aura <a href=\"https:\/\/www.google.fr\/search?source=hp&amp;ei=04VDYNawC6m5gwe3uKegCQ&amp;iflsig=AINFCbYAAAAAYEOT455PS1W1d8TH6HN4rgGkMirrxrT8&amp;q=life+animated&amp;gs_ssp=eJzj4tVP1zc0TDa2yDVPS0s2YPTizclMS1VIzMvMTSxJTQEAhhwJaw&amp;oq=life+animated&amp;gs_lcp=Cgdnd3Mtd2l6EAEYADIFCC4QkwIyAggAMgYIABAWEB4yBggAEBYQHjIGCAAQFhAeMgYIABAWEB4yBggAEBYQHjIGCAAQFhAeMgYIABAWEB4yBggAEBYQHjoICAAQsQMQgwE6DggAELEDEIMBEMcBEKMCOggILhCxAxCDAToFCC4QsQM6BQgAELEDOgsIABCxAxDHARCvAToCCC46CAgAEMcBEK8BOggILhCxAxCTAjoLCC4QsQMQgwEQkwJQiglYlSZg2TJoAXAAeACAAViIAZQGkgECMTSYAQCgAQGqAQdnd3Mtd2l6&amp;sclient=gws-wiz\">m\u00eame un film<\/a>. Dans son \u00e9crit, Ron Suskind, un c\u00e9l\u00e8bre journaliste politique Am\u00e9ricain qui a re\u00e7u le prix Pulitzer, raconte l&rsquo;histoire de son jeune fils Owen chez qui un s\u00e9v\u00e8re trouble de l&rsquo;autisme fut&nbsp;diagnostiqu\u00e9 d\u00e8s l&rsquo;\u00e2ge de 3 ans. Owen a rapidement perdu la capacit\u00e9 de parler. Il a cess\u00e9 d&rsquo;interagir avec l&rsquo;autre et s&rsquo;est repli\u00e9 sur son monde int\u00e9rieur.&nbsp; Le seul int\u00e9r\u00eat d&rsquo;Owen r\u00e9sidait dans le visionnage de films Disney et il pouvait passer de nombreuses heures et voir et \u00e0 revoir ces dessins anim\u00e9s. C&rsquo;est ainsi que Ron Suskind, contre l&rsquo;avis des sp\u00e9cialistes, a choisi de suivre et de soutenir la passion de son fils.&nbsp;<\/span>\n\n<\/div>\nApr\u00e8s plusieurs ann\u00e9es \u00e0 tenir cette position, la th\u00e9rapie centr\u00e9e sur l&rsquo;int\u00e9r\u00eat sp\u00e9cifique d&rsquo;Owen a permis au jeune gar\u00e7on de trouver comment se s\u00e9parer de son propre monde int\u00e9rieur pour davantage se connecter aux autres. Aujourd&rsquo;hui, Owen travaille dans un cin\u00e9ma et s&rsquo;est lanc\u00e9 dans l&rsquo;\u00e9criture de son propre sc\u00e9nario de dessin anim\u00e9.\n\n<span style=\"font-family: 'Source Sans Pro';\">\u00c9tonnamment, l&rsquo;histoire d&rsquo;Owen n&rsquo;est pas unique. Le r\u00e9cent livre&nbsp;<\/span><a href=\"https:\/\/www.google.fr\/search?ei=XodDYJDOF4jAa_T9lcgM&amp;q=Affinity+therapy%22%3A+nouvelles+recherches+sur+l%27autisme%C2%A0Myriam+Che%CC%81rel+2015&amp;oq=Affinity+therapy%22%3A+nouvelles+recherches+sur+l%27autisme%C2%A0Myriam+Che%CC%81rel+2015&amp;gs_lcp=Cgdnd3Mtd2l6EANQrG5YoakBYKKtAWgEcAB4AIABPogBxAKSAQE2mAEAoAEBqgEHZ3dzLXdpesABAQ&amp;sclient=gws-wiz&amp;ved=0ahUKEwiQ9b_C5pvvAhUI4BoKHfR-BckQ4dUDCA0&amp;uact=5\">\u00ab\u00a0Affinity therapy\u00a0\u00bb<em>: nouvelles recherches sur l&rsquo;autisme<\/em><\/a><span style=\"font-family: 'Source Sans Pro';\">&nbsp;publi\u00e9 par Myriam Ch\u00e9rel en 2015 recense et analyse&nbsp;de nombreux cas de personnes avec autisme pour qui l&rsquo;usage de ces passions autistiques a permis au traitement de faire des progr\u00e8s significatifs. Aujourd&rsquo;hui, l&rsquo;<\/span><em>affinity therapy<\/em><span style=\"font-family: 'Source Sans Pro';\">&nbsp;est consid\u00e9r\u00e9e comme un nouvel outil th\u00e9rapeutique qui pourrait r\u00e9volutionner l&rsquo;accompagnement des personnes autistes dans les ann\u00e9es \u00e0 venir. En effet, la plupart des personnes avec TSA t\u00e9moigne de l&rsquo;appui fondamental que leur affinit\u00e9 est pour eux-m\u00eames et pour leur famille.<\/span>\n\n<span style=\"font-family: 'Source Sans Pro';\">Loin des diff\u00e9rentes th\u00e9rapies comportementales ou cognitives qui utilisent les int\u00e9r\u00eats sp\u00e9cifiques comme un \u00ab\u00a0renfor\u00e7ateur positif de comportement\u00a0\u00bb ou comme un \u00ab\u00a0vecteur de d\u00e9veloppement des comp\u00e9tences sociales\u00a0\u00bb, la pratique de l&rsquo;<\/span><em>affinity therapy<\/em><span style=\"font-family: 'Source Sans Pro';\">&nbsp;conduit \u00e0 l&rsquo;observation de changements majeurs dans le quotidien de la personne autiste lorsque ses passions sont consid\u00e9r\u00e9es comme une clef qui ouvre au lien social, aux compr\u00e9hension et expression langagi\u00e8res et aux apprentissages. Cette \u00ab\u00a0clef\u00a0\u00bb est toujours unique, propre \u00e0 chacune des personnes avec TSA. L&rsquo;affinit\u00e9 \u00e9lective est toujours sp\u00e9cifique \u00e0 un <\/span><em>autistic mind<\/em><span style=\"font-family: 'Source Sans Pro';\"> singulier.<\/span>\n\nL&rsquo;Affinity Therapy implique ici l&rsquo;invention d&rsquo;un traitement nouveau pour chacun, que ce soit avec des dessins anim\u00e9s pour l&rsquo;un, des carillons pour un autre, des trains pour un troisi\u00e8me, parfois un animal, etc. L&rsquo;Affinity Therapy n&rsquo;est pas un am\u00e9nagement de parcours d\u00e9j\u00e0 balis\u00e9, c&rsquo;est la cr\u00e9ation d&rsquo;un parcours sur mesure, au cas par cas, \u00e0 partir de la passion toujours singuli\u00e8re des individus autistes.\n\nDe nombreuses institutions accueillant des sujets autistes, int\u00e8grent l&rsquo;objet dit autistique, ou \u00ab\u00a0affinit\u00e9\u00a0\u00bb dans leurs pratiques quotidiennes. Qu&rsquo;elle soit discr\u00e8te ou manifeste, elle n&rsquo;est pas consid\u00e9r\u00e9e comme un obstacle, mais plut\u00f4t comme un objet privil\u00e9gi\u00e9, une affinit\u00e9 \u00e9lective de l&rsquo;autistic mind. Cette pratique s&rsquo;inspire de ces savoir-faire, o\u00f9 le point de vis\u00e9e est de se faire partenaire des personnes avec autisme. \u00ab\u00a0Se faire partenaire\u00a0\u00bb est le principe qui oriente toutes ces pratiques et qui incite par l\u00e0 m\u00eame \u00e0 respecter l&rsquo;alt\u00e9rit\u00e9 du sujet autiste.\n\n<\/div>\n<\/div>\n<\/div>","protected":false},"excerpt":{"rendered":"<p>La plupart des personnes souffrant de Troubles du Spectre de l&rsquo;Autisme (TSA) font \u00e9tat d&rsquo;un int\u00e9r\u00eat personnel et sp\u00e9cifique sur un objet singulier tel qu&rsquo;un\u2026<\/p>\n<p> <a class=\"continue-reading-link\" href=\"https:\/\/project.inria.fr\/affinity\/fr\/\"><span>Continue reading<\/span><i class=\"crycon-right-dir\"><\/i><\/a> <\/p>\n","protected":false},"author":1754,"featured_media":0,"parent":0,"menu_order":0,"comment_status":"closed","ping_status":"closed","template":"","meta":{"footnotes":""},"class_list":["post-73","page","type-page","status-publish","hentry"],"_links":{"self":[{"href":"https:\/\/project.inria.fr\/affinity\/fr\/wp-json\/wp\/v2\/pages\/73","targetHints":{"allow":["GET"]}}],"collection":[{"href":"https:\/\/project.inria.fr\/affinity\/fr\/wp-json\/wp\/v2\/pages"}],"about":[{"href":"https:\/\/project.inria.fr\/affinity\/fr\/wp-json\/wp\/v2\/types\/page"}],"author":[{"embeddable":true,"href":"https:\/\/project.inria.fr\/affinity\/fr\/wp-json\/wp\/v2\/users\/1754"}],"replies":[{"embeddable":true,"href":"https:\/\/project.inria.fr\/affinity\/fr\/wp-json\/wp\/v2\/comments?post=73"}],"version-history":[{"count":56,"href":"https:\/\/project.inria.fr\/affinity\/fr\/wp-json\/wp\/v2\/pages\/73\/revisions"}],"predecessor-version":[{"id":610,"href":"https:\/\/project.inria.fr\/affinity\/fr\/wp-json\/wp\/v2\/pages\/73\/revisions\/610"}],"wp:attachment":[{"href":"https:\/\/project.inria.fr\/affinity\/fr\/wp-json\/wp\/v2\/media?parent=73"}],"curies":[{"name":"wp","href":"https:\/\/api.w.org\/{rel}","templated":true}]}}