

{"id":77,"date":"2020-10-09T11:47:30","date_gmt":"2020-10-09T09:47:30","guid":{"rendered":"https:\/\/project.inria.fr\/affinity\/?page_id=77"},"modified":"2023-12-20T16:08:09","modified_gmt":"2023-12-20T15:08:09","slug":"publications","status":"publish","type":"page","link":"https:\/\/project.inria.fr\/affinity\/fr\/publications\/","title":{"rendered":"Publications"},"content":{"rendered":"<p><\/p>\n<ul>\n<li>Q. Wang, M. Outtas, J. Fournier, E. Etchamendy, M. Ch\u00e9rel, L. Zhang. \u201cPredicting personalized saliency map for people with autism spectrum disorder\u201d. International Conference on Content-based Multimedia Indexing (CBMI), September 2023, Orleans, France.<\/li>\n<li>J. Fournier, E. Etchamendy, M. Ch\u00e9rel, M. Outtas, L. Zhang. \u201cThe impact of the affinity on ASD people visual engagement\u201d. International Conference on Content-based Multimedia Indexing (CBMI), September 2023, Orleans, France.<\/li>\n<li>M. Ch\u00e9rel. \u00ab\u00a0<a href=\"https:\/\/www.sciencedirect.com\/science\/article\/pii\/S001438552300110X?dgcid=author\">La perspective cr\u00e9atrice de l\u2019autisme : le cas extraordinaire de l\u2019autiste peintre Iris Grace\u00a0\u00bb<\/a>. <em>L&rsquo;\u00c9volution Psychiatrique<\/em>, 9 September 2023.<\/li>\n<li>E. Etchamendy, <a href=\"https:\/\/www.courtilpro.be\/courtilenlignes\/index.php\/revue\/article\/28-sur-les-ecrans\/ailleurs\/l-affinite-numerique-et-le-partenaire-machine\">\u00ab L\u2019affinit\u00e9 num\u00e9rique et le partenaire-machine \u00bb<\/a>, <em>Le Courtil en ligneS<\/em>, \u00ab Sur les \u00e9crans \u00bb, n\u00b0 28, juin 2023.<\/li>\n<li>E. Etchamendy, <a href=\"https:\/\/www.hebdo-blog.fr\/dans-lautisme-il-y-a-le-corps\/\">\u00ab Dans l\u2019autisme, il y a le corps \u00bb<\/a>, <em>L\u2019Hebdo-Blog Nouvelle S\u00e9rie<\/em>, n\u00b0 290, 7 janvier 2023.<\/li>\n<li>J. Fournier, M. Outtas, Q. Wang, E. Etchamendy, M. Cherel, L. Zhang. \u201c<em><a href=\"https:\/\/ieeexplore.ieee.org\/document\/9922683\">Does personal interests affect attention? \u2013 An eye-tracking study<\/a><\/em>\u201d. European Workshop on Visual Information Processing (EUVIP), September 2022, Lisbon, Portugal.<\/li>\n<li>Le Meur, O., Nebout, A., Ch\u00e9rel, M., &amp; Etchamendy, E. (2020).\u00a0<i class=\"\"><a href=\"https:\/\/ieeexplore.ieee.org\/abstract\/document\/9179790\">From Kanner Austim to\u00a0Asperger Syndrome, the Difficult Task to Predict Where ASD People Look at<\/a>.\u00a0<\/i>IEEE Access,\u00a08, 162132-162140.<\/li>\n<li>Atelier \u00ab\u00a0Recherches d\u2019exploration interdisciplinaires sur le d\u00e9ploiement attentionnel motiv\u00e9 par les affinit\u00e9s \u00e9lectives\u00a0\u00bb pr\u00e9sent\u00e9 lors du colloque international et interdisciplinaire, <a href=\"https:\/\/www.lairedu.fr\/collection\/colloque-autisme-numerique-et-robotique-quel-partenaire-privilegie-au-21e-siecle\/\"><i class=\"\">Autisme, Num\u00e9rique et Robotique \u2014 quel partenaire privil\u00e9gi\u00e9 au XXI\u00e8me si\u00e8cle ?<\/i><\/a><span style=\"font-family: 'Source Sans Pro';\">, Universit\u00e9 Rennes 2, 7 et 8 novembre 2019.<\/span><\/li>\n<\/ul>\n<p><\/p>","protected":false},"excerpt":{"rendered":"<p>Q. Wang, M. Outtas, J. Fournier, E. Etchamendy, M. Ch\u00e9rel, L. Zhang. \u201cPredicting personalized saliency map for people with autism spectrum disorder\u201d. International Conference on\u2026<\/p>\n<p> <a class=\"continue-reading-link\" href=\"https:\/\/project.inria.fr\/affinity\/fr\/publications\/\"><span>Continue reading<\/span><i class=\"crycon-right-dir\"><\/i><\/a> <\/p>\n","protected":false},"author":2320,"featured_media":0,"parent":0,"menu_order":0,"comment_status":"closed","ping_status":"closed","template":"","meta":{"footnotes":""},"class_list":["post-77","page","type-page","status-publish","hentry"],"_links":{"self":[{"href":"https:\/\/project.inria.fr\/affinity\/fr\/wp-json\/wp\/v2\/pages\/77","targetHints":{"allow":["GET"]}}],"collection":[{"href":"https:\/\/project.inria.fr\/affinity\/fr\/wp-json\/wp\/v2\/pages"}],"about":[{"href":"https:\/\/project.inria.fr\/affinity\/fr\/wp-json\/wp\/v2\/types\/page"}],"author":[{"embeddable":true,"href":"https:\/\/project.inria.fr\/affinity\/fr\/wp-json\/wp\/v2\/users\/2320"}],"replies":[{"embeddable":true,"href":"https:\/\/project.inria.fr\/affinity\/fr\/wp-json\/wp\/v2\/comments?post=77"}],"version-history":[{"count":26,"href":"https:\/\/project.inria.fr\/affinity\/fr\/wp-json\/wp\/v2\/pages\/77\/revisions"}],"predecessor-version":[{"id":606,"href":"https:\/\/project.inria.fr\/affinity\/fr\/wp-json\/wp\/v2\/pages\/77\/revisions\/606"}],"wp:attachment":[{"href":"https:\/\/project.inria.fr\/affinity\/fr\/wp-json\/wp\/v2\/media?parent=77"}],"curies":[{"name":"wp","href":"https:\/\/api.w.org\/{rel}","templated":true}]}}