

{"id":517,"date":"2024-04-03T17:34:00","date_gmt":"2024-04-03T15:34:00","guid":{"rendered":"https:\/\/project.inria.fr\/aimlai\/?page_id=517"},"modified":"2025-06-27T17:30:58","modified_gmt":"2025-06-27T15:30:58","slug":"program","status":"publish","type":"page","link":"https:\/\/project.inria.fr\/aimlai\/previous-editions\/aimlai-2024-7th-edition\/program\/","title":{"rendered":"Program"},"content":{"rendered":"\n<p>All times are given in UTC+3 (Vilnius time). The program happens on Monday, September 9th.<br><strong>9:00am \u2013 9:10am<\/strong>: Welcome and tutorial introduction<br><strong>9:10am \u2013 11:00am<\/strong>: <a href=\"https:\/\/project.inria.fr\/aimlai\/files\/2024\/09\/AIMLAI-Tutorial.pdf\" data-type=\"URL\" data-id=\"https:\/\/project.inria.fr\/aimlai\/files\/2024\/09\/AIMLAI-Tutorial.pdf\" target=\"_blank\" rel=\"noreferrer noopener\">Tutorial on Explainability for Sequential Data and Large Language Models<\/a> (Part I) <br>by Adrien Bibal, Jer\u00f4me Fink, and Beno\u00eet Fr\u00e9nay <br><strong>11:00am \u2013 11:20am: <\/strong>Coffee break<br><strong>11:20am \u2013 1:00pm<\/strong>: <a href=\"https:\/\/project.inria.fr\/aimlai\/files\/2024\/09\/AIMLAI-Tutorial.pdf\" data-type=\"URL\" data-id=\"https:\/\/project.inria.fr\/aimlai\/files\/2024\/09\/AIMLAI-Tutorial.pdf\" target=\"_blank\" rel=\"noreferrer noopener\">Tutorial on Explainability for Sequential Data and Large Language Models<\/a> (Part II) <br>by Adrien Bibal, Jer\u00f4me Fink, and Beno\u00eet Fr\u00e9nay<\/p>\n\n\n\n<p><strong>1:00pm &#8211; 2:00pm:<\/strong> Lunch break<\/p>\n\n\n\n<p><strong>2:00pm &#8211; 2:10pm:<\/strong> Workshop introduction<br><strong>2:10pm &#8211; 3:00pm:<\/strong> <a rel=\"noreferrer noopener\" href=\"https:\/\/project.inria.fr\/aimlai\/files\/2024\/09\/keynote_AIMLAI24_ToonCalders.pdf\" target=\"_blank\">Keynote talk<\/a> by <a href=\"https:\/\/scholar.google.com\/citations?hl=en&amp;user=CcqxbMkAAAAJ\" data-type=\"URL\" data-id=\"https:\/\/scholar.google.com\/citations?hl=en&amp;user=CcqxbMkAAAAJ\">Toon Calders<\/a><br><strong>3:00pm &#8211; 4:00pm:<\/strong> First round of talks<br>\u2013 <strong>3:00pm &#8211;  3:20pm<\/strong>: <a href=\"https:\/\/project.inria.fr\/aimlai\/files\/2024\/09\/Bagel-slides-2024.pdf\" target=\"_blank\" rel=\"noreferrer noopener\">Bagel: A Benchmark for Assessing Graph Neural Network Explanations<\/a> <br>\u2013 <strong>3:20pm &#8211;  3:40pm<\/strong>: <a rel=\"noreferrer noopener\" href=\"https:\/\/project.inria.fr\/aimlai\/files\/2024\/09\/P2_AIMLAI24_Devos.pdf\" target=\"_blank\">Tree ensemble Compression for Interpretability<\/a><br>\u2013 <strong>3:40pm &#8211;  4:00pm<\/strong>: <a rel=\"noreferrer noopener\" href=\"https:\/\/project.inria.fr\/aimlai\/files\/2024\/09\/P3_-AIMLAI24_Sacharidis.pdf\" target=\"_blank\">The Susceptibility of Example-Based Explainability Methods to Class Outliers<\/a><br><strong>4:00pm \u2013 4:20pm<\/strong>: Coffee break<br><strong>4:20pm \u2013 4:40pm<\/strong>: <a rel=\"noreferrer noopener\" href=\"https:\/\/project.inria.fr\/aimlai\/files\/2024\/09\/P4_AIMLAI24_Razzaq.pdf\" target=\"_blank\">Explaining Artificial Neural Networks using Answer Set Programming<\/a><br><strong>4:40pm \u2013 4:50pm<\/strong>: <a rel=\"noreferrer noopener\" href=\"https:\/\/project.inria.fr\/aimlai\/files\/2024\/09\/posterSpotlights_pitch-frames-AIMLAI24.pdf\" target=\"_blank\">Spotlight session<\/a><br><strong>4:50pm \u2013 5:30pm<\/strong>: Posters session<br><strong><strong>5:30pm \u2013 5:45pm<\/strong>: <\/strong>Wrap-up and feedback from workshop participants<\/p>\n","protected":false},"excerpt":{"rendered":"<p>All times are given in UTC+3 (Vilnius time). The program happens on Monday, September 9th.9:00am \u2013 9:10am: Welcome and tutorial introduction9:10am \u2013 11:00am: Tutorial on Explainability for Sequential Data and Large Language Models (Part I) by Adrien Bibal, Jer\u00f4me Fink, and Beno\u00eet Fr\u00e9nay 11:00am \u2013 11:20am: Coffee break11:20am \u2013 1:00pm:\u2026<\/p>\n<p> <a class=\"continue-reading-link\" href=\"https:\/\/project.inria.fr\/aimlai\/previous-editions\/aimlai-2024-7th-edition\/program\/\"><span>Continue reading<\/span><i class=\"crycon-right-dir\"><\/i><\/a> <\/p>\n","protected":false},"author":1481,"featured_media":0,"parent":591,"menu_order":0,"comment_status":"closed","ping_status":"closed","template":"","meta":{"footnotes":""},"class_list":["post-517","page","type-page","status-publish","hentry"],"_links":{"self":[{"href":"https:\/\/project.inria.fr\/aimlai\/wp-json\/wp\/v2\/pages\/517","targetHints":{"allow":["GET"]}}],"collection":[{"href":"https:\/\/project.inria.fr\/aimlai\/wp-json\/wp\/v2\/pages"}],"about":[{"href":"https:\/\/project.inria.fr\/aimlai\/wp-json\/wp\/v2\/types\/page"}],"author":[{"embeddable":true,"href":"https:\/\/project.inria.fr\/aimlai\/wp-json\/wp\/v2\/users\/1481"}],"replies":[{"embeddable":true,"href":"https:\/\/project.inria.fr\/aimlai\/wp-json\/wp\/v2\/comments?post=517"}],"version-history":[{"count":11,"href":"https:\/\/project.inria.fr\/aimlai\/wp-json\/wp\/v2\/pages\/517\/revisions"}],"predecessor-version":[{"id":561,"href":"https:\/\/project.inria.fr\/aimlai\/wp-json\/wp\/v2\/pages\/517\/revisions\/561"}],"up":[{"embeddable":true,"href":"https:\/\/project.inria.fr\/aimlai\/wp-json\/wp\/v2\/pages\/591"}],"wp:attachment":[{"href":"https:\/\/project.inria.fr\/aimlai\/wp-json\/wp\/v2\/media?parent=517"}],"curies":[{"name":"wp","href":"https:\/\/api.w.org\/{rel}","templated":true}]}}