

{"id":689,"date":"2026-04-08T19:33:37","date_gmt":"2026-04-08T17:33:37","guid":{"rendered":"https:\/\/project.inria.fr\/aimlai\/?page_id=689"},"modified":"2026-04-08T19:48:38","modified_gmt":"2026-04-08T17:48:38","slug":"program-committee-2","status":"publish","type":"page","link":"https:\/\/project.inria.fr\/aimlai\/program-committee-2\/","title":{"rendered":"Program Committee"},"content":{"rendered":"\n<h2 class=\"wp-block-heading\">Workshop Chairs<\/h2>\n\n\n<ul>\n\n<li>Tassadit Bouadi (University of Rennes\/IRISA, France)<\/li>\n\n\n\n<li>Luis Gal\u00e1rraga (Inria\/IRISA, France)<\/li>\n\n\n\n<li>Megha Khosla (TU Delft)<\/li>\n\n\n<\/ul>\n\n\n<h2 class=\"wp-block-heading\">Tutorial Organizers<\/h2>\n\n\n\n<ul>\n\n<li>Thomas Dooms (University of Antwerp\/imec-IDLab, Belgium)<\/li>\n\n\n\n<li>Ward Gauderis (Vrije Universiteit Brussel, Belgium)<\/li>\n\n\n\n<li>Jos\u00e9 Oramas (University of Antwerp\/imec-IDLab, Belgium)<\/li>\n\n\n\n<li>Geraint Wiggings (Vrije Universiteit Brussel, Belgium)<\/li>\n<\/ul>\n<!-- \/wp:post-content -->\n\n<!-- wp:heading -->\n<h2 class=\"wp-block-heading\">Reviewers<\/h2>\n<!-- \/wp:heading -->\n\n<!-- wp:list -->\n<ul><!-- wp:list-item -->\n<li>Julien Aligon (Universit\u00e9 Toulouse 1 Capitole)<\/li>\n<!-- \/wp:list-item -->\n\n<!-- wp:list-item -->\n<li>Tassadit Bouadi (Universit\u00e9 Rennes 1)<\/li>\n<!-- \/wp:list-item -->\n\n<!-- wp:list-item -->\n<li>Hamed Behzadi-Khormouji (University of Antwerp, imec-IDLab)<\/li>\n<!-- \/wp:list-item -->\n\n<!-- wp:list-item -->\n<li>L\u00e9na\u00efg Cornanguer (CISPA Helmholtz Center for Information Security)<\/li>\n<!-- \/wp:list-item -->\n\n<!-- wp:list-item -->\n<li>Fran\u00e7oise Fessant (Orange)<\/li>\n<!-- \/wp:list-item -->\n\n<!-- wp:list-item -->\n<li>Beno\u00eet Fr\u00e9nay (University of Namur)<\/li>\n<!-- \/wp:list-item -->\n\n<!-- wp:list-item -->\n<li>Luis Gal\u00e1rraga (INRIA)<\/li>\n<!-- \/wp:list-item -->\n\n<!-- wp:list-item -->\n<li>Romaric Gaudel (Universit\u00e9 Rennes 1 \/ IRISA)<\/li>\n<!-- \/wp:list-item -->\n\n<!-- wp:list-item -->\n<li>S\u00e9bastien Gambs (UQAM)<\/li>\n<!-- \/wp:list-item -->\n\n<!-- wp:list-item -->\n<li>Doreen Jirak (University of Antwerp)<\/li>\n<!-- \/wp:list-item -->\n\n<!-- wp:list-item -->\n<li>Gwladys Kelodjou (Universit\u00e9 Rennes 1 \/ INRIA)<\/li>\n<!-- \/wp:list-item -->\n\n<!-- wp:list-item -->\n<li>Megha Khosla (TU Delft)<\/li>\n<!-- \/wp:list-item -->\n\n<!-- wp:list-item -->\n<li>Amedeo Napoli (LORIA, Nancy)<\/li>\n<!-- \/wp:list-item -->\n\n<!-- wp:list-item -->\n<li>Jose Oramas (University of Antwerp, sqIRL\/IDLab, imec)<\/li>\n<!-- \/wp:list-item -->\n\n<!-- wp:list-item -->\n<li>Saja Tawalbeh (University of Antwerp, sqIRL\/IDLab, imec)<\/li>\n<!-- \/wp:list-item -->\n\n<!-- wp:list-item -->\n<li>Alexandre Termier (Universit\u00e9 Rennes 1)<\/li>\n<!-- \/wp:list-item -->\n\n<!-- wp:list-item -->\n<li>Benjamin Vandersmissen (University of Antwerp, imec-IDLab)<\/li>\n<!-- \/wp:list-item --><\/ul>","protected":false},"excerpt":{"rendered":"<p>Workshop Chairs Tutorial Organizers Reviewers Julien Aligon (Universit\u00e9 Toulouse 1 Capitole) Tassadit Bouadi (Universit\u00e9 Rennes 1) Hamed Behzadi-Khormouji (University of Antwerp, imec-IDLab) L\u00e9na\u00efg Cornanguer (CISPA Helmholtz Center for Information Security) Fran\u00e7oise Fessant (Orange) Beno\u00eet Fr\u00e9nay (University of Namur) Luis Gal\u00e1rraga (INRIA) Romaric Gaudel (Universit\u00e9 Rennes 1 \/ IRISA) S\u00e9bastien Gambs\u2026<\/p>\n<p> <a class=\"continue-reading-link\" href=\"https:\/\/project.inria.fr\/aimlai\/program-committee-2\/\"><span>Continue reading<\/span><i class=\"crycon-right-dir\"><\/i><\/a> <\/p>\n","protected":false},"author":1481,"featured_media":0,"parent":0,"menu_order":0,"comment_status":"closed","ping_status":"closed","template":"","meta":{"footnotes":""},"class_list":["post-689","page","type-page","status-publish","hentry"],"_links":{"self":[{"href":"https:\/\/project.inria.fr\/aimlai\/wp-json\/wp\/v2\/pages\/689","targetHints":{"allow":["GET"]}}],"collection":[{"href":"https:\/\/project.inria.fr\/aimlai\/wp-json\/wp\/v2\/pages"}],"about":[{"href":"https:\/\/project.inria.fr\/aimlai\/wp-json\/wp\/v2\/types\/page"}],"author":[{"embeddable":true,"href":"https:\/\/project.inria.fr\/aimlai\/wp-json\/wp\/v2\/users\/1481"}],"replies":[{"embeddable":true,"href":"https:\/\/project.inria.fr\/aimlai\/wp-json\/wp\/v2\/comments?post=689"}],"version-history":[{"count":5,"href":"https:\/\/project.inria.fr\/aimlai\/wp-json\/wp\/v2\/pages\/689\/revisions"}],"predecessor-version":[{"id":700,"href":"https:\/\/project.inria.fr\/aimlai\/wp-json\/wp\/v2\/pages\/689\/revisions\/700"}],"wp:attachment":[{"href":"https:\/\/project.inria.fr\/aimlai\/wp-json\/wp\/v2\/media?parent=689"}],"curies":[{"name":"wp","href":"https:\/\/api.w.org\/{rel}","templated":true}]}}