

{"id":4,"date":"2011-12-08T11:55:34","date_gmt":"2011-12-08T11:55:34","guid":{"rendered":"http:\/\/project.inria.fr\/template1\/?page_id=4"},"modified":"2025-11-10T15:25:33","modified_gmt":"2025-11-10T14:25:33","slug":"home","status":"publish","type":"page","link":"https:\/\/project.inria.fr\/algoknot\/fr\/","title":{"rendered":"Accueil"},"content":{"rendered":"<p>Le project AlgoKnot vise \u00e0 raffiner notre compr\u00e9hension de la complexit\u00e9 algorithmique et combinatoire des diverses facettes de la th\u00e9orie des n\u0153uds, ainsi qu&rsquo;\u00e0 \u00e9laborer des algorithmes efficaces et du logiciel pour \u00e9tudier leurs relations. L&rsquo;\u00e9tude math\u00e9matique des n\u0153uds a cr\u00e9\u00e9 des ramifications dans les domaines divers de la topologie, la combinatoire, la g\u00e9om\u00e9trie et l&rsquo;alg\u00e8bre. En retour, cette vari\u00e9t\u00e9 est refl\u00e9t\u00e9e par la richesse des techniques algorithmiques pour le calcul effectif de propri\u00e9t\u00e9s des n\u0153uds. De plus, certaines des conjectures math\u00e9matiques les plus profondes du domaine pr\u00e9disent de subtiles connections entre ces diff\u00e9rentes propri\u00e9t\u00e9s. Le calcul exp\u00e9rimental joue un r\u00f4le fondamental dans l&rsquo;\u00e9laboration et la v\u00e9rification de ces conjectures. En cons\u00e9quence, le projet AlgoKnot vise \u00e0 approfondir notre compr\u00e9hension algorithmique des invariants de n\u0153uds, \u00e0 cr\u00e9er des algorithmes efficaces pour les calculer, et \u00e0 v\u00e9rifier exp\u00e9rimentalement des conjectures math\u00e9matiques.<\/p>","protected":false},"excerpt":{"rendered":"<p>Le project AlgoKnot vise \u00e0 raffiner notre compr\u00e9hension de la complexit\u00e9 algorithmique et combinatoire des diverses facettes de la th\u00e9orie des n\u0153uds, ainsi qu&rsquo;\u00e0 \u00e9laborer des algorithmes efficaces et du logiciel pour \u00e9tudier leurs relations. L&rsquo;\u00e9tude math\u00e9matique des n\u0153uds a cr\u00e9\u00e9 des ramifications dans les domaines divers de la topologie,\u2026<\/p>\n<p> <a class=\"continue-reading-link\" href=\"https:\/\/project.inria.fr\/algoknot\/fr\/\"><span>Continue reading<\/span><i class=\"crycon-right-dir\"><\/i><\/a> <\/p>\n","protected":false},"author":1,"featured_media":0,"parent":0,"menu_order":0,"comment_status":"closed","ping_status":"open","template":"","meta":{"footnotes":""},"class_list":["post-4","page","type-page","status-publish","hentry"],"_links":{"self":[{"href":"https:\/\/project.inria.fr\/algoknot\/fr\/wp-json\/wp\/v2\/pages\/4","targetHints":{"allow":["GET"]}}],"collection":[{"href":"https:\/\/project.inria.fr\/algoknot\/fr\/wp-json\/wp\/v2\/pages"}],"about":[{"href":"https:\/\/project.inria.fr\/algoknot\/fr\/wp-json\/wp\/v2\/types\/page"}],"author":[{"embeddable":true,"href":"https:\/\/project.inria.fr\/algoknot\/fr\/wp-json\/wp\/v2\/users\/1"}],"replies":[{"embeddable":true,"href":"https:\/\/project.inria.fr\/algoknot\/fr\/wp-json\/wp\/v2\/comments?post=4"}],"version-history":[{"count":9,"href":"https:\/\/project.inria.fr\/algoknot\/fr\/wp-json\/wp\/v2\/pages\/4\/revisions"}],"predecessor-version":[{"id":133,"href":"https:\/\/project.inria.fr\/algoknot\/fr\/wp-json\/wp\/v2\/pages\/4\/revisions\/133"}],"wp:attachment":[{"href":"https:\/\/project.inria.fr\/algoknot\/fr\/wp-json\/wp\/v2\/media?parent=4"}],"curies":[{"name":"wp","href":"https:\/\/api.w.org\/{rel}","templated":true}]}}