

{"id":79,"date":"2022-02-15T17:48:14","date_gmt":"2022-02-15T16:48:14","guid":{"rendered":"https:\/\/project.inria.fr\/algoknot\/?page_id=79"},"modified":"2025-11-10T15:12:52","modified_gmt":"2025-11-10T14:12:52","slug":"members","status":"publish","type":"page","link":"https:\/\/project.inria.fr\/algoknot\/members\/","title":{"rendered":"Members"},"content":{"rendered":"<p><\/p>\n<ul>\n<li><a href=\"https:\/\/www-sop.inria.fr\/members\/Clement.Maria\/\">Cl\u00e9ment Maria<\/a> (PI)<\/li>\n<li><a href=\"https:\/\/hlovisiennes.github.io\/website\/\">Henrique Lovisi Ennes<\/a> (PhD student 2024&#8211;2026)<\/li>\n<li><a href=\"https:\/\/www-sop.inria.fr\/members\/Owen.Rouille\/\">Owen Rouill\u00e9<\/a> (PhD student 2018&#8211;2022)<\/li>\n<li><a href=\"https:\/\/kristofhuszar.github.io\/\">Krist\u00f3f Husz\u00e1r<\/a> (Postdoc fellow 2020&#8211;2022)<\/li>\n<li><a href=\"https:\/\/corentinlunel.github.io\/\">Corentin Lunel<\/a> (Postdoc fellow 2024&#8211;2025)<\/li>\n<\/ul>\n<p><\/p>","protected":false},"excerpt":{"rendered":"<p>Cl\u00e9ment Maria (PI) Henrique Lovisi Ennes (PhD student 2024&#8211;2026) Owen Rouill\u00e9 (PhD student 2018&#8211;2022) Krist\u00f3f Husz\u00e1r (Postdoc fellow 2020&#8211;2022) Corentin Lunel (Postdoc fellow 2024&#8211;2025)<\/p>\n<p> <a class=\"continue-reading-link\" href=\"https:\/\/project.inria.fr\/algoknot\/members\/\"><span>Continue reading<\/span><i class=\"crycon-right-dir\"><\/i><\/a> <\/p>\n","protected":false},"author":469,"featured_media":0,"parent":0,"menu_order":0,"comment_status":"closed","ping_status":"closed","template":"","meta":{"footnotes":""},"class_list":["post-79","page","type-page","status-publish","hentry"],"_links":{"self":[{"href":"https:\/\/project.inria.fr\/algoknot\/wp-json\/wp\/v2\/pages\/79","targetHints":{"allow":["GET"]}}],"collection":[{"href":"https:\/\/project.inria.fr\/algoknot\/wp-json\/wp\/v2\/pages"}],"about":[{"href":"https:\/\/project.inria.fr\/algoknot\/wp-json\/wp\/v2\/types\/page"}],"author":[{"embeddable":true,"href":"https:\/\/project.inria.fr\/algoknot\/wp-json\/wp\/v2\/users\/469"}],"replies":[{"embeddable":true,"href":"https:\/\/project.inria.fr\/algoknot\/wp-json\/wp\/v2\/comments?post=79"}],"version-history":[{"count":6,"href":"https:\/\/project.inria.fr\/algoknot\/wp-json\/wp\/v2\/pages\/79\/revisions"}],"predecessor-version":[{"id":131,"href":"https:\/\/project.inria.fr\/algoknot\/wp-json\/wp\/v2\/pages\/79\/revisions\/131"}],"wp:attachment":[{"href":"https:\/\/project.inria.fr\/algoknot\/wp-json\/wp\/v2\/media?parent=79"}],"curies":[{"name":"wp","href":"https:\/\/api.w.org\/{rel}","templated":true}]}}