

{"id":92,"date":"2021-06-23T17:34:52","date_gmt":"2021-06-23T15:34:52","guid":{"rendered":"https:\/\/project.inria.fr\/anrdigraphs\/?page_id=92"},"modified":"2023-06-06T19:56:44","modified_gmt":"2023-06-06T17:56:44","slug":"meetings","status":"publish","type":"page","link":"https:\/\/project.inria.fr\/anrdigraphs\/meetings\/","title":{"rendered":"Meetings"},"content":{"rendered":"<h3><\/h3>\n<h3><\/h3>\n<h3>Fifth ANR Digraph meeting<\/h3>\n<h4>S\u00e8te May 30 &#8211; June 2, 2023.<\/h4>\n<p><span class=\"author-a-z72z0z70z6tz84zz71z1z74zd6tgajz77z b\"><b>Participants: <\/b><br class=\"\" \/>Pierre Aboulker, Guillaume Aubian, Joergen Bang-Jensen, <\/span><span class=\"author-a-z72z0z70z6tz84zz71z1z74zd6tgajz77z b\">St\u00e9phane Bessy, Romain Biourneuf, Pierre Charbit, <\/span><span class=\"author-a-z72z0z70z6tz84zz71z1z74zd6tgajz77z b\">Julien Duron, Colin Geniet, <\/span><span class=\"author-a-z72z0z70z6tz84zz71z1z74zd6tgajz77z b\">Emeric Gioan, <\/span><span class=\"author-a-z72z0z70z6tz84zz71z1z74zd6tgajz77z b\">Daniel Gon\u00e7alves, Ararat Harutyunyan, <\/span><span class=\"author-a-z72z0z70z6tz84zz71z1z74zd6tgajz77z b\">Fr\u00e9d\u00e9ric Havet, Florian Hoersch, Hugo Jacob, Kolja Knauer, William Lochet, <\/span><span class=\"author-a-z72z0z70z6tz84zz71z1z74zd6tgajz77z b\">Yann Marin,<\/span><span class=\"author-a-z72z0z70z6tz84zz71z1z74zd6tgajz77z b\"> Lucas Picasarri-Arrieta, Gil Puigi-Surroca<\/span><span class=\"author-a-z72z0z70z6tz84zz71z1z74zd6tgajz77z b\">, <\/span><span class=\"author-a-z72z0z70z6tz84zz71z1z74zd6tgajz77z b\">Cl\u00e9ment Rambaud, <\/span><span class=\"author-a-z72z0z70z6tz84zz71z1z74zd6tgajz77z b\">Amadeus Reinald, St\u00e9phan Thomass\u00e9, <\/span><span class=\"author-a-z72z0z70z6tz84zz71z1z74zd6tgajz77z b\">Nicolas <span id=\"DWT7743\" class=\"ZmSearchResult\"><span id=\"DWT7762\" class=\"ZmSearchResult\">Trotignon, Petru Valicov, <\/span><\/span>R\u00e9mi Watrigant, Raul Wayne, Anders Yeo<br \/>\n<\/span><\/p>\n<h4><span class=\"author-a-z72z0z70z6tz84zz71z1z74zd6tgajz77z b\"><b>Programme :<\/b><\/span><\/h4>\n<p><span style=\"font-size: large;\"><br \/>\n<span id=\"OBJ_PREFIX_DWT236_com_zimbra_date\" class=\"Object\" role=\"link\">Mardi<\/span> 30 Mai<br \/>\n&#8212;&#8212;&#8212;&#8212;&#8212;&#8212;&#8212;&#8212;&#8212;&#8212;&#8212;&#8212;&#8212;&#8212;&#8212;&#8212;-<br \/>\n9h30-10h30 Joergen Bang-Jensen : Open problem in digraphs.<a href=\"https:\/\/project.inria.fr\/anrdigraphs\/files\/2023\/05\/SeteMay30.pdf\"> Slides<\/a><\/span><\/p>\n<p><span style=\"font-size: large;\">10h45-12h00 Open Problems Session 1.<br \/>\n&#8212;&#8212;&#8212;&#8212;&#8212;&#8212;&#8212;&#8212;&#8212;&#8212;&#8212;&#8212;&#8212;&#8212;&#8212;&#8212;-<br \/>\n14h00-15h00 Open Problems Session 2.\u00a0 <a href=\"https:\/\/project.inria.fr\/anrdigraphs\/files\/2023\/06\/OpenPbl-2.pdf\">Open Problems of the 2 sessions<\/a><\/span><\/p>\n<p><span style=\"font-size: large;\">15h15-15h50 Raul Lopes :\u00a0 New Menger-like dualities in digraphs and applications to half-integral linkages.<\/span><\/p>\n<p><span id=\"OBJ_PREFIX_DWT237_com_zimbra_date\" class=\"Object\" role=\"link\">Mercredi<\/span> 31 Mai<br \/>\n&#8212;&#8212;&#8212;&#8212;&#8212;&#8212;&#8212;&#8212;&#8212;&#8212;&#8212;&#8212;&#8212;&#8212;&#8212;&#8212;-<br \/>\n9h30-10h30 Anders Yeo : Directed max-cut and some generalizations. <a href=\"https:\/\/project.inria.fr\/anrdigraphs\/files\/2023\/06\/slides_ay.pdf\">Slides<\/a><br \/>\n10h45-11h25 Guillaume Aubian : Maximum local arc-connectivity and dichromatic number. <a href=\"https:\/\/project.inria.fr\/anrdigraphs\/files\/2023\/06\/Lambda_Se\u0300te.pdf\">Slides<\/a><br \/>\n11h30-12h15 Julien Duron : On the minimum number of inversions to make a digraph k-(arc-)strong. <a href=\"https:\/\/project.inria.fr\/anrdigraphs\/files\/2023\/06\/Digraph_StrongInc-4.pdf\">Slides<\/a><!--more--><\/p>\n<p><span style=\"font-size: large;\"> &#8212;&#8212;&#8212;&#8212;&#8212;&#8212;&#8212;&#8212;&#8212;&#8212;&#8212;&#8212;&#8212;&#8212;&#8212;&#8212;-<\/span><\/p>\n<p><span style=\"font-size: large;\">14h30-15h00 Yann Marin : Oriented matroid convexity in directed graphs.<br \/>\n<\/span><\/p>\n<p><span style=\"font-size: large;\"><span id=\"OBJ_PREFIX_DWT239_com_zimbra_date\" class=\"Object\" role=\"link\">Jeudi<\/span> 1er Juin<br \/>\n&#8212;&#8212;&#8212;&#8212;&#8212;&#8212;&#8212;&#8212;&#8212;&#8212;&#8212;&#8212;&#8212;&#8212;&#8212;&#8212;-<\/span><\/p>\n<p>9h45-10h30 Colin Geniet : A tamed family of triangle-free graphs with unbounded chromatic number<br \/>\n10h45-11h15 Lucas Picasarri-Arrieta : On the minimum number of arcs in 4-dicritical oriented graphs. <a href=\"https:\/\/project.inria.fr\/anrdigraphs\/files\/2023\/06\/main-1.pdf\">Slides<\/a><br \/>\n11h20-12h00: Gil <span class=\"author-a-z72z0z70z6tz84zz71z1z74zd6tgajz77z b\">Puigi-Surroca<\/span> : Dichromatic number\/list number of some families of digraphs. <a href=\"https:\/\/project.inria.fr\/anrdigraphs\/files\/2023\/06\/presentation-2.pdf\">Slides<\/a><\/p>\n<p><span id=\"OBJ_PREFIX_DWT240_com_zimbra_date\" class=\"Object\" role=\"link\">Vendredi<\/span> 2 Juin<br \/>\n&#8212;&#8212;&#8212;&#8212;&#8212;&#8212;&#8212;&#8212;&#8212;&#8212;&#8212;&#8212;&#8212;&#8212;&#8212;&#8212;<\/p>\n<p><span style=\"font-size: large;\"> 10h00 : Solved\u00a0 problems.<br \/>\n<\/span><\/p>\n<p><span class=\"author-a-z72z0z70z6tz84zz71z1z74zd6tgajz77z b\"><b><\/b><br \/>\n<\/span><\/p>\n<h3><\/h3>\n<h3>Fourth ANR Digraph meeting<\/h3>\n<h4>Lyon January 25 &#8211; 27, 2023.<\/h4>\n<div id=\"magicdomid61\" class=\"ace-line\" spellcheck=\"true\"><span class=\"author-a-z72z0z70z6tz84zz71z1z74zd6tgajz77z b\"><b>Participants: <\/b><br class=\"\" \/>Pierre Aboulker, Guillaume Aubian, <\/span><span class=\"author-a-z72z0z70z6tz84zz71z1z74zd6tgajz77z b\">St\u00e9phane Bessy, <\/span><span class=\"author-a-z72z0z70z6tz84zz71z1z74zd6tgajz77z b\">Julien Duron, Colin Geniet, <\/span><span class=\"author-a-z72z0z70z6tz84zz71z1z74zd6tgajz77z b\">Emeric Gioan, <\/span><span class=\"author-a-z72z0z70z6tz84zz71z1z74zd6tgajz77z b\">Daniel Gon\u00e7alves, <\/span><span class=\"author-a-z72z0z70z6tz84zz71z1z74zd6tgajz77z b\">Fr\u00e9d\u00e9ric Havet, <\/span><span class=\"author-a-z72z0z70z6tz84zz71z1z74zd6tgajz77z b\">Yann Marin, <\/span><span class=\"author-a-z72z0z70z6tz84zz71z1z74zd6tgajz77z b\">Nicolas Nisse, Lucas Picasarri-Arrieta, <\/span><span class=\"author-a-z72z0z70z6tz84zz71z1z74zd6tgajz77z b\">Pegah Pournajafi, <\/span><span class=\"author-a-z72z0z70z6tz84zz71z1z74zd6tgajz77z b\">Cl\u00e9ment Rambaud, <\/span><span class=\"author-a-z72z0z70z6tz84zz71z1z74zd6tgajz77z b\">Amadeus Reinald, St\u00e9phna Thomass\u00e9, <\/span><span class=\"author-a-z72z0z70z6tz84zz71z1z74zd6tgajz77z b\">Nicolas <span id=\"DWT7743\" class=\"ZmSearchResult\"><span id=\"DWT7762\" class=\"ZmSearchResult\">Trotignon, <\/span><\/span>R\u00e9mi Watrigant<br class=\"\" \/><b><br \/>\n<\/b><\/span><\/div>\n<div spellcheck=\"true\"><\/div>\n<div class=\"ace-line\" spellcheck=\"true\"><span class=\"author-a-z72z0z70z6tz84zz71z1z74zd6tgajz77z b\"><b>Programme : <\/b><\/span><\/div>\n<div id=\"magicdomid62\" class=\"ace-line\" spellcheck=\"true\"><span class=\"author-a-z72z0z70z6tz84zz71z1z74zd6tgajz77z\">A partir de 9:00 : accueil caf\u00e9, discussion libre<\/span><\/div>\n<div id=\"magicdomid63\" class=\"ace-line\" spellcheck=\"true\"><\/div>\n<div id=\"magicdomid64\" class=\"ace-line\" spellcheck=\"true\"><span class=\"author-a-z72z0z70z6tz84zz71z1z74zd6tgajz77z\">10:00 &#8211; 11:30 : s\u00e9ance de <strong>probl\u00e8mes ouverts<\/strong>,\u00a0 pr\u00e9sence de tous attendu\u00a0<\/span><\/div>\n<div id=\"magicdomid65\" class=\"ace-line\" spellcheck=\"true\"><\/div>\n<div id=\"magicdomid66\" class=\"ace-line\" spellcheck=\"true\"><span class=\"author-a-z72z0z70z6tz84zz71z1z74zd6tgajz77z\">11:30 : d\u00e9jeuner<br \/>\n<\/span><\/div>\n<div id=\"magicdomid67\" class=\"ace-line\" spellcheck=\"true\"><\/div>\n<div id=\"magicdomid68\" class=\"ace-line\" spellcheck=\"true\"><span class=\"author-a-z72z0z70z6tz84zz71z1z74zd6tgajz77z\">13:30 &#8211; 14:30 <strong>Ramsey Problem for the dichromatic number<\/strong><\/span><\/div>\n<div id=\"magicdomid69\" class=\"ace-line\" spellcheck=\"true\"><span class=\"author-a-z72z0z70z6tz84zz71z1z74zd6tgajz77z\">Par Pierre Aboulker<\/span><\/div>\n<div id=\"magicdomid70\" class=\"ace-line\" spellcheck=\"true\"><\/div>\n<div id=\"magicdomid71\" class=\"ace-line\" spellcheck=\"true\"><span class=\"author-a-z72z0z70z6tz84zz71z1z74zd6tgajz77z\">15:00 &#8211; 18:00 Suite des probl\u00e8mes ouverts, travail en groupe<\/span><\/div>\n<div id=\"magicdomid75\" class=\"ace-line\" spellcheck=\"true\"><\/div>\n<div id=\"magicdomid76\" class=\"ace-line\" spellcheck=\"true\"><span class=\"author-a-z72z0z70z6tz84zz71z1z74zd6tgajz77z b\"><b>Jeudi\u00a0<\/b><\/span><\/div>\n<div id=\"magicdomid77\" class=\"ace-line\" spellcheck=\"true\"><\/div>\n<div id=\"magicdomid78\" class=\"ace-line\" spellcheck=\"true\"><span class=\"author-a-z72z0z70z6tz84zz71z1z74zd6tgajz77z\">10:00 <\/span><strong><span class=\"author-a-z78zz76zrz90zljz89zgz79zz87zz67zz81zz90zz87zyu\">P<\/span><span class=\"author-a-z72z0z70z6tz84zz71z1z74zd6tgajz77z\">rogr\u00e8s sur les inversions\u00a0<\/span><\/strong><\/div>\n<div id=\"magicdomid79\" class=\"ace-line\" spellcheck=\"true\"><span class=\"author-a-z72z0z70z6tz84zz71z1z74zd6tgajz77z\">Par Cl\u00e9ment Rambaud<\/span><\/div>\n<div id=\"magicdomid80\" class=\"ace-line\" spellcheck=\"true\"><\/div>\n<div id=\"magicdomid81\" class=\"ace-line\" spellcheck=\"true\"><span class=\"author-a-z78zz76zrz90zljz89zgz79zz87zz67zz81zz90zz87zyu\">11:30 D\u00e9jeuner<\/span><\/div>\n<div id=\"magicdomid82\" class=\"ace-line\" spellcheck=\"true\"><\/div>\n<div id=\"magicdomid83\" class=\"ace-line\" spellcheck=\"true\"><span class=\"author-a-z72z0z70z6tz84zz71z1z74zd6tgajz77z\">13:30 : Probl\u00e8mes ouverts puis travail en groupe<\/span><\/div>\n<div id=\"magicdomid84\" class=\"ace-line\" spellcheck=\"true\"><\/div>\n<div id=\"magicdomid85\" class=\"ace-line\" spellcheck=\"true\"><\/div>\n<div id=\"magicdomid86\" class=\"ace-line\" spellcheck=\"true\"><span class=\"author-a-z78zz76zrz90zljz89zgz79zz87zz67zz81zz90zz87zyu b\"><b>Vendredi<\/b><\/span><\/div>\n<div id=\"magicdomid87\" class=\"ace-line\" spellcheck=\"true\"><\/div>\n<div id=\"magicdomid88\" class=\"ace-line\" spellcheck=\"true\"><span class=\"author-a-z78zz76zrz90zljz89zgz79zz87zz67zz81zz90zz87zyu\">10:00 <strong>Reconfigurations de dicolorations.<\/strong><\/span><\/div>\n<div id=\"magicdomid89\" class=\"ace-line\" spellcheck=\"true\"><span class=\"author-a-z72z0z70z6tz84zz71z1z74zd6tgajz77z\">Par Lucas Picasarri-Arrieta<\/span><\/div>\n<div id=\"magicdomid90\" class=\"ace-line\" spellcheck=\"true\"><\/div>\n<div id=\"magicdomid91\" class=\"ace-line\" spellcheck=\"true\"><span class=\"author-a-z78zz76zrz90zljz89zgz79zz87zz67zz81zz90zz87zyu\">11:30 D\u00e9jeuner<\/span><\/div>\n<div id=\"magicdomid92\" class=\"ace-line\" spellcheck=\"true\"><\/div>\n<div id=\"magicdomid93\" class=\"ace-line\" spellcheck=\"true\"><span class=\"author-a-z78zz76zrz90zljz89zgz79zz87zz67zz81zz90zz87zyu\">13:30: Travail en groupe<\/span><span class=\"author-a-z72z0z70z6tz84zz71z1z74zd6tgajz77z\"><br \/>\n<\/span><\/div>\n<div id=\"magicdomid94\" class=\"ace-line\" spellcheck=\"true\"><\/div>\n<div id=\"magicdomid95\" class=\"ace-line\" spellcheck=\"true\"><\/div>\n<h3>Third ANR Digraph meeting<\/h3>\n<h4>Les Plantiers June 27 &#8211; July 3, 2022.<\/h4>\n<p><span class=\"author-a-z72z0z70z6tz84zz71z1z74zd6tgajz77z b\"><b>Participants: <\/b><br class=\"\" \/>Pierre Aboulker, Guillaume Aubian, <\/span><span class=\"author-a-z72z0z70z6tz84zz71z1z74zd6tgajz77z b\">Pierre Charbit, <\/span><span class=\"author-a-z72z0z70z6tz84zz71z1z74zd6tgajz77z b\">Julien Duron, Colin Geniet, <\/span><span class=\"author-a-z72z0z70z6tz84zz71z1z74zd6tgajz77z b\">Emeric Gioan<\/span><span class=\"author-a-z72z0z70z6tz84zz71z1z74zd6tgajz77z b\">, Ararat Harutyunyan, <\/span><span class=\"author-a-z72z0z70z6tz84zz71z1z74zd6tgajz77z b\">Fr\u00e9d\u00e9ric Havet, Florian Hoersch, <span dir=\"ltr\" role=\"presentation\">Felix Klingelhoefer<\/span>, William Lochet, <\/span><span class=\"author-a-z72z0z70z6tz84zz71z1z74zd6tgajz77z b\">Alantha Newman, Nicolas Nisse, Lucas Picasarri-Arrieta,<\/span> <span class=\"author-a-z72z0z70z6tz84zz71z1z74zd6tgajz77z b\">Cl\u00e9ment Rambaud,<\/span><span class=\"author-a-z72z0z70z6tz84zz71z1z74zd6tgajz77z b\"> St\u00e9phan Thomass\u00e9, <span dir=\"ltr\" role=\"presentation\">Quentin Vermande<\/span>.<br \/>\n<\/span><\/p>\n<h3><\/h3>\n<h3>Second ANR Digraph meeting<\/h3>\n<h4 style=\"text-align: left;\">\u00a0\u00a0\u00a0\u00a0\u00a0\u00a0\u00a0\u00a0\u00a0\u00a0\u00a0\u00a0\u00a0\u00a0\u00a0\u00a0\u00a0 on-line June 15 &#8211; 18, 2021.<\/h4>\n<h5><strong>Programme :<\/strong><\/h5>\n<p><strong>Tuesday June 15<\/strong><\/p>\n<p><strong>2pm<\/strong> : Fr\u00e9d\u00e9ric Havet, <strong>Dichromatic number of surfaces.\u00a0\u00a0\u00a0\u00a0\u00a0\u00a0\u00a0\u00a0\u00a0\u00a0\u00a0\u00a0 <\/strong><a href=\"https:\/\/project.inria.fr\/anrdigraphs\/files\/2021\/06\/dichromatic-surf.pdf\">Pr\u00e9sentation<\/a><\/p>\n<p>Abstract: <em>The dichromatic number of a surface is the maximum dichromatic number of an oriented graph embedded in that surface. We give asymptotic bounds on the dichromatic number of a surface, and compute its exact value for some particular surfaces.<\/em><br \/>\n<em>This is a joint work with Pierre Aboulker, Kolja Knauer, and Cl\u00e9ment Rambaud.<\/em><\/p>\n<p><strong>3 pm<\/strong> : Fr\u00e9d\u00e9ric Havet, <strong>Inversion in tournaments.\u00a0\u00a0\u00a0 \u00a0 \u00a0 \u00a0 \u00a0 \u00a0 \u00a0 <\/strong>\u00a0<a href=\"https:\/\/project.inria.fr\/anrdigraphs\/files\/2021\/06\/inversion.pdf\">Pr\u00e9sentation<\/a><\/p>\n<p>Abstract: <em>Let D be an oriented graph. The inversion of a set X of vertices in D consists in reversing the direction of all arcs with both ends in X. The inversion number of D, denoted by inv(D), is the minimum number of inversions needed to make D acyclic. Denoting by tau(D), tau&rsquo; (D), and nu(D) the cycle transversal number, the cycle arc-transversal number and the cycle packing number of D respectively, one shows that inv(D) &lt;= tau&rsquo; (D), inv(D) &lt;= 2.tau(D) and there exists a function g such that inv(D)&lt;= g(nu(D)).<\/em><br \/>\n<em>We conjecture that for any two oriented graphs L and R, inv(L ra R) =inv(L) +inv(R) where L ra R is the dijoin of L and R. This would imply that the first two inequalities are tight. We prove this conjecture when inv(L)&lt;= 1 and inv(R)&lt;= 2 and when inv(L) =inv(R)=2 and L and R are strongly connected. We also show that the function g of the third inequality satisfies g(1)&lt;= 4.<\/em><\/p>\n<hr \/>\n<p><strong>Wednesday June 16<\/strong><\/p>\n<p><strong>2 pm<\/strong> : Pegah Pournajafi, <strong>Burling graphs revisited.\u00a0\u00a0\u00a0\u00a0\u00a0\u00a0\u00a0\u00a0 <\/strong><a href=\"https:\/\/project.inria.fr\/anrdigraphs\/files\/2021\/06\/Slides-pegah.pdf\">Pr\u00e9sentation<\/a><\/p>\n<p>Abstract: <em>The Burling graphs form a class of triangle-free graphs with unbounded chromatic number. This class has attracted some attention because of its geometric representation and its importance in studying questions about chromatic number in hereditary classes of graphs. In this talk, we introduce some equivalent definitions of Burling graphs and then explain how one of these definitions can help us to find information about the structure of the graphs in this class.<\/em><br \/>\n<em>This talk is based on joint work with Nicolas Trotignon. Some results are from https:\/\/arxiv.org\/abs\/2104.07001.<\/em><\/p>\n<hr \/>\n<p><strong>3 pm<\/strong> : Edouard Bonnet, <strong>Twin-width pour les graphes orient\u00e9s.\u00a0\u00a0\u00a0\u00a0\u00a0\u00a0\u00a0\u00a0 <\/strong><a href=\"https:\/\/project.inria.fr\/anrdigraphs\/files\/2021\/06\/slides-twin-width.pdf\">Pr\u00e9sentation<\/a><\/p>\n<p>Abstract: <em>La twin-width pour les graphes orient\u00e9s est similaire \u00e0 la twin-width &lsquo;usuelle&rsquo; mais il y a des questions propres aux graphes orient\u00e9s. Par ex: est-il vrai que pour les tournois la tww born\u00e9e correspond exactement \u00e0 FO model checking en temps FPT? Ou encore comment se fait-il que les graphes extr\u00e9maux de CH, la conjecture qui ne doit pas \u00eatre nomm\u00e9e, sont de twin-width born\u00e9e, etc&#8230;<\/em><\/p>\n<hr \/>\n<p><strong>4<\/strong> <strong>pm<\/strong> : <strong>Open problems session<\/strong><\/p>\n<hr \/>\n<p><strong>Friday June 18<\/strong><\/p>\n<p><strong>9:30 am<\/strong> : Pierre Aboulker, <strong>Analogue of Gy\u00e1rf\u00e1s-Sumner conjecture for oriented graphs.\u00a0\u00a0\u00a0\u00a0\u00a0\u00a0\u00a0\u00a0 <\/strong><a href=\"https:\/\/project.inria.fr\/anrdigraphs\/files\/2021\/06\/slides-Dichromatic-number-Aboulker.pdf\">Pr\u00e9sentation<\/a><\/p>\n<p>Abstract: <em>Gyarf\u00e1s-Sumner Conjecture asserts that for every integer k and every forest T, the class of graphs with no clique on k vertices nor induced subgraphs isomorphic to T have bounded chromatic number. We will investigate an analogue of this conjecture for oriented graphs.<\/em><br \/>\n<em>This is a joint work with Pierre Charbit and Reza Naserasr.<\/em><\/p>\n<hr \/>\n<p><strong>10:30 am<\/strong>\u00a0 : Guillaume Aubian, <strong>Decomposition theorem for locally in-transitive tournaments.\u00a0\u00a0\u00a0\u00a0\u00a0\u00a0\u00a0\u00a0 <\/strong><a href=\"https:\/\/project.inria.fr\/anrdigraphs\/files\/2021\/06\/sliodes-local-tournament.pdf\">Pr\u00e9sentation<\/a><br \/>\nAbstract: <em>A tournament is an orientation of a complete graph. A transitive tournament is an acylic tournament. An oriented graph is in-locally transitive if the in-neighborhood of each vertex is a transitive tournament.<\/em><br \/>\n<em>We give a decomposition theorem for the class of locally in-transitive tournaments. As a consequence we obtain several applications, among which an answer to a Conjecture of Aboulker, Charbit and Naserasr about the dichromatic number, as well as a proof of the Caccetta\u2013H\u00e4ggkvist conjecture for this class.<\/em><br \/>\n<em>This is a joint work with Pierre Aboulker and Pierre Charbit.<\/em><\/p>\n<hr \/>\n<h3>First ANR Digraph meeting<\/h3>\n<h4 style=\"text-align: left;\">Seguret January 22 &#8211; 24, 2020.<\/h4>\n","protected":false},"excerpt":{"rendered":"<p>Fifth ANR Digraph meeting S\u00e8te May 30 &#8211; June 2, 2023. Participants: Pierre Aboulker, Guillaume Aubian, Joergen Bang-Jensen, St\u00e9phane Bessy, Romain Biourneuf, Pierre Charbit, Julien Duron, Colin Geniet, Emeric Gioan, Daniel Gon\u00e7alves, Ararat Harutyunyan, Fr\u00e9d\u00e9ric Havet, Florian Hoersch, Hugo Jacob, Kolja Knauer, William Lochet, Yann Marin, Lucas Picasarri-Arrieta, Gil Puigi-Surroca,\u2026<\/p>\n<p> <a class=\"continue-reading-link\" href=\"https:\/\/project.inria.fr\/anrdigraphs\/meetings\/\"><span>Continue reading<\/span><i class=\"crycon-right-dir\"><\/i><\/a> <\/p>\n","protected":false},"author":1386,"featured_media":0,"parent":0,"menu_order":0,"comment_status":"closed","ping_status":"closed","template":"","meta":{"footnotes":""},"class_list":["post-92","page","type-page","status-publish","hentry"],"_links":{"self":[{"href":"https:\/\/project.inria.fr\/anrdigraphs\/wp-json\/wp\/v2\/pages\/92","targetHints":{"allow":["GET"]}}],"collection":[{"href":"https:\/\/project.inria.fr\/anrdigraphs\/wp-json\/wp\/v2\/pages"}],"about":[{"href":"https:\/\/project.inria.fr\/anrdigraphs\/wp-json\/wp\/v2\/types\/page"}],"author":[{"embeddable":true,"href":"https:\/\/project.inria.fr\/anrdigraphs\/wp-json\/wp\/v2\/users\/1386"}],"replies":[{"embeddable":true,"href":"https:\/\/project.inria.fr\/anrdigraphs\/wp-json\/wp\/v2\/comments?post=92"}],"version-history":[{"count":30,"href":"https:\/\/project.inria.fr\/anrdigraphs\/wp-json\/wp\/v2\/pages\/92\/revisions"}],"predecessor-version":[{"id":160,"href":"https:\/\/project.inria.fr\/anrdigraphs\/wp-json\/wp\/v2\/pages\/92\/revisions\/160"}],"wp:attachment":[{"href":"https:\/\/project.inria.fr\/anrdigraphs\/wp-json\/wp\/v2\/media?parent=92"}],"curies":[{"name":"wp","href":"https:\/\/api.w.org\/{rel}","templated":true}]}}