

{"id":4,"date":"2011-12-08T11:55:34","date_gmt":"2011-12-08T11:55:34","guid":{"rendered":"http:\/\/project.inria.fr\/template1\/?page_id=4"},"modified":"2018-06-20T15:09:26","modified_gmt":"2018-06-20T13:09:26","slug":"home","status":"publish","type":"page","link":"https:\/\/project.inria.fr\/answer\/","title":{"rendered":"Develop the new version of QWANT"},"content":{"rendered":"<p><span id=\"result_box\" class=\"\" lang=\"en\" tabindex=\"-1\"><span class=\"\">The aim of the ANSWER project is to develop the new version of the <a href=\"https:\/\/www.qwant.com\">www.qwant.com<\/a> search engine by introducing radical innovations in terms of search criteria as well as indexed content and users&#8217; privacy.<\/span><\/span><\/p>\n<p><span id=\"result_box\" class=\"\" lang=\"en\" tabindex=\"-1\"><span title=\"Ces nouvelles versions ont pour objectif de renforcer la confiance de chacun dans le moteur de recherche et d\u2019augmenter l\u2019efficacit\u00e9 de la recherche sur le Web.\n\">The purpose is to strengthen everyone&#8217;s confidence in the search engine and increase the effectiveness of web search. <\/span><span title=\"Le renforcement de la confiance dans le moteur de recherche s\u2019appuie sur des innovations en (1) S\u00e9curit\u00e9 : s\u00e9curit\u00e9 informatique, respect de la vie priv\u00e9e ;\">Building trust in the search engine is based on innovations in (1) Security: computer security, privacy; <\/span><span title=\"(2) Exhaustivit\u00e9 : compl\u00e9tude et h\u00e9t\u00e9rog\u00e9n\u00e9it\u00e9 des (res)sources ;\">(2) Completeness: completeness and heterogeneity of (re)sources; <\/span><span title=\"et (3) Neutralit\u00e9 : analyse, extraction, indexation, et classification des donn\u00e9es.\n\">and (3) Neutrality: analysis, extraction, indexing, and classification of data.<\/span><\/span><\/p>\n<p><span id=\"result_box\" class=\"\" lang=\"en\" tabindex=\"-1\"><span title=\"L\u2019augmentation de l\u2019efficacit\u00e9 de la recherche sur le Web repose sur des innovations li\u00e9es (1) \u00e0 la Pertinence : vari\u00e9t\u00e9 et valeur des contenus pris en compte, mesure des \u00e9motions port\u00e9es par les r\u00e9sultats de requ\u00eates ;\">Increasing the effectiveness of web-based research relies on innovations related to (1) Relevance: variety and value of content taken into account, measurement of emotions carried by query results; <\/span><span title=\"(2) l\u2019Interaction avec l\u2019utilisateur : adaptation des interfaces aux types de recherche ;\">(2) Interaction with the user: adaptation of the interfaces to the types of research; <\/span><span title=\"et (3) la Performance : pertinence per\u00e7ue des r\u00e9sultats et temps de r\u00e9ponse.\n\">and (3) Performance: perceived relevance of results and response time.<\/span><\/span><\/p>\n<p><span id=\"result_box\" class=\"\" lang=\"en\" tabindex=\"-1\"><span title=\"Les innovations propos\u00e9es sont multiples :\n\">The proposed innovations include:<\/span><\/span><\/p>\n<ul>\n<li><span id=\"result_box\" class=\"\" lang=\"en\" tabindex=\"-1\"><span title=\"\uf0b7 Concevoir et d\u00e9velopper un mod\u00e8le et des outils pour la d\u00e9tection des \u00e9motions dans les r\u00e9sultats de requ\u00eates :\n\">Design and develop models and tools for the detection of emotions in query results:<\/span><\/span>\n<ul>\n<li><span id=\"result_box\" class=\"\" lang=\"en\" tabindex=\"-1\"><span title=\"o Ontologie, th\u00e9saurus, ressources linguistiques\n\">Ontology, thesaurus, linguistic resources<\/span><\/span><\/li>\n<li><span id=\"result_box\" class=\"\" lang=\"en\" tabindex=\"-1\"><span title=\"o M\u00e9triques, indicateurs, classification des \u00e9motions.\n\">Metrics, indicators, classification of emotions.<\/span><\/span><\/li>\n<\/ul>\n<\/li>\n<li><span id=\"result_box\" class=\"\" lang=\"en\" tabindex=\"-1\"><span title=\"\uf0b7 Concevoir et d\u00e9velopper de nouveaux algorithmes de crawling :\n\">Design and develop new crawling algorithms:<\/span><\/span>\n<ul>\n<li><span id=\"result_box\" class=\"\" lang=\"en\" tabindex=\"-1\"><span title=\"o Strat\u00e9gies dynamiques de crawling\n\">Dynamic crawling strategies<\/span><\/span><\/li>\n<li><span id=\"result_box\" class=\"\" lang=\"en\" tabindex=\"-1\"><span title=\"o Crawlers et indexation de donn\u00e9es ouvertes li\u00e9es\n\">Crawlers and indexes for linked open data<\/span><\/span><\/li>\n<\/ul>\n<\/li>\n<li><span id=\"result_box\" class=\"\" lang=\"en\" tabindex=\"-1\"><span title=\"\uf0b7 Assurer le respect de la vie priv\u00e9e :\n\">Ensure respect for privacy:<\/span><\/span>\n<ul>\n<li><span id=\"result_box\" class=\"\" lang=\"en\" tabindex=\"-1\"><span title=\"o D\u00e9tection du tra\u00e7age des internautes\n\">Detection of internet tracking<\/span><\/span><\/li>\n<li><span id=\"result_box\" class=\"\" lang=\"en\" tabindex=\"-1\"><span title=\"o Affichage pr\u00e9ventif des techniques de tra\u00e7age\n\">Preventive display of tracing techniques<\/span><\/span><\/li>\n<li><span id=\"result_box\" class=\"\" lang=\"en\" tabindex=\"-1\"><span title=\"o S\u00e9curisation certifi\u00e9e de l\u2019adaptation\"><span title=\"o S\u00e9curisation certifi\u00e9e de l\u2019adaptation automatique des annonces par rapport aux mots cl\u00e9s saisis par l\u2019internaute\">Certified security of automatic adaptation of ads to keywords entered by the user<\/span><br \/>\n<\/span><\/span><\/li>\n<\/ul>\n<\/li>\n<\/ul>\n<p><\/p>","protected":false},"excerpt":{"rendered":"<p>The aim of the ANSWER project is to develop the new version of the www.qwant.com search engine by introducing radical innovations in terms of search criteria as well as indexed content and users&#8217; privacy. The purpose is to strengthen everyone&#8217;s confidence in the search engine and increase the effectiveness of\u2026<\/p>\n<p> <a class=\"continue-reading-link\" href=\"https:\/\/project.inria.fr\/answer\/\"><span>Continue reading<\/span><i class=\"crycon-right-dir\"><\/i><\/a> <\/p>\n","protected":false},"author":1,"featured_media":0,"parent":0,"menu_order":0,"comment_status":"closed","ping_status":"open","template":"","meta":{"footnotes":""},"class_list":["post-4","page","type-page","status-publish","hentry"],"_links":{"self":[{"href":"https:\/\/project.inria.fr\/answer\/wp-json\/wp\/v2\/pages\/4","targetHints":{"allow":["GET"]}}],"collection":[{"href":"https:\/\/project.inria.fr\/answer\/wp-json\/wp\/v2\/pages"}],"about":[{"href":"https:\/\/project.inria.fr\/answer\/wp-json\/wp\/v2\/types\/page"}],"author":[{"embeddable":true,"href":"https:\/\/project.inria.fr\/answer\/wp-json\/wp\/v2\/users\/1"}],"replies":[{"embeddable":true,"href":"https:\/\/project.inria.fr\/answer\/wp-json\/wp\/v2\/comments?post=4"}],"version-history":[{"count":7,"href":"https:\/\/project.inria.fr\/answer\/wp-json\/wp\/v2\/pages\/4\/revisions"}],"predecessor-version":[{"id":67,"href":"https:\/\/project.inria.fr\/answer\/wp-json\/wp\/v2\/pages\/4\/revisions\/67"}],"wp:attachment":[{"href":"https:\/\/project.inria.fr\/answer\/wp-json\/wp\/v2\/media?parent=4"}],"curies":[{"name":"wp","href":"https:\/\/api.w.org\/{rel}","templated":true}]}}