

{"id":79,"date":"2019-10-03T10:22:43","date_gmt":"2019-10-03T08:22:43","guid":{"rendered":"https:\/\/project.inria.fr\/antsworkshop201912\/?page_id=79"},"modified":"2019-10-07T14:16:55","modified_gmt":"2019-10-07T12:16:55","slug":"participants","status":"publish","type":"page","link":"https:\/\/project.inria.fr\/antsworkshop201912\/participants\/","title":{"rendered":"List of Participants"},"content":{"rendered":"<ul>\n<li><a href=\"http:\/\/al.bachelot.free.fr\/\">Alain Bachelot<\/a>, Bordeaux University<\/li>\n<li><a href=\"https:\/\/www.math.u-bordeaux.fr\/~mbachelo\/welcome.html\">Agn\u00e8s Bachelot<\/a>, Bordeaux University<\/li>\n<li><a href=\"https:\/\/team.inria.fr\/magique3d\/team-members\/helene-barucq\/\">H\u00e9l\u00e8ne Barucq,<\/a> Inria Magique-3D<\/li>\n<li><a href=\"https:\/\/www.mps.mpg.de\/person\/97832\/2169\">Nadir Bayramov<\/a>, Max Planck Institute<\/li>\n<li><a href=\"https:\/\/www.umu.se\/en\/staff\/martin-berggren\/\">Martin Berggren,<\/a> University of\u00a0Ume\u00e5<\/li>\n<li><a href=\"https:\/\/www.mps.mpg.de\/person\/19610\/1449732\">Aaron C. Birch<\/a>, Max Planck Institute<\/li>\n<li><a href=\"https:\/\/www.mps.mpg.de\/solar-physics\/staff\/19627\">Robert Cameron<\/a>, Max Planck Institute<\/li>\n<li><a href=\"https:\/\/team.inria.fr\/magique3d\/team-members\/juliette-chabassier\/\">Juliette Chabassier<\/a>, Inria Magique-3D<\/li>\n<li><a href=\"https:\/\/team.inria.fr\/magique3d\/team-members\/julien-diaz\/\">Julien Diaz<\/a>, Inria Magique-3D<\/li>\n<li><a href=\"https:\/\/team.inria.fr\/magique3d\/team-members\/marc-durufle\/\">Marc Durufl\u00e9<\/a>, Inria Magique-3D<\/li>\n<li><a href=\"https:\/\/www2.mps.mpg.de\/homes\/gizon\/\">Laurent Gizon<\/a>, Max Planck Institute<\/li>\n<li><a href=\"https:\/\/www.umu.se\/en\/staff\/linus-hagg\/\">Linus H\u00e4gg<\/a>, University of\u00a0Ume\u00e5<\/li>\n<li><a href=\"https:\/\/nyuad.nyu.edu\/en\/research\/centers-labs-and-projects\/center-for-space-science\/researchers\/christopher-hanson.html\">Chris S. Hanson<\/a>,\u00a0NYUAD<\/li>\n<li><a href=\"http:\/\/ip.math.uni-goettingen.de\/index.php?section=members&amp;subsection=thohage\">Thorsten Hohage<\/a>, University of G\u00f6ttingen<\/li>\n<li><a href=\"https:\/\/team.inria.fr\/magique3d\/team-members\/florian-faucher\/\">Florian Faucher<\/a>,University of Vienna<\/li>\n<li><a href=\"https:\/\/www.mps.mpg.de\/person\/29678\">Damien Fournier<\/a>, Max Planck Institute<\/li>\n<li><a href=\"https:\/\/uma.ensta-paris.fr\/~jmercier?lang=fr\">Jean-Fran\u00e7ois Mercier<\/a>, Inria POEMS<\/li>\n<li>Christophe Millet, LRC-MESO, CMLA, CEA<\/li>\n<li><a href=\"https:\/\/team.inria.fr\/magique3d\/team-members\/florian-faucher\/\">Ha Pham<\/a>, Inria Magique-3D<\/li>\n<li><a href=\"https:\/\/www.mps.mpg.de\/person\/60096\">Janosch Preuss<\/a>, Max Planck Institute<\/li>\n<li><a href=\"https:\/\/team.inria.fr\/magique3d\/team-members\/\">Nathan Rouxelin<\/a>, Inria Magique-3D<\/li>\n<li><a href=\"https:\/\/www.mps.mpg.de\/person\/39611\">Dan Yang<\/a>, Max Planck Institute<\/li>\n<\/ul>\n<h3><\/h3>\n","protected":false},"excerpt":{"rendered":"<p>Alain Bachelot, Bordeaux University Agn\u00e8s Bachelot, Bordeaux University H\u00e9l\u00e8ne Barucq, Inria Magique-3D Nadir Bayramov, Max Planck Institute Martin Berggren, University of\u00a0Ume\u00e5 Aaron C. Birch, Max Planck Institute Robert Cameron, Max Planck Institute Juliette Chabassier, Inria Magique-3D Julien Diaz, Inria Magique-3D Marc Durufl\u00e9, Inria Magique-3D Laurent Gizon, Max Planck Institute Linus\u2026<\/p>\n<p> <a class=\"continue-reading-link\" href=\"https:\/\/project.inria.fr\/antsworkshop201912\/participants\/\"><span>Continue reading<\/span><i class=\"crycon-right-dir\"><\/i><\/a> <\/p>\n","protected":false},"author":1548,"featured_media":0,"parent":0,"menu_order":0,"comment_status":"closed","ping_status":"closed","template":"","meta":{"footnotes":""},"class_list":["post-79","page","type-page","status-publish","hentry"],"_links":{"self":[{"href":"https:\/\/project.inria.fr\/antsworkshop201912\/wp-json\/wp\/v2\/pages\/79","targetHints":{"allow":["GET"]}}],"collection":[{"href":"https:\/\/project.inria.fr\/antsworkshop201912\/wp-json\/wp\/v2\/pages"}],"about":[{"href":"https:\/\/project.inria.fr\/antsworkshop201912\/wp-json\/wp\/v2\/types\/page"}],"author":[{"embeddable":true,"href":"https:\/\/project.inria.fr\/antsworkshop201912\/wp-json\/wp\/v2\/users\/1548"}],"replies":[{"embeddable":true,"href":"https:\/\/project.inria.fr\/antsworkshop201912\/wp-json\/wp\/v2\/comments?post=79"}],"version-history":[{"count":8,"href":"https:\/\/project.inria.fr\/antsworkshop201912\/wp-json\/wp\/v2\/pages\/79\/revisions"}],"predecessor-version":[{"id":103,"href":"https:\/\/project.inria.fr\/antsworkshop201912\/wp-json\/wp\/v2\/pages\/79\/revisions\/103"}],"wp:attachment":[{"href":"https:\/\/project.inria.fr\/antsworkshop201912\/wp-json\/wp\/v2\/media?parent=79"}],"curies":[{"name":"wp","href":"https:\/\/api.w.org\/{rel}","templated":true}]}}