

{"id":276,"date":"2018-04-12T15:08:20","date_gmt":"2018-04-12T13:08:20","guid":{"rendered":"https:\/\/project.inria.fr\/apvp2018\/?page_id=276"},"modified":"2018-05-25T13:00:41","modified_gmt":"2018-05-25T11:00:41","slug":"inscription","status":"publish","type":"page","link":"https:\/\/project.inria.fr\/apvp2018\/inscription\/","title":{"rendered":"Inscription"},"content":{"rendered":"<p><strong>Le site d&rsquo;inscription et plus info : <\/strong><a href=\"https:\/\/apvp2018.dakini.fr\/\">https:\/\/apvp2018.dakini.fr\/<\/a><strong><br \/>\n<\/strong><\/p>\n<p><strong>Date limite d&rsquo;inscription :<\/strong> 25 mai 2018 (strict)<\/p>\n<p><strong>Frais d&rsquo;inscription :<br \/>\n<\/strong><\/p>\n<ul>\n<li>Standard en chambre individuelle : 450 \u20ac<\/li>\n<li>Standard en chambre twin (2 lits) : 420 \u20ac<\/li>\n<li>Etudiants en chambre twin (2 lits) : 350 \u20ac<\/li>\n<li>Sans h\u00e9bergement : 230\u20ac<\/li>\n<\/ul>\n<p><strong>Demande de bourses :<\/strong><a name=\"bourses\"><\/a><\/p>\n<p>Cette ann\u00e9e, un certain nombre de bourses couvrant des frais d\u2019inscription sont mises \u00e0 disposition pour les post-doctorants et doctorants ne pouvant \u00eatre financ\u00e9s par leur laboratoire d\u2019accueil.<\/p>\n<p>Pour soumettre une demande de bourse, merci d&rsquo;envoyer les informations suivant <span style=\"color: #993300;\"><strong>a plus tard le 18 mai 2018<\/strong><\/span> a <a href=\"mailto:apvp2018@easychair.org\">apvp2018@easychair.org<\/a> :<\/p>\n<ul>\n<li>Nom et prenom<\/li>\n<li>Position actuelle, affiliation<\/li>\n<li>Titre et list des auteurs de votre article accept\u00e9<\/li>\n<li>Lien vers votre site web<\/li>\n<\/ul>\n<p><strong>Les frais d&rsquo;inscription comprennent :<\/strong><\/p>\n<ul>\n<li><span style=\"color: #993300;\"><strong>Standard<\/strong><\/span><br \/>\n\u2013 H\u00e9bergement en pension compl\u00e8te en chambre single * du 3 au 6 juin 2018<br \/>\n\u2013 Les pauses durant les sessions<br \/>\n\u2013 Un cocktail de bienvenue<br \/>\n\u2013 Les \u00e9v\u00e9nements sociaux (banquet, excursion)<br \/>\n\u2013 Le transport maritime Tour-Fondue \/ Porquerolles Aller-Retour par navette sp\u00e9ciale<br \/>\n\u2013 Le mat\u00e9riel conf\u00e9rencier<br \/>\n*possibilit\u00e9 d&rsquo;h\u00e9bergement en chambre twin; r\u00e9duction de 30\u20ac<\/li>\n<li><span style=\"color: #993300;\"><strong>Etudiant<\/strong><\/span><br \/>\n\u2013 H\u00e9bergement en pension compl\u00e8te en chambre twin, du 3 au 6 juin 2018<br \/>\n\u2013 Les pauses durant les sessions<br \/>\n\u2013 Un cocktail de bienvenue<br \/>\n\u2013 Les \u00e9v\u00e9nements sociaux (banquet, excursion)<br \/>\n\u2013 Le transport maritime Tour-Fondue \/ Porquerolles Aller-Retour par navette sp\u00e9ciale<br \/>\n\u2013 Le mat\u00e9riel conf\u00e9rencier<\/li>\n<li><span style=\"color: #993300;\"><strong>Sans h\u00e9bergement<\/strong><\/span><br \/>\n\u2013 Les pauses et d\u00e9jeuners, du 4 au 6 juin<br \/>\n\u2013 Un cocktail de bienvenue<br \/>\n\u2013 Les \u00e9v\u00e9nements sociaux (banquet, excursion)<br \/>\n\u2013 Le transport maritime Tour-Fondue \/ Porquerolles Aller-Retour par navette sp\u00e9ciale<br \/>\n\u2013 Le mat\u00e9riel conf\u00e9rencier<\/li>\n<\/ul>\n","protected":false},"excerpt":{"rendered":"<p>Le site d&rsquo;inscription et plus info : https:\/\/apvp2018.dakini.fr\/ Date limite d&rsquo;inscription : 25 mai 2018 (strict) Frais d&rsquo;inscription : Standard en chambre individuelle : 450 \u20ac Standard en chambre twin (2 lits) : 420 \u20ac Etudiants en chambre twin (2 lits) : 350 \u20ac Sans h\u00e9bergement : 230\u20ac Demande de\u2026<\/p>\n<p> <a class=\"continue-reading-link\" href=\"https:\/\/project.inria.fr\/apvp2018\/inscription\/\"><span>Continue reading<\/span><i class=\"crycon-right-dir\"><\/i><\/a> <\/p>\n","protected":false},"author":539,"featured_media":0,"parent":0,"menu_order":0,"comment_status":"closed","ping_status":"closed","template":"","meta":{"footnotes":""},"class_list":["post-276","page","type-page","status-publish","hentry"],"_links":{"self":[{"href":"https:\/\/project.inria.fr\/apvp2018\/wp-json\/wp\/v2\/pages\/276","targetHints":{"allow":["GET"]}}],"collection":[{"href":"https:\/\/project.inria.fr\/apvp2018\/wp-json\/wp\/v2\/pages"}],"about":[{"href":"https:\/\/project.inria.fr\/apvp2018\/wp-json\/wp\/v2\/types\/page"}],"author":[{"embeddable":true,"href":"https:\/\/project.inria.fr\/apvp2018\/wp-json\/wp\/v2\/users\/539"}],"replies":[{"embeddable":true,"href":"https:\/\/project.inria.fr\/apvp2018\/wp-json\/wp\/v2\/comments?post=276"}],"version-history":[{"count":21,"href":"https:\/\/project.inria.fr\/apvp2018\/wp-json\/wp\/v2\/pages\/276\/revisions"}],"predecessor-version":[{"id":429,"href":"https:\/\/project.inria.fr\/apvp2018\/wp-json\/wp\/v2\/pages\/276\/revisions\/429"}],"wp:attachment":[{"href":"https:\/\/project.inria.fr\/apvp2018\/wp-json\/wp\/v2\/media?parent=276"}],"curies":[{"name":"wp","href":"https:\/\/api.w.org\/{rel}","templated":true}]}}