

{"id":78,"date":"2019-02-04T19:42:37","date_gmt":"2019-02-04T18:42:37","guid":{"rendered":"https:\/\/project.inria.fr\/apvp2019\/?page_id=78"},"modified":"2019-05-07T20:10:36","modified_gmt":"2019-05-07T18:10:36","slug":"appel-a-contributions","status":"publish","type":"page","link":"https:\/\/project.inria.fr\/apvp2019\/appel-a-contributions\/","title":{"rendered":"Appel \u00e0 Contributions"},"content":{"rendered":"<h3>Contexte<\/h3>\n<div id=\"magicdomid444\" class=\"ace-line\"><span class=\"author-a-pdyz74z8z69zz81zz86zz78zz88z1z85zgbz76zz73z\">La 10\u00e8me \u00e9dition de l\u2019Atelier sur la Protection de la Vie Priv\u00e9e (APVP) est un \u00e9v\u00e8nement du GT Privacy du GDR S\u00e9curit\u00e9 Informatique est organis\u00e9e cette ann\u00e9e par les \u00e9quipes <a href=\"https:\/\/team.inria.fr\/magnet\/\">Magnet<\/a> et <a href=\"https:\/\/team.inria.fr\/spirals\/\">Spirals<\/a> de l&rsquo;<a href=\"http:\/\/www.inria.fr\/centre\/lille\">INRIA Lille<\/a> et du laboratoire <a href=\"https:\/\/www.cristal.univ-lille.fr\/\">CRIStAL<\/a>. Elle aura lieu cette ann\u00e9e du 9 au 11 juillet 2019 au <a href=\"http:\/\/www.baiedesomme.fr\/lieu\/1-12-cap-hornu-hotel-restaurant\">Cap Hornu<\/a>, au c\u0153ur de la <a href=\"http:\/\/www.baiedesomme.fr\/\">Baie de Somme<\/a>. L&rsquo;accent est mis cette ann\u00e9e sur des activit\u00e9s inter-GDR favorisant les interactions entre les GDR <a href=\"https:\/\/gdr-securite.irisa.fr\/\">S\u00e9curit\u00e9<\/a>, <a href=\"http:\/\/www.madics.fr\/\">Madics<\/a> et <a href=\"https:\/\/www.gdria.fr\/\">IA<\/a>.\u00a0<\/span><\/div>\n<div id=\"magicdomid132\" class=\"ace-line\"><\/div>\n<div id=\"magicdomid133\" class=\"ace-line\"><span class=\"author-a-pdyz74z8z69zz81zz86zz78zz88z1z85zgbz76zz73z\">Le but principal de l\u2019atelier est de rassembler les chercheurs de la communaut\u00e9 francophone dont les travaux portent sur la protection de la vie priv\u00e9e et des donn\u00e9es personnelles, et de leur offrir un forum privil\u00e9gi\u00e9 pour pouvoir pr\u00e9senter et \u00e9changer leurs id\u00e9es sur cette th\u00e9matique. L\u2019atelier est pluri-disciplinaire, et a vocation \u00e0 rassembler notamment des chercheurs en informatique, droit, \u00e9conomie, sociologie et statistiques.<\/span><\/div>\n<div id=\"magicdomid134\" class=\"ace-line\"><\/div>\n<div id=\"magicdomid135\" class=\"ace-line\"><span class=\"author-a-pdyz74z8z69zz81zz86zz78zz88z1z85zgbz76zz73z\">APVP n\u2019\u00e9tant pas une conf\u00e9rence au sens traditionnel du terme, la participation \u00e0 l\u2019atelier est conditionn\u00e9e \u00e0 la soumission d\u2019une contribution.<\/span><\/div>\n<div id=\"magicdomid136\" class=\"ace-line\"><\/div>\n<div id=\"magicdomid137\" class=\"ace-line\"><span class=\"author-a-pdyz74z8z69zz81zz86zz78zz88z1z85zgbz76zz73z\">Tous les auteurs des articles accept\u00e9s peuvent participer \u00e0 l\u2019atelier.<\/span><\/div>\n<div id=\"magicdomid138\" class=\"ace-line\"><\/div>\n<div id=\"magicdomid139\" class=\"ace-line\"><span class=\"author-a-pdyz74z8z69zz81zz86zz78zz88z1z85zgbz76zz73z\">Les th\u00e9matiques concern\u00e9es incluent (sans s\u2019y limiter) :<\/span><\/div>\n<div id=\"magicdomid140\" class=\"ace-line\"><\/div>\n<ul>\n<li id=\"magicdomid141\" class=\"ace-line\"><span class=\"author-a-pdyz74z8z69zz81zz86zz78zz88z1z85zgbz76zz73z\">Anonymisation et assainissement de donn\u00e9es<\/span><\/li>\n<li id=\"magicdomid209\" class=\"ace-line\"><span class=\"author-a-pdyz74z8z69zz81zz86zz78zz88z1z85zgbz76zz73z\">Analyse de donn\u00e9es, \u00ab Big Data \u00bb, inf\u00e9rence de donn\u00e9es, fouille, recoupement, profilage,\u00a0<\/span><\/li>\n<li id=\"magicdomid229\" class=\"ace-line\"><span class=\"author-a-pdyz74z8z69zz81zz86zz78zz88z1z85zgbz76zz73z\">IA, s\u00e9curit\u00e9 et vie priv\u00e9e<\/span><\/li>\n<li id=\"magicdomid143\" class=\"ace-line\"><span class=\"author-a-pdyz74z8z69zz81zz86zz78zz88z1z85zgbz76zz73z\">Internet des objets, syst\u00e8mes ubiquitaires respectueux de la vie priv\u00e9e<\/span><\/li>\n<li id=\"magicdomid144\" class=\"ace-line\"><span class=\"author-a-pdyz74z8z69zz81zz86zz78zz88z1z85zgbz76zz73z\">Consentement et contr\u00f4le sur les donn\u00e9es personnelles<\/span><\/li>\n<li id=\"magicdomid145\" class=\"ace-line\"><span class=\"author-a-pdyz74z8z69zz81zz86zz78zz88z1z85zgbz76zz73z\">Responsabilit\u00e9 (accountability)<\/span><\/li>\n<li id=\"magicdomid146\" class=\"ace-line\"><span class=\"author-a-pdyz74z8z69zz81zz86zz78zz88z1z85zgbz76zz73z\">Transparence (collecte, traitements, algorithmes,etc.)<\/span><\/li>\n<li id=\"magicdomid147\" class=\"ace-line\"><span class=\"author-a-pdyz74z8z69zz81zz86zz78zz88z1z85zgbz76zz73z\">Cryptographie pour la protection de la vie priv\u00e9e<\/span><\/li>\n<li id=\"magicdomid148\" class=\"ace-line\"><span class=\"author-a-pdyz74z8z69zz81zz86zz78zz88z1z85zgbz76zz73z\">D\u00e9finition et formalisation des notions d\u2019anonymat et de respect de la vie priv\u00e9e<\/span><\/li>\n<li id=\"magicdomid149\" class=\"ace-line\"><span class=\"author-a-pdyz74z8z69zz81zz86zz78zz88z1z85zgbz76zz73z\">Droit \u00e0 l\u2019oubli<\/span><\/li>\n<li id=\"magicdomid150\" class=\"ace-line\"><span class=\"author-a-pdyz74z8z69zz81zz86zz78zz88z1z85zgbz76zz73z\">\u00c9conomie et sociologie de la protection de la vie priv\u00e9e<\/span><\/li>\n<li id=\"magicdomid151\" class=\"ace-line\"><span class=\"author-a-pdyz74z8z69zz81zz86zz78zz88z1z85zgbz76zz73z\">Geo-privacy<\/span><\/li>\n<li id=\"magicdomid152\" class=\"ace-line\"><span class=\"author-a-pdyz74z8z69zz81zz86zz78zz88z1z85zgbz76zz73z\">Gestion d\u2019identit\u00e9s<\/span><\/li>\n<li id=\"magicdomid153\" class=\"ace-line\"><span class=\"author-a-pdyz74z8z69zz81zz86zz78zz88z1z85zgbz76zz73z\">\u00ab PETs \u00bb (Privacy Enhancing Technologies)<\/span><\/li>\n<li id=\"magicdomid154\" class=\"ace-line\"><span class=\"author-a-pdyz74z8z69zz81zz86zz78zz88z1z85zgbz76zz73z\">\u00ab Privacy by design \u00bb<\/span><\/li>\n<li id=\"magicdomid155\" class=\"ace-line\"><span class=\"author-a-pdyz74z8z69zz81zz86zz78zz88z1z85zgbz76zz73z\">Protections juridiques : loi \u00ab informatique et libert\u00e9s \u00bb, effectivit\u00e9, \u00e9volutions, nouveau r\u00e8glement europ\u00e9en, etc.<\/span><\/li>\n<li id=\"magicdomid156\" class=\"ace-line\"><span class=\"author-a-pdyz74z8z69zz81zz86zz78zz88z1z85zgbz76zz73z\">Politiques de privacy, mod\u00e9lisation<\/span><\/li>\n<li id=\"magicdomid157\" class=\"ace-line\"><span class=\"author-a-pdyz74z8z69zz81zz86zz78zz88z1z85zgbz76zz73z\">R\u00e9seaux sociaux et respect de la vie priv\u00e9e<\/span><\/li>\n<\/ul>\n<div id=\"magicdomid158\" class=\"ace-line\"><\/div>\n<div id=\"magicdomid159\" class=\"ace-line\"><span class=\"author-a-pdyz74z8z69zz81zz86zz78zz88z1z85zgbz76zz73z\">Cette ann\u00e9e encore, le comit\u00e9 scientifique encourage la soumission d\u2019articles d\u00e9j\u00e0 publi\u00e9s dans des revues ou des conf\u00e9rences internationales r\u00e9put\u00e9es. Dans ce cas, il suffit de soumettre l\u2019article tel quel en mentionnant la conf\u00e9rence\/revue o\u00f9 il a \u00e9t\u00e9 publi\u00e9 et la s\u00e9lection se fera principalement sur sa pertinence th\u00e9matique pour APVP. Pour les autres soumissions, la s\u00e9lection se fera sur un document de travail de 4 \u00e0 10 pages. Les contributions s\u00e9lectionn\u00e9es donneront lieu \u00e0 des pr\u00e9sentations de 20 minutes, suivies d\u2019un temps pour la discussion, ou bien \u00e0 une d\u00e9monstration. Les r\u00e9sum\u00e9s des contributions s\u00e9lectionn\u00e9es seront regroup\u00e9s dans un document qui ne sera pas une publication \u201cofficielle\u201d de fa\u00e7on \u00e0 ne pas faire obstacle \u00e0 une re-soumission dans un autre cadre. En effet, l\u2019objectif principal de l\u2019atelier est surtout de favoriser les \u00e9changes, d\u2019encourager les collaborations et de contribuer \u00e0 l\u2019animation de la communaut\u00e9 francophone dans ce domaine. N\u00e9anmoins, tout comme en 2018, pour les auteurs le souhaitant, nous pr\u00e9voyons de publier un num\u00e9ro sp\u00e9cial dans la revue TSI (Techniques et Sciences Informatiques) compos\u00e9 d&rsquo;articles pr\u00e9sent\u00e9s \u00e0 l&rsquo;atelier.<\/span><\/div>\n<div id=\"magicdomid160\" class=\"ace-line\"><\/div>\n<div id=\"magicdomid161\" class=\"ace-line\"><span class=\"author-a-pdyz74z8z69zz81zz86zz78zz88z1z85zgbz76zz73z\">APVP organisera \u00e9galement :<\/span><\/div>\n<div id=\"magicdomid162\" class=\"ace-line\"><\/div>\n<ul>\n<li id=\"magicdomid163\" class=\"ace-line\"><span class=\"author-a-pdyz74z8z69zz81zz86zz78zz88z1z85zgbz76zz73z\">une session \u201cdoctorants\u201d pendant laquelle les \u00e9tudiants pourront pr\u00e9senter en 15 minutes leur sujet de recherche et leurs r\u00e9sultats. Les doctorants int\u00e9ress\u00e9s sont invit\u00e9s \u00e0 soumettre un document de 1 ou 2 pages qui d\u00e9crit leur sujet de recherche et leurs r\u00e9sultats.<\/span><\/li>\n<li id=\"magicdomid164\" class=\"ace-line\"><span class=\"author-a-pdyz74z8z69zz81zz86zz78zz88z1z85zgbz76zz73z\">une session \u201cprojets collaboratifs\u201d (ANR, H2020, PIA,\u2026) pendant laquelle les participants pourront pr\u00e9senter en 15 minutes le projet en question. Les participants int\u00e9ress\u00e9s sont invit\u00e9s \u00e0 soumettre un document de 1 ou 2 pages d\u00e9crivant les objectifs du projet et r\u00e9sultats attendus.<\/span><\/li>\n<\/ul>\n<div id=\"magicdomid165\" class=\"ace-line\"><\/div>\n<h2 id=\"magicdomid166\" class=\"ace-line\"><span class=\"author-a-pdyz74z8z69zz81zz86zz78zz88z1z85zgbz76zz73z\">Proc\u00e9dure de soumission<\/span><\/h2>\n<div id=\"magicdomid169\" class=\"ace-line\"><span class=\"author-a-pdyz74z8z69zz81zz86zz78zz88z1z85zgbz76zz73z\">Site de soumission: <a href=\"https:\/\/apvp2019.sciencesconf.org\/\">https:\/\/apvp2019.sciencesconf.org<\/a><\/span><\/div>\n<div id=\"magicdomid170\" class=\"ace-line\"><\/div>\n<div id=\"magicdomid171\" class=\"ace-line\"><span class=\"author-a-pdyz74z8z69zz81zz86zz78zz88z1z85zgbz76zz73z\">La soumission des contributions se fera en d\u00e9posant un document PDF. Types de contributions attendus :<\/span><\/div>\n<div id=\"magicdomid172\" class=\"ace-line\"><\/div>\n<ul>\n<li id=\"magicdomid173\" class=\"ace-line\"><span class=\"author-a-pdyz74z8z69zz81zz86zz78zz88z1z85zgbz76zz73z\">Travail original (4-10 pages)<\/span><\/li>\n<li id=\"magicdomid174\" class=\"ace-line\"><span class=\"author-a-pdyz74z8z69zz81zz86zz78zz88z1z85zgbz76zz73z\">Rejeu d\u2019article d\u00e9j\u00e0 publi\u00e9<\/span><\/li>\n<li id=\"magicdomid175\" class=\"ace-line\"><span class=\"author-a-pdyz74z8z69zz81zz86zz78zz88z1z85zgbz76zz73z\">Session \u201cdoctorants\u201d ou \u201cprojets collaboratifs\u201d (1-2 pages)<\/span><\/li>\n<\/ul>\n<h2 id=\"magicdomid178\" class=\"ace-line\"><span class=\"author-a-pdyz74z8z69zz81zz86zz78zz88z1z85zgbz76zz73z\">Dates (Date limite repouss\u00e9e)<\/span><\/h2>\n<ul>\n<li id=\"magicdomid181\" class=\"ace-line\"><span class=\"author-a-pdyz74z8z69zz81zz86zz78zz88z1z85zgbz76zz73z\">Date limite de soumission : <span style=\"text-decoration: line-through;\">8 mai<\/span> 20 mai 2019<\/span><\/li>\n<li id=\"magicdomid182\" class=\"ace-line\"><span class=\"author-a-pdyz74z8z69zz81zz86zz78zz88z1z85zgbz76zz73z\">Date de retour des relecteurs : <span style=\"text-decoration: line-through;\">24 mai<\/span> 3 juin 2019<\/span><\/li>\n<li id=\"magicdomid183\" class=\"ace-line\"><span class=\"author-a-pdyz74z8z69zz81zz86zz78zz88z1z85zgbz76zz73z\">Date d&rsquo;inscription \u00e0 l&rsquo;atelier : du <span style=\"text-decoration: line-through;\">24 mai<\/span> 3 juin au 20 juin 2019<\/span><\/li>\n<li id=\"magicdomid184\" class=\"ace-line\"><span class=\"author-a-pdyz74z8z69zz81zz86zz78zz88z1z85zgbz76zz73z\">Date de l&rsquo;atelier : 9 au 11 juillet 2019<\/span><\/li>\n<\/ul>\n<p>&nbsp;<\/p>\n<h2 id=\"magicdomid186\" class=\"ace-line\"><span class=\"author-a-pdyz74z8z69zz81zz86zz78zz88z1z85zgbz76zz73z\">Comit\u00e9 de pilotage d&rsquo;APVP<\/span><\/h2>\n<div id=\"magicdomid188\" class=\"ace-line\"><\/div>\n<ul>\n<li id=\"magicdomid189\" class=\"ace-line\"><span class=\"author-a-pdyz74z8z69zz81zz86zz78zz88z1z85zgbz76zz73z\">Mathieu Cunche (INSA de Lyon et Inria)<\/span><\/li>\n<li id=\"magicdomid190\" class=\"ace-line\"><span class=\"author-a-pdyz74z8z69zz81zz86zz78zz88z1z85zgbz76zz73z\">S\u00e9bastien Gambs (Universit\u00e9 de Qu\u00e9bec \u00e0 Montr\u00e9al)<\/span><\/li>\n<li id=\"magicdomid191\" class=\"ace-line\"><span class=\"author-a-pdyz74z8z69zz81zz86zz78zz88z1z85zgbz76zz73z\">Marc-Olivier Killijian (LAAS CNRS)<\/span><\/li>\n<li id=\"magicdomid192\" class=\"ace-line\"><span class=\"author-a-pdyz74z8z69zz81zz86zz78zz88z1z85zgbz76zz73z\">Daniel Le M\u00e9tayer (Inria)<\/span><\/li>\n<li id=\"magicdomid193\" class=\"ace-line\"><span class=\"author-a-pdyz74z8z69zz81zz86zz78zz88z1z85zgbz76zz73z\">Benjamin Nguyen (INSA Centre Val de Loire)<\/span><\/li>\n<\/ul>\n<div id=\"magicdomid194\" class=\"ace-line\"><\/div>\n<h2 id=\"magicdomid195\" class=\"ace-line\"><span class=\"author-a-pdyz74z8z69zz81zz86zz78zz88z1z85zgbz76zz73z\">Comit\u00e9 d&rsquo;organisation<br \/>\n<\/span><\/h2>\n<ul>\n<li id=\"magicdomid198\" class=\"ace-line\"><span class=\"author-a-pdyz74z8z69zz81zz86zz78zz88z1z85zgbz76zz73z\">Marc Tommasi (Universit\u00e9 de Lille et Inria)<\/span><\/li>\n<li id=\"magicdomid199\" class=\"ace-line\"><span class=\"author-a-pdyz74z8z69zz81zz86zz78zz88z1z85zgbz76zz73z\">Aur\u00e9lien Bellet (Inria)<\/span><\/li>\n<li id=\"magicdomid273\" class=\"ace-line\"><span class=\"author-a-pdyz74z8z69zz81zz86zz78zz88z1z85zgbz76zz73z\">Pierre Bouhris (CNRS et Inria)<\/span><\/li>\n<li id=\"magicdomid274\" class=\"ace-line\"><span class=\"author-a-pdyz74z8z69zz81zz86zz78zz88z1z85zgbz76zz73z\">Walter Rudametkin (Universit\u00e9 de Lille et Inria)<\/span><\/li>\n<li id=\"magicdomid270\" class=\"ace-line\"><span class=\"author-a-pdyz74z8z69zz81zz86zz78zz88z1z85zgbz76zz73z\">Juliette Senechal (Universit\u00e9 de Lille)\u00a0<\/span><\/li>\n<\/ul>\n","protected":false},"excerpt":{"rendered":"<p>Contexte La 10\u00e8me \u00e9dition de l\u2019Atelier sur la Protection de la Vie Priv\u00e9e (APVP) est un \u00e9v\u00e8nement du GT Privacy du GDR S\u00e9curit\u00e9 Informatique est organis\u00e9e cette ann\u00e9e par les \u00e9quipes Magnet et Spirals de l&rsquo;INRIA Lille et du laboratoire CRIStAL. Elle aura lieu cette ann\u00e9e du 9 au 11\u2026<\/p>\n<p> <a class=\"continue-reading-link\" href=\"https:\/\/project.inria.fr\/apvp2019\/appel-a-contributions\/\"><span>Continue reading<\/span><i class=\"crycon-right-dir\"><\/i><\/a> <\/p>\n","protected":false},"author":618,"featured_media":0,"parent":0,"menu_order":0,"comment_status":"closed","ping_status":"closed","template":"","meta":{"footnotes":""},"class_list":["post-78","page","type-page","status-publish","hentry"],"_links":{"self":[{"href":"https:\/\/project.inria.fr\/apvp2019\/wp-json\/wp\/v2\/pages\/78","targetHints":{"allow":["GET"]}}],"collection":[{"href":"https:\/\/project.inria.fr\/apvp2019\/wp-json\/wp\/v2\/pages"}],"about":[{"href":"https:\/\/project.inria.fr\/apvp2019\/wp-json\/wp\/v2\/types\/page"}],"author":[{"embeddable":true,"href":"https:\/\/project.inria.fr\/apvp2019\/wp-json\/wp\/v2\/users\/618"}],"replies":[{"embeddable":true,"href":"https:\/\/project.inria.fr\/apvp2019\/wp-json\/wp\/v2\/comments?post=78"}],"version-history":[{"count":15,"href":"https:\/\/project.inria.fr\/apvp2019\/wp-json\/wp\/v2\/pages\/78\/revisions"}],"predecessor-version":[{"id":220,"href":"https:\/\/project.inria.fr\/apvp2019\/wp-json\/wp\/v2\/pages\/78\/revisions\/220"}],"wp:attachment":[{"href":"https:\/\/project.inria.fr\/apvp2019\/wp-json\/wp\/v2\/media?parent=78"}],"curies":[{"name":"wp","href":"https:\/\/api.w.org\/{rel}","templated":true}]}}