

{"id":82,"date":"2019-02-04T19:49:22","date_gmt":"2019-02-04T18:49:22","guid":{"rendered":"https:\/\/project.inria.fr\/apvp2019\/?page_id=82"},"modified":"2019-06-24T14:47:32","modified_gmt":"2019-06-24T12:47:32","slug":"inscriptions","status":"publish","type":"page","link":"https:\/\/project.inria.fr\/apvp2019\/inscriptions\/","title":{"rendered":"Inscriptions"},"content":{"rendered":"<p><strong>Le site d&rsquo;inscription et plus info : <a href=\"https:\/\/inscription-evenement.univ-lille.fr\/APVP2019\">https:\/\/inscription-evenement.univ-lille.fr\/APVP2019<\/a><\/strong><strong><br \/>\n<\/strong><\/p>\n<p><strong>Date limite d&rsquo;inscription :<\/strong> De pr\u00e9f\u00e9rences avant le 30 juin. D\u00e9sol\u00e9 pour la mise en place tardive.<\/p>\n<p><strong>Frais d&rsquo;inscription :<br \/>\n<\/strong><\/p>\n<ul>\n<li>Standard en chambre individuelle :\u00a0 450\u20ac (le nombre de chambres est tr\u00e8s faible)<\/li>\n<li>Standard en chambre twin (2 lits) :\u00a0 420\u20ac<\/li>\n<li>Etudiants en chambre twin (2 lits) : 350\u20ac<\/li>\n<li>Sans h\u00e9bergement : 200\u20ac<\/li>\n<\/ul>\n<p><strong>Les frais d\u2019inscription comprennent :<\/strong><\/p>\n<ul>\n<li><strong>Standard<\/strong><br \/>\n\u2013 H\u00e9bergement en pension compl\u00e8te du 8 au 11 juillet 2019<br \/>\n\u2013 Les pauses durant les sessions<br \/>\n\u2013 Un cocktail de bienvenue<br \/>\n\u2013 Les \u00e9v\u00e9nements sociaux (banquet, excursion)<br \/>\n\u2013 Le mat\u00e9riel conf\u00e9rencier<\/li>\n<li><strong>Sans h\u00e9bergement<\/strong><br \/>\n\u2013 Les pauses et d\u00e9jeuners, du 4 au 6 juin<br \/>\n\u2013 Un cocktail de bienvenue<br \/>\n\u2013 Les \u00e9v\u00e9nements sociaux (banquet, excursion)<br \/>\n\u2013 Le mat\u00e9riel conf\u00e9rencier<\/li>\n<\/ul>\n<p><strong>Contact administratif :<\/strong><\/p>\n<ul>\n<li><a href=\"mailto:christine.yvoz@univ-lille.fr\">Christine Yvoz<\/a>. Tel: +33 (0)3 20 33 72 79<\/li>\n<\/ul>\n","protected":false},"excerpt":{"rendered":"<p>Le site d&rsquo;inscription et plus info : https:\/\/inscription-evenement.univ-lille.fr\/APVP2019 Date limite d&rsquo;inscription : De pr\u00e9f\u00e9rences avant le 30 juin. D\u00e9sol\u00e9 pour la mise en place tardive. Frais d&rsquo;inscription : Standard en chambre individuelle :\u00a0 450\u20ac (le nombre de chambres est tr\u00e8s faible) Standard en chambre twin (2 lits) :\u00a0 420\u20ac Etudiants\u2026<\/p>\n<p> <a class=\"continue-reading-link\" href=\"https:\/\/project.inria.fr\/apvp2019\/inscriptions\/\"><span>Continue reading<\/span><i class=\"crycon-right-dir\"><\/i><\/a> <\/p>\n","protected":false},"author":618,"featured_media":0,"parent":0,"menu_order":0,"comment_status":"closed","ping_status":"closed","template":"","meta":{"footnotes":""},"class_list":["post-82","page","type-page","status-publish","hentry"],"_links":{"self":[{"href":"https:\/\/project.inria.fr\/apvp2019\/wp-json\/wp\/v2\/pages\/82","targetHints":{"allow":["GET"]}}],"collection":[{"href":"https:\/\/project.inria.fr\/apvp2019\/wp-json\/wp\/v2\/pages"}],"about":[{"href":"https:\/\/project.inria.fr\/apvp2019\/wp-json\/wp\/v2\/types\/page"}],"author":[{"embeddable":true,"href":"https:\/\/project.inria.fr\/apvp2019\/wp-json\/wp\/v2\/users\/618"}],"replies":[{"embeddable":true,"href":"https:\/\/project.inria.fr\/apvp2019\/wp-json\/wp\/v2\/comments?post=82"}],"version-history":[{"count":11,"href":"https:\/\/project.inria.fr\/apvp2019\/wp-json\/wp\/v2\/pages\/82\/revisions"}],"predecessor-version":[{"id":248,"href":"https:\/\/project.inria.fr\/apvp2019\/wp-json\/wp\/v2\/pages\/82\/revisions\/248"}],"wp:attachment":[{"href":"https:\/\/project.inria.fr\/apvp2019\/wp-json\/wp\/v2\/media?parent=82"}],"curies":[{"name":"wp","href":"https:\/\/api.w.org\/{rel}","templated":true}]}}