

{"id":92,"date":"2019-02-04T20:16:09","date_gmt":"2019-02-04T19:16:09","guid":{"rendered":"https:\/\/project.inria.fr\/apvp2019\/?page_id=92"},"modified":"2019-03-21T13:24:48","modified_gmt":"2019-03-21T12:24:48","slug":"organisation","status":"publish","type":"page","link":"https:\/\/project.inria.fr\/apvp2019\/organisation\/","title":{"rendered":"Organisation"},"content":{"rendered":"<table style=\"border-color: #8e59d9; width: 100%;\" border=\"1\" cellspacing=\"1\" cellpadding=\"1\">\n<tbody>\n<tr>\n<td colspan=\"4\">\n<h3>Comit\u00e9 de pilotage<\/h3>\n<\/td>\n<\/tr>\n<tr>\n<td><a href=\"https:\/\/project.inria.fr\/apvp2018\/files\/2018\/04\/Cunche150.jpg\"><br \/>\n<img loading=\"lazy\" decoding=\"async\" class=\"alignnone size-thumbnail wp-image-258\" src=\"https:\/\/project.inria.fr\/apvp2018\/files\/2018\/04\/Cunche150-150x150.jpg\" alt=\"\" width=\"150\" height=\"150\" \/><\/a><\/td>\n<td><a href=\"http:\/\/planete.inrialpes.fr\/~cunche\/\">Mathieu Cunche<\/a><br \/>\n<span style=\"font-size: 10pt;\">INSA-Lyon<\/span><br \/>\n<span style=\"font-size: 10pt;\"> CITI, Inria<\/span><\/td>\n<td style=\"background-color: #ffffff;\"><a href=\"https:\/\/project.inria.fr\/apvp2018\/files\/2018\/04\/Gambs150.jpg\"><br \/>\n<img loading=\"lazy\" decoding=\"async\" class=\"alignnone size-thumbnail wp-image-259\" src=\"https:\/\/project.inria.fr\/apvp2018\/files\/2018\/04\/Gambs150-150x150.jpg\" alt=\"\" width=\"150\" height=\"150\" \/><\/a><\/td>\n<td><a href=\"http:\/\/sebastiengambs.openum.ca\/\">S\u00e9batien Gambs<\/a><br \/>\n<span style=\"font-size: 10pt;\">UQAM<\/span><\/td>\n<\/tr>\n<tr>\n<td><a href=\"https:\/\/project.inria.fr\/apvp2018\/files\/2018\/02\/Killijian-1.jpg\"><img loading=\"lazy\" decoding=\"async\" class=\"alignnone wp-image-265\" src=\"https:\/\/project.inria.fr\/apvp2018\/files\/2018\/02\/Killijian-1.jpg\" alt=\"\" width=\"113\" height=\"150\" \/><\/a><\/td>\n<td><a href=\"http:\/\/homepages.laas.fr\/mkilliji\/MOK_Home\/Marc-Olivier_Killijian.html\">Marc-Olivier Killijian<\/a><br \/>\n<span style=\"font-size: 10pt;\">LAAS, CNRS<\/span><\/td>\n<td><a href=\"https:\/\/project.inria.fr\/apvp2018\/files\/2018\/02\/le_metayer150.jpg\"><img loading=\"lazy\" decoding=\"async\" class=\"alignnone size-thumbnail wp-image-261\" src=\"https:\/\/project.inria.fr\/apvp2018\/files\/2018\/02\/le_metayer150-150x150.jpg\" alt=\"\" width=\"150\" height=\"150\" \/><\/a><\/td>\n<td><a href=\"https:\/\/planete.inrialpes.fr\/people\/lemetayer\/\">Daniel Le M\u00e9tayer<\/a><br \/>\n<span style=\"font-size: 10pt;\">Inria Rh\u00f4ne-Alpes<\/span><\/td>\n<\/tr>\n<tr>\n<td><a href=\"https:\/\/project.inria.fr\/apvp2018\/files\/2018\/02\/nguyen150.jpg\"><img loading=\"lazy\" decoding=\"async\" class=\"alignnone size-full wp-image-267\" src=\"https:\/\/project.inria.fr\/apvp2018\/files\/2018\/02\/nguyen150.jpg\" alt=\"\" width=\"150\" height=\"150\" \/><\/a><\/td>\n<td><a href=\"http:\/\/www.benjamin-nguyen.fr\/home\/index.php?title=Accueil\">Benjamin Nguyen<\/a><br \/>\n<span style=\"font-size: 10pt;\">INSA, <\/span><span style=\"font-size: 10pt;\">Centre Val de Loire<\/span><\/td>\n<\/tr>\n<\/tbody>\n<\/table>\n<table>\n<tbody>\n<tr>\n<td colspan=\"4\">\n<h3>Comit\u00e9 d&rsquo;organisation<\/h3>\n<\/td>\n<\/tr>\n<tr>\n<td><a href=\"http:\/\/researchers.lille.inria.fr\/tommasi\/_static\/head.png\"><br \/>\n<img loading=\"lazy\" decoding=\"async\" class=\"alignnone size-full wp-image-251\" src=\"http:\/\/researchers.lille.inria.fr\/tommasi\/_static\/head.png\" alt=\"\" width=\"150\" height=\"150\" \/><\/a><\/td>\n<td><span style=\"font-size: 10pt;\"><a href=\"http:\/\/researchers.lille.inria.fr\/tommasi\/\"><span style=\"font-size: 12pt;\">Marc Tommasi<\/span><\/a><br \/>\n<\/span><br \/>\n<span style=\"font-size: 10pt;\">Universit\u00e9 de Lille, Inria<\/span><\/td>\n<td><a href=\"http:\/\/researchers.lille.inria.fr\/abellet\/images\/photo.jpg\"><img loading=\"lazy\" decoding=\"async\" class=\"alignnone size-thumbnail wp-image-255\" src=\"http:\/\/researchers.lille.inria.fr\/abellet\/images\/photo.jpg\" alt=\"\" width=\"150\" height=\"150\" \/><\/a><\/td>\n<td><a href=\"http:\/\/researchers.lille.inria.fr\/abellet\/\">Aur\u00e9lien Bellet<\/a><br \/>\n<span style=\"font-size: 10pt;\">Inria<\/span><\/td>\n<\/tr>\n<tr>\n<td><a href=\"https:\/\/rudametw.github.io\/img\/me.jpg\"><img loading=\"lazy\" decoding=\"async\" class=\"alignnone size-full wp-image-251\" src=\"https:\/\/rudametw.github.io\/img\/me.jpg\" alt=\"\" width=\"150\" height=\"150\" \/><\/a><\/td>\n<td><span style=\"font-size: 10pt;\"><a href=\"https:\/\/rudametw.github.io\/\"><span style=\"font-size: 12pt;\">Walter Rudametkin<\/span><\/a><br \/>\n<\/span><span style=\"font-size: 10pt;\">Universit\u00e9 de Lille, Inria<\/span><\/td>\n<td><a href=\"http:\/\/cristal.univ-lille.fr\/~bourhis\/pb.png\"><img loading=\"lazy\" decoding=\"async\" class=\"alignnone size-thumbnail wp-image-255\" src=\"http:\/\/cristal.univ-lille.fr\/~bourhis\/pb.png\" alt=\"\" width=\"150\" height=\"150\" \/><\/a><\/td>\n<td><a href=\"http:\/\/cristal.univ-lille.fr\/~bourhis\">Pierre Bourhis<\/a><br \/>\n<span style=\"font-size: 10pt;\">CNRS, Inria<\/span><\/td>\n<\/tr>\n<\/tbody>\n<\/table>\n<h4><\/h4>\n<p>&nbsp;<\/p>\n<table>\n<tbody>\n<tr>\n<td colspan=\"4\">\n<h3>Comit\u00e9 de programme<\/h3>\n<\/td>\n<\/tr>\n<tr>\n<td><a href=\"https:\/\/project.inria.fr\/apvp2019\/files\/2019\/03\/Anciaux.png\"><img decoding=\"async\" src=\"https:\/\/project.inria.fr\/apvp2019\/files\/2019\/03\/Anciaux.png\" alt=\"\" height=\"150\" \/><\/a><br \/>\n<a href=\"http:\/\/www-smis.inria.fr\/~anciaux\/\">Nicolas Anciaux<\/a><br \/>\n<span style=\"font-size: 10pt;\">Inria<\/span><\/td>\n<td><a href=\"https:\/\/project.inria.fr\/apvp2018\/files\/2018\/02\/phantom-150x150.png\"><img loading=\"lazy\" decoding=\"async\" src=\"https:\/\/project.inria.fr\/apvp2019\/files\/2019\/03\/Ben_Mokhtar_150px.jpg\" alt=\"\" width=\"150\" height=\"150\" \/><\/a><br \/>\n<a href=\"https:\/\/sites.google.com\/site\/soniabm\/\">Sonia Ben Mokhtar<\/a><br \/>\n<span style=\"font-size: 10pt;\">CNRS<\/span><\/td>\n<td><a href=\"https:\/\/project.inria.fr\/apvp2019\/files\/2019\/03\/bensamoun.jpg\"><img loading=\"lazy\" decoding=\"async\" class=\"alignnone size-full wp-image-195\" src=\"https:\/\/project.inria.fr\/apvp2019\/files\/2019\/03\/bensamoun.jpg\" alt=\"\" width=\"150\" height=\"150\" \/><\/a><br \/>\n<a href=\"https:\/\/www.linkedin.com\/in\/alexandra-bensamoun-b3964298\/\">Alexandra Bensamoun<\/a><br \/>\n<span style=\"font-size: 10pt;\">IODE \/ Univ. Rennes I<\/span><\/td>\n<td><a href=\"https:\/\/project.inria.fr\/apvp2018\/files\/2018\/04\/Bielova150.jpg\"><img loading=\"lazy\" decoding=\"async\" class=\"alignnone size-full wp-image-251\" src=\"https:\/\/project.inria.fr\/apvp2018\/files\/2018\/04\/Bielova150.jpg\" alt=\"\" width=\"150\" height=\"150\" \/><\/a><br \/>\n<a href=\"http:\/\/www-sop.inria.fr\/members\/Nataliia.Bielova\/index.html\">Nataliia Bielova<\/a><br \/>\n<span style=\"font-size: 10pt;\">Inria<\/span><\/td>\n<\/tr>\n<tr>\n<td><a href=\"https:\/\/project.inria.fr\/apvp2018\/files\/2018\/04\/Boutet150-1.jpg\"><img loading=\"lazy\" decoding=\"async\" class=\"alignnone size-full wp-image-254\" src=\"https:\/\/project.inria.fr\/apvp2018\/files\/2018\/04\/Boutet150-1.jpg\" alt=\"\" width=\"150\" height=\"150\" \/><\/a><br \/>\n<a href=\"https:\/\/sites.google.com\/site\/antoineboutet\/\">Antoine Boutet<\/a><br \/>\n<span style=\"font-size: 10pt;\">INSA-Lyon, <\/span><span style=\"font-size: 10pt;\">Inria<\/span><\/td>\n<td><a href=\"https:\/\/project.inria.fr\/apvp2019\/files\/2019\/03\/Cecere.jpeg\"><img loading=\"lazy\" decoding=\"async\" src=\"https:\/\/project.inria.fr\/apvp2019\/files\/2019\/03\/Cecere.jpeg\" alt=\"\" width=\"150\" height=\"150\" \/><\/a><br \/>\n<a href=\"https:\/\/cvtheque.imt-bs.eu\/cv.php?id=143\">Grazia Cecere<\/a><br \/>\n<span style=\"font-size: 10pt;\">IMT Business School<\/span><\/td>\n<td><a href=\"https:\/\/project.inria.fr\/apvp2018\/files\/2018\/02\/phantom-150x150.png\"><img loading=\"lazy\" decoding=\"async\" src=\"https:\/\/project.inria.fr\/apvp2018\/files\/2018\/02\/phantom-150x150.png\" alt=\"\" width=\"150\" height=\"150\" \/><\/a><br \/>\n<a href=\"https:\/\/www.linkedin.com\/in\/fran\u00e7oise-fessant-90483616a\">Fran\u00e7oise Fessant<\/a><br \/>\n<span style=\"font-size: 10pt;\">Orange Labs<\/span><\/td>\n<td><a href=\"https:\/\/project.inria.fr\/apvp2018\/files\/2018\/02\/Goga150.jpg\"><img loading=\"lazy\" decoding=\"async\" class=\"alignnone size-thumbnail wp-image-264\" src=\"https:\/\/project.inria.fr\/apvp2018\/files\/2018\/02\/Goga150-150x150.jpg\" alt=\"\" width=\"150\" height=\"150\" \/><\/a><br \/>\n<a href=\"http:\/\/lig-membres.imag.fr\/gogao\/\">Oana Goga<\/a><br \/>\n<span style=\"font-size: 10pt;\">CNRS<\/span><\/td>\n<\/tr>\n<tr>\n<td><a href=\"https:\/\/project.inria.fr\/apvp2018\/files\/2018\/04\/Huguenin150.jpg\"><img loading=\"lazy\" decoding=\"async\" class=\"alignnone size-full wp-image-260\" src=\"https:\/\/project.inria.fr\/apvp2018\/files\/2018\/04\/Huguenin150.jpg\" alt=\"\" width=\"150\" height=\"150\" \/><\/a><br \/>\n<a href=\"https:\/\/people.unil.ch\/kevinhuguenin\/\">K\u00e9vin Huguenin<\/a><br \/>\n<span style=\"font-size: 10pt;\">Universit\u00e9 de Lausanne<\/span><\/td>\n<td><a href=\"https:\/\/project.inria.fr\/apvp2018\/files\/2018\/02\/phantom-150x150.png\"><img loading=\"lazy\" decoding=\"async\" src=\"https:\/\/project.inria.fr\/apvp2018\/files\/2018\/02\/phantom-150x150.png\" alt=\"\" width=\"150\" height=\"150\" \/><\/a><br \/>\n<a href=\"http:\/\/www.ecole.ensicaen.fr\/~lacharme\/\">Patrick Lacharme<\/a><br \/>\n<span style=\"font-size: 10pt;\">ENSICAEN<\/span><\/td>\n<td><a href=\"https:\/\/project.inria.fr\/apvp2019\/files\/2019\/03\/Matte.jpeg\"><img loading=\"lazy\" decoding=\"async\" src=\"https:\/\/project.inria.fr\/apvp2019\/files\/2019\/03\/Matte.jpeg\" alt=\"\" width=\"150\" height=\"150\" \/><\/a><br \/>\n<a href=\"http:\/\/ploudseeker.com\/CV\/\">C\u00e9lestin Matte<\/a><br \/>\n<span style=\"font-size: 10pt;\">Inria<\/span><\/td>\n<td><a href=\"https:\/\/project.inria.fr\/apvp2018\/files\/2018\/02\/Onen150.jpg\"><img loading=\"lazy\" decoding=\"async\" class=\"alignnone size-thumbnail wp-image-268\" src=\"https:\/\/project.inria.fr\/apvp2018\/files\/2018\/02\/Onen150-150x150.jpg\" alt=\"\" width=\"150\" height=\"150\" \/><\/a><br \/>\n<a href=\"http:\/\/www.eurecom.fr\/~onen\/\">Melek Onen<\/a><br \/>\n<span style=\"font-size: 10pt;\">EURECOM<\/span><\/td>\n<\/tr>\n<tr>\n<td><a href=\"https:\/\/project.inria.fr\/apvp2018\/files\/2018\/02\/Palamidessi150.jpg\"><img loading=\"lazy\" decoding=\"async\" class=\"alignnone size-thumbnail wp-image-270\" src=\"https:\/\/project.inria.fr\/apvp2018\/files\/2018\/02\/Palamidessi150-150x150.jpg\" alt=\"\" width=\"150\" height=\"150\" \/><\/a><br \/>\n<a href=\"http:\/\/www.lix.polytechnique.fr\/~catuscia\/\">Catuscia Palamidessi<\/a><br \/>\n<span style=\"font-size: 10pt;\">Inria<\/span><\/td>\n<td><a href=\"https:\/\/project.inria.fr\/apvp2018\/files\/2018\/02\/Piolle150.jpg\"><img loading=\"lazy\" decoding=\"async\" class=\"alignnone size-full wp-image-271\" src=\"https:\/\/project.inria.fr\/apvp2018\/files\/2018\/02\/Piolle150.jpg\" alt=\"\" width=\"150\" height=\"150\" \/><\/a><br \/>\n<a href=\"http:\/\/guillaume.piolle.fr\/\">Guillaume Piolle<\/a><br \/>\n<span style=\"font-size: 10pt;\">CentraleSup\u00e9lec, Inria<\/span><\/td>\n<td><a href=\"https:\/\/project.inria.fr\/apvp2019\/files\/2019\/03\/Ramon_150px.jpg\"><img loading=\"lazy\" decoding=\"async\" class=\"alignnone size-full wp-image-253\" src=\"https:\/\/project.inria.fr\/apvp2019\/files\/2019\/03\/Ramon_150px.jpg\" alt=\"\" width=\"150\" height=\"150\" \/><\/a><br \/>\n<a href=\"http:\/\/researchers.lille.inria.fr\/jramon\">Jan Ramon<\/a><br \/>\n<span style=\"font-size: 10pt;\">Inria<\/span><\/td>\n<td><a href=\"https:\/\/project.inria.fr\/apvp2019\/files\/2019\/03\/raschia.jpg\"><img loading=\"lazy\" decoding=\"async\" class=\"alignnone size-full wp-image-207\" src=\"https:\/\/project.inria.fr\/apvp2019\/files\/2019\/03\/raschia.jpg\" alt=\"\" width=\"125\" height=\"150\" \/><\/a><br \/>\n<a href=\"http:\/\/duke.univ-nantes.fr\/raschia-g\/\">Guillaume Raschia<\/a><br \/>\n<span style=\"font-size: 10pt;\">University of Nantes<\/span><\/td>\n<\/tr>\n<tr>\n<td><a href=\"http:\/\/romain.rouvoy.fr\/static\/img\/profile.png\"><img loading=\"lazy\" decoding=\"async\" src=\"http:\/\/romain.rouvoy.fr\/static\/img\/profile.png\" alt=\"\" width=\"150\" height=\"150\" \/><\/a><br \/>\n<a href=\"http:\/\/romain.rouvoy.fr\/\">Romain Rouvoy<\/a><br \/>\n<span style=\"font-size: 10pt;\">Universit\u00e9 de Lille, Inria<\/span><\/td>\n<td><a href=\"https:\/\/project.inria.fr\/apvp2019\/files\/2019\/03\/Souli\u00e9_120x120.jpg\"><img loading=\"lazy\" decoding=\"async\" src=\"https:\/\/project.inria.fr\/apvp2019\/files\/2019\/03\/Souli\u00e9_120x120.jpg\" alt=\"\" width=\"150\" height=\"150\" \/><\/a><br \/>\n<a href=\"http:\/\/www.ritm.u-psud.fr\/researchers\/nicolas-soulie\/\">Nicolas Souli\u00e9<\/a><br \/>\n<span style=\"font-size: 10pt;\">Universit\u00e9 de Paris-Sud<\/span><\/td>\n<td><a href=\"https:\/\/project.inria.fr\/apvp2019\/files\/2019\/03\/zolynski.jpeg\"><img loading=\"lazy\" decoding=\"async\" src=\"https:\/\/project.inria.fr\/apvp2019\/files\/2019\/03\/zolynski.jpeg\" alt=\"\" width=\"150\" height=\"150\" \/><\/a><br \/>\n<a href=\"https:\/\/www.linkedin.com\/in\/c\u00e9lia-zolynski-367464b3\/\">C\u00e9lia Zolynski<\/a><br \/>\n<span style=\"font-size: 10pt;\">Univ. Paris I-Sorbonne<\/span><\/td>\n<\/tr>\n<\/tbody>\n<\/table>\n<h2><\/h2>\n","protected":false},"excerpt":{"rendered":"<p>Comit\u00e9 de pilotage Mathieu Cunche INSA-Lyon CITI, Inria S\u00e9batien Gambs UQAM Marc-Olivier Killijian LAAS, CNRS Daniel Le M\u00e9tayer Inria Rh\u00f4ne-Alpes Benjamin Nguyen INSA, Centre Val de Loire Comit\u00e9 d&rsquo;organisation Marc Tommasi Universit\u00e9 de Lille, Inria Aur\u00e9lien Bellet Inria Walter Rudametkin Universit\u00e9 de Lille, Inria Pierre Bourhis CNRS, Inria &nbsp; Comit\u00e9\u2026<\/p>\n<p> <a class=\"continue-reading-link\" href=\"https:\/\/project.inria.fr\/apvp2019\/organisation\/\"><span>Continue reading<\/span><i class=\"crycon-right-dir\"><\/i><\/a> <\/p>\n","protected":false},"author":618,"featured_media":0,"parent":0,"menu_order":0,"comment_status":"closed","ping_status":"closed","template":"","meta":{"footnotes":""},"class_list":["post-92","page","type-page","status-publish","hentry"],"_links":{"self":[{"href":"https:\/\/project.inria.fr\/apvp2019\/wp-json\/wp\/v2\/pages\/92","targetHints":{"allow":["GET"]}}],"collection":[{"href":"https:\/\/project.inria.fr\/apvp2019\/wp-json\/wp\/v2\/pages"}],"about":[{"href":"https:\/\/project.inria.fr\/apvp2019\/wp-json\/wp\/v2\/types\/page"}],"author":[{"embeddable":true,"href":"https:\/\/project.inria.fr\/apvp2019\/wp-json\/wp\/v2\/users\/618"}],"replies":[{"embeddable":true,"href":"https:\/\/project.inria.fr\/apvp2019\/wp-json\/wp\/v2\/comments?post=92"}],"version-history":[{"count":45,"href":"https:\/\/project.inria.fr\/apvp2019\/wp-json\/wp\/v2\/pages\/92\/revisions"}],"predecessor-version":[{"id":209,"href":"https:\/\/project.inria.fr\/apvp2019\/wp-json\/wp\/v2\/pages\/92\/revisions\/209"}],"wp:attachment":[{"href":"https:\/\/project.inria.fr\/apvp2019\/wp-json\/wp\/v2\/media?parent=92"}],"curies":[{"name":"wp","href":"https:\/\/api.w.org\/{rel}","templated":true}]}}