

{"id":4,"date":"2011-12-08T11:55:34","date_gmt":"2011-12-08T11:55:34","guid":{"rendered":"http:\/\/project.inria.fr\/template1\/?page_id=4"},"modified":"2018-09-06T13:34:10","modified_gmt":"2018-09-06T11:34:10","slug":"home","status":"publish","type":"page","link":"https:\/\/project.inria.fr\/arburst\/fr\/","title":{"rendered":"Pr\u00e9sentation"},"content":{"rendered":"<p><\/p>\n<p style=\"text-align: justify;\">Comme mentionn\u00e9 r\u00e9cemment dans la litt\u00e9rature scientifique et technique, de\u00a0 machine \u00e0 machine (M2M) et l&rsquo;internet des object (IOT) prendront une place pr\u00e9pond\u00e9rante dans l&rsquo;avenir de la t\u00e9l\u00e9communication conduisant \u00e0 l&rsquo;interaction entre plusieurs milliards d&rsquo;objects. Cette perspective a \u00e9t\u00e9 renforc\u00e9e par la strat\u00e9gie du 3GPP qui consid\u00e8re l&rsquo;internet des objets (IoT) comme la plus innovante application de la future standardisation 5G. Cette perspective a soulev\u00e9 des questions fondamentales concernant les limites et performaces th\u00e9oriques de ce genre de tr\u00e8s grands r\u00e9seaux.\u00a0 La performance de grands r\u00e9seaux a \u00e9t\u00e9 etudi\u00e9 durant les dix ans pass\u00e9s avec les outils de la th\u00e9orie de Shannon ou de la g\u00e9ometrie stochastique. Ces outils ont permit de comprendre les lois d&rsquo;\u00e9chelle et les limites th\u00e9oriques mais avec une application moindre dans le contexte de M2M, IoT et des futurs services du 5G \u00e0 cause de la nature sporadique and impulsioniste du flux d&rsquo;information. En effet, la traditionnelle optimisation du compromis \u00e9nergie-capacit\u00e9 conduit \u00e0 un nouveau paradigme avec un manque d&rsquo;outils th\u00e9oriques. Quand l&rsquo;aspect paquet court\u00a0 invalide l&rsquo;utilisation de la capacit\u00e9 asymptotique de Shannon comme indicateur de performance, l&rsquo;\u00e9tat impulsioniste invalide aussi l&rsquo;hypoth\u00e8se Gaussienne g\u00e9n\u00e9ralement utilis\u00e9e pour mod\u00e9liser la distribution de l&rsquo;interf\u00e9rence. Par cons\u00e9quent les limites fondamentales ne sont ni bien connues\u00a0 ou bien m\u00eame correctement formul\u00e9es. Quel est le nombre maximal d&rsquo;object pouvant \u00eatre d\u00e9ploy\u00e9s dans un environnement donn\u00e9? A quel prix \u00e9nerg\u00e9tiquement parlant? Avec quelle assurance ou d\u00e9lai? Ces questions multiples soulignent l&rsquo;aspect non unique du probl\u00e8me et donc que la capacit\u00e9 n&rsquo;est pas le seul (et peut-\u00eatre m\u00eame pas le principal) point \u00e0 adresser.<\/p>\n<p style=\"text-align: justify;\">Dans ce projet, nous proposons une approche originale compl\u00e9mentaire des autres projets existants. Au lieu de proposer une solution technique et sp\u00e9cifique, notre objectif est de d\u00e9finir un ensemble d&rsquo;outils th\u00e9oriques pour l&rsquo;\u00e9tude des limites fondamentales des r\u00e9seaux IoT. Nous projetons \u00e9tablir les limites fondamentales pour un syst\u00e8me d\u00e9centralis\u00e9 dans un r\u00e9gime impulsioniste qui inclut les paquets courts d&rsquo;information\u00a0 et des interferences impulsionistes.\u00a0 Nous ciblons les limites fondamentales, leur expression math\u00e9matique. Notre approche sera bas\u00e9e sur les r\u00e9cents resultats de la th\u00e9orie d&rsquo;information pour les paquets courts. Nous \u00e9valuerons l&rsquo;\u00e9cart de l&rsquo;am\u00e9lioration entre l&rsquo;approche existante et ces limites et identifierons la perc\u00e9e scientifique qui am\u00e9liore grandement les performances pour des reseaux IoT\/M2M.<\/p>\n<p style=\"text-align: justify;\">Ce projet contribuera \u00e0 \u00e9tablir un cap pour le d\u00e9veloppement des r\u00e9seaux IoT\/M2M et constituera un ensemble unifi\u00e9 d&rsquo;outils pour comparer les approches existantes et pour identifer les concepts r\u00e9volutionnaires qui pourront permettre \u00e0 l&rsquo;industrie de facilit\u00e9 le d\u00e9ployement des solutions techniques IoT \/ M2M.<\/p>\n<p>&nbsp;<\/p>\n<div>\n<table style=\"width: 100%;\">\n<tbody>\n<tr>\n<td><a href=\"https:\/\/www.insa-lyon.fr\/en\/\"><br \/>\n<img decoding=\"async\" class=\"aligncenter\" src=\"https:\/\/project.inria.fr\/arburst\/files\/2018\/02\/insa_lyon.png\" alt=\"INSA Lyon\" height=\"20\" \/><br \/>\n<\/a><\/p>\n<table style=\"width: 213px; height: 176px;\">\n<tbody>\n<tr>\n<td><a href=\"http:\/\/www.citi-lab.fr\/\"><br \/>\n<img loading=\"lazy\" decoding=\"async\" class=\"\" src=\"https:\/\/project.inria.fr\/arburst\/files\/2018\/03\/citilab.jpg\" width=\"61\" height=\"35\" \/><br \/>\n<\/a><\/td>\n<td><a href=\"https:\/\/www.universite-lyon.fr\/\"><br \/>\n<img loading=\"lazy\" decoding=\"async\" class=\"\" src=\"https:\/\/project.inria.fr\/arburst\/files\/2018\/03\/univ-lyon.png\" width=\"73\" height=\"38\" \/><br \/>\n<\/a><\/td>\n<\/tr>\n<tr>\n<td><a href=\"https:\/\/www.inria.fr\/en\/\"><br \/>\n<img loading=\"lazy\" decoding=\"async\" class=\"\" src=\"https:\/\/project.inria.fr\/arburst\/files\/2018\/03\/inria.png\" width=\"81\" height=\"36\" \/><br \/>\n<\/a><\/td>\n<\/tr>\n<\/tbody>\n<\/table>\n<\/td>\n<td><a href=\"https:\/\/www.insa-rennes.fr\/\"><br \/>\n<img decoding=\"async\" class=\"aligncenter\" src=\"https:\/\/project.inria.fr\/arburst\/files\/2018\/02\/insa_rennes3.jpg\" alt=\"INSA Rennes\" height=\"20\" \/><br \/>\n<\/a><\/p>\n<table style=\"width: 241px; height: 113px;\">\n<tbody>\n<tr>\n<td><a href=\"https:\/\/www.ietr.fr\/\"><br \/>\n<img loading=\"lazy\" decoding=\"async\" class=\"\" src=\"https:\/\/project.inria.fr\/arburst\/files\/2018\/03\/IETR.png\" width=\"83\" height=\"41\" \/><br \/>\n<\/a><\/td>\n<td><a href=\"https:\/\/u-bretagneloire.fr\/\"><br \/>\n<img loading=\"lazy\" decoding=\"async\" class=\"\" src=\"https:\/\/project.inria.fr\/arburst\/files\/2018\/03\/univ-BL.jpg\" width=\"70\" height=\"46\" \/><br \/>\n<\/a><\/td>\n<\/tr>\n<\/tbody>\n<\/table>\n<\/td>\n<td><a href=\"http:\/\/www.ircica.univ-lille1.fr\/\"><br \/>\n<img decoding=\"async\" class=\"aligncenter\" src=\"https:\/\/project.inria.fr\/arburst\/files\/2018\/02\/ircica2.jpg\" alt=\"Telecom Lille\" height=\"20\" \/><br \/>\n<\/a><\/p>\n<table style=\"width: 191px; height: 108px;\">\n<tbody>\n<tr>\n<td><a href=\"https:\/\/www.iemn.fr\/\"><br \/>\n<img loading=\"lazy\" decoding=\"async\" class=\"\" src=\"https:\/\/project.inria.fr\/arburst\/files\/2018\/03\/iemn.png\" width=\"87\" height=\"40\" \/><br \/>\n<\/a><\/td>\n<td><a href=\"https:\/\/www.univ-lille.fr\/\"><br \/>\n<img loading=\"lazy\" decoding=\"async\" class=\"\" src=\"https:\/\/project.inria.fr\/arburst\/files\/2018\/03\/univ-lille.png\" width=\"85\" height=\"36\" \/><br \/>\n<\/a><\/td>\n<\/tr>\n<tr>\n<td><a href=\"http:\/\/imt-lille-douai.fr\/\"><br \/>\n<img loading=\"lazy\" decoding=\"async\" class=\"\" src=\"https:\/\/project.inria.fr\/arburst\/files\/2018\/03\/IMT.png\" width=\"97\" height=\"69\" \/><br \/>\n<\/a><\/td>\n<td><a href=\"http:\/\/www.cnrs.fr\/\"><br \/>\n<img loading=\"lazy\" decoding=\"async\" class=\"\" src=\"https:\/\/project.inria.fr\/arburst\/files\/2018\/03\/CNRS.jpg\" width=\"56\" height=\"56\" \/><br \/>\n<\/a><\/td>\n<\/tr>\n<\/tbody>\n<\/table>\n<\/td>\n<\/tr>\n<\/tbody>\n<\/table>\n<\/div>\n<p><\/p>","protected":false},"excerpt":{"rendered":"<p>Comme mentionn\u00e9 r\u00e9cemment dans la litt\u00e9rature scientifique et technique, de\u00a0 machine \u00e0 machine (M2M) et l&rsquo;internet des object (IOT) prendront une place pr\u00e9pond\u00e9rante dans l&rsquo;avenir de la t\u00e9l\u00e9communication conduisant \u00e0 l&rsquo;interaction entre plusieurs milliards d&rsquo;objects. Cette perspective a \u00e9t\u00e9 renforc\u00e9e par la strat\u00e9gie du 3GPP qui consid\u00e8re l&rsquo;internet des objets\u2026<\/p>\n<p> <a class=\"continue-reading-link\" href=\"https:\/\/project.inria.fr\/arburst\/fr\/\"><span>more&#8230;<\/span><i class=\"crycon-right-dir\"><\/i><\/a> <\/p>\n","protected":false},"author":1,"featured_media":0,"parent":0,"menu_order":0,"comment_status":"closed","ping_status":"open","template":"","meta":{"footnotes":""},"class_list":["post-4","page","type-page","status-publish","hentry"],"_links":{"self":[{"href":"https:\/\/project.inria.fr\/arburst\/fr\/wp-json\/wp\/v2\/pages\/4","targetHints":{"allow":["GET"]}}],"collection":[{"href":"https:\/\/project.inria.fr\/arburst\/fr\/wp-json\/wp\/v2\/pages"}],"about":[{"href":"https:\/\/project.inria.fr\/arburst\/fr\/wp-json\/wp\/v2\/types\/page"}],"author":[{"embeddable":true,"href":"https:\/\/project.inria.fr\/arburst\/fr\/wp-json\/wp\/v2\/users\/1"}],"replies":[{"embeddable":true,"href":"https:\/\/project.inria.fr\/arburst\/fr\/wp-json\/wp\/v2\/comments?post=4"}],"version-history":[{"count":35,"href":"https:\/\/project.inria.fr\/arburst\/fr\/wp-json\/wp\/v2\/pages\/4\/revisions"}],"predecessor-version":[{"id":149,"href":"https:\/\/project.inria.fr\/arburst\/fr\/wp-json\/wp\/v2\/pages\/4\/revisions\/149"}],"wp:attachment":[{"href":"https:\/\/project.inria.fr\/arburst\/fr\/wp-json\/wp\/v2\/media?parent=4"}],"curies":[{"name":"wp","href":"https:\/\/api.w.org\/{rel}","templated":true}]}}