

{"id":146,"date":"2026-02-05T10:09:54","date_gmt":"2026-02-05T09:09:54","guid":{"rendered":"https:\/\/project.inria.fr\/attackdefense\/?page_id=146"},"modified":"2026-03-09T11:26:33","modified_gmt":"2026-03-09T10:26:33","slug":"appel-a-contribution-poster","status":"publish","type":"page","link":"https:\/\/project.inria.fr\/attackdefense\/en\/appel-a-contribution-poster\/","title":{"rendered":"Call for poster"},"content":{"rendered":"<p class=\"qtranxs-available-languages-message qtranxs-available-languages-message-en\">Sorry, this entry is only available in <a href=\"https:\/\/project.inria.fr\/attackdefense\/fr\/wp-json\/wp\/v2\/pages\/146\" class=\"qtranxs-available-language-link qtranxs-available-language-link-fr\" title=\"Fran\u00e7ais\">Fran\u00e7ais<\/a>.<\/p><p><strong>Date limite soumission, date \u00e9tendue<\/strong><p id=\"countdown\">Loading&#8230;<\/p><\/p>\n\n<script>\nfunction updateCountdown() {\n    const target = new Date(\n        new Date(\"2026-03-12T23:59:00\")\n        .toLocaleString(\"en-US\", { timeZone: \"Europe\/Paris\" })\n    );\n\n    const now = new Date();\n\n    const diff = target - now;\n\n    if (diff <= 0) {\n        document.getElementById(\"countdown\").innerHTML = \"Time's up!\";\n        clearInterval(interval);\n        return;\n    }\n\n    const minutesTotal = Math.floor(diff \/ (1000 * 60));\n    const days = Math.floor(minutesTotal \/ (60 * 24));\n    const hours = Math.floor((minutesTotal % (60 * 24)) \/ 60);\n    const minutes = minutesTotal % 60;\n\n    document.getElementById(\"countdown\").innerHTML =\n        `<del>5 mars 23h59<\/del> <strong>12 mars 23h59<\/strong> (heure de Paris),<br> dans ${days} jours ${hours} heures ${minutes} minutes`;\n}\nupdateCountdown();\nconst interval = setInterval(updateCountdown, 30000);\n<\/script>\n\n\n\n<p><strong>Notification:<\/strong> en continu<\/p>\n\n\n\n<p>La session poster offre l\u2019opportunit\u00e9 de pr\u00e9senter leurs r\u00e9sultats pr\u00e9liminaires innovants et leurs travaux en cours dans un cadre informel et interactif. Les participants au workshop peuvent ainsi d\u00e9couvrir des projets de recherche en cours, pas encore finalis\u00e9s, mais dont les r\u00e9sultats pr\u00e9liminaires sont d\u00e9j\u00e0 int\u00e9ressants. Les auteurs des poster auront l\u2019occasion de discuter de leurs travaux et de recevoir des retours, d\u00e8s les premi\u00e8res \u00e9tapes de leur recherche.<\/p>\n\n\n\n<h3 class=\"wp-block-heading\"><strong>Sujets d&#8217;int\u00e9r\u00eat<\/strong><\/h3>\n\n\n\n<p>Les th\u00e9matiques du workshop incluent, sans s&#8217;y limiter, les domaines suivants: <\/p>\n\n\n\n<ul class=\"wp-block-list\">\n<li>jumeau num\u00e9rique<\/li>\n\n\n\n<li>cartographie r\u00e9seau et syst\u00e8me<\/li>\n\n\n\n<li>syst\u00e8me d&#8217;inventaire<\/li>\n\n\n\n<li>mod\u00e9lisation des menaces<\/li>\n\n\n\n<li>securit\u00e9 d\u00e9ceptive<\/li>\n\n\n\n<li>purple teaming<\/li>\n\n\n\n<li>CTI (renseignement sur la menace)<\/li>\n\n\n\n<li>supervision de la menace<\/li>\n\n\n\n<li>s\u00e9curit\u00e9 des syst\u00e8mes d&#8217;information<\/li>\n\n\n\n<li>Agent d&#8217;attaque<\/li>\n<\/ul>\n\n\n\n<h3 class=\"wp-block-heading\"><strong>Comment soumettre un poster ?<\/strong><\/h3>\n\n\n\n<p><strong>Envoyer le poster par mail<\/strong> au format pdf \u00e0 manuel[point]poisson[arobase]irisa[point]fr <br><strong>Sujet du mail<\/strong>: &#8220;[Poster] Workshop attaquer pour mieux d\u00e9fendre&#8221;<\/p>\n\n\n\n<p><br>La conf\u00e9rence vise un public francophone mais le contenu du poster peut \u00eatre \u00e9crit en anglais.<\/p>\n\n\n\n<h3 class=\"wp-block-heading\"><strong>En cas de soumission accept\u00e9<\/strong><\/h3>\n\n\n\n<p>Les auteurs devront apporter leur poster imprim\u00e9 au format A0 pour le pr\u00e9senter pendant la session poster (<a href=\"https:\/\/project.inria.fr\/attackdefense\/\" data-type=\"page\" data-id=\"4\">voir <\/a><a href=\"https:\/\/project.inria.fr\/attackdefense\/programme\/\" data-type=\"page\" data-id=\"152\">programe<\/a>). Des grilles seront \u00e0 disposition pour afficher les posters.<br>Penser \u00e0 <a href=\"https:\/\/project.inria.fr\/attackdefense\/inscription\/\" data-type=\"page\" data-id=\"157\">s&#8217;inscrire<\/a> !<br><\/p>\n\n\n\n<h3 class=\"wp-block-heading\">Contact \ud83d\udde8\ufe0f<\/h3>\n\n\n\n<p>manuel[point]poisson[arobase]irisa[point]fr <\/p>\n\n\n\n<p><\/p>","protected":false},"excerpt":{"rendered":"<p>Sorry, this entry is only available in Fran\u00e7ais. Date limite soumission, date \u00e9tendue Loading&#8230; Notification: en continu La session poster offre l\u2019opportunit\u00e9 de pr\u00e9senter leurs r\u00e9sultats pr\u00e9liminaires innovants et leurs travaux en cours dans un cadre informel et interactif. Les participants au workshop peuvent ainsi d\u00e9couvrir des projets de recherche\u2026<\/p>\n<p> <a class=\"continue-reading-link\" href=\"https:\/\/project.inria.fr\/attackdefense\/en\/appel-a-contribution-poster\/\"><span>Continue reading<\/span><i class=\"crycon-right-dir\"><\/i><\/a> <\/p>\n","protected":false},"author":2663,"featured_media":0,"parent":0,"menu_order":0,"comment_status":"closed","ping_status":"closed","template":"","meta":{"footnotes":""},"class_list":["post-146","page","type-page","status-publish","hentry"],"_links":{"self":[{"href":"https:\/\/project.inria.fr\/attackdefense\/en\/wp-json\/wp\/v2\/pages\/146","targetHints":{"allow":["GET"]}}],"collection":[{"href":"https:\/\/project.inria.fr\/attackdefense\/en\/wp-json\/wp\/v2\/pages"}],"about":[{"href":"https:\/\/project.inria.fr\/attackdefense\/en\/wp-json\/wp\/v2\/types\/page"}],"author":[{"embeddable":true,"href":"https:\/\/project.inria.fr\/attackdefense\/en\/wp-json\/wp\/v2\/users\/2663"}],"replies":[{"embeddable":true,"href":"https:\/\/project.inria.fr\/attackdefense\/en\/wp-json\/wp\/v2\/comments?post=146"}],"version-history":[{"count":24,"href":"https:\/\/project.inria.fr\/attackdefense\/en\/wp-json\/wp\/v2\/pages\/146\/revisions"}],"predecessor-version":[{"id":411,"href":"https:\/\/project.inria.fr\/attackdefense\/en\/wp-json\/wp\/v2\/pages\/146\/revisions\/411"}],"wp:attachment":[{"href":"https:\/\/project.inria.fr\/attackdefense\/en\/wp-json\/wp\/v2\/media?parent=146"}],"curies":[{"name":"wp","href":"https:\/\/api.w.org\/{rel}","templated":true}]}}