

{"id":157,"date":"2026-02-05T10:38:06","date_gmt":"2026-02-05T09:38:06","guid":{"rendered":"https:\/\/project.inria.fr\/attackdefense\/?page_id=157"},"modified":"2026-02-10T09:15:43","modified_gmt":"2026-02-10T08:15:43","slug":"inscription","status":"publish","type":"page","link":"https:\/\/project.inria.fr\/attackdefense\/en\/inscription\/","title":{"rendered":"(Fran\u00e7ais) inscription"},"content":{"rendered":"<p class=\"qtranxs-available-languages-message qtranxs-available-languages-message-en\">Sorry, this entry is only available in <a href=\"https:\/\/project.inria.fr\/attackdefense\/fr\/wp-json\/wp\/v2\/pages\/157\" class=\"qtranxs-available-language-link qtranxs-available-language-link-fr\" title=\"Fran\u00e7ais\">Fran\u00e7ais<\/a>.<\/p><p>L&#8217;inscription est gratuite mais n\u00e9cessaire: <a href=\"https:\/\/evento.renater.fr\/survey\/workshop-security-twin-kwpv0vf8\">merci de vous inscrire ici<\/a> <\/p>\n\n\n\n<p>Le nombre de place est limit\u00e9 \u00e0 150 personnes.<\/p>\n\n\n\n<p><\/p>","protected":false},"excerpt":{"rendered":"<p>Sorry, this entry is only available in Fran\u00e7ais. L&#8217;inscription est gratuite mais n\u00e9cessaire: merci de vous inscrire ici Le nombre de place est limit\u00e9 \u00e0 150 personnes.<\/p>\n<p> <a class=\"continue-reading-link\" href=\"https:\/\/project.inria.fr\/attackdefense\/en\/inscription\/\"><span>Continue reading<\/span><i class=\"crycon-right-dir\"><\/i><\/a> <\/p>\n","protected":false},"author":2663,"featured_media":0,"parent":0,"menu_order":0,"comment_status":"closed","ping_status":"closed","template":"","meta":{"footnotes":""},"class_list":["post-157","page","type-page","status-publish","hentry"],"_links":{"self":[{"href":"https:\/\/project.inria.fr\/attackdefense\/en\/wp-json\/wp\/v2\/pages\/157","targetHints":{"allow":["GET"]}}],"collection":[{"href":"https:\/\/project.inria.fr\/attackdefense\/en\/wp-json\/wp\/v2\/pages"}],"about":[{"href":"https:\/\/project.inria.fr\/attackdefense\/en\/wp-json\/wp\/v2\/types\/page"}],"author":[{"embeddable":true,"href":"https:\/\/project.inria.fr\/attackdefense\/en\/wp-json\/wp\/v2\/users\/2663"}],"replies":[{"embeddable":true,"href":"https:\/\/project.inria.fr\/attackdefense\/en\/wp-json\/wp\/v2\/comments?post=157"}],"version-history":[{"count":3,"href":"https:\/\/project.inria.fr\/attackdefense\/en\/wp-json\/wp\/v2\/pages\/157\/revisions"}],"predecessor-version":[{"id":254,"href":"https:\/\/project.inria.fr\/attackdefense\/en\/wp-json\/wp\/v2\/pages\/157\/revisions\/254"}],"wp:attachment":[{"href":"https:\/\/project.inria.fr\/attackdefense\/en\/wp-json\/wp\/v2\/media?parent=157"}],"curies":[{"name":"wp","href":"https:\/\/api.w.org\/{rel}","templated":true}]}}