

{"id":125,"date":"2026-02-04T16:33:24","date_gmt":"2026-02-04T15:33:24","guid":{"rendered":"https:\/\/project.inria.fr\/attackdefense\/?page_id=125"},"modified":"2026-02-09T11:32:34","modified_gmt":"2026-02-09T10:32:34","slug":"se-rendre-sur-place","status":"publish","type":"page","link":"https:\/\/project.inria.fr\/attackdefense\/se-rendre-sur-place\/","title":{"rendered":"se rendre sur place"},"content":{"rendered":"<p><strong>Adresse postale: <\/strong>Campus de Rennes, Av. de la Boulaie, 35510 Cesson-S\u00e9vign\u00e9<\/p>\n\n\n\n<p><strong>En train + m\u00e9tro <\/strong>: depuis la gare de Rennes, prendre le m\u00e9tro B direction Viasilva, s&rsquo;arr\u00eater \u00e0 l&rsquo;arr\u00eat Atalante et marcher 10 minutes (900m)<\/p>\n\n\n\n<iframe loading=\"lazy\" width=\"425\" height=\"350\" src=\"https:\/\/www.openstreetmap.org\/export\/embed.html?bbox=-1.6251638531684875%2C48.12442862062577%2C-1.6206845641136172%2C48.12632642562738&amp;layer=mapnik&amp;marker=48.125377531891814%2C-1.6229242086410522\" style=\"border: 1px solid black\"><\/iframe><br\/><large><a href=\"https:\/\/www.openstreetmap.org\/?mlat=48.125378&amp;mlon=-1.622924#map=19\/48.125378\/-1.622924\">View Larger Map<\/a><\/large>\n\n\n\n<p><\/p>","protected":false},"excerpt":{"rendered":"<p>Adresse postale: Campus de Rennes, Av. de la Boulaie, 35510 Cesson-S\u00e9vign\u00e9 En train + m\u00e9tro : depuis la gare de Rennes, prendre le m\u00e9tro B direction Viasilva, s&rsquo;arr\u00eater \u00e0 l&rsquo;arr\u00eat Atalante et marcher 10 minutes (900m) View Larger Map<\/p>\n<p> <a class=\"continue-reading-link\" href=\"https:\/\/project.inria.fr\/attackdefense\/se-rendre-sur-place\/\"><span>Continue reading<\/span><i class=\"crycon-right-dir\"><\/i><\/a> <\/p>\n","protected":false},"author":2663,"featured_media":0,"parent":0,"menu_order":0,"comment_status":"closed","ping_status":"closed","template":"","meta":{"footnotes":""},"class_list":["post-125","page","type-page","status-publish","hentry"],"_links":{"self":[{"href":"https:\/\/project.inria.fr\/attackdefense\/wp-json\/wp\/v2\/pages\/125","targetHints":{"allow":["GET"]}}],"collection":[{"href":"https:\/\/project.inria.fr\/attackdefense\/wp-json\/wp\/v2\/pages"}],"about":[{"href":"https:\/\/project.inria.fr\/attackdefense\/wp-json\/wp\/v2\/types\/page"}],"author":[{"embeddable":true,"href":"https:\/\/project.inria.fr\/attackdefense\/wp-json\/wp\/v2\/users\/2663"}],"replies":[{"embeddable":true,"href":"https:\/\/project.inria.fr\/attackdefense\/wp-json\/wp\/v2\/comments?post=125"}],"version-history":[{"count":5,"href":"https:\/\/project.inria.fr\/attackdefense\/wp-json\/wp\/v2\/pages\/125\/revisions"}],"predecessor-version":[{"id":250,"href":"https:\/\/project.inria.fr\/attackdefense\/wp-json\/wp\/v2\/pages\/125\/revisions\/250"}],"wp:attachment":[{"href":"https:\/\/project.inria.fr\/attackdefense\/wp-json\/wp\/v2\/media?parent=125"}],"curies":[{"name":"wp","href":"https:\/\/api.w.org\/{rel}","templated":true}]}}