

{"id":129,"date":"2017-03-28T15:23:01","date_gmt":"2017-03-28T13:23:01","guid":{"rendered":"https:\/\/project.inria.fr\/bda2017\/?page_id=129"},"modified":"2017-06-26T09:26:53","modified_gmt":"2017-06-26T07:26:53","slug":"comite","status":"publish","type":"page","link":"https:\/\/project.inria.fr\/bda2017\/comite\/","title":{"rendered":"Comit\u00e9s"},"content":{"rendered":"<h2>Organisation<\/h2>\n<p><strong>Pr\u00e9sident des journ\u00e9es: <\/strong>Amedeo Napoli (CNRS, LORIA)<\/p>\n<h2>Comit\u00e9 de programme<\/h2>\n<p><strong>Responsable du comit\u00e9 de programme: <\/strong>Pierre Senellart (ENS, PSL Research University)<\/p>\n<ul style=\"line-height: 1em;\">\n<li>Reza Akbarinia (Inria Sophia)<\/li>\n<li>Antoine Amarilli (T\u00e9l\u00e9com ParisTech)<\/li>\n<li>Laurent Amsaleg (CNRS, IRISA)<\/li>\n<li>Marie-Aude Aufaure (CentraleSup\u00e9lec)<\/li>\n<li>Laure Berti-\u00c9quille (Qatar Computing Research Institute)<\/li>\n<li>Luc Bouganim (Inria Saclay)<\/li>\n<li>St\u00e9phane Bressan (National University of Singapore)<\/li>\n<li>Raja Chiky (ISEP)<\/li>\n<li>Radu Ciucanu (Universit\u00e9 Clermont Auvergne)<\/li>\n<li>Emmanuel Coquery (Universit\u00e9 Claude Bernard Lyon 1)<\/li>\n<li>J\u00e9r\u00f4me Darmont (Universit\u00e9 Lumi\u00e8re Lyon 2)<\/li>\n<li>Bruno Defude (T\u00e9l\u00e9com Sud Paris)<\/li>\n<li>St\u00e9phane Gan\u00e7arski (Universit\u00e9 Pierre-et-Marie-Curie)<\/li>\n<li>Pierre Genev\u00e8s (CNRS, LIG)<\/li>\n<li>Ioana Ileana (Universit\u00e9 Paris-Descartes)<\/li>\n<li>Vincent Leroy (Universit\u00e9 de Grenoble)<\/li>\n<li>Silviu Maniu (Universit\u00e9 Paris-Sud)<\/li>\n<li>Zoltan Miklos (Universit\u00e9 Rennes 1)<\/li>\n<li>Joachim Niehren (Inria Lille)<\/li>\n<li>Werner Nutt (Universit\u00e9 libre de Bozen-Bolzano)<\/li>\n<li>Nicoleta Preda (Universit\u00e9 Versailles-Saint-Quentin)<\/li>\n<li>Philippe Rigaux (CNAM)<\/li>\n<li>Soror Sahri (Universit\u00e9 Paris-Descartes)<\/li>\n<li>Patricia Serrano-Alvarado (Universit\u00e9 de Nantes)<\/li>\n<li>Cristina Sirangelo (Universit\u00e9 Paris-Diderot)<\/li>\n<li>Olivier Teste (Universit\u00e9 Paul Sabatier)<\/li>\n<li>Micha\u00ebl Thomazo (Inria Saclay)<\/li>\n<li>Victor Vianu (Universit\u00e9 California San Diego &amp; Inria)<\/li>\n<li>Agn\u00e8s Voisard (FU Berlin and Fraunhofer FOKUS)<\/li>\n<\/ul>\n<h2>Comit\u00e9 de d\u00e9monstration<\/h2>\n<p><strong>Responsable du comit\u00e9 de d\u00e9monstrations: <\/strong>Pierre Bourhis (CNRS, CRIStAL)<\/p>\n<ul style=\"line-height: 1em;\">\n<li>Sihem Amer-Yahia (CNRS, LIG)<\/li>\n<li>Camille Bourgaux (TU Dresden)<\/li>\n<li>Francesca Bugiotti (CentraleSup\u00e9lec)<\/li>\n<li>Sarah Cohen-Bouliaka (Universit\u00e9 Paris-Sud)<\/li>\n<li>David Gross-Amblard (Universit\u00e9 Rennes 1)<\/li>\n<li>Catherine Roussey (IRSTEA)<\/li>\n<li>Federico Ulliana (Universit\u00e9 de Montpellier)<\/li>\n<\/ul>\n","protected":false},"excerpt":{"rendered":"<p>Organisation Pr\u00e9sident des journ\u00e9es: Amedeo Napoli (CNRS, LORIA) Comit\u00e9 de programme Responsable du comit\u00e9 de programme: Pierre Senellart (ENS, PSL Research University) Reza Akbarinia (Inria Sophia) Antoine Amarilli (T\u00e9l\u00e9com ParisTech) Laurent Amsaleg (CNRS, IRISA) Marie-Aude Aufaure (CentraleSup\u00e9lec) Laure Berti-\u00c9quille (Qatar Computing Research Institute) Luc Bouganim (Inria Saclay) St\u00e9phane Bressan (National\u2026<\/p>\n<p> <a class=\"continue-reading-link\" href=\"https:\/\/project.inria.fr\/bda2017\/comite\/\"><span>Continue reading<\/span><i class=\"crycon-right-dir\"><\/i><\/a> <\/p>\n","protected":false},"author":1191,"featured_media":0,"parent":0,"menu_order":22,"comment_status":"closed","ping_status":"closed","template":"","meta":{"footnotes":""},"class_list":["post-129","page","type-page","status-publish","hentry"],"_links":{"self":[{"href":"https:\/\/project.inria.fr\/bda2017\/wp-json\/wp\/v2\/pages\/129","targetHints":{"allow":["GET"]}}],"collection":[{"href":"https:\/\/project.inria.fr\/bda2017\/wp-json\/wp\/v2\/pages"}],"about":[{"href":"https:\/\/project.inria.fr\/bda2017\/wp-json\/wp\/v2\/types\/page"}],"author":[{"embeddable":true,"href":"https:\/\/project.inria.fr\/bda2017\/wp-json\/wp\/v2\/users\/1191"}],"replies":[{"embeddable":true,"href":"https:\/\/project.inria.fr\/bda2017\/wp-json\/wp\/v2\/comments?post=129"}],"version-history":[{"count":16,"href":"https:\/\/project.inria.fr\/bda2017\/wp-json\/wp\/v2\/pages\/129\/revisions"}],"predecessor-version":[{"id":193,"href":"https:\/\/project.inria.fr\/bda2017\/wp-json\/wp\/v2\/pages\/129\/revisions\/193"}],"wp:attachment":[{"href":"https:\/\/project.inria.fr\/bda2017\/wp-json\/wp\/v2\/media?parent=129"}],"curies":[{"name":"wp","href":"https:\/\/api.w.org\/{rel}","templated":true}]}}