

{"id":307,"date":"2017-11-14T09:01:50","date_gmt":"2017-11-14T08:01:50","guid":{"rendered":"https:\/\/project.inria.fr\/bda2017\/?page_id=307"},"modified":"2017-11-14T09:02:24","modified_gmt":"2017-11-14T08:02:24","slug":"actes-de-la-conference","status":"publish","type":"page","link":"https:\/\/project.inria.fr\/bda2017\/actes-de-la-conference\/","title":{"rendered":"Actes de la conf\u00e9rence"},"content":{"rendered":"<p>Les pr\u00e9-actes de la conf\u00e9rence <a href=\"http:\/\/pierre.senellart.com\/bda2017\/\">sont disponibles<\/a> (acc\u00e8s restreint, identifiant communiqu\u00e9 pendant la conf\u00e9rence).<\/p>\n<p>Les post-actes de la conf\u00e9rence seront disponibles publiquement dans les mois qui suivent la conf\u00e9rence.<\/p>\n","protected":false},"excerpt":{"rendered":"<p>Les pr\u00e9-actes de la conf\u00e9rence sont disponibles (acc\u00e8s restreint, identifiant communiqu\u00e9 pendant la conf\u00e9rence). Les post-actes de la conf\u00e9rence seront disponibles publiquement dans les mois qui suivent la conf\u00e9rence.<\/p>\n<p> <a class=\"continue-reading-link\" href=\"https:\/\/project.inria.fr\/bda2017\/actes-de-la-conference\/\"><span>Continue reading<\/span><i class=\"crycon-right-dir\"><\/i><\/a> <\/p>\n","protected":false},"author":1206,"featured_media":0,"parent":0,"menu_order":100,"comment_status":"closed","ping_status":"closed","template":"","meta":{"footnotes":""},"class_list":["post-307","page","type-page","status-publish","hentry"],"_links":{"self":[{"href":"https:\/\/project.inria.fr\/bda2017\/wp-json\/wp\/v2\/pages\/307","targetHints":{"allow":["GET"]}}],"collection":[{"href":"https:\/\/project.inria.fr\/bda2017\/wp-json\/wp\/v2\/pages"}],"about":[{"href":"https:\/\/project.inria.fr\/bda2017\/wp-json\/wp\/v2\/types\/page"}],"author":[{"embeddable":true,"href":"https:\/\/project.inria.fr\/bda2017\/wp-json\/wp\/v2\/users\/1206"}],"replies":[{"embeddable":true,"href":"https:\/\/project.inria.fr\/bda2017\/wp-json\/wp\/v2\/comments?post=307"}],"version-history":[{"count":1,"href":"https:\/\/project.inria.fr\/bda2017\/wp-json\/wp\/v2\/pages\/307\/revisions"}],"predecessor-version":[{"id":308,"href":"https:\/\/project.inria.fr\/bda2017\/wp-json\/wp\/v2\/pages\/307\/revisions\/308"}],"wp:attachment":[{"href":"https:\/\/project.inria.fr\/bda2017\/wp-json\/wp\/v2\/media?parent=307"}],"curies":[{"name":"wp","href":"https:\/\/api.w.org\/{rel}","templated":true}]}}