

{"id":4,"date":"2011-12-08T11:55:34","date_gmt":"2011-12-08T11:55:34","guid":{"rendered":"http:\/\/project.inria.fr\/template1\/?page_id=4"},"modified":"2018-04-05T16:58:53","modified_gmt":"2018-04-05T14:58:53","slug":"home","status":"publish","type":"page","link":"https:\/\/project.inria.fr\/bda2017\/","title":{"rendered":"Accueil"},"content":{"rendered":"<p><strong>En 2018, la <a href=\"http:\/\/bda2018.ensea.fr\/\">34\u00e8me conf\u00e9rence sur la \u00ab Gestion de Donn\u00e9es \u2014 Principes, Technologies et Applications \u00bb (BDA 2018)<\/a> aura lieu \u00e0 Bucarest, Roumanie !<\/strong><\/p>\n<p>La 33\u00e8me conf\u00e9rence sur la \u00ab Gestion de Donn\u00e9es \u2014 Principes, Technologies et Applications \u00bb (BDA 2017) est le rendez-vous incontournable de la communaut\u00e9 de la gestion de donn\u00e9es en France.<\/p>\n<p>La conf\u00e9rence s&rsquo;est d\u00e9roul\u00e9e du 14 au 17 novembre 2017 au centre <a href=\"https:\/\/www.inria.fr\/centre\/nancy\">Inria Nancy Grand-Est<\/a>.<\/p>\n<p>L&rsquo;\u00e9mergence du ph\u00e9nom\u00e8ne des donn\u00e9es massives (Big Data) a pour effet de changer en profondeur la mani\u00e8re dont les diff\u00e9rentes phases du processus d\u2019acquisition et de valorisation des donn\u00e9es sont mises en \u0153uvre. Les donn\u00e9es modernes sont volumineuses et souvent semi-structur\u00e9es, incompl\u00e8tes, impr\u00e9cises, bruit\u00e9es, inconsistantes, dynamiques ou fortement connect\u00e9es. L&rsquo;exploitation de ce type de donn\u00e9es par des applications issues de domaines scientifiques et m\u00e9tier tr\u00e8s vari\u00e9s pose de nombreux d\u00e9fis pour la communaut\u00e9 de recherche en informatique tant sur le plan fondamental qu\u2019appliqu\u00e9. Les technologies d\u00e9velopp\u00e9es pour la gestion de donn\u00e9es doivent \u00e9galement s\u2019adapter \u00e0 un environnement mat\u00e9riel et logiciel en perp\u00e9tuelle mutation. Les infrastructures de stockage et de calcul ont \u00e9volu\u00e9 de mani\u00e8re importante ces derni\u00e8res ann\u00e9es. Les recherches autour du calcul haute performance (HPC) conduisent \u00e0 la conception et \u00e0 l&rsquo;exploitation d&rsquo;architectures nouvelles, massivement parall\u00e8les et distribu\u00e9es. Les appareils mobiles, les architectures orient\u00e9es services et la virtualisation sont omnipr\u00e9sents et sont en train de r\u00e9volutionner la mani\u00e8re de fournir et d\u2019utiliser les syst\u00e8mes informatiques.<\/p>\n<p>La recherche en gestion de donn\u00e9es n\u2019a jamais \u00e9t\u00e9 aussi active, vari\u00e9e, ouverte sur d\u2019autres champs de l\u2019informatique et, au-del\u00e0, sur les grands d\u00e9fis des applications modernes.<\/p>\n<p>Poursuivant la tradition de rencontres annuelles de la communaut\u00e9 de gestion de donn\u00e9es francophone, BDA 2017 invite acad\u00e9miques et industriels \u00e0 soumettre leurs travaux r\u00e9cents pour rendre compte des d\u00e9fis et des avanc\u00e9es scientifiques et industrielles dans ce domaine en pleine effervescence.<\/p>\n<h2>Liste non exhaustive des th\u00e8mes<\/h2>\n<p>Les sujets d\u2019int\u00e9r\u00eat pour la conf\u00e9rence sont (liste non exhaustive) :<\/p>\n<ul style=\"line-height: 1em\">\n<li>Big Data et nouveaux paradigmes de traitement des donn\u00e9es<\/li>\n<li>Crowd sourcing, crowd mining<\/li>\n<li>Donn\u00e9es ouvertes, Linked Data, RDF<\/li>\n<li>\u00c9valuation de requ\u00eates, optimisation de requ\u00eates, indexation, stockage<\/li>\n<li>Entrep\u00f4ts de donn\u00e9es, fouille de donn\u00e9es et d\u00e9couverte des connaissances<\/li>\n<li>Flux de donn\u00e9es et r\u00e9seaux de capteurs<\/li>\n<li>Gestion de donn\u00e9es et services web, gestion de donn\u00e9es dans les nuages (Cloud)<\/li>\n<li>Gestion de donn\u00e9es et ses diff\u00e9rentes facettes : multim\u00e9dia, personnelles, scientifiques, temporelles, mobiles, incertaines\u2026<\/li>\n<li>Gestion des transactions et de la concurrence<\/li>\n<li>Int\u00e9gration des donn\u00e9es, gestion des m\u00e9tadonn\u00e9es, s\u00e9mantique des donn\u00e9es<\/li>\n<li>Qualit\u00e9 des donn\u00e9es<\/li>\n<li>Recherche d\u2019information et fouille de texte<\/li>\n<li>R\u00e9seaux sociaux, Web social et graphes de donn\u00e9es<\/li>\n<li>S\u00e9curit\u00e9 et protection des donn\u00e9es priv\u00e9es<\/li>\n<li>Syst\u00e8mes de bases de donn\u00e9es pour mat\u00e9riel moderne et en m\u00e9moire<\/li>\n<li>Syst\u00e8mes de gestion de donn\u00e9es embarqu\u00e9s<\/li>\n<li>Th\u00e9orie des bases de donn\u00e9es<\/li>\n<li>Visualisation des donn\u00e9es<\/li>\n<\/ul>\n<p><\/p>","protected":false},"excerpt":{"rendered":"<p>En 2018, la 34\u00e8me conf\u00e9rence sur la \u00ab Gestion de Donn\u00e9es \u2014 Principes, Technologies et Applications \u00bb (BDA 2018) aura lieu \u00e0 Bucarest, Roumanie ! La 33\u00e8me conf\u00e9rence sur la \u00ab Gestion de Donn\u00e9es \u2014 Principes, Technologies et Applications \u00bb (BDA 2017) est le rendez-vous incontournable de la communaut\u00e9 de\u2026<\/p>\n<p> <a class=\"continue-reading-link\" href=\"https:\/\/project.inria.fr\/bda2017\/\"><span>Continue reading<\/span><i class=\"crycon-right-dir\"><\/i><\/a> <\/p>\n","protected":false},"author":1,"featured_media":0,"parent":0,"menu_order":0,"comment_status":"closed","ping_status":"open","template":"","meta":{"footnotes":""},"class_list":["post-4","page","type-page","status-publish","hentry"],"_links":{"self":[{"href":"https:\/\/project.inria.fr\/bda2017\/wp-json\/wp\/v2\/pages\/4","targetHints":{"allow":["GET"]}}],"collection":[{"href":"https:\/\/project.inria.fr\/bda2017\/wp-json\/wp\/v2\/pages"}],"about":[{"href":"https:\/\/project.inria.fr\/bda2017\/wp-json\/wp\/v2\/types\/page"}],"author":[{"embeddable":true,"href":"https:\/\/project.inria.fr\/bda2017\/wp-json\/wp\/v2\/users\/1"}],"replies":[{"embeddable":true,"href":"https:\/\/project.inria.fr\/bda2017\/wp-json\/wp\/v2\/comments?post=4"}],"version-history":[{"count":11,"href":"https:\/\/project.inria.fr\/bda2017\/wp-json\/wp\/v2\/pages\/4\/revisions"}],"predecessor-version":[{"id":398,"href":"https:\/\/project.inria.fr\/bda2017\/wp-json\/wp\/v2\/pages\/4\/revisions\/398"}],"wp:attachment":[{"href":"https:\/\/project.inria.fr\/bda2017\/wp-json\/wp\/v2\/media?parent=4"}],"curies":[{"name":"wp","href":"https:\/\/api.w.org\/{rel}","templated":true}]}}