

{"id":69,"date":"2017-03-22T13:25:11","date_gmt":"2017-03-22T12:25:11","guid":{"rendered":"https:\/\/project.inria.fr\/bda2017\/?page_id=69"},"modified":"2017-10-24T19:21:57","modified_gmt":"2017-10-24T17:21:57","slug":"soumissions","status":"publish","type":"page","link":"https:\/\/project.inria.fr\/bda2017\/soumissions\/","title":{"rendered":"Soumissions"},"content":{"rendered":"<h2 id=\"modalities\" class=\"page-header\">\u00a0Modalit\u00e9s de soumission<\/h2>\n<p>Afin d\u2019encourager des soumissions de diff\u00e9rents types, nous consid\u00e9rons deux formats de papiers :<\/p>\n<ul style=\"line-height: 1em;\">\n<li>des papiers courts (4 \u00e0 6 pages) d\u00e9crivant un retour d\u2019exp\u00e9riences de projets recherche ou industrie, et<\/li>\n<li>des papiers longs (10 \u00e0 12 pages) plus classiques recherche.<\/li>\n<\/ul>\n<p>De plus, comme chaque ann\u00e9e, nous sollicitions \u00e9galement des propositions de d\u00e9monstrations ou d\u2019articles doctorant(e)s.<\/p>\n<p>Les soumissions sont \u00e0 effectuer en PDF, A4, en fran\u00e7ais ou en anglais (\u00e0 condition d\u2019ajouter un titre et un r\u00e9sum\u00e9 en fran\u00e7ais). Le format des papiers doit suivre le mod\u00e8le ACM : <a href=\"https:\/\/www.acm.org\/publications\/proceedings-template\">https:\/\/www.acm.org\/publications\/proceedings-template<\/a> (utiliser l&rsquo;option <em>sigconf<\/em> de la classe de documents).<\/p>\n<p>La taille limite indiqu\u00e9e inclut les r\u00e9f\u00e9rences bibliographiques. Il est possible d&rsquo;ajouter une annexe au-del\u00e0 du nombre de pages limite, mais celle-ci ne sera consid\u00e9r\u00e9e qu&rsquo;\u00e0 la discr\u00e9tion des relecteurs.<\/p>\n<p>Le site de soumission pour tous les types d&rsquo;articles est : <a href=\"https:\/\/easychair.org\/conferences\/?conf=bda2017\">https:\/\/easychair.org\/conferences\/?conf=bda2017<\/a>.<\/p>\n<h2>Cat\u00e9gories de soumissions<\/h2>\n<p>En r\u00e9sum\u00e9, il y a au total <b>quatre cat\u00e9gories d\u2019articles<\/b>.<\/p>\n<ul style=\"line-height: 1em;\">\n<li><b>Articles longs<\/b> (10 \u00e0 12 pages pages max. hors annexes) : articles classiques de recherche (r\u00e9sum\u00e9 \u00e0 soumettre avant le 7 juillet, article avant le 17 juillet).<\/li>\n<li><b>Articles courts<\/b> (4 \u00e0 6 pages pages max. hors annexes) : articles d\u00e9crivant un retour d\u2019exp\u00e9riences de projets recherche ou industriel (r\u00e9sum\u00e9 \u00e0 soumettre avant le 7 juillet, article avant le 17 juillet).<\/li>\n<li><b>Articles doctorant(e)s<\/b> (2 pages max) : pr\u00e9sentation du sujet de th\u00e8se, pr\u00e9sent\u00e9 lors de la conf\u00e9rence sous forme d\u2019un poster (article \u00e0 soumettre avant le 8 septembre).<\/li>\n<li><b>Articles d\u00e9monstration<\/b> (5 pages max) : d\u00e9monstration d&rsquo;un syst\u00e8me lors de la conf\u00e9rence (article \u00e0 soumettre avant le 17 juillet).<\/li>\n<\/ul>\n<p>Il y a deux types de soumission pour chaque cat\u00e9gorie.<\/p>\n<ul style=\"line-height: 1em;\">\n<li><b>Publi\u00e9s (P)<\/b> : articles d\u00e9j\u00e0 accept\u00e9s ou publi\u00e9s dans une conf\u00e9rence internationale de renom et qui n\u2019auraient pas pu \u00eatre soumis au pr\u00e9c\u00e9dent BDA (donc : publi\u00e9s ou accept\u00e9s apr\u00e8s le 23 mai 2016). Il suffira de soumettre le papier \u00ab en l\u2019\u00e9tat \u00bb, en indiquant de fa\u00e7on explicite le lieu o\u00f9 le travail a \u00e9t\u00e9 publi\u00e9. Cette cat\u00e9gorie a pour vocation d\u2019attirer les meilleurs papiers de la communaut\u00e9 fran\u00e7aise et de donner \u00e0 leurs auteurs l\u2019opportunit\u00e9 de pr\u00e9senter leurs travaux. Il ne s\u2019agit en aucun cas d\u2019une nouvelle publication. Cela permet aussi aux auteurs de montrer leur attachement \u00e0 la communaut\u00e9.<\/li>\n<li><b>Non Publi\u00e9s (NP)<\/b> : papiers originaux, non publi\u00e9s, ou en double soumission au moment de la notification BDA.<\/li>\n<\/ul>\n<p>Lors de la soumission, les auteurs sont invit\u00e9s \u00e0 choisir le type de soumission (P ou NP). Les papiers sont \u00e9valu\u00e9s selon les m\u00eames crit\u00e8res mais dans des flux diff\u00e9rents. La proportion des papiers P sera limit\u00e9e afin de laisser la part belle aux papiers NP (fraction \u00e0 la discr\u00e9tion du comit\u00e9 de programme).<\/p>\n<p>Les papiers courts et longs refus\u00e9s en NP et port\u00e9s par une doctorante ou un doctorant peuvent se voir r\u00e9orient\u00e9s en cat\u00e9gorie doctorant(e), avec l&rsquo;accord de l&rsquo;\u00e9tudiant(e).<\/p>\n<h2>Publication<\/h2>\n<p>La publication des actes se fait en deux temps.<\/p>\n<ul>\n<li>Actes informels disponibles en version \u00e9lectronique lors de la conf\u00e9rence. Les articles seront accessibles aux participants, quels que soit leurs types (P ou NP).<\/li>\n<li>Post-actes avec r\u00e9f\u00e9rencement ISBN ou ISSN et en ligne : une fois la conf\u00e9rence pass\u00e9e, les auteurs seront invit\u00e9s \u00e0 \u00e9crire sur deux pages maximum un r\u00e9sum\u00e9 en fran\u00e7ais ou en anglais qui sera inclut dans les post-actes.<\/li>\n<\/ul>\n<p>Comme chaque ann\u00e9e, les meilleures publications longues NP pourront \u00eatre invit\u00e9es pour un num\u00e9ro sp\u00e9cial de revue.<\/p>\n","protected":false},"excerpt":{"rendered":"<p>\u00a0Modalit\u00e9s de soumission Afin d\u2019encourager des soumissions de diff\u00e9rents types, nous consid\u00e9rons deux formats de papiers : des papiers courts (4 \u00e0 6 pages) d\u00e9crivant un retour d\u2019exp\u00e9riences de projets recherche ou industrie, et des papiers longs (10 \u00e0 12 pages) plus classiques recherche. De plus, comme chaque ann\u00e9e, nous\u2026<\/p>\n<p> <a class=\"continue-reading-link\" href=\"https:\/\/project.inria.fr\/bda2017\/soumissions\/\"><span>Continue reading<\/span><i class=\"crycon-right-dir\"><\/i><\/a> <\/p>\n","protected":false},"author":1191,"featured_media":0,"parent":0,"menu_order":20,"comment_status":"closed","ping_status":"closed","template":"","meta":{"footnotes":""},"class_list":["post-69","page","type-page","status-publish","hentry"],"_links":{"self":[{"href":"https:\/\/project.inria.fr\/bda2017\/wp-json\/wp\/v2\/pages\/69","targetHints":{"allow":["GET"]}}],"collection":[{"href":"https:\/\/project.inria.fr\/bda2017\/wp-json\/wp\/v2\/pages"}],"about":[{"href":"https:\/\/project.inria.fr\/bda2017\/wp-json\/wp\/v2\/types\/page"}],"author":[{"embeddable":true,"href":"https:\/\/project.inria.fr\/bda2017\/wp-json\/wp\/v2\/users\/1191"}],"replies":[{"embeddable":true,"href":"https:\/\/project.inria.fr\/bda2017\/wp-json\/wp\/v2\/comments?post=69"}],"version-history":[{"count":15,"href":"https:\/\/project.inria.fr\/bda2017\/wp-json\/wp\/v2\/pages\/69\/revisions"}],"predecessor-version":[{"id":290,"href":"https:\/\/project.inria.fr\/bda2017\/wp-json\/wp\/v2\/pages\/69\/revisions\/290"}],"wp:attachment":[{"href":"https:\/\/project.inria.fr\/bda2017\/wp-json\/wp\/v2\/media?parent=69"}],"curies":[{"name":"wp","href":"https:\/\/api.w.org\/{rel}","templated":true}]}}