

{"id":71,"date":"2017-03-22T13:25:22","date_gmt":"2017-03-22T12:25:22","guid":{"rendered":"https:\/\/project.inria.fr\/bda2017\/?page_id=71"},"modified":"2017-10-26T16:09:45","modified_gmt":"2017-10-26T14:09:45","slug":"inscription","status":"publish","type":"page","link":"https:\/\/project.inria.fr\/bda2017\/inscription\/","title":{"rendered":"Inscription"},"content":{"rendered":"<p><strong>Les inscriptions sont ouvertes: \u00a0<a href=\"https:\/\/secure.key4events.com\/key4register\/register.aspx?e=736&amp;c=6111\">s&rsquo;inscrire ici<\/a><\/strong><\/p>\n<p><span style=\"color: #ff0000;\"><strong>Date limite d&rsquo;inscription: 8 novembre 2017 minuit<\/strong><\/span><\/p>\n<p>Tarif pr\u00e9f\u00e9rentiel jusqu&rsquo;au 16 octobre 2017 inclus:<\/p>\n<ul>\n<li>Acad\u00e9mique: 330 \u20ac TTC<\/li>\n<li>Etudiant: 230 \u20ac TTC<\/li>\n<li>Ticket \u00e9v\u00e9nements sociaux accompagnant: 80 \u20ac TTC<\/li>\n<\/ul>\n<p>Tarif tardif \u00e0 partir du 17 octobre 2017:<\/p>\n<ul>\n<li>Acad\u00e9mique: 430 \u20ac TTC<\/li>\n<li>Etudiant: 330 \u20ac TTC<\/li>\n<li>Ticket \u00e9v\u00e9nements sociaux accompagnant: 80 \u20ac TTC<\/li>\n<\/ul>\n<p>Les frais d&rsquo;inscription en \u20ac TTC (tva 20%) comprennent:<\/p>\n<ul>\n<li style=\"text-align: left;\">l&rsquo;acc\u00e8s \u00e0 la conf\u00e9rence du 14 au 17 novembre 2017,<\/li>\n<li style=\"text-align: left;\">les d\u00e9jeuners du 14 au 17 novembre inclus,<\/li>\n<li style=\"text-align: left;\">la r\u00e9ception de bienvenue du mardi 14 novembre,<\/li>\n<li style=\"text-align: left;\">le d\u00eener de gala du jeudi 16 novembre.<\/li>\n<\/ul>\n<p><strong>Secr\u00e9tariat des inscriptions:<\/strong><\/p>\n<p><a href=\"mailto:inscriptions-bda2017@sudcongresconseil.com\">inscriptions-bda2017@sudcongresconseil.com<\/a><\/p>\n<p>SUD\u00a0CONGR\u00c8S\u00a0CONSEIL 162 Cours du\u00a0Mar\u00e9chal Gallieni 33400 Talence<\/p>\n","protected":false},"excerpt":{"rendered":"<p>Les inscriptions sont ouvertes: \u00a0s&rsquo;inscrire ici Date limite d&rsquo;inscription: 8 novembre 2017 minuit Tarif pr\u00e9f\u00e9rentiel jusqu&rsquo;au 16 octobre 2017 inclus: Acad\u00e9mique: 330 \u20ac TTC Etudiant: 230 \u20ac TTC Ticket \u00e9v\u00e9nements sociaux accompagnant: 80 \u20ac TTC Tarif tardif \u00e0 partir du 17 octobre 2017: Acad\u00e9mique: 430 \u20ac TTC Etudiant: 330 \u20ac\u2026<\/p>\n<p> <a class=\"continue-reading-link\" href=\"https:\/\/project.inria.fr\/bda2017\/inscription\/\"><span>Continue reading<\/span><i class=\"crycon-right-dir\"><\/i><\/a> <\/p>\n","protected":false},"author":1191,"featured_media":0,"parent":0,"menu_order":30,"comment_status":"closed","ping_status":"closed","template":"","meta":{"footnotes":""},"class_list":["post-71","page","type-page","status-publish","hentry"],"_links":{"self":[{"href":"https:\/\/project.inria.fr\/bda2017\/wp-json\/wp\/v2\/pages\/71","targetHints":{"allow":["GET"]}}],"collection":[{"href":"https:\/\/project.inria.fr\/bda2017\/wp-json\/wp\/v2\/pages"}],"about":[{"href":"https:\/\/project.inria.fr\/bda2017\/wp-json\/wp\/v2\/types\/page"}],"author":[{"embeddable":true,"href":"https:\/\/project.inria.fr\/bda2017\/wp-json\/wp\/v2\/users\/1191"}],"replies":[{"embeddable":true,"href":"https:\/\/project.inria.fr\/bda2017\/wp-json\/wp\/v2\/comments?post=71"}],"version-history":[{"count":14,"href":"https:\/\/project.inria.fr\/bda2017\/wp-json\/wp\/v2\/pages\/71\/revisions"}],"predecessor-version":[{"id":292,"href":"https:\/\/project.inria.fr\/bda2017\/wp-json\/wp\/v2\/pages\/71\/revisions\/292"}],"wp:attachment":[{"href":"https:\/\/project.inria.fr\/bda2017\/wp-json\/wp\/v2\/media?parent=71"}],"curies":[{"name":"wp","href":"https:\/\/api.w.org\/{rel}","templated":true}]}}