

{"id":181,"date":"2017-11-28T15:27:34","date_gmt":"2017-11-28T14:27:34","guid":{"rendered":"https:\/\/project.inria.fr\/bendali\/?page_id=181"},"modified":"2017-11-28T15:30:17","modified_gmt":"2017-11-28T14:30:17","slug":"dubois","status":"publish","type":"page","link":"https:\/\/project.inria.fr\/bendali\/program\/dubois\/","title":{"rendered":"Fran\u00e7ois Dubois"},"content":{"rendered":"<p>Cnam Paris and Universit\u00e9 Paris-Sud, with Isabelle Greff and Charles Pierre (UPPA)<\/p>\n<h2>Elements finis mixtes de Raviart Thomas de type Petrov-Galerkin <\/h2>\n<p>La m\u00e9thode mixte de Raviart-Thomas avec des  \u00e9l\u00e9ments finis de bas degr\u00e9 peut<br \/>\ns\u2019interpr\u00e9ter comme une m \u00e9thode de volumes finis avec un calcul non local du gradient.<br \/>\nNous proposons une variante de type Petrov-Galerkin afin d\u2019assurer un calcul local du gradient aux interfaces. Il s\u2019agit d\u2019expliciter des fonctions test duales de l&#8217;\u00e9l\u00e9ment fini de Raviart-Thomas.<br \/>\nLa th\u00e9orie g\u00e9n\u00e9rale de Babuska permet de garantir des conditions de stabilit\u00e9 n\u00e9cessaires et suffisantes pour qu\u2019un probleme mixte de Petrov-Galerkin conduise a une approximation convergente. Nous proposons des contraintes sp\u00e9cifiques sur les fonctions test duales afin de garantir la stabilit\u00e9. Avec ce choix, nous montrons que le sch\u00e9ma mixte de Petrov-Galerkin obtenu est identique au sch\u00e9ma de volumes finis a quatre points de Herbin et a l\u2019approche par condensation de masse d \u00e9velopp\u00e9e par Baranger, Maitre et Oudin. Enfin, nous construisons une famille de fonctions test duales qui rendent le schema stable et nous montrons la convergence avec les m\u00e9thodes usuelles d&#8217;\u00e9l\u00e9ments finis mixtes.<\/p>\n","protected":false},"excerpt":{"rendered":"<p>Cnam Paris and Universit\u00e9 Paris-Sud, with Isabelle Greff and Charles Pierre (UPPA) Elements finis mixtes de Raviart Thomas de type Petrov-Galerkin La m\u00e9thode mixte de Raviart-Thomas avec des \u00e9l\u00e9ments finis de bas degr\u00e9 peut s\u2019interpr\u00e9ter comme une m \u00e9thode de volumes finis avec un calcul non local du gradient. Nous\u2026<\/p>\n<p> <a class=\"continue-reading-link\" href=\"https:\/\/project.inria.fr\/bendali\/program\/dubois\/\"><span>Continue reading<\/span><i class=\"crycon-right-dir\"><\/i><\/a> <\/p>\n","protected":false},"author":248,"featured_media":0,"parent":68,"menu_order":0,"comment_status":"closed","ping_status":"closed","template":"","meta":{"footnotes":""},"class_list":["post-181","page","type-page","status-publish","hentry"],"_links":{"self":[{"href":"https:\/\/project.inria.fr\/bendali\/wp-json\/wp\/v2\/pages\/181","targetHints":{"allow":["GET"]}}],"collection":[{"href":"https:\/\/project.inria.fr\/bendali\/wp-json\/wp\/v2\/pages"}],"about":[{"href":"https:\/\/project.inria.fr\/bendali\/wp-json\/wp\/v2\/types\/page"}],"author":[{"embeddable":true,"href":"https:\/\/project.inria.fr\/bendali\/wp-json\/wp\/v2\/users\/248"}],"replies":[{"embeddable":true,"href":"https:\/\/project.inria.fr\/bendali\/wp-json\/wp\/v2\/comments?post=181"}],"version-history":[{"count":1,"href":"https:\/\/project.inria.fr\/bendali\/wp-json\/wp\/v2\/pages\/181\/revisions"}],"predecessor-version":[{"id":182,"href":"https:\/\/project.inria.fr\/bendali\/wp-json\/wp\/v2\/pages\/181\/revisions\/182"}],"up":[{"embeddable":true,"href":"https:\/\/project.inria.fr\/bendali\/wp-json\/wp\/v2\/pages\/68"}],"wp:attachment":[{"href":"https:\/\/project.inria.fr\/bendali\/wp-json\/wp\/v2\/media?parent=181"}],"curies":[{"name":"wp","href":"https:\/\/api.w.org\/{rel}","templated":true}]}}