

{"id":65,"date":"2017-09-08T12:29:57","date_gmt":"2017-09-08T10:29:57","guid":{"rendered":"https:\/\/project.inria.fr\/bendali\/?page_id=65"},"modified":"2017-12-11T02:43:08","modified_gmt":"2017-12-11T01:43:08","slug":"speakers","status":"publish","type":"page","link":"https:\/\/project.inria.fr\/bendali\/speakers\/","title":{"rendered":"Speakers"},"content":{"rendered":"<ul class=\"list-speakers\">\n<li>Toufic Abboud (Imacs)<\/li>\n<li>Brahim Amaziane (Universit\u00e9 de Pau et des Pays de l\u2019Adour)<\/li>\n<li>Xavier Antoine (Universit\u00e9 de Lorraine)<\/li>\n<li>Nolwenn Balin (Airbus)<\/li>\n<li>H\u00e9l\u00e8ne Barucq (INRIA)<\/li>\n<li>Xavier Claeys (Universit\u00e9 de Paris 6)<\/li>\n<li>Martin Costabel (Universit\u00e9 de Rennes 1)<\/li>\n<li>Marion Darbas (Universit\u00e9 de Picardie)<\/li>\n<li>Monique Dauge (CNRS)<\/li>\n<li>Fran\u00e7ois Dubois (Universit\u00e9 Paris Sud)<\/li>\n<li>Patrick Joly (Inria)<\/li>\n<li>Mohamed Masmoudi (Universit\u00e9 de Toulouse 3)<\/li>\n<li>Peter Monk (University of Delaware)<\/li>\n<li>Jean-Claude N\u00e9d\u00e9lec (\u00c9cole Polytechnique)<\/li>\n<li>S\u00e9bastien Pernet (Cerfacs)<\/li>\n<li>Estelle Piot (Onera)<\/li>\n<li>Jean-Ren\u00e9 Poirier (INP-Laplace)<\/li>\n<li>Jean-Pierre Raymond (Universit\u00e9 de Toulouse)<\/li>\n<li>Fran\u00e7ois-Xavier Roux (Onera)<\/li>\n<li>Francisco Sayas (University of Delaware)<\/li>\n<li>Ernst Stephan (Leibniz Universit\u00e4t Hannover)<\/li>\n<li>Nicolas Zerbib (ESI-Group)<\/li>\n<\/ul>\n","protected":false},"excerpt":{"rendered":"<p>Toufic Abboud (Imacs) Brahim Amaziane (Universit\u00e9 de Pau et des Pays de l\u2019Adour) Xavier Antoine (Universit\u00e9 de Lorraine) Nolwenn Balin (Airbus) H\u00e9l\u00e8ne Barucq (INRIA) Xavier Claeys (Universit\u00e9 de Paris 6) Martin Costabel (Universit\u00e9 de Rennes 1) Marion Darbas (Universit\u00e9 de Picardie) Monique Dauge (CNRS) Fran\u00e7ois Dubois (Universit\u00e9 Paris Sud) Patrick\u2026<\/p>\n<p> <a class=\"continue-reading-link\" href=\"https:\/\/project.inria.fr\/bendali\/speakers\/\"><span>Continue reading<\/span><i class=\"crycon-right-dir\"><\/i><\/a> <\/p>\n","protected":false},"author":248,"featured_media":0,"parent":0,"menu_order":0,"comment_status":"closed","ping_status":"closed","template":"","meta":{"footnotes":""},"class_list":["post-65","page","type-page","status-publish","hentry"],"_links":{"self":[{"href":"https:\/\/project.inria.fr\/bendali\/wp-json\/wp\/v2\/pages\/65","targetHints":{"allow":["GET"]}}],"collection":[{"href":"https:\/\/project.inria.fr\/bendali\/wp-json\/wp\/v2\/pages"}],"about":[{"href":"https:\/\/project.inria.fr\/bendali\/wp-json\/wp\/v2\/types\/page"}],"author":[{"embeddable":true,"href":"https:\/\/project.inria.fr\/bendali\/wp-json\/wp\/v2\/users\/248"}],"replies":[{"embeddable":true,"href":"https:\/\/project.inria.fr\/bendali\/wp-json\/wp\/v2\/comments?post=65"}],"version-history":[{"count":18,"href":"https:\/\/project.inria.fr\/bendali\/wp-json\/wp\/v2\/pages\/65\/revisions"}],"predecessor-version":[{"id":324,"href":"https:\/\/project.inria.fr\/bendali\/wp-json\/wp\/v2\/pages\/65\/revisions\/324"}],"wp:attachment":[{"href":"https:\/\/project.inria.fr\/bendali\/wp-json\/wp\/v2\/media?parent=65"}],"curies":[{"name":"wp","href":"https:\/\/api.w.org\/{rel}","templated":true}]}}