

{"id":66,"date":"2017-09-08T12:29:57","date_gmt":"2017-09-08T10:29:57","guid":{"rendered":"https:\/\/project.inria.fr\/bendali\/?page_id=66"},"modified":"2017-12-11T23:39:56","modified_gmt":"2017-12-11T22:39:56","slug":"participants","status":"publish","type":"page","link":"https:\/\/project.inria.fr\/bendali\/participants\/","title":{"rendered":"Participants"},"content":{"rendered":"<p><TABLE>    <TR>  <TD>\tABBOUD\t <\/TD> <TD>\tToufic\t <\/TD> <TD>\tIMACS\t <\/TD>   <\/TR><br \/>\n<TR>  <TD>\tAMARA\t <\/TD> <TD>\tMohamed\t <\/TD> <TD>\tUPPA\t <\/TD> <\/TR><br \/>\n<TR>  <TD>\tAMAZIANE\t <\/TD> <TD>\tBrahim\t <\/TD> <TD>\tUPPA\t <\/TD>   <\/TR>  <TR>  <TD>\tANTOINE\t <\/TD> <TD>\tXavier\t <\/TD> <TD>\tInstitut Elie Cartan de Lorraine, Universit\u00e9  de Lorraine\t <\/TD>   <\/TR><br \/>\n<TR><TD>AZPIROZ<\/TD><TD>Izar<\/TD><TD>Magique 3D INRIA-UPPA-CNRS<\/TD><\/TR><br \/>\n  <TR>  <TD>\tBALIN\t <\/TD> <TD>\tNolwenn\t <\/TD> <TD>\tAirbus\t <\/TD>   <\/TR> <TR>  <TD>\tBARUCQ\t <\/TD> <TD>\tH\u00e9l\u00e8ne\t <\/TD> <TD>Magique 3D\tINRIA-UPPA-CNRS\t <\/TD>   <\/TR>  <TR>  <TD>\tCAUBET\t <\/TD> <TD>\tFabien\t <\/TD> <TD>\tUPPA\t <\/TD>   <\/TR>  <TR>  <TD>\tCHABASSIER\t <\/TD> <TD>\tJuliette\t <\/TD> <TD>\tMagique 3D\tINRIA-UPPA-CNRS\t\t <\/TD>   <\/TR>  <TR>  <TD>\tCITRAIN\t <\/TD> <TD>\tAur\u00e9lien\t <\/TD> <TD>Magique 3D INRIA-UPPA-CNRS and LMI <\/TD>   <\/TR>  <TR>  <TD>\tCLAEYS\t <\/TD> <TD>\tXavier\t <\/TD> <TD>\tLJLL UPMC\/INRIA Alpines\t <\/TD>   <\/TR>  <TR>  <TD>\tCOSTABEL\t <\/TD> <TD>\tMartin\t <\/TD> <TD>\tUniversit\u00e9 de Rennes 1\t <\/TD>   <\/TR>  <TR>  <TD>\tDARBAS\t <\/TD> <TD>\tMarion\t <\/TD> <TD>\tLAMFA, University of Picardie Jules Verne\t <\/TD>   <\/TR>  <TR>  <TD>\tDARRIGRAND\t <\/TD> <TD>\t\u00c9ric\t <\/TD> <TD>\tUniversit\u00e9 de Rennes 1\t <\/TD>   <\/TR>  <TR>  <TD>\tDAUGE\t <\/TD> <TD>\tMonique\t <\/TD> <TD>\tCNRS\t <\/TD>   <\/TR>  <TR>  <TD>\tDIAZ\t <\/TD> <TD>\tJulien\t <\/TD> <TD>\tMagique 3D\tINRIA-UPPA-CNRS\t\t <\/TD>   <\/TR>  <TR>  <TD>\tDJELLOULI\t <\/TD> <TD>\tRabia\t <\/TD> <TD>\tCalifornia State University, Northridge\t <\/TD>   <\/TR>  <TR>  <TD>\tDUBOIS\t <\/TD> <TD>\tFran\u00e7ois\t <\/TD> <TD>\tCNAM Paris et Univ. Paris Sud\t <\/TD>   <\/TR>  <TR>  <TD>\tFARES\t <\/TD> <TD>\tMbarek\t <\/TD> <TD>\tCERFACS\t <\/TD>   <\/TR>  <TR>  <TD>\tFROEHLY\t <\/TD> <TD>\tAlgiane\t <\/TD> <TD>\tINRIA\t <\/TD>   <\/TR><br \/>\n<TR><TD>GREFF<\/TD><TD>Isabelle<\/TD><TD>UPPA<\/TD><\/TR><br \/>\n<TR><TD>JACQUET<\/TD><TD>PIERRE<\/TD><TD>Magique 3D INRIA-UPPA-CNRS<\/TD><\/TR><br \/>\n<TR>  <TD>\tJOLY\t <\/TD> <TD>\tPatrick\t <\/TD> <TD>\tINRIA\t <\/TD>   <\/TR>  <TR>  <TD>\tLABAT\t <\/TD> <TD>\tJustine\t <\/TD> <TD>\tMagique 3D UPPA-INRIA-CNRS\t <\/TD>   <\/TR>  <TR>  <TD>\tMADAUNE-TORT\t <\/TD> <TD>\tMonique\t <\/TD> <TD>\t\t <\/TD>   <\/TR>  <TR>  <TD>\tMAS-GALLIC\t <\/TD> <TD>\tSylvie\t <\/TD> <TD>\t\t <\/TD>   <\/TR>  <TR>  <TD>\tMASMOUDI\t <\/TD> <TD>\tMohamed\t <\/TD> <TD>\tADAGOS\t <\/TD>   <\/TR>  <TR>  <TD>\tMASSON\t <\/TD> <TD>\tYder\t <\/TD> <TD>\tMagique 3D INRIA-UPPA-CNRS\t <\/TD>   <\/TR>  <TR>  <TD>\tMONK\t <\/TD> <TD>\tPeter\t <\/TD> <TD>\tUniversity of Delaware\t <\/TD>   <\/TR>  <TR>  <TD>\tMONTEGHETTI\t <\/TD> <TD>\tFlorian\t <\/TD> <TD>\tONERA\t <\/TD>   <\/TR>  <TR>  <TD>\tN&#8217;DIAYE\t <\/TD> <TD>\tMamadou\t <\/TD> <TD>Magique 3D INRIA-UPPA-CNRS<\/TD>   <\/TR>  <TR>  <TD>\tNEDELEC\t <\/TD> <TD>\tJean-Claude\t <\/TD> <TD>\tCentre de Math\u00e9matiques Appliqu\u00e9es \u00c9cole Polytechnique\t <\/TD>   <\/TR>  <TR>  <TD>\tPERNET\t <\/TD> <TD>\tSebastien\t <\/TD> <TD>\tOnera\t <\/TD>   <\/TR>  <TR>  <TD>\tP\u00c9RON\t <\/TD> <TD>\tVictor\t <\/TD> <TD>\tMagique 3D UPPA-INRIA-CNRS<\/TD>   <\/TR> <TR>  <TD>\tPIERRE\t <\/TD> <TD>\tCharles\t <\/TD> <TD>CNRS-UPPA<\/TD>   <\/TR>  <TR>  <TD>\tPIOT\t <\/TD> <TD>\tEstelle\t <\/TD> <TD>\tONERA\t <\/TD>   <\/TR>  <TR>  <TD>\tPOIRIER\t <\/TD> <TD>\tJean-Ren\u00e9\t <\/TD> <TD>\tLAPLACE-INP\/ENSEEIHT\t <\/TD>   <\/TR>  <TR>  <TD>\tRAYMOND\t <\/TD> <TD>\tJean-Pierre\t <\/TD> <TD>\tInstitut de Math\u00e9matiques de Toulouse, Universit\u00e9 Paul Sabatier\t <\/TD>   <\/TR>  <TR>  <TD>\tSAYAS\t <\/TD> <TD>\tFrancisco\t <\/TD> <TD>\tUniversity of Delaware\t <\/TD>   <\/TR><br \/>\n   <TR>  <TD>\tSHEN\t <\/TD> <TD>\tChengyi <\/TD> <TD>\tMagique 3D INRIA-UPPA-CNRS and LFCR\t <\/TD>   <\/TR><br \/>\n <TR>  <TD>\tSHISHENINA\t <\/TD> <TD>\tElvira\t <\/TD> <TD>\tMagique-3D INRIA-UPPA-CNRS\t <\/TD>   <\/TR>  <TR>  <TD>\tTERRASSE\t <\/TD> <TD>\tIsabelle\t <\/TD> <TD>\tAirbus\t <\/TD>   <\/TR>  <TR>  <TD>\tTORDEUX\t <\/TD> <TD>\tS\u00e9bastien\t <\/TD> <TD>\tMagique 3D UPPA-INRIA-CNRS\t <\/TD>   <\/TR><br \/>\n<TR><TD>TOURNEMENNE<\/TD><TD>Robin<\/TD><TD>Magique 3D\tINRIA-UPPA-CNRS\t<\/TD><\/TR><br \/>\n <TR>  <TD>\tVERNHET\t <\/TD> <TD>\tLaurent\t <\/TD> <TD>UPPA<\/TD>   <\/TR>  <TR>  <TD>\tZERBIB\t <\/TD> <TD>\tNicolas\t <\/TD> <TD>\tESI GROUP\t <\/TD>   <\/TR><br \/>\n<\/TABLE> <\/p>\n","protected":false},"excerpt":{"rendered":"<p>ABBOUD Toufic IMACS AMARA Mohamed UPPA AMAZIANE Brahim UPPA ANTOINE Xavier Institut Elie Cartan de Lorraine, Universit\u00e9 de Lorraine AZPIROZIzarMagique 3D INRIA-UPPA-CNRS BALIN Nolwenn Airbus BARUCQ H\u00e9l\u00e8ne Magique 3D INRIA-UPPA-CNRS CAUBET Fabien UPPA CHABASSIER Juliette Magique 3D INRIA-UPPA-CNRS CITRAIN Aur\u00e9lien Magique 3D INRIA-UPPA-CNRS and LMI CLAEYS Xavier LJLL UPMC\/INRIA Alpines\u2026<\/p>\n<p> <a class=\"continue-reading-link\" href=\"https:\/\/project.inria.fr\/bendali\/participants\/\"><span>Continue reading<\/span><i class=\"crycon-right-dir\"><\/i><\/a> <\/p>\n","protected":false},"author":248,"featured_media":0,"parent":0,"menu_order":0,"comment_status":"closed","ping_status":"closed","template":"","meta":{"footnotes":""},"class_list":["post-66","page","type-page","status-publish","hentry"],"_links":{"self":[{"href":"https:\/\/project.inria.fr\/bendali\/wp-json\/wp\/v2\/pages\/66","targetHints":{"allow":["GET"]}}],"collection":[{"href":"https:\/\/project.inria.fr\/bendali\/wp-json\/wp\/v2\/pages"}],"about":[{"href":"https:\/\/project.inria.fr\/bendali\/wp-json\/wp\/v2\/types\/page"}],"author":[{"embeddable":true,"href":"https:\/\/project.inria.fr\/bendali\/wp-json\/wp\/v2\/users\/248"}],"replies":[{"embeddable":true,"href":"https:\/\/project.inria.fr\/bendali\/wp-json\/wp\/v2\/comments?post=66"}],"version-history":[{"count":41,"href":"https:\/\/project.inria.fr\/bendali\/wp-json\/wp\/v2\/pages\/66\/revisions"}],"predecessor-version":[{"id":366,"href":"https:\/\/project.inria.fr\/bendali\/wp-json\/wp\/v2\/pages\/66\/revisions\/366"}],"wp:attachment":[{"href":"https:\/\/project.inria.fr\/bendali\/wp-json\/wp\/v2\/media?parent=66"}],"curies":[{"name":"wp","href":"https:\/\/api.w.org\/{rel}","templated":true}]}}