

{"id":68,"date":"2017-09-08T12:29:57","date_gmt":"2017-09-08T10:29:57","guid":{"rendered":"https:\/\/project.inria.fr\/bendali\/?page_id=68"},"modified":"2017-12-18T00:16:46","modified_gmt":"2017-12-17T23:16:46","slug":"program","status":"publish","type":"page","link":"https:\/\/project.inria.fr\/bendali\/program\/","title":{"rendered":"Program"},"content":{"rendered":"<h2>Tuesday, December 12<\/h2>\n<h4> Amphitheater E (Palassou building on the <a href=\"https:\/\/webulon.univ-pau.fr\/service\/planUPPA.pdf\">map<\/a>)<\/p>\n<h4>10:30-11:00 Welcome coffee <\/h4>\n<h4>11:00-11:15 Opening <\/h4>\n<h4>11:15-12:00 Jean-Claude N\u00e9d\u00e9lec <a href=\"https:\/\/project.inria.fr\/bendali\/files\/2017\/12\/nedelec.pdf\"><img decoding=\"async\" src=\"https:\/\/project.inria.fr\/bendali\/files\/2017\/12\/adobe-pdf-logo.jpg\" width=40><\/a><\/h4>\n<p>Centre de Math\u00e9matiques Appliqu\u00e9es, Ecole Polytechnique<br \/>\n<a href=\"https:\/\/project.inria.fr\/bendali\/program\/nedelec\/\">About some operators over a unit disc related to the Laplace equation<\/a> <\n\n\n<h4>12:00-14:00 Lunch at <a href=\"https:\/\/www.google.fr\/maps\/place\/Brasserie+Universitaire+la+Vague\/@43.3155748,-0.3662538,17z\/data=!3m1!4b1!4m5!3m4!1s0xd5648ba3f655555:0x8c5e3b38a4142763!8m2!3d43.3155709!4d-0.3640598\"> Brasserie Universitaire la Vague<\/a><\/h4>\n<h4> Amphitheater of the president building (<a href=\"https:\/\/webulon.univ-pau.fr\/service\/planUPPA.pdf\">Pr\u00e9sidence on the map<\/a>)<\/p>\n<h4>14:00-14:30 Fran\u00e7ois Dubois <a href=\"https:\/\/project.inria.fr\/bendali\/files\/2017\/12\/Dubois.pdf\"><img decoding=\"async\" src=\"https:\/\/project.inria.fr\/bendali\/files\/2017\/12\/adobe-pdf-logo.jpg\" width=40><\/a><br \/>\n<\/h4>\n<p> Cnam Paris and Universit\u00e9 Paris-Sud, with Isabelle Greff and Charles Pierre (UPPA)<br \/>\n<a href=\"https:\/\/project.inria.fr\/bendali\/program\/dubois\/\">Elements finis mixtes de Raviart Thomas de type Petrov-Galerkin<\/a><\/p>\n<h4>14:30-15:00 Estelle Piot <a href=\"https:\/\/project.inria.fr\/bendali\/files\/2017\/12\/piot.pdf\"><img decoding=\"async\" src=\"https:\/\/project.inria.fr\/bendali\/files\/2017\/12\/adobe-pdf-logo.jpg\" width=40><\/a><br \/>\n<\/h4>\n<p> ONERA<br \/>\n<a href=\"https:\/\/project.inria.fr\/bendali\/program\/piot\/\">Mathematical tools for impedance models of sound-absorbing materials in aeronautics<\/a><\/p>\n<h4>15:00-15:30 Mohamed Masmoudi <a href=\"\"><img decoding=\"async\" src=\"https:\/\/project.inria.fr\/bendali\/files\/2017\/12\/adobe-pdf-logo.jpg\" width=40><\/a><br \/>\n<\/h4>\n<p>Universit\u00e9 de Toulouse<br \/>\n<a href=\"https:\/\/project.inria.fr\/bendali\/program\/masmoudi\/\">Deep learning: learning physics from data<\/a><\/p>\n<h4>15:30-16h00 Coffee Break<\/h4>\n<h4>16:00-16:30 H\u00e9l\u00e8ne Barucq <a href=\"https:\/\/project.inria.fr\/bendali\/files\/2017\/12\/barucq.pdf\"><img decoding=\"async\" src=\"https:\/\/project.inria.fr\/bendali\/files\/2017\/12\/adobe-pdf-logo.jpg\" width=40><\/a><br \/>\n<\/h4>\n<p>INRIA<br \/>\n<a href=\"https:\/\/project.inria.fr\/bendali\/program\/barucq\/\">Trefftz-DG solution to the Helmholtz equation involving integral equations<\/a><\/p>\n<h4>16:30-17:00 : Martin Costabel <a href=\"\nhttps:\/\/project.inria.fr\/bendali\/files\/2017\/12\/Costabel.pdf\"><img decoding=\"async\" src=\"https:\/\/project.inria.fr\/bendali\/files\/2017\/12\/adobe-pdf-logo.jpg\" width=40><\/a><br \/>\n<\/h4>\n<p> IRMAR, Universit\u00e9 de Rennes 1<br \/>\n<a href=\"https:\/\/project.inria.fr\/bendali\/program\/costabel\/\">On the regularity of electromagnetic fields on Lipschitz domains<\/a><\/p>\n<h4>17:00-17:30 : Nolwenn Balin<\/h4>\n<p> Airbus<br \/>\n<a href=\"https:\/\/project.inria.fr\/bendali\/program\/nolwenn-balin\/\">Overview of Numerical Acoustics in Airbus<br \/>\n<\/a><\/p>\n<h2>Wednesday, December 13<\/h2>\n<h4> Amphitheater of the president building (<a href=\"https:\/\/webulon.univ-pau.fr\/service\/planUPPA.pdf\">Pr\u00e9sidence on the map<\/a>)<\/p>\n<h4>09:00-09:45 Peter Monk <a href=\"https:\/\/project.inria.fr\/bendali\/files\/2017\/12\/Monk.pdf\"><img decoding=\"async\" src=\"https:\/\/project.inria.fr\/bendali\/files\/2017\/12\/adobe-pdf-logo.jpg\" width=40><\/a><\/h4>\n<p> University of Delaware<br \/>\n<a href=\"https:\/\/project.inria.fr\/bendali\/program\/monk\/\">Time Domain Electric Field Integral Equation for Computational Electromagnetism<\/a><\/p>\n<h4>09:45-10:15  S\u00e9bastien Pernet<\/h4>\n<p>ONERA<br \/>\n<a href=\"https:\/\/project.inria.fr\/bendali\/program\/pernet\/\">A posteriori error estimates for EFIE in electromagnetism<\/a><\/p>\n<h4>10:15-10:45 Coffee break<\/h4>\n<h4>10:45-11:15 Patrick Joly <a href=\"https:\/\/project.inria.fr\/bendali\/files\/2017\/12\/Joly.pdf\"><img decoding=\"async\" src=\"https:\/\/project.inria.fr\/bendali\/files\/2017\/12\/adobe-pdf-logo.jpg\" width=40><\/a><br \/>\n<a href=\"https:\/\/project.inria.fr\/bendali\/program\/nedelec\/\"><\/h4>\n<p>INRIA<br \/>\n<a href=\"https:\/\/project.inria.fr\/bendali\/program\/joly\/\">Transparent boundary conditions for wave propagation in fractal networks<\/a><\/p>\n<h4>11:15-11:45 Toufic Abboud <a href=\"https:\/\/project.inria.fr\/bendali\/files\/2017\/12\/BendaliDays2017_TouficAbboud.pdf\"><img decoding=\"async\" src=\"https:\/\/project.inria.fr\/bendali\/files\/2017\/12\/adobe-pdf-logo.jpg\" width=40><\/a><br \/>\n<a href=\"https:\/\/project.inria.fr\/bendali\/program\/nedelec\/\"><\/h4>\n<p>IMACS<br \/>\n<a  href=\"https:\/\/project.inria.fr\/bendali\/program\/abboud\/\">Hybrid H-matrix \u2014 FMM solvers for waves<\/a><\/p>\n<h4>11:45-12:15 Jean-Ren\u00e9 Poirier <a href=\"https:\/\/project.inria.fr\/bendali\/files\/2017\/12\/Poirier.pdf\"><img decoding=\"async\" src=\"https:\/\/project.inria.fr\/bendali\/files\/2017\/12\/adobe-pdf-logo.jpg\" width=40><\/a><br \/>\n<a href=\"https:\/\/project.inria.fr\/bendali\/program\/nedelec\/\"><\/h4>\n<p>LAPLACE-INP\/ENSEEIHT<br \/>\n<a href=\"https:\/\/project.inria.fr\/bendali\/program\/poirier\/\">Hierarchical Matrices applied to Maxwell equations<\/a><\/p>\n<h4>12:15-14:00  Lunch at <a href=\"https:\/\/www.google.fr\/maps\/place\/Brasserie+Universitaire+la+Vague\/@43.3155748,-0.3662538,17z\/data=!3m1!4b1!4m5!3m4!1s0xd5648ba3f655555:0x8c5e3b38a4142763!8m2!3d43.3155709!4d-0.3640598\"> Brasserie Universitaire la Vague<\/a><\/h4>\n<h4>14:00-14:45 Ernst Stephan <a href=\"https:\/\/project.inria.fr\/bendali\/files\/2017\/12\/stephan.pdf\"><img decoding=\"async\" src=\"https:\/\/project.inria.fr\/bendali\/files\/2017\/12\/adobe-pdf-logo.jpg\" width=40><\/a><br \/>\n<a href=\"https:\/\/project.inria.fr\/bendali\/program\/nedelec\/\"><\/h4>\n<p>Leibniz University Hannover, with H. Gimperlein, D. Stark (Heriot-Watt University, Edinburgh) and C.Oezdemir (LUH)<br \/>\n<a href=\"https:\/\/project.inria.fr\/bendali\/program\/stephan\/\">Adaptive and higher-order time domain boundary elements for the wave equation<\/a><\/p>\n<h4>14:45-15:15 Jean-Pierre Raymond <a href=\"https:\/\/project.inria.fr\/bendali\/files\/2017\/12\/Raymond-2017.pdf\"><img decoding=\"async\" src=\"https:\/\/project.inria.fr\/bendali\/files\/2017\/12\/adobe-pdf-logo.jpg\" width=40><\/a><br \/>\n<a href=\"https:\/\/project.inria.fr\/bendali\/program\/nedelec\/\"><\/h4>\n<p>Universit\u00e9 de Toulouse<br \/>\n<a  href=\"https:\/\/project.inria.fr\/bendali\/program\/raymond\/\">Local stabilization of 2D and 3D fluid-structure models<\/a><\/p>\n<h4>15:15-15:45 Monique Dauge <a href=\"https:\/\/project.inria.fr\/bendali\/files\/2017\/12\/Dauge.pdf\"><img decoding=\"async\" src=\"https:\/\/project.inria.fr\/bendali\/files\/2017\/12\/adobe-pdf-logo.jpg\" width=40><\/a><br \/>\n<a href=\"https:\/\/project.inria.fr\/bendali\/program\/nedelec\/\"><\/h4>\n<p>CNRS<br \/>\n<a href=\"https:\/\/project.inria.fr\/bendali\/files\/2017\/09\/Abstract_Pau-Dauge.pdf\">Eigenpairs of the curl operator on axisymmetric tori<\/a><\/p>\n<h4>15:45-16:15 Coffee Break<\/h4>\n<h4>16:15-16:45 Nicolas Zerbib <a href=\"https:\/\/project.inria.fr\/bendali\/files\/2017\/12\/Zerbib.pptx\"><img decoding=\"async\" src=\"https:\/\/project.inria.fr\/bendali\/files\/2017\/12\/adobe-pdf-logo.jpg\" width=40><\/a><br \/>\n<a href=\"https:\/\/project.inria.fr\/bendali\/program\/nedelec\/\"><\/h4>\n<p>ESI Group<br \/>\n<a  href=\"https:\/\/project.inria.fr\/bendali\/program\/zerbib\/\">Use of OpenFOAM coupled with a Hybridization of Finite Element-Boundary Element Methods using an Adaptive Absorbing Boundary Condition for Wind Noise Simulation<\/a><\/p>\n<h4>16:45-17:15 Marion Darbas <a href=\"https:\/\/project.inria.fr\/bendali\/files\/2017\/12\/Darbas.pdf\"><img decoding=\"async\" src=\"https:\/\/project.inria.fr\/bendali\/files\/2017\/12\/adobe-pdf-logo.jpg\" width=40><\/a><br \/>\n<a href=\"https:\/\/project.inria.fr\/bendali\/program\/nedelec\/\"><\/h4>\n<p>LAMFA, University of Picardie Jules Verne, with St\u00e9phanie Chaillat (ENSTA) and Fr\u00e9d\u00e9rique Le Lo\u00fcer (UTC)<br \/>\n<a  href=\"https:\/\/project.inria.fr\/bendali\/program\/darbas\/\">Analytic preconditioners for 3D high-frequency elastic scattering problems<\/a><\/p>\n<h4>17:15-17:45 Xavier Claeys <a href=\"https:\/\/project.inria.fr\/bendali\/files\/2017\/12\/Claeys.pdf\"><img decoding=\"async\" src=\"https:\/\/project.inria.fr\/bendali\/files\/2017\/12\/adobe-pdf-logo.jpg\" width=40><\/a><br \/>\n<a href=\"https:\/\/project.inria.fr\/bendali\/program\/nedelec\/\"><\/h4>\n<p>LJLL UPMC Paris 6 \/ INRIA Alpines, with Ralf Hiptmair (ETH Z\u00fcrich)<br \/>\n<a href=\"https:\/\/project.inria.fr\/bendali\/program\/claeys\/\">First kind boundary integral formulation for the Hodge-Helmholtz equation<\/a><\/p>\n<h4>20:00-23:00 Conference dinner<\/h4>\n<p><a href=\"http:\/\/lespapillesinsolites.blogspot.fr\/\">Les papilles insolites<\/a><br \/>\n5 rue Alexander Taylor, 64000 Pau<\/p>\n<h2>Thursday December 14<\/h2>\n<h4> Amphitheater of the president building (<a href=\"https:\/\/webulon.univ-pau.fr\/service\/planUPPA.pdf\">Pr\u00e9sidence on the map<\/a>) <\/p>\n<h4>09:00-09:45 Francisco-Javier Sayas<a href=\"https:\/\/project.inria.fr\/bendali\/files\/2017\/12\/fjs-Fete-Bendali-2017.pdf\"><img decoding=\"async\" src=\"https:\/\/project.inria.fr\/bendali\/files\/2017\/12\/adobe-pdf-logo.jpg\" width=40><\/a><\/h4>\n<p>University of Delaware<br \/>\n<a href=\"https:\/\/project.inria.fr\/bendali\/program\/sayas\/\">Waves in viscoelastic media<\/a><\/p>\n<h4>09:45-10h15 Xavier Antoine<a href=\"https:\/\/project.inria.fr\/bendali\/files\/2017\/12\/TalkPauXavierAntoine.pdf\"><img decoding=\"async\" src=\"https:\/\/project.inria.fr\/bendali\/files\/2017\/12\/adobe-pdf-logo.jpg\" width=40><\/a><\/h4>\n<p>Universit\u00e9 de Lorraine<br \/>\n<a  href=\"https:\/\/project.inria.fr\/bendali\/program\/antoine\/\">Microlocal analysis as a tool to design computational methods for the simulation of waves<\/a><\/p>\n<h4>10:15-10:45 Coffee Break<\/h4>\n<h4>10h45-11:15 : Fran\u00e7ois-Xavier Roux<a href=\"https:\/\/project.inria.fr\/bendali\/files\/2017\/12\/fxroux14122017.pdf\"><img decoding=\"async\" src=\"https:\/\/project.inria.fr\/bendali\/files\/2017\/12\/adobe-pdf-logo.jpg\" width=40><\/a><\/h4>\n<p>ONERA<br \/>\n<a href=\"https:\/\/project.inria.fr\/bendali\/program\/roux\/\">Dirichlet to Neumann, Schur complement and solution of coupled problems<\/a><\/p>\n<h4>11:15-11:45 Brahim Amaziane<a href=\"https:\/\/project.inria.fr\/bendali\/files\/2017\/12\/Amaziane.pdf\"><img decoding=\"async\" src=\"https:\/\/project.inria.fr\/bendali\/files\/2017\/12\/adobe-pdf-logo.jpg\" width=40><\/a><\/h4>\n<p> LMA-IPRA, CNRS\/UPPA, UMR 5142<br \/>\n<a href=\"https:\/\/project.inria.fr\/bendali\/program\/amaziane\/\">Numerical simulation by homogenization of multiphase flow in heterogeneous porous media<\/a><\/p>\n<h4>12:15-14:00  Lunch at <a href=\"https:\/\/www.google.fr\/maps\/place\/Brasserie+Universitaire+la+Vague\/@43.3155748,-0.3662538,17z\/data=!3m1!4b1!4m5!3m4!1s0xd5648ba3f655555:0x8c5e3b38a4142763!8m2!3d43.3155709!4d-0.3640598\"> Brasserie Universitaire la Vague<\/h4>\n","protected":false},"excerpt":{"rendered":"<p>Tuesday, December 12 Amphitheater E (Palassou building on the map) 10:30-11:00 Welcome coffee 11:00-11:15 Opening 11:15-12:00 Jean-Claude N\u00e9d\u00e9lec Centre de Math\u00e9matiques Appliqu\u00e9es, Ecole Polytechnique About some operators over a unit disc related to the Laplace equation < 12:00-14:00 Lunch at Brasserie Universitaire la Vague Amphitheater of the president building (Pr\u00e9sidence\u2026\n\n<p> <a class=\"continue-reading-link\" href=\"https:\/\/project.inria.fr\/bendali\/program\/\"><span>Continue reading<\/span><i class=\"crycon-right-dir\"><\/i><\/a> <\/p>\n","protected":false},"author":248,"featured_media":0,"parent":0,"menu_order":0,"comment_status":"closed","ping_status":"closed","template":"","meta":{"footnotes":""},"class_list":["post-68","page","type-page","status-publish","hentry"],"_links":{"self":[{"href":"https:\/\/project.inria.fr\/bendali\/wp-json\/wp\/v2\/pages\/68","targetHints":{"allow":["GET"]}}],"collection":[{"href":"https:\/\/project.inria.fr\/bendali\/wp-json\/wp\/v2\/pages"}],"about":[{"href":"https:\/\/project.inria.fr\/bendali\/wp-json\/wp\/v2\/types\/page"}],"author":[{"embeddable":true,"href":"https:\/\/project.inria.fr\/bendali\/wp-json\/wp\/v2\/users\/248"}],"replies":[{"embeddable":true,"href":"https:\/\/project.inria.fr\/bendali\/wp-json\/wp\/v2\/comments?post=68"}],"version-history":[{"count":82,"href":"https:\/\/project.inria.fr\/bendali\/wp-json\/wp\/v2\/pages\/68\/revisions"}],"predecessor-version":[{"id":448,"href":"https:\/\/project.inria.fr\/bendali\/wp-json\/wp\/v2\/pages\/68\/revisions\/448"}],"wp:attachment":[{"href":"https:\/\/project.inria.fr\/bendali\/wp-json\/wp\/v2\/media?parent=68"}],"curies":[{"name":"wp","href":"https:\/\/api.w.org\/{rel}","templated":true}]}}