

{"id":76,"date":"2017-09-08T12:30:48","date_gmt":"2017-09-08T10:30:48","guid":{"rendered":"https:\/\/project.inria.fr\/bendali\/?page_id=76"},"modified":"2017-12-11T14:23:29","modified_gmt":"2017-12-11T13:23:29","slug":"organizing-committee","status":"publish","type":"page","link":"https:\/\/project.inria.fr\/bendali\/organizing-committee\/","title":{"rendered":"Organizing Committee"},"content":{"rendered":"<p>La conf\u00e9rence est organis\u00e9e par l&#8217;\u00e9quipe projet commune Magique 3D<\/p>\n<ul>\n<li><a href=\"https:\/\/team.inria.fr\/magique3d\/fr\/team-members\/helene-barucq\/\">H\u00e9l\u00e8ne Barucq<\/a>, INRIA Bordeaux Sud-Ouest, helene.barucq@inria.fr<\/li>\n<li><a href=\"https:\/\/team.inria.fr\/magique3d\/fr\/team-members\/julien-diaz\/phd-students\/\">Julien Diaz<\/a>,\u00a0INRIA Bordeaux Sud-Ouest, julien.diaz@inria.fr<\/li>\n<li><a href=\"https:\/\/team.inria.fr\/magique3d\/en\/team-members\/sebastien-tordeux\/\">S\u00e9bastien Tordeux<\/a>, UPPA, sebastien.tordeux@univ-pau.fr<\/li>\n<\/ul>\n","protected":false},"excerpt":{"rendered":"<p>La conf\u00e9rence est organis\u00e9e par l&#8217;\u00e9quipe projet commune Magique 3D H\u00e9l\u00e8ne Barucq, INRIA Bordeaux Sud-Ouest, helene.barucq@inria.fr Julien Diaz,\u00a0INRIA Bordeaux Sud-Ouest, julien.diaz@inria.fr S\u00e9bastien Tordeux, UPPA, sebastien.tordeux@univ-pau.fr<\/p>\n<p> <a class=\"continue-reading-link\" href=\"https:\/\/project.inria.fr\/bendali\/organizing-committee\/\"><span>Continue reading<\/span><i class=\"crycon-right-dir\"><\/i><\/a> <\/p>\n","protected":false},"author":248,"featured_media":0,"parent":0,"menu_order":0,"comment_status":"closed","ping_status":"closed","template":"","meta":{"footnotes":""},"class_list":["post-76","page","type-page","status-publish","hentry"],"_links":{"self":[{"href":"https:\/\/project.inria.fr\/bendali\/wp-json\/wp\/v2\/pages\/76","targetHints":{"allow":["GET"]}}],"collection":[{"href":"https:\/\/project.inria.fr\/bendali\/wp-json\/wp\/v2\/pages"}],"about":[{"href":"https:\/\/project.inria.fr\/bendali\/wp-json\/wp\/v2\/types\/page"}],"author":[{"embeddable":true,"href":"https:\/\/project.inria.fr\/bendali\/wp-json\/wp\/v2\/users\/248"}],"replies":[{"embeddable":true,"href":"https:\/\/project.inria.fr\/bendali\/wp-json\/wp\/v2\/comments?post=76"}],"version-history":[{"count":3,"href":"https:\/\/project.inria.fr\/bendali\/wp-json\/wp\/v2\/pages\/76\/revisions"}],"predecessor-version":[{"id":339,"href":"https:\/\/project.inria.fr\/bendali\/wp-json\/wp\/v2\/pages\/76\/revisions\/339"}],"wp:attachment":[{"href":"https:\/\/project.inria.fr\/bendali\/wp-json\/wp\/v2\/media?parent=76"}],"curies":[{"name":"wp","href":"https:\/\/api.w.org\/{rel}","templated":true}]}}