

{"id":32,"date":"2014-07-04T10:52:24","date_gmt":"2014-07-04T10:52:24","guid":{"rendered":"https:\/\/ecoleporquerolles.inria.fr\/?page_id=32"},"modified":"2016-02-19T16:56:30","modified_gmt":"2016-02-19T15:56:30","slug":"comites","status":"publish","type":"page","link":"https:\/\/project.inria.fr\/berder2016\/fr\/comites\/","title":{"rendered":"Comit\u00e9s"},"content":{"rendered":"<p><br \/>\n<\/p>\n<h4>Comit\u00e9 d&rsquo;organisation<\/h4>\n<ul>\n<li>B\u00e9reng\u00e8re Abou (CNRS UMR7057 \/ Universit\u00e9 Paris 7, Paris)<\/li>\n<li>Hugues Berry (INRIA \/ CNRS UMR5205, LIRIS, Lyon)<\/li>\n<\/ul>\n<h4>Comit\u00e9 scientifique<\/h4>\n<ul>\n<li>Benjamin Audit (bioinformatique\/g\u00e9nomique, CNRS &#8211; ENS Lyon)<\/li>\n<li>David Bensimon (biophysique, CNRS &#8211; ENS Paris)<\/li>\n<li>Gilles B\u0153uf (physiologie environnementale\/biodiversit\u00e9, MNHN-UPMC)<\/li>\n<li>Myriam Cayre (neurobiologie, CNRS &#8211; Universit\u00e9 d&rsquo;Aix-Marseille)<\/li>\n<li>Hugues Chat\u00e9 (physique statistique, CEA Saclay)<\/li>\n<li>Yves Couder (physique, Universit\u00e9 Paris7)<\/li>\n<li>Anne Devin (m\u00e9tabolisme, CNRS &#8211; Universit\u00e9 de Bordeaux)<\/li>\n<li>Pierre-Henri Gouyon (\u00e9volution\/\u00e9pist\u00e9mologie, MNHN)<\/li>\n<li>Evelyne Heyer (\u00e9volution humaine\/anthropologie g\u00e9n\u00e9tique, MNHN)<\/li>\n<li>Bruno Latour (sociologie\/philosophie des sciences, Science Po Paris)<\/li>\n<li>Christophe Lavelle (\u00e9pig\u00e9n\u00e9tique\/gastronomie mol\u00e9culaire, MNHN &#8211; CNRS)<\/li>\n<li>Lucie Laplane (philosophie, Universit\u00e9 Paris 4)<\/li>\n<li>Marc Lefranc (physique, Universit\u00e9 Lille1)<\/li>\n<li>Franck Molina (biologie int\u00e9grative, CNRS Montpellier)<\/li>\n<li>Fran\u00e7oise Mon\u00e9ger (biologie v\u00e9g\u00e9tale, CNRS- ENS Lyon)<\/li>\n<li>Lydia Robert (biophysique\/microbiologie, INRA-UPMC)<\/li>\n<li>Guy Theraulaz (\u00e9thologie, biologie des syst\u00e8mes, CNRS Toulouse)<\/li>\n<li>Fran\u00e7ois Tronche (neurobiologie, CNRS-UPMC)<\/li>\n<li>Catherine Villard (physique\/neurobiologie, CNRS Grenoble)<\/li>\n<\/ul>\n<p><\/p>","protected":false},"excerpt":{"rendered":"<p>Comit\u00e9 d&rsquo;organisation B\u00e9reng\u00e8re Abou (CNRS UMR7057 \/ Universit\u00e9 Paris 7, Paris) Hugues Berry (INRIA \/ CNRS UMR5205, LIRIS, Lyon) Comit\u00e9 scientifique Benjamin Audit (bioinformatique\/g\u00e9nomique, CNRS &#8211; ENS Lyon) David Bensimon (biophysique, CNRS &#8211; ENS Paris) Gilles B\u0153uf (physiologie environnementale\/biodiversit\u00e9, MNHN-UPMC) Myriam Cayre (neurobiologie, CNRS &#8211; Universit\u00e9 d&rsquo;Aix-Marseille) Hugues Chat\u00e9 (physique\u2026<\/p>\n<p> <a class=\"continue-reading-link\" href=\"https:\/\/project.inria.fr\/berder2016\/fr\/comites\/\"><span>Continue reading<\/span><i class=\"crycon-right-dir\"><\/i><\/a> <\/p>\n","protected":false},"author":935,"featured_media":0,"parent":0,"menu_order":0,"comment_status":"closed","ping_status":"closed","template":"","meta":{"footnotes":""},"class_list":["post-32","page","type-page","status-publish","hentry"],"_links":{"self":[{"href":"https:\/\/project.inria.fr\/berder2016\/fr\/wp-json\/wp\/v2\/pages\/32","targetHints":{"allow":["GET"]}}],"collection":[{"href":"https:\/\/project.inria.fr\/berder2016\/fr\/wp-json\/wp\/v2\/pages"}],"about":[{"href":"https:\/\/project.inria.fr\/berder2016\/fr\/wp-json\/wp\/v2\/types\/page"}],"author":[{"embeddable":true,"href":"https:\/\/project.inria.fr\/berder2016\/fr\/wp-json\/wp\/v2\/users\/935"}],"replies":[{"embeddable":true,"href":"https:\/\/project.inria.fr\/berder2016\/fr\/wp-json\/wp\/v2\/comments?post=32"}],"version-history":[{"count":1,"href":"https:\/\/project.inria.fr\/berder2016\/fr\/wp-json\/wp\/v2\/pages\/32\/revisions"}],"predecessor-version":[{"id":121,"href":"https:\/\/project.inria.fr\/berder2016\/fr\/wp-json\/wp\/v2\/pages\/32\/revisions\/121"}],"wp:attachment":[{"href":"https:\/\/project.inria.fr\/berder2016\/fr\/wp-json\/wp\/v2\/media?parent=32"}],"curies":[{"name":"wp","href":"https:\/\/api.w.org\/{rel}","templated":true}]}}