

{"id":64,"date":"2014-07-03T16:50:58","date_gmt":"2014-07-03T16:50:58","guid":{"rendered":"https:\/\/ecoleporquerolles.inria.fr\/?page_id=5"},"modified":"2016-05-10T22:54:09","modified_gmt":"2016-05-10T20:54:09","slug":"2015-2","status":"publish","type":"page","link":"https:\/\/project.inria.fr\/berder2016\/fr\/","title":{"rendered":"Pr\u00e9sentation"},"content":{"rendered":"<p><\/p>\n<table width=\"788\">\n<tbody>\n<tr>\n<td style=\"overflow: hidden;\"><a href=\"http:\/\/project.inria.fr\/berder2016\/files\/2016\/02\/berdersmall-e1455878617854.gif\"><img loading=\"lazy\" decoding=\"async\" class=\" size-full wp-image-84 aligncenter\" src=\"http:\/\/project.inria.fr\/berder2016\/files\/2016\/02\/berdersmall-e1455878617854.gif\" alt=\"berdersmall\" width=\"150\" height=\"86\" \/><\/a><\/td>\n<td style=\"overflow: hidden;\">\n<p style=\"text-align: justify;\">L&rsquo;Ecole de Berder (Ecole Th\u00e9matique Interdisciplinaire d&rsquo;Echanges et de Formation en Biologie) est une \u00e9cole visant \u00e0 stimuler l&rsquo;innovation ayant trait aux grandes questions biologiques actuelles, en promouvant des int\u00e9ractions inhabituelles entre chercheurs de disciplines diff\u00e9rentes.<\/p>\n<\/td>\n<td style=\"overflow: hidden;\"><a href=\"http:\/\/project.inria.fr\/berder2016\/files\/2016\/02\/paris7-e1455878589490.jpg\"><img loading=\"lazy\" decoding=\"async\" class=\"alignnone size-full wp-image-85\" src=\"http:\/\/project.inria.fr\/berder2016\/files\/2016\/02\/paris7-e1455878589490.jpg\" alt=\"paris7\" width=\"150\" height=\"100\" \/><\/a><\/td>\n<\/tr>\n<\/tbody>\n<\/table>\n<hr \/>\n<p>Cette ann\u00e9e, nous vous proposons une \u00e9cole de Berder exceptionnellement \u00e0 <strong>Paris<\/strong> sur 3 jours (4 demi-journ\u00e9es) :<\/p>\n<ul>\n<li>Th\u00e8me: \u00ab\u00a0Le Vivant Autrement: Bio-inspiration, bio-mim\u00e9tisme, biologie de synth\u00e8se, exobiologie, robotique, humain augment\u00e9, transhumanisme&#8230;\u00a0\u00bb<\/li>\n<li>Dates: du 13 au 15 Juin 2016.<\/li>\n<li>Lieu: Universit\u00e9 Denis Diderot, Paris 13eme,\u00a0Amphith\u00e9\u00e2tre 4C au 1er \u00e9tage; hall C : 15 esplanade Pierre Vidal-Naquet 75013 Paris. Un plan est disponible <a href=\"https:\/\/drive.google.com\/open?id=1yLNyNLlQ7l-YGsaV4plXjxmaGEw&amp;usp=sharing\" target=\"_blank\">ici<\/a>.<\/li>\n<\/ul>\n<hr \/>\n<h2><\/h2>\n<h4><span style=\"color: #993366;\">RENDEZ-VOUS DU 13 AU 15 JUIN 2016 POUR LA PROCHAINE ECOLE DE BERDER!<\/span><\/h4>\n<h5 style=\"margin-bottom: 40px;\"><\/h5>\n<hr \/>\n<p style=\"margin-bottom: 40px;\">Pour se faire une bonne id\u00e9e de cette \u00e9cole, les personnes int\u00e9ress\u00e9es sont invit\u00e9es \u00e0 consulter les pages de quelques \u00e9ditions pr\u00e9c\u00e9dentes (attention, pour les plus anciennes d&rsquo;entre elles, certains liens internes ne sont plus valides):<\/p>\n<ul>\n<li><a title=\"Programme\" href=\"https:\/\/ecoleporquerolles.inria.fr\/\">Sexe et Genre: de la biologie \u00e0 la sociologie<\/a>\u00a0(2015),<\/li>\n<li><a href=\"http:\/\/biophysique.mnhn.fr\/berder-porquerolles-2014\" target=\"_blank\">Ev\u00e9nements rares en biologie<\/a> (2014),<\/li>\n<li><a href=\"http:\/\/biophysique.mnhn.fr\/berder2013\" target=\"_blank\">Corr\u00e9lation, causalit\u00e9 et r\u00e9gulation en biologie<\/a> (2013),<\/li>\n<li><a href=\"http:\/\/biophysique.mnhn.fr\/berder2012\" target=\"_blank\">Naturel et artificiel: le vivant et ses repr\u00e9sentations<\/a> (2012),<\/li>\n<li><a href=\"http:\/\/www.lptl.jussieu.fr\/user\/lesne\/berder2011\">Coop\u00e9rativit\u00e9 et singularit\u00e9 en biologie<\/a> (2011),<\/li>\n<li>Histoire et m\u00e9moire en biologie (2010),<\/li>\n<li><a href=\"http:\/\/ecologie.snv.jussieu.fr\/eem\/berder2009\/Berder_2009.html\"> Spatialisation et localisation (2009),<\/a><\/li>\n<li>Robustesse et adaptation en biologie (2008),<\/li>\n<li>Hasard, fluctuations et variabilit\u00e9 en biologie (2007),<\/li>\n<li>Le temps en biologie (2006),<\/li>\n<li>Information et optimisation: quel dialogue entre la biologie et les autres disciplines? (2005).<\/li>\n<\/ul>\n<p style=\"margin-bottom: 40px;\">Il est rappel\u00e9 que l&rsquo;esprit m\u00eame de cette Ecole veut que la nature des expos\u00e9s et la structure du programme soient con\u00e7ues pour <strong>permettre \u00e0 chacun de tirer profit de l\u2019ensemble des expos\u00e9s et des discussions<\/strong>, m\u00eame lorsque le domaine lui est au d\u00e9part \u00e9tranger (soit par les questions, soit par les m\u00e9thodes envisag\u00e9es). Cette \u00ab\u00a0contrainte\u00a0\u00bb implique, pour les oratrices et orateurs (invit\u00e9.e.s et participant.e.s; cf. <a title=\"Programme\" href=\"http:\/\/project.inria.fr\/berder2016\/programme\/\">programme<\/a>), de lire attentivement les <a href=\"http:\/\/project.inria.fr\/berder2016\/files\/2016\/02\/Instructions-orateurs_Berder2016.pdf\">Instructions aux oratrices et orateurs<\/a> qui leur sont destin\u00e9es et, si possible, de les respecter!<\/p>\n<p><\/p>\n<p><\/p>","protected":false},"excerpt":{"rendered":"<p>L&rsquo;Ecole de Berder (Ecole Th\u00e9matique Interdisciplinaire d&rsquo;Echanges et de Formation en Biologie) est une \u00e9cole visant \u00e0 stimuler l&rsquo;innovation ayant trait aux grandes questions biologiques actuelles, en promouvant des int\u00e9ractions inhabituelles entre chercheurs de disciplines diff\u00e9rentes. Cette ann\u00e9e, nous vous proposons une \u00e9cole de Berder exceptionnellement \u00e0 Paris sur 3\u2026<\/p>\n<p> <a class=\"continue-reading-link\" href=\"https:\/\/project.inria.fr\/berder2016\/fr\/\"><span>Continue reading<\/span><i class=\"crycon-right-dir\"><\/i><\/a> <\/p>\n","protected":false},"author":935,"featured_media":0,"parent":0,"menu_order":0,"comment_status":"closed","ping_status":"closed","template":"","meta":{"footnotes":""},"class_list":["post-64","page","type-page","status-publish","hentry"],"_links":{"self":[{"href":"https:\/\/project.inria.fr\/berder2016\/fr\/wp-json\/wp\/v2\/pages\/64","targetHints":{"allow":["GET"]}}],"collection":[{"href":"https:\/\/project.inria.fr\/berder2016\/fr\/wp-json\/wp\/v2\/pages"}],"about":[{"href":"https:\/\/project.inria.fr\/berder2016\/fr\/wp-json\/wp\/v2\/types\/page"}],"author":[{"embeddable":true,"href":"https:\/\/project.inria.fr\/berder2016\/fr\/wp-json\/wp\/v2\/users\/935"}],"replies":[{"embeddable":true,"href":"https:\/\/project.inria.fr\/berder2016\/fr\/wp-json\/wp\/v2\/comments?post=64"}],"version-history":[{"count":26,"href":"https:\/\/project.inria.fr\/berder2016\/fr\/wp-json\/wp\/v2\/pages\/64\/revisions"}],"predecessor-version":[{"id":207,"href":"https:\/\/project.inria.fr\/berder2016\/fr\/wp-json\/wp\/v2\/pages\/64\/revisions\/207"}],"wp:attachment":[{"href":"https:\/\/project.inria.fr\/berder2016\/fr\/wp-json\/wp\/v2\/media?parent=64"}],"curies":[{"name":"wp","href":"https:\/\/api.w.org\/{rel}","templated":true}]}}