

{"id":65,"date":"2014-07-04T11:49:28","date_gmt":"2014-07-04T11:49:28","guid":{"rendered":"https:\/\/ecoleporquerolles.inria.fr\/?page_id=60"},"modified":"2016-03-14T17:25:11","modified_gmt":"2016-03-14T16:25:11","slug":"inscriptions","status":"publish","type":"page","link":"https:\/\/project.inria.fr\/berder2016\/fr\/inscriptions\/","title":{"rendered":"Inscriptions"},"content":{"rendered":"<p><br \/>\n<\/p>\n<p><strong>D\u00e9sol\u00e9, l&rsquo;inscription est close.<\/strong>\u00a0Mais vous pouvez toujours\u00a0<a href=\"http:\/\/project.inria.fr\/berder2016\/contacts\/\">nous contacter<\/a>\u00a0pour tout question.<\/p>\n<p><!--L'inscription \u00e0 l'Ecole de Berder 2016 est gratuite mais obligatoire. Merci de remplir le formulaire ci-dessous avant le dimanche 13 mars 2016..--><\/p>\n<p><!--<strong>Attention: le CNRS ne soutenant pas l'Ecole cette ann\u00e9e, votre participation ne pourra malheureusement pas \u00eatre prise en charge par votre d\u00e9l\u00e9gation r\u00e9gionale.<\/strong>--><\/p>\n<hr \/>\n<p><!--[contact-form-7 id=\"81\" title=\"Formulaire d'inscription Berder 2016\"]--><\/p>\n<p><\/p>","protected":false},"excerpt":{"rendered":"<p>D\u00e9sol\u00e9, l&rsquo;inscription est close.\u00a0Mais vous pouvez toujours\u00a0nous contacter\u00a0pour tout question.<\/p>\n<p> <a class=\"continue-reading-link\" href=\"https:\/\/project.inria.fr\/berder2016\/fr\/inscriptions\/\"><span>Continue reading<\/span><i class=\"crycon-right-dir\"><\/i><\/a> <\/p>\n","protected":false},"author":935,"featured_media":0,"parent":0,"menu_order":0,"comment_status":"closed","ping_status":"closed","template":"","meta":{"footnotes":""},"class_list":["post-65","page","type-page","status-publish","hentry"],"_links":{"self":[{"href":"https:\/\/project.inria.fr\/berder2016\/fr\/wp-json\/wp\/v2\/pages\/65","targetHints":{"allow":["GET"]}}],"collection":[{"href":"https:\/\/project.inria.fr\/berder2016\/fr\/wp-json\/wp\/v2\/pages"}],"about":[{"href":"https:\/\/project.inria.fr\/berder2016\/fr\/wp-json\/wp\/v2\/types\/page"}],"author":[{"embeddable":true,"href":"https:\/\/project.inria.fr\/berder2016\/fr\/wp-json\/wp\/v2\/users\/935"}],"replies":[{"embeddable":true,"href":"https:\/\/project.inria.fr\/berder2016\/fr\/wp-json\/wp\/v2\/comments?post=65"}],"version-history":[{"count":10,"href":"https:\/\/project.inria.fr\/berder2016\/fr\/wp-json\/wp\/v2\/pages\/65\/revisions"}],"predecessor-version":[{"id":141,"href":"https:\/\/project.inria.fr\/berder2016\/fr\/wp-json\/wp\/v2\/pages\/65\/revisions\/141"}],"wp:attachment":[{"href":"https:\/\/project.inria.fr\/berder2016\/fr\/wp-json\/wp\/v2\/media?parent=65"}],"curies":[{"name":"wp","href":"https:\/\/api.w.org\/{rel}","templated":true}]}}